{"id":980,"date":"2025-11-03T09:41:24","date_gmt":"2025-11-03T09:41:24","guid":{"rendered":"https:\/\/www.cxjsmartcard.com\/?post_type=product&#038;p=980"},"modified":"2025-12-29T01:27:06","modified_gmt":"2025-12-29T01:27:06","slug":"125khz-tk4100-rfid-key-fob-tag","status":"publish","type":"product","link":"https:\/\/www.cxjsmartcard.com\/pt\/125khz-tk4100-rfid-key-fob-tag\/","title":{"rendered":"Chaveiro RFID TK4100 de 125kHz"},"content":{"rendered":"<p data-start=\"42\" data-end=\"301\">Chaveiro passivo de baixa frequ\u00eancia para acesso e identifica\u00e7\u00e3o di\u00e1rios. Fabricado com tecnologia de 125 kHz e inv\u00f3lucro dur\u00e1vel (PPS\/ABS\/ep\u00f3xi), suporta impress\u00e3o personalizada e diversas op\u00e7\u00f5es de chip para f\u00e1cil instala\u00e7\u00e3o em portas, port\u00f5es e \u00e1reas comuns.<\/p>\n<p data-start=\"303\" data-end=\"317\"><strong data-start=\"303\" data-end=\"315\">Caracter\u00edsticas<\/strong><\/p>\n<ul data-start=\"318\" data-end=\"565\">\n<li data-start=\"318\" data-end=\"363\">\n<p data-start=\"320\" data-end=\"363\">Opera\u00e7\u00e3o em baixa frequ\u00eancia de 125 kHz para deriva\u00e7\u00f5es de curto alcance.<\/p>\n<\/li>\n<li data-start=\"364\" data-end=\"407\">\n<p data-start=\"366\" data-end=\"407\">Inv\u00f3lucros dur\u00e1veis: PPS, ABS, ep\u00f3xi, etc.<\/p>\n<\/li>\n<li data-start=\"408\" data-end=\"458\">\n<p data-start=\"410\" data-end=\"458\">Personaliza\u00e7\u00e3o: impress\u00e3o de logotipo e n\u00famero de s\u00e9rie<\/p>\n<\/li>\n<li data-start=\"459\" data-end=\"510\">\n<p data-start=\"461\" data-end=\"510\">Diversas op\u00e7\u00f5es de chips para compatibilidade com sistemas existentes.<\/p>\n<\/li>\n<li data-start=\"511\" data-end=\"565\">\n<p data-start=\"513\" data-end=\"565\">Ampla variedade de cores (preto, branco, verde, azul, etc.)<\/p>\n<\/li>\n<\/ul>\n<p data-start=\"567\" data-end=\"792\"><strong data-start=\"567\" data-end=\"591\">Aplica\u00e7\u00f5es t\u00edpicas<\/strong><br data-start=\"591\" data-end=\"594\" \/>Sistemas de controle de acesso \u2022 Controle de frequ\u00eancia \u2022 Identifica\u00e7\u00e3o \u2022 Log\u00edstica e automa\u00e7\u00e3o industrial \u2022 Ingressos e programas de fidelidade \u2022 Transporte p\u00fablico \u2022 Pagamento eletr\u00f4nico sem dinheiro \u2022 Piscinas e lavanderias.<\/p>\n<p data-start=\"794\" data-end=\"1112\"><strong data-start=\"794\" data-end=\"823\">Notas sobre chaveiros comuns<\/strong><br data-start=\"823\" data-end=\"826\" \/>A maioria dos chaveiros de acesso a condom\u00ednios\/apartamentos (piscinas, academias, elevadores) usa <strong data-start=\"894\" data-end=\"919\">baixa frequ\u00eancia 125 kHz<\/strong> RFID passivo (ex.: TK4100, T5577, EM4200\/EM4305). Se um chaveiro abrir o <strong data-start=\"994\" data-end=\"1028\">porta individual da unidade do apartamento<\/strong>, geralmente \u00e9 um <strong data-start=\"1047\" data-end=\"1075\">alta frequ\u00eancia 13,56 MHz<\/strong> sistema (ex.: MIFARE 1K ou NTAG213).<\/p>\n<h2 data-start=\"1114\" data-end=\"1139\">Tabela (Especifica\u00e7\u00f5es)<\/h2>\n<div class=\"_tableContainer_1rjym_1\">\n<div class=\"group _tableWrapper_1rjym_13 flex w-fit flex-col-reverse\" tabindex=\"-1\">\n<table class=\"w-fit min-w-(--thread-content-width)\" data-start=\"1141\" data-end=\"2038\">\n<thead data-start=\"1141\" data-end=\"1230\">\n<tr data-start=\"1141\" data-end=\"1230\">\n<th data-start=\"1141\" data-end=\"1156\" data-col-size=\"sm\">Categoria<\/th>\n<th data-start=\"1156\" data-end=\"1175\" data-col-size=\"sm\">Par\u00e2metro<\/th>\n<th data-start=\"1175\" data-end=\"1230\" data-col-size=\"lg\">Valor<\/th>\n<\/tr>\n<\/thead>\n<tbody data-start=\"1321\" data-end=\"2038\">\n<tr data-start=\"1321\" data-end=\"1410\">\n<td data-start=\"1321\" data-end=\"1336\" data-col-size=\"sm\">Produto<\/td>\n<td data-start=\"1336\" data-end=\"1355\" data-col-size=\"sm\">Tipo<\/td>\n<td data-start=\"1355\" data-end=\"1410\" data-col-size=\"lg\">Chaveiro RFID TK4100 de 125kHz<\/td>\n<\/tr>\n<tr data-start=\"1411\" data-end=\"1500\">\n<td data-start=\"1411\" data-end=\"1426\" data-col-size=\"sm\">Materiais<\/td>\n<td data-start=\"1426\" data-end=\"1445\" data-col-size=\"sm\">Habita\u00e7\u00e3o<\/td>\n<td data-start=\"1445\" data-end=\"1500\" data-col-size=\"lg\">PPS, ABS, ep\u00f3xi, etc.<\/td>\n<\/tr>\n<tr data-start=\"1501\" data-end=\"1590\">\n<td data-start=\"1501\" data-end=\"1516\" data-col-size=\"sm\">RF<\/td>\n<td data-start=\"1516\" data-end=\"1535\" data-col-size=\"sm\">Freq\u00fc\u00eancia<\/td>\n<td data-start=\"1535\" data-end=\"1590\" data-col-size=\"lg\">125 kHz (LF)<\/td>\n<\/tr>\n<tr data-start=\"1591\" data-end=\"1680\">\n<td data-start=\"1591\" data-end=\"1606\" data-col-size=\"sm\">Impress\u00e3o<\/td>\n<td data-start=\"1606\" data-end=\"1625\" data-col-size=\"sm\">Op\u00e7\u00f5es<\/td>\n<td data-start=\"1625\" data-end=\"1680\" data-col-size=\"lg\">Impress\u00e3o de logotipos; n\u00fameros de s\u00e9rie<\/td>\n<\/tr>\n<tr data-start=\"1681\" data-end=\"1770\">\n<td data-start=\"1681\" data-end=\"1696\" data-col-size=\"sm\">Op\u00e7\u00f5es de CI<\/td>\n<td data-start=\"1696\" data-end=\"1715\" data-col-size=\"sm\">Batatas fritas dispon\u00edveis<\/td>\n<td data-start=\"1715\" data-end=\"1770\" data-col-size=\"lg\">TK4100; EM4305; EM4200; T5577; outros<\/td>\n<\/tr>\n<tr data-start=\"1771\" data-end=\"1860\">\n<td data-start=\"1771\" data-end=\"1786\" data-col-size=\"sm\">Cores<\/td>\n<td data-start=\"1786\" data-end=\"1805\" data-col-size=\"sm\">Variantes<\/td>\n<td data-start=\"1805\" data-end=\"1860\" data-col-size=\"lg\">Preto; Branco; Verde; Azul; etc.<\/td>\n<\/tr>\n<tr data-start=\"1861\" data-end=\"2038\">\n<td data-start=\"1861\" data-end=\"1876\" data-col-size=\"sm\">Aplica\u00e7\u00f5es<\/td>\n<td data-start=\"1876\" data-end=\"1895\" data-col-size=\"sm\">Casos de uso<\/td>\n<td data-start=\"1895\" data-end=\"2038\" data-col-size=\"lg\">Controle de acesso; frequ\u00eancia; identifica\u00e7\u00e3o; log\u00edstica; automa\u00e7\u00e3o industrial; ingressos; associa\u00e7\u00e3o; transporte p\u00fablico; pagamento eletr\u00f4nico; piscinas; lavanderia<\/td>\n<\/tr>\n<\/tbody>\n<\/table>\n<\/div>\n<\/div>","protected":false},"excerpt":{"rendered":"<p>Chaveiro de baixa frequ\u00eancia (LF) de 125 kHz dur\u00e1vel para controle de acesso e identifica\u00e7\u00e3o \u2014 carca\u00e7as em PPS\/ABS\/ep\u00f3xi, m\u00faltiplas op\u00e7\u00f5es de chip (s\u00e9ries TK4100\/T5577\/EM), impress\u00e3o personalizada de logotipo\/n\u00famero de s\u00e9rie e diversas cores.<\/p>","protected":false},"featured_media":981,"template":"","meta":{"_gspb_post_css":""},"product_brand":[],"product_cat":[30],"product_tag":[],"class_list":{"0":"post-980","1":"product","2":"type-product","3":"status-publish","4":"has-post-thumbnail","6":"product_cat-rfid-keyfobs","8":"first","9":"instock","10":"shipping-taxable","11":"purchasable","12":"product-type-simple"},"_links":{"self":[{"href":"https:\/\/www.cxjsmartcard.com\/pt\/wp-json\/wp\/v2\/product\/980","targetHints":{"allow":["GET"]}}],"collection":[{"href":"https:\/\/www.cxjsmartcard.com\/pt\/wp-json\/wp\/v2\/product"}],"about":[{"href":"https:\/\/www.cxjsmartcard.com\/pt\/wp-json\/wp\/v2\/types\/product"}],"wp:featuredmedia":[{"embeddable":true,"href":"https:\/\/www.cxjsmartcard.com\/pt\/wp-json\/wp\/v2\/media\/981"}],"wp:attachment":[{"href":"https:\/\/www.cxjsmartcard.com\/pt\/wp-json\/wp\/v2\/media?parent=980"}],"wp:term":[{"taxonomy":"product_brand","embeddable":true,"href":"https:\/\/www.cxjsmartcard.com\/pt\/wp-json\/wp\/v2\/product_brand?post=980"},{"taxonomy":"product_cat","embeddable":true,"href":"https:\/\/www.cxjsmartcard.com\/pt\/wp-json\/wp\/v2\/product_cat?post=980"},{"taxonomy":"product_tag","embeddable":true,"href":"https:\/\/www.cxjsmartcard.com\/pt\/wp-json\/wp\/v2\/product_tag?post=980"}],"curies":[{"name":"wp","href":"https:\/\/api.w.org\/{rel}","templated":true}]}}