{"id":973,"date":"2025-11-03T09:39:57","date_gmt":"2025-11-03T09:39:57","guid":{"rendered":"https:\/\/www.cxjsmartcard.com\/?post_type=product&#038;p=973"},"modified":"2025-12-29T01:27:07","modified_gmt":"2025-12-29T01:27:07","slug":"125khz-t5577-rfid-key-fob-for-access-control","status":"publish","type":"product","link":"https:\/\/www.cxjsmartcard.com\/pt\/125khz-t5577-rfid-key-fob-for-access-control\/","title":{"rendered":"Chaveiro RFID T5577 de 125kHz para controle de acesso"},"content":{"rendered":"<p data-start=\"56\" data-end=\"324\">Chaveiro compacto LF baseado no chip T5577 para controle de acesso confi\u00e1vel em curto alcance. As carca\u00e7as em ABS\/PVC\/silicone\/ep\u00f3xi resistem ao desgaste di\u00e1rio, enquanto a impress\u00e3o personalizada e a codifica\u00e7\u00e3o de dados tornam a implementa\u00e7\u00e3o r\u00e1pida e consistente.<\/p>\n<p data-start=\"326\" data-end=\"340\"><strong data-start=\"326\" data-end=\"338\">Caracter\u00edsticas<\/strong><\/p>\n<ul data-start=\"341\" data-end=\"654\">\n<li data-start=\"341\" data-end=\"385\">\n<p data-start=\"343\" data-end=\"385\">125 kHz LF (T5577), dist\u00e2ncia de leitura de 1\u20132 cm<\/p>\n<\/li>\n<li data-start=\"386\" data-end=\"431\">\n<p data-start=\"388\" data-end=\"431\">Caixas dur\u00e1veis (ABS\/PVC\/silicone\/ep\u00f3xi)<\/p>\n<\/li>\n<li data-start=\"432\" data-end=\"495\">\n<p data-start=\"434\" data-end=\"495\">Arte personalizada: serigrafia ou laser; UID\/n\u00famero de s\u00e9rie\/QR opcionais<\/p>\n<\/li>\n<li data-start=\"496\" data-end=\"544\">\n<p data-start=\"498\" data-end=\"544\">Servi\u00e7os de dados: registro e pr\u00e9-codifica\u00e7\u00e3o de identidade<\/p>\n<\/li>\n<li data-start=\"545\" data-end=\"586\">\n<p data-start=\"547\" data-end=\"586\">Temperatura de opera\u00e7\u00e3o: \u221225 \u00b0C a 75 \u00b0C<\/p>\n<\/li>\n<li data-start=\"587\" data-end=\"654\">\n<p data-start=\"589\" data-end=\"654\">Op\u00e7\u00f5es OEM e amplo suporte a chips\/frequ\u00eancias dispon\u00edveis mediante solicita\u00e7\u00e3o.<\/p>\n<\/li>\n<\/ul>\n<p data-start=\"656\" data-end=\"859\"><strong data-start=\"656\" data-end=\"672\">Aplica\u00e7\u00f5es<\/strong><br data-start=\"672\" data-end=\"675\" \/>Acesso por portas e port\u00f5es \u2022 Bilhetagem eletr\u00f4nica \u2022 Pagamento sem dinheiro\/circuito fechado \u2022 Controle de ponto \u2022 Programas de fidelidade\/ades\u00e3o \u2022 Transporte p\u00fablico \u2022 Piscinas e lavanderia \u2022 Log\u00edstica e automa\u00e7\u00e3o industrial.<\/p>\n<h2 data-start=\"861\" data-end=\"886\">Tabela (Especifica\u00e7\u00f5es)<\/h2>\n<div class=\"_tableContainer_1rjym_1\">\n<div class=\"group _tableWrapper_1rjym_13 flex w-fit flex-col-reverse\" tabindex=\"-1\">\n<table class=\"w-fit min-w-(--thread-content-width)\" data-start=\"888\" data-end=\"1920\">\n<thead data-start=\"888\" data-end=\"971\">\n<tr data-start=\"888\" data-end=\"971\">\n<th data-start=\"888\" data-end=\"906\" data-col-size=\"sm\">Categoria<\/th>\n<th data-start=\"906\" data-end=\"928\" data-col-size=\"sm\">Par\u00e2metro<\/th>\n<th data-start=\"928\" data-end=\"971\" data-col-size=\"md\">Valor<\/th>\n<\/tr>\n<\/thead>\n<tbody data-start=\"1056\" data-end=\"1920\">\n<tr data-start=\"1056\" data-end=\"1139\">\n<td data-start=\"1056\" data-end=\"1074\" data-col-size=\"sm\">Produto<\/td>\n<td data-col-size=\"sm\" data-start=\"1074\" data-end=\"1096\">Tipo<\/td>\n<td data-col-size=\"md\" data-start=\"1096\" data-end=\"1139\">chaveiro\/etiqueta de chave RFID<\/td>\n<\/tr>\n<tr data-start=\"1140\" data-end=\"1223\">\n<td data-start=\"1140\" data-end=\"1158\" data-col-size=\"sm\">Materiais<\/td>\n<td data-col-size=\"sm\" data-start=\"1158\" data-end=\"1180\">Habita\u00e7\u00e3o<\/td>\n<td data-col-size=\"md\" data-start=\"1180\" data-end=\"1223\">ABS \/ PVC \/ Silicone \/ Ep\u00f3xi<\/td>\n<\/tr>\n<tr data-start=\"1224\" data-end=\"1307\">\n<td data-start=\"1224\" data-end=\"1242\" data-col-size=\"sm\">Dimens\u00f5es<\/td>\n<td data-col-size=\"sm\" data-start=\"1242\" data-end=\"1264\">Tamanho<\/td>\n<td data-col-size=\"md\" data-start=\"1264\" data-end=\"1307\">38 \u00d7 30 \u00d7 6 mm (personaliz\u00e1vel)<\/td>\n<\/tr>\n<tr data-start=\"1308\" data-end=\"1392\">\n<td data-start=\"1308\" data-end=\"1326\" data-col-size=\"sm\">Ambiente<\/td>\n<td data-col-size=\"sm\" data-start=\"1326\" data-end=\"1348\">Temperatura de trabalho<\/td>\n<td data-col-size=\"md\" data-start=\"1348\" data-end=\"1392\">\u221225 \u00b0C a 75 \u00b0C<\/td>\n<\/tr>\n<tr data-start=\"1393\" data-end=\"1476\">\n<td data-start=\"1393\" data-end=\"1411\" data-col-size=\"sm\">RF<\/td>\n<td data-col-size=\"sm\" data-start=\"1411\" data-end=\"1433\">Freq\u00fc\u00eancia<\/td>\n<td data-col-size=\"md\" data-start=\"1433\" data-end=\"1476\">125 kHz (LF)<\/td>\n<\/tr>\n<tr data-start=\"1477\" data-end=\"1560\">\n<td data-start=\"1477\" data-end=\"1495\" data-col-size=\"sm\">Chip<\/td>\n<td data-start=\"1495\" data-end=\"1517\" data-col-size=\"sm\">Modelo<\/td>\n<td data-col-size=\"md\" data-start=\"1517\" data-end=\"1560\">T5577<\/td>\n<\/tr>\n<tr data-start=\"1561\" data-end=\"1644\">\n<td data-start=\"1561\" data-end=\"1579\" data-col-size=\"sm\">Desempenho<\/td>\n<td data-start=\"1579\" data-end=\"1601\" data-col-size=\"sm\">Dist\u00e2ncia de leitura<\/td>\n<td data-start=\"1601\" data-end=\"1644\" data-col-size=\"md\">1\u20132 cm (dependendo do leitor)<\/td>\n<\/tr>\n<tr data-start=\"1645\" data-end=\"1728\">\n<td data-start=\"1645\" data-end=\"1663\" data-col-size=\"sm\">Personaliza\u00e7\u00e3o<\/td>\n<td data-col-size=\"sm\" data-start=\"1663\" data-end=\"1685\">Impress\u00e3o<\/td>\n<td data-col-size=\"md\" data-start=\"1685\" data-end=\"1728\">Serigrafia ou laser<\/td>\n<\/tr>\n<tr data-start=\"1729\" data-end=\"1812\">\n<td data-start=\"1729\" data-end=\"1747\" data-col-size=\"sm\">Servi\u00e7os de dados<\/td>\n<td data-col-size=\"sm\" data-start=\"1747\" data-end=\"1769\">Op\u00e7\u00f5es<\/td>\n<td data-col-size=\"md\" data-start=\"1769\" data-end=\"1812\">UID\/serial\/QR; codifica\u00e7\u00e3o de dados\/registro de ID<\/td>\n<\/tr>\n<tr data-start=\"1813\" data-end=\"1920\">\n<td data-start=\"1813\" data-end=\"1831\" data-col-size=\"sm\">Casos de uso<\/td>\n<td data-start=\"1831\" data-end=\"1853\" data-col-size=\"sm\">Aplica\u00e7\u00f5es t\u00edpicas<\/td>\n<td data-col-size=\"md\" data-start=\"1853\" data-end=\"1920\">Controle de acesso, bilhetagem eletr\u00f4nica, pagamento, presen\u00e7a, identifica\u00e7\u00e3o, log\u00edstica<\/td>\n<\/tr>\n<\/tbody>\n<\/table>\n<\/div>\n<\/div>","protected":false},"excerpt":{"rendered":"<p>Chaveiro RFID T5577 de 125 kHz dur\u00e1vel com alcance de leitura de 1 a 2 cm. Carca\u00e7a em ABS\/PVC\/silicone\/ep\u00f3xi, impress\u00e3o personalizada (laser\/serigrafia) e codifica\u00e7\u00e3o de dados para controle de acesso seguro.<\/p>","protected":false},"featured_media":974,"template":"","meta":{"_gspb_post_css":""},"product_brand":[],"product_cat":[30],"product_tag":[],"class_list":{"0":"post-973","1":"product","2":"type-product","3":"status-publish","4":"has-post-thumbnail","6":"product_cat-rfid-keyfobs","8":"first","9":"instock","10":"shipping-taxable","11":"purchasable","12":"product-type-simple"},"_links":{"self":[{"href":"https:\/\/www.cxjsmartcard.com\/pt\/wp-json\/wp\/v2\/product\/973","targetHints":{"allow":["GET"]}}],"collection":[{"href":"https:\/\/www.cxjsmartcard.com\/pt\/wp-json\/wp\/v2\/product"}],"about":[{"href":"https:\/\/www.cxjsmartcard.com\/pt\/wp-json\/wp\/v2\/types\/product"}],"wp:featuredmedia":[{"embeddable":true,"href":"https:\/\/www.cxjsmartcard.com\/pt\/wp-json\/wp\/v2\/media\/974"}],"wp:attachment":[{"href":"https:\/\/www.cxjsmartcard.com\/pt\/wp-json\/wp\/v2\/media?parent=973"}],"wp:term":[{"taxonomy":"product_brand","embeddable":true,"href":"https:\/\/www.cxjsmartcard.com\/pt\/wp-json\/wp\/v2\/product_brand?post=973"},{"taxonomy":"product_cat","embeddable":true,"href":"https:\/\/www.cxjsmartcard.com\/pt\/wp-json\/wp\/v2\/product_cat?post=973"},{"taxonomy":"product_tag","embeddable":true,"href":"https:\/\/www.cxjsmartcard.com\/pt\/wp-json\/wp\/v2\/product_tag?post=973"}],"curies":[{"name":"wp","href":"https:\/\/api.w.org\/{rel}","templated":true}]}}