{"id":968,"date":"2025-11-03T09:36:20","date_gmt":"2025-11-03T09:36:20","guid":{"rendered":"https:\/\/www.cxjsmartcard.com\/?post_type=product&#038;p=968"},"modified":"2025-12-29T01:27:07","modified_gmt":"2025-12-29T01:27:07","slug":"on-duty-rfid-nfc-token-for-patrol-checkpoint","status":"publish","type":"product","link":"https:\/\/www.cxjsmartcard.com\/pt\/on-duty-rfid-nfc-token-for-patrol-checkpoint\/","title":{"rendered":"Token RFID NFC para uso em posto de controle de patrulha."},"content":{"rendered":"<p data-start=\"56\" data-end=\"363\">Token de patrulha NFC\/HF robusto em caixa de ABS, projetado para postos de controle externos e ambientes hostis. Resistente a raios UV, \u00e0 prova d&#039;\u00e1gua e \u00e0 corros\u00e3o, pode ser montado com um furo central para parafuso ou com adesivo na parte traseira e \u00e9 lido rapidamente por celulares ou leitores ISO 14443A.<\/p>\n<p data-start=\"365\" data-end=\"383\"><strong data-start=\"365\" data-end=\"381\">Principais caracter\u00edsticas<\/strong><\/p>\n<ul data-start=\"384\" data-end=\"728\">\n<li data-start=\"384\" data-end=\"444\">\n<p data-start=\"386\" data-end=\"444\">Carca\u00e7a em ABS; resistente aos raios UV, \u00e0 prova d&#039;\u00e1gua e resistente \u00e0s intemp\u00e9ries.<\/p>\n<\/li>\n<li data-start=\"445\" data-end=\"517\">\n<p data-start=\"447\" data-end=\"517\">Compatibilidade opcional com metal para leituras confi\u00e1veis em superf\u00edcies de a\u00e7o.<\/p>\n<\/li>\n<li data-start=\"518\" data-end=\"569\">\n<p data-start=\"520\" data-end=\"569\">V\u00e1rios tamanhos e cores para codifica\u00e7\u00e3o de zonas\/rotas<\/p>\n<\/li>\n<li data-start=\"570\" data-end=\"616\">\n<p data-start=\"572\" data-end=\"616\">Logotipo\/numera\u00e7\u00e3o gravados em serigrafia ou laser<\/p>\n<\/li>\n<li data-start=\"617\" data-end=\"676\">\n<p data-start=\"619\" data-end=\"676\">Alcance de leitura (HF): 2\u201310 cm (dependendo do leitor\/ambiente)<\/p>\n<\/li>\n<li data-start=\"677\" data-end=\"728\">\n<p data-start=\"679\" data-end=\"728\">Fam\u00edlias de chips dispon\u00edveis para implanta\u00e7\u00f5es em LF\/HF\/UHF<\/p>\n<\/li>\n<\/ul>\n<p data-start=\"730\" data-end=\"912\"><strong data-start=\"730\" data-end=\"746\">Aplica\u00e7\u00f5es<\/strong><br data-start=\"746\" data-end=\"749\" \/>Pontos de controle de ronda de vigil\u00e2ncia \u2022 Pontos de manuten\u00e7\u00e3o e inspe\u00e7\u00e3o \u2022 Identifica\u00e7\u00e3o de ativos\/portas\/port\u00f5es em log\u00edstica, servi\u00e7os p\u00fablicos, ferrovias, campos petrol\u00edferos, bancos, museus, aeroportos e muito mais.<\/p>\n<p data-start=\"914\" data-end=\"1035\"><strong data-start=\"914\" data-end=\"930\">Instala\u00e7\u00e3o<\/strong><br data-start=\"930\" data-end=\"933\" \/>Para uma fixa\u00e7\u00e3o permanente, utilize o parafuso no orif\u00edcio central ou a fita adesiva na parte traseira, aplicando-a em superf\u00edcies limpas e secas.<\/p>\n<p data-start=\"1037\" data-end=\"1277\"><strong data-start=\"1037\" data-end=\"1050\">Perguntas frequentes r\u00e1pidas<\/strong><br data-start=\"1050\" data-end=\"1053\" \/><strong data-start=\"1053\" data-end=\"1083\">Ser\u00e1 que funciona em um iPhone?<\/strong> Sim, os iPhones modernos leem etiquetas NFC padr\u00e3o.<br data-start=\"1126\" data-end=\"1129\" \/><strong data-start=\"1129\" data-end=\"1159\">Pode ser aplicado em a\u00e7o revestido?<\/strong> Sim, a camada de blindagem mant\u00e9m as leituras est\u00e1veis.<br data-start=\"1203\" data-end=\"1206\" \/><strong data-start=\"1206\" data-end=\"1227\">\u00c9 \u00e0 prova d&#039;\u00e1gua?<\/strong> Sim, a carca\u00e7a selada em ABS resiste \u00e0s intemp\u00e9ries.<\/p>\n<h2 data-start=\"1279\" data-end=\"1304\">Tabela (Especifica\u00e7\u00f5es)<\/h2>\n<div class=\"_tableContainer_1rjym_1\">\n<div class=\"group _tableWrapper_1rjym_13 flex w-fit flex-col-reverse\" tabindex=\"-1\">\n<table class=\"w-fit min-w-(--thread-content-width)\" data-start=\"1306\" data-end=\"3019\">\n<thead data-start=\"1306\" data-end=\"1420\">\n<tr data-start=\"1306\" data-end=\"1420\">\n<th data-start=\"1306\" data-end=\"1324\" data-col-size=\"sm\">Categoria<\/th>\n<th data-start=\"1324\" data-end=\"1347\" data-col-size=\"sm\">Par\u00e2metro<\/th>\n<th data-start=\"1347\" data-end=\"1420\" data-col-size=\"md\">Valor<\/th>\n<\/tr>\n<\/thead>\n<tbody data-start=\"1536\" data-end=\"3019\">\n<tr data-start=\"1536\" data-end=\"1649\">\n<td data-start=\"1536\" data-end=\"1554\" data-col-size=\"sm\">Produto<\/td>\n<td data-start=\"1554\" data-end=\"1577\" data-col-size=\"sm\">Fator de forma<\/td>\n<td data-start=\"1577\" data-end=\"1649\" data-col-size=\"md\">Ficha de patrulha ABS RFID\/NFC<\/td>\n<\/tr>\n<tr data-start=\"1650\" data-end=\"1763\">\n<td data-start=\"1650\" data-end=\"1668\" data-col-size=\"sm\">Materiais<\/td>\n<td data-start=\"1668\" data-end=\"1691\" data-col-size=\"sm\">Habita\u00e7\u00e3o<\/td>\n<td data-col-size=\"md\" data-start=\"1691\" data-end=\"1763\">ABS, selado, resistente a raios UV, \u00e0 prova d&#039;\u00e1gua<\/td>\n<\/tr>\n<tr data-start=\"1764\" data-end=\"1878\">\n<td data-start=\"1764\" data-end=\"1782\" data-col-size=\"sm\">Em metal<\/td>\n<td data-col-size=\"sm\" data-start=\"1782\" data-end=\"1805\">Compatibilidade<\/td>\n<td data-col-size=\"md\" data-start=\"1805\" data-end=\"1878\">Camada de blindagem opcional<\/td>\n<\/tr>\n<tr data-start=\"1879\" data-end=\"1992\">\n<td data-start=\"1879\" data-end=\"1897\" data-col-size=\"sm\">Tamanhos<\/td>\n<td data-start=\"1897\" data-end=\"1920\" data-col-size=\"sm\">Op\u00e7\u00f5es de di\u00e2metro<\/td>\n<td data-start=\"1920\" data-end=\"1992\" data-col-size=\"md\">\u00d835 \/ \u00d830 \/ \u00d828 \/ \u00d820 \/ \u00d812 mm<\/td>\n<\/tr>\n<tr data-start=\"1993\" data-end=\"2106\">\n<td data-start=\"1993\" data-end=\"2011\" data-col-size=\"sm\">Cores<\/td>\n<td data-col-size=\"sm\" data-start=\"2011\" data-end=\"2034\">Op\u00e7\u00f5es padr\u00e3o<\/td>\n<td data-col-size=\"md\" data-start=\"2034\" data-end=\"2106\">Branco, Preto, Azul, Verde, Amarelo, Vermelho, Laranja, Cinza<\/td>\n<\/tr>\n<tr data-start=\"2107\" data-end=\"2220\">\n<td data-start=\"2107\" data-end=\"2125\" data-col-size=\"sm\">RF (HF\/NFC)<\/td>\n<td data-start=\"2125\" data-end=\"2148\" data-col-size=\"sm\">Frequ\u00eancia \/ Padr\u00e3o<\/td>\n<td data-start=\"2148\" data-end=\"2220\" data-col-size=\"md\">13,56 MHz; ISO 14443A<\/td>\n<\/tr>\n<tr data-start=\"2221\" data-end=\"2334\">\n<td data-start=\"2221\" data-end=\"2239\" data-col-size=\"sm\">Chips (HF)<\/td>\n<td data-col-size=\"sm\" data-start=\"2239\" data-end=\"2262\">Op\u00e7\u00f5es<\/td>\n<td data-col-size=\"md\" data-start=\"2262\" data-end=\"2334\">S50 (MIFARE Classic 1K), NTAG213 \/ NTAG215 \/ NTAG216<\/td>\n<\/tr>\n<tr data-start=\"2335\" data-end=\"2448\">\n<td data-start=\"2335\" data-end=\"2353\" data-col-size=\"sm\">Intervalo de leitura<\/td>\n<td data-col-size=\"sm\" data-start=\"2353\" data-end=\"2376\">Dist\u00e2ncia (HF)<\/td>\n<td data-col-size=\"md\" data-start=\"2376\" data-end=\"2448\">2\u201310 cm (dependendo do dispositivo\/ambiente)<\/td>\n<\/tr>\n<tr data-start=\"2449\" data-end=\"2562\">\n<td data-start=\"2449\" data-end=\"2467\" data-col-size=\"sm\">Outras bandas<\/td>\n<td data-start=\"2467\" data-end=\"2490\" data-col-size=\"sm\">Op\u00e7\u00f5es<\/td>\n<td data-col-size=\"md\" data-start=\"2490\" data-end=\"2562\">Dispon\u00edvel em 125 kHz (LF) ou 860\u2013960 MHz (UHF).<\/td>\n<\/tr>\n<tr data-start=\"2563\" data-end=\"2676\">\n<td data-start=\"2563\" data-end=\"2581\" data-col-size=\"sm\">Personaliza\u00e7\u00e3o<\/td>\n<td data-start=\"2581\" data-end=\"2604\" data-col-size=\"sm\">Impress\u00e3o\/Marca\u00e7\u00e3o<\/td>\n<td data-col-size=\"md\" data-start=\"2604\" data-end=\"2676\">Logotipo\/numera\u00e7\u00e3o em serigrafia ou laser<\/td>\n<\/tr>\n<tr data-start=\"2677\" data-end=\"2791\">\n<td data-start=\"2677\" data-end=\"2695\" data-col-size=\"sm\">Montagem<\/td>\n<td data-start=\"2695\" data-end=\"2718\" data-col-size=\"sm\">M\u00e9todos<\/td>\n<td data-col-size=\"md\" data-start=\"2718\" data-end=\"2791\">Orif\u00edcio central para parafuso ou parte traseira adesiva<\/td>\n<\/tr>\n<tr data-start=\"2792\" data-end=\"2905\">\n<td data-start=\"2792\" data-end=\"2810\" data-col-size=\"sm\">Atributos<\/td>\n<td data-col-size=\"sm\" data-start=\"2810\" data-end=\"2833\">Prote\u00e7\u00e3o<\/td>\n<td data-col-size=\"md\" data-start=\"2833\" data-end=\"2905\">\u00c0 prova d&#039;\u00e1gua, resistente \u00e0s intemp\u00e9ries e \u00e0 corros\u00e3o.<\/td>\n<\/tr>\n<tr data-start=\"2906\" data-end=\"3019\">\n<td data-start=\"2906\" data-end=\"2924\" data-col-size=\"sm\">Casos de uso<\/td>\n<td data-start=\"2924\" data-end=\"2947\" data-col-size=\"sm\">Ind\u00fastrias t\u00edpicas<\/td>\n<td data-col-size=\"md\" data-start=\"2947\" data-end=\"3019\">Log\u00edstica, seguran\u00e7a, servi\u00e7os p\u00fablicos, transporte, petr\u00f3leo e g\u00e1s, gest\u00e3o imobili\u00e1ria.<\/td>\n<\/tr>\n<\/tbody>\n<\/table>\n<\/div>\n<\/div>","protected":false},"excerpt":{"rendered":"<p>Token de patrulha em ABS para rondas de vigil\u00e2ncia \u2014 NFC\/HF ISO 14443A, leitura de 2 a 10 cm, resistente a raios UV e \u00e0 prova d&#039;\u00e1gua, design opcional para montagem em metal, instala\u00e7\u00e3o com parafuso ou adesivo, v\u00e1rios tamanhos\/cores.<\/p>","protected":false},"featured_media":970,"template":"","meta":{"_gspb_post_css":""},"product_brand":[],"product_cat":[29],"product_tag":[],"class_list":{"0":"post-968","1":"product","2":"type-product","3":"status-publish","4":"has-post-thumbnail","6":"product_cat-nfc-tags","8":"first","9":"instock","10":"shipping-taxable","11":"purchasable","12":"product-type-simple"},"_links":{"self":[{"href":"https:\/\/www.cxjsmartcard.com\/pt\/wp-json\/wp\/v2\/product\/968","targetHints":{"allow":["GET"]}}],"collection":[{"href":"https:\/\/www.cxjsmartcard.com\/pt\/wp-json\/wp\/v2\/product"}],"about":[{"href":"https:\/\/www.cxjsmartcard.com\/pt\/wp-json\/wp\/v2\/types\/product"}],"wp:featuredmedia":[{"embeddable":true,"href":"https:\/\/www.cxjsmartcard.com\/pt\/wp-json\/wp\/v2\/media\/970"}],"wp:attachment":[{"href":"https:\/\/www.cxjsmartcard.com\/pt\/wp-json\/wp\/v2\/media?parent=968"}],"wp:term":[{"taxonomy":"product_brand","embeddable":true,"href":"https:\/\/www.cxjsmartcard.com\/pt\/wp-json\/wp\/v2\/product_brand?post=968"},{"taxonomy":"product_cat","embeddable":true,"href":"https:\/\/www.cxjsmartcard.com\/pt\/wp-json\/wp\/v2\/product_cat?post=968"},{"taxonomy":"product_tag","embeddable":true,"href":"https:\/\/www.cxjsmartcard.com\/pt\/wp-json\/wp\/v2\/product_tag?post=968"}],"curies":[{"name":"wp","href":"https:\/\/api.w.org\/{rel}","templated":true}]}}