{"id":961,"date":"2025-11-03T09:31:55","date_gmt":"2025-11-03T09:31:55","guid":{"rendered":"https:\/\/www.cxjsmartcard.com\/?post_type=product&#038;p=961"},"modified":"2025-12-29T01:27:07","modified_gmt":"2025-12-29T01:27:07","slug":"nxp-ntag213-215-216-nfc-sticker-labels","status":"publish","type":"product","link":"https:\/\/www.cxjsmartcard.com\/pt\/nxp-ntag213-215-216-nfc-sticker-labels\/","title":{"rendered":"Etiquetas adesivas NFC NXP NTAG213\/215\/216"},"content":{"rendered":"<p data-start=\"50\" data-end=\"436\">Etiquetas adesivas NFC baseadas nos chips NXP NTAG213\/215\/216 para leitura r\u00e1pida e confi\u00e1vel por aproxima\u00e7\u00e3o com smartphones e leitores ISO 14443A. Totalmente compat\u00edveis com o padr\u00e3o NFC Forum Tipo 2 e com suporte a NDEF, essas etiquetas s\u00e3o ideais para marketing inteligente, autentica\u00e7\u00e3o de produtos, etiquetas de prateleira, ingressos e eventos. Seu tamanho compacto, alto desempenho de radiofrequ\u00eancia e recursos de seguran\u00e7a robustos facilitam a implanta\u00e7\u00e3o em larga escala.<\/p>\n<p data-start=\"438\" data-end=\"456\"><strong data-start=\"438\" data-end=\"454\">Principais caracter\u00edsticas<\/strong><\/p>\n<ul data-start=\"457\" data-end=\"964\">\n<li data-start=\"457\" data-end=\"517\">\n<p data-start=\"459\" data-end=\"517\">HF 13,56 MHz; ISO\/IEC 14443 Tipo A; Etiqueta NFC Forum Tipo 2<\/p>\n<\/li>\n<li data-start=\"518\" data-end=\"590\">\n<p data-start=\"520\" data-end=\"590\">Alta confiabilidade de leitura com prote\u00e7\u00e3o anticolis\u00e3o para ambientes com m\u00faltiplas etiquetas.<\/p>\n<\/li>\n<li data-start=\"591\" data-end=\"707\">\n<p data-start=\"593\" data-end=\"707\">Seguran\u00e7a: UID de 7 bytes do fabricante, assinatura de originalidade ECC, senha de 32 bits, bits OTP, fechadura program\u00e1vel em campo.<\/p>\n<\/li>\n<li data-start=\"708\" data-end=\"798\">\n<p data-start=\"710\" data-end=\"798\">Taxa de dados de 106 kbit\/s; compat\u00edvel com NDEF para URLs, IDs, emparelhamento Wi-Fi\/Bluetooth e cart\u00f5es de contato.<\/p>\n<\/li>\n<li data-start=\"799\" data-end=\"874\">\n<p data-start=\"801\" data-end=\"874\">Materiais: PVC\/papel\/papel revestido; fornecido em bobina ou em pe\u00e7as individuais.<\/p>\n<\/li>\n<li data-start=\"875\" data-end=\"964\">\n<p data-start=\"877\" data-end=\"964\">Servi\u00e7os personalizados de impress\u00e3o e dados: logotipo, gr\u00e1ficos, n\u00famero de s\u00e9rie\/UID, QR\/c\u00f3digo de barras, pr\u00e9-codifica\u00e7\u00e3o.<\/p>\n<\/li>\n<\/ul>\n<p data-start=\"966\" data-end=\"1138\"><strong data-start=\"966\" data-end=\"982\">Aplica\u00e7\u00f5es<\/strong><br data-start=\"982\" data-end=\"985\" \/>Marketing e publicidade inteligentes \u2022 Autentica\u00e7\u00e3o de produtos \u2022 Etiquetas NFC para prateleiras \u2022 Cart\u00f5es de visita e passes para eventos\/membros \u2022 Emparelhamento r\u00e1pido via Bluetooth\/Wi-Fi.<\/p>\n<h2 data-start=\"1140\" data-end=\"1165\">Tabela (Especifica\u00e7\u00f5es)<\/h2>\n<div class=\"_tableContainer_1rjym_1\">\n<div class=\"group _tableWrapper_1rjym_13 flex w-fit flex-col-reverse\" tabindex=\"-1\">\n<table class=\"w-fit min-w-(--thread-content-width)\" data-start=\"1167\" data-end=\"3012\">\n<thead data-start=\"1167\" data-end=\"1289\">\n<tr data-start=\"1167\" data-end=\"1289\">\n<th data-start=\"1167\" data-end=\"1188\" data-col-size=\"sm\">Categoria<\/th>\n<th data-start=\"1188\" data-end=\"1216\" data-col-size=\"sm\">Par\u00e2metro<\/th>\n<th data-start=\"1216\" data-end=\"1289\" data-col-size=\"md\">Valor<\/th>\n<\/tr>\n<\/thead>\n<tbody data-start=\"1413\" data-end=\"3012\">\n<tr data-start=\"1413\" data-end=\"1534\">\n<td data-start=\"1413\" data-end=\"1434\" data-col-size=\"sm\">Produto<\/td>\n<td data-start=\"1434\" data-end=\"1462\" data-col-size=\"sm\">Nome<\/td>\n<td data-col-size=\"md\" data-start=\"1462\" data-end=\"1534\">Etiqueta adesiva NFC NXP NTAG213 \/ NTAG215 \/ NTAG216<\/td>\n<\/tr>\n<tr data-start=\"1535\" data-end=\"1657\">\n<td data-start=\"1535\" data-end=\"1556\" data-col-size=\"sm\">IC<\/td>\n<td data-col-size=\"sm\" data-start=\"1556\" data-end=\"1584\">Modelos de Chips<\/td>\n<td data-col-size=\"md\" data-start=\"1584\" data-end=\"1657\">NTAG213, NTAG215, NTAG216 (op\u00e7\u00f5es personalizadas dispon\u00edveis)<\/td>\n<\/tr>\n<tr data-start=\"1658\" data-end=\"1781\">\n<td data-start=\"1658\" data-end=\"1679\" data-col-size=\"sm\">RF<\/td>\n<td data-start=\"1679\" data-end=\"1707\" data-col-size=\"sm\">Freq\u00fc\u00eancia<\/td>\n<td data-start=\"1707\" data-end=\"1781\" data-col-size=\"md\">13,56 MHz (HF)<\/td>\n<\/tr>\n<tr data-start=\"1782\" data-end=\"1904\">\n<td data-start=\"1782\" data-end=\"1803\" data-col-size=\"sm\"><\/td>\n<td data-col-size=\"sm\" data-start=\"1803\" data-end=\"1831\">Protocolo<\/td>\n<td data-col-size=\"md\" data-start=\"1831\" data-end=\"1904\">ISO\/IEC 14443 Tipo A; Etiqueta NFC Forum Tipo 2<\/td>\n<\/tr>\n<tr data-start=\"1905\" data-end=\"2028\">\n<td data-start=\"1905\" data-end=\"1926\" data-col-size=\"sm\">Desempenho<\/td>\n<td data-col-size=\"sm\" data-start=\"1926\" data-end=\"1954\">Taxa de comunica\u00e7\u00e3o<\/td>\n<td data-col-size=\"md\" data-start=\"1954\" data-end=\"2028\">106 kbit\/s<\/td>\n<\/tr>\n<tr data-start=\"2029\" data-end=\"2151\">\n<td data-start=\"2029\" data-end=\"2050\" data-col-size=\"sm\">Anticolis\u00e3o<\/td>\n<td data-start=\"2050\" data-end=\"2078\" data-col-size=\"sm\">Suporte a m\u00faltiplas tags<\/td>\n<td data-start=\"2078\" data-end=\"2151\" data-col-size=\"md\">Sim \u2014 seleciona as tags individualmente no campo.<\/td>\n<\/tr>\n<tr data-start=\"2152\" data-end=\"2274\">\n<td data-start=\"2152\" data-end=\"2173\" data-col-size=\"sm\">Seguran\u00e7a<\/td>\n<td data-col-size=\"sm\" data-start=\"2173\" data-end=\"2201\">Caracter\u00edsticas<\/td>\n<td data-col-size=\"md\" data-start=\"2201\" data-end=\"2274\">UID de 7 bytes; assinatura de originalidade ECC; senha de 32 bits; OTP; bits de bloqueio<\/td>\n<\/tr>\n<tr data-start=\"2275\" data-end=\"2397\">\n<td data-start=\"2275\" data-end=\"2296\" data-col-size=\"sm\">Materiais<\/td>\n<td data-col-size=\"sm\" data-start=\"2296\" data-end=\"2324\">Face\/Substrato<\/td>\n<td data-col-size=\"md\" data-start=\"2324\" data-end=\"2397\">PVC, papel, papel revestido<\/td>\n<\/tr>\n<tr data-start=\"2398\" data-end=\"2520\">\n<td data-start=\"2398\" data-end=\"2419\" data-col-size=\"sm\">Dimens\u00f5es<\/td>\n<td data-col-size=\"sm\" data-start=\"2419\" data-end=\"2447\">Tamanhos padr\u00e3o<\/td>\n<td data-col-size=\"md\" data-start=\"2447\" data-end=\"2520\">\u00d825 \/ 30 \/ 35 \/ 40 \/ 45 \/ 50 mm; tamanhos e formatos personalizados.<\/td>\n<\/tr>\n<tr data-start=\"2521\" data-end=\"2643\">\n<td data-start=\"2521\" data-end=\"2542\" data-col-size=\"sm\">Personaliza\u00e7\u00e3o<\/td>\n<td data-col-size=\"sm\" data-start=\"2542\" data-end=\"2570\">Impress\u00e3o\/Embalagem<\/td>\n<td data-col-size=\"md\" data-start=\"2570\" data-end=\"2643\">Logotipo, elementos gr\u00e1ficos, c\u00f3digo QR, n\u00famero de s\u00e9rie; embalagem em bobina ou pe\u00e7a \u00fanica.<\/td>\n<\/tr>\n<tr data-start=\"2644\" data-end=\"2766\">\n<td data-start=\"2644\" data-end=\"2665\" data-col-size=\"sm\">Servi\u00e7os de dados<\/td>\n<td data-start=\"2665\" data-end=\"2693\" data-col-size=\"sm\">Codifica\u00e7\u00e3o<\/td>\n<td data-col-size=\"md\" data-start=\"2693\" data-end=\"2766\">Pr\u00e9-codifica\u00e7\u00e3o NDEF\/EPC dispon\u00edvel<\/td>\n<\/tr>\n<tr data-start=\"2767\" data-end=\"2889\">\n<td data-start=\"2767\" data-end=\"2788\" data-col-size=\"sm\">Vantagens<\/td>\n<td data-col-size=\"sm\" data-start=\"2788\" data-end=\"2816\">Destaques<\/td>\n<td data-col-size=\"md\" data-start=\"2816\" data-end=\"2889\">Tamanho compacto, leitura r\u00e1pida, alto desempenho de radiofrequ\u00eancia, seguro e flex\u00edvel.<\/td>\n<\/tr>\n<tr data-start=\"2890\" data-end=\"3012\">\n<td data-start=\"2890\" data-end=\"2911\" data-col-size=\"sm\">Aplica\u00e7\u00f5es<\/td>\n<td data-col-size=\"sm\" data-start=\"2911\" data-end=\"2939\">Casos de uso t\u00edpicos<\/td>\n<td data-col-size=\"md\" data-start=\"2939\" data-end=\"3012\">Marketing, autentica\u00e7\u00e3o, etiquetas de prateleira, cart\u00f5es, emparelhamento<\/td>\n<\/tr>\n<\/tbody>\n<\/table>\n<\/div>\n<\/div>","protected":false},"excerpt":{"rendered":"<p>Etiquetas adesivas NFC com NXP NTAG213\/215\/216\u201413,56 MHz, ISO 14443A, recursos de seguran\u00e7a, compat\u00edveis com NDEF e impress\u00e3o\/codifica\u00e7\u00e3o personaliz\u00e1vel para marketing, autentica\u00e7\u00e3o e eventos.<\/p>","protected":false},"featured_media":962,"template":"","meta":{"_gspb_post_css":""},"product_brand":[],"product_cat":[29],"product_tag":[],"class_list":{"0":"post-961","1":"product","2":"type-product","3":"status-publish","4":"has-post-thumbnail","6":"product_cat-nfc-tags","8":"first","9":"instock","10":"shipping-taxable","11":"purchasable","12":"product-type-simple"},"_links":{"self":[{"href":"https:\/\/www.cxjsmartcard.com\/pt\/wp-json\/wp\/v2\/product\/961","targetHints":{"allow":["GET"]}}],"collection":[{"href":"https:\/\/www.cxjsmartcard.com\/pt\/wp-json\/wp\/v2\/product"}],"about":[{"href":"https:\/\/www.cxjsmartcard.com\/pt\/wp-json\/wp\/v2\/types\/product"}],"wp:featuredmedia":[{"embeddable":true,"href":"https:\/\/www.cxjsmartcard.com\/pt\/wp-json\/wp\/v2\/media\/962"}],"wp:attachment":[{"href":"https:\/\/www.cxjsmartcard.com\/pt\/wp-json\/wp\/v2\/media?parent=961"}],"wp:term":[{"taxonomy":"product_brand","embeddable":true,"href":"https:\/\/www.cxjsmartcard.com\/pt\/wp-json\/wp\/v2\/product_brand?post=961"},{"taxonomy":"product_cat","embeddable":true,"href":"https:\/\/www.cxjsmartcard.com\/pt\/wp-json\/wp\/v2\/product_cat?post=961"},{"taxonomy":"product_tag","embeddable":true,"href":"https:\/\/www.cxjsmartcard.com\/pt\/wp-json\/wp\/v2\/product_tag?post=961"}],"curies":[{"name":"wp","href":"https:\/\/api.w.org\/{rel}","templated":true}]}}