{"id":954,"date":"2025-11-03T09:30:20","date_gmt":"2025-11-03T09:30:20","guid":{"rendered":"https:\/\/www.cxjsmartcard.com\/?post_type=product&#038;p=954"},"modified":"2025-12-29T01:27:07","modified_gmt":"2025-12-29T01:27:07","slug":"nxp-mifare-ultralight-ev1-nfc-sticker","status":"publish","type":"product","link":"https:\/\/www.cxjsmartcard.com\/pt\/nxp-mifare-ultralight-ev1-nfc-sticker\/","title":{"rendered":"Adesivo NFC NXP MIFARE Ultralight EV1"},"content":{"rendered":"<p data-start=\"49\" data-end=\"419\">Etiquetas NFC baseadas na tecnologia MIFARE Ultralight\u00ae EV1 para uma experi\u00eancia de aproxima\u00e7\u00e3o segura, r\u00e1pida e compat\u00edvel com celulares. Ideais para pagamentos m\u00f3veis, controle de acesso, bilhetagem eletr\u00f4nica, programas de fidelidade, marketing e autentica\u00e7\u00e3o de produtos. Cada etiqueta possui prote\u00e7\u00e3o anticolis\u00e3o, UID de 7 bytes, mem\u00f3ria para OTP, contadores unidirecionais, assinatura de originalidade ECC e prote\u00e7\u00e3o opcional por senha.<\/p>\n<p data-start=\"421\" data-end=\"560\"><strong data-start=\"421\" data-end=\"445\">Materiais e Impress\u00e3o<\/strong><br data-start=\"445\" data-end=\"448\" \/>Papel, papel autoadesivo, PVC, pl\u00e1stico flex\u00edvel ou PET com impress\u00e3o a cores (log\u00f3tipos, gr\u00e1ficos, dados vari\u00e1veis).<\/p>\n<p data-start=\"562\" data-end=\"655\"><strong data-start=\"562\" data-end=\"586\">Tamanhos (personaliz\u00e1veis)<\/strong><br data-start=\"586\" data-end=\"589\" \/>\u00d825 mm, 25\u00d725 mm, 30\u00d730 mm, 40\u00d740 mm, 50\u00d750 mm e formatos personalizados.<\/p>\n<p data-start=\"657\" data-end=\"752\"><strong data-start=\"657\" data-end=\"690\">Chips compat\u00edveis (sob encomenda)<\/strong><br data-start=\"690\" data-end=\"693\" \/>MIFARE Ultralight\u00ae \/ Ultralight\u00ae C \u2022 NTAG\u00ae 203 \/ 213 \/ 216.<\/p>\n<p data-start=\"754\" data-end=\"946\"><strong data-start=\"754\" data-end=\"770\">Aplica\u00e7\u00f5es<\/strong><br data-start=\"770\" data-end=\"773\" \/>Pagamentos m\u00f3veis sem contato \u2022 Controle de acesso \u2022 Ingressos eletr\u00f4nicos e passes di\u00e1rios para eventos \u2022 Programas de fidelidade e campanhas de marketing \u2022 Autentica\u00e7\u00e3o de produtos e acesso a conte\u00fado digital.<\/p>\n<p data-start=\"948\" data-end=\"1144\"><strong data-start=\"948\" data-end=\"964\">Principais benef\u00edcios<\/strong><br data-start=\"964\" data-end=\"967\" \/>Transa\u00e7\u00f5es r\u00e1pidas (&lt;35 ms) \u2022 Design seguro e resistente a adultera\u00e7\u00f5es \u2022 Integra\u00e7\u00e3o flex\u00edvel em bilhetes, cart\u00f5es e etiquetas \u2022 Escal\u00e1vel para implanta\u00e7\u00f5es em massa e ambientes de alto tr\u00e1fego.<\/p>\n<h2 data-start=\"1146\" data-end=\"1171\">Tabela (Especifica\u00e7\u00f5es)<\/h2>\n<div class=\"_tableContainer_1rjym_1\">\n<div class=\"group _tableWrapper_1rjym_13 flex w-fit flex-col-reverse\" tabindex=\"-1\">\n<table class=\"w-fit min-w-(--thread-content-width)\" data-start=\"1173\" data-end=\"2573\">\n<thead data-start=\"1173\" data-end=\"1278\">\n<tr data-start=\"1173\" data-end=\"1278\">\n<th data-start=\"1173\" data-end=\"1191\" data-col-size=\"sm\">Categoria<\/th>\n<th data-start=\"1191\" data-end=\"1214\" data-col-size=\"sm\">Par\u00e2metro<\/th>\n<th data-start=\"1214\" data-end=\"1278\" data-col-size=\"md\">Valor<\/th>\n<\/tr>\n<\/thead>\n<tbody data-start=\"1385\" data-end=\"2573\">\n<tr data-start=\"1385\" data-end=\"1490\">\n<td data-start=\"1385\" data-end=\"1403\" data-col-size=\"sm\">Produto<\/td>\n<td data-start=\"1403\" data-end=\"1426\" data-col-size=\"sm\">Tipo<\/td>\n<td data-start=\"1426\" data-end=\"1490\" data-col-size=\"md\">Etiqueta\/adesivo NFC<\/td>\n<\/tr>\n<tr data-start=\"1491\" data-end=\"1596\">\n<td data-start=\"1491\" data-end=\"1509\" data-col-size=\"sm\">RF<\/td>\n<td data-start=\"1509\" data-end=\"1532\" data-col-size=\"sm\">Freq\u00fc\u00eancia<\/td>\n<td data-col-size=\"md\" data-start=\"1532\" data-end=\"1596\">13,56 MHz<\/td>\n<\/tr>\n<tr data-start=\"1597\" data-end=\"1702\">\n<td data-start=\"1597\" data-end=\"1616\" data-col-size=\"sm\"><\/td>\n<td data-col-size=\"sm\" data-start=\"1616\" data-end=\"1638\">Protocolo<\/td>\n<td data-col-size=\"md\" data-start=\"1638\" data-end=\"1702\">ISO\/IEC 14443 Tipo A<\/td>\n<\/tr>\n<tr data-start=\"1703\" data-end=\"1808\">\n<td data-start=\"1703\" data-end=\"1721\" data-col-size=\"sm\">IC<\/td>\n<td data-start=\"1721\" data-end=\"1744\" data-col-size=\"sm\">Padr\u00e3o<\/td>\n<td data-col-size=\"md\" data-start=\"1744\" data-end=\"1808\">MIFARE Ultralight\u00ae EV1<\/td>\n<\/tr>\n<tr data-start=\"1809\" data-end=\"1935\">\n<td data-start=\"1809\" data-end=\"1827\" data-col-size=\"sm\">Seguran\u00e7a<\/td>\n<td data-start=\"1827\" data-end=\"1850\" data-col-size=\"sm\">Caracter\u00edsticas<\/td>\n<td data-col-size=\"md\" data-start=\"1850\" data-end=\"1935\">UID de 7 bytes; OTP; contadores unidirecionais; assinatura de originalidade ECC; prote\u00e7\u00e3o por senha<\/td>\n<\/tr>\n<tr data-start=\"1936\" data-end=\"2041\">\n<td data-start=\"1936\" data-end=\"1954\" data-col-size=\"sm\">Anticolis\u00e3o<\/td>\n<td data-col-size=\"sm\" data-start=\"1954\" data-end=\"1977\">Leituras com m\u00faltiplas tags<\/td>\n<td data-col-size=\"md\" data-start=\"1977\" data-end=\"2041\">Apoiado<\/td>\n<\/tr>\n<tr data-start=\"2042\" data-end=\"2147\">\n<td data-start=\"2042\" data-end=\"2060\" data-col-size=\"sm\">Materiais<\/td>\n<td data-col-size=\"sm\" data-start=\"2060\" data-end=\"2083\">Face\/Substrato<\/td>\n<td data-col-size=\"md\" data-start=\"2083\" data-end=\"2147\">Papel, papel autoadesivo, PVC, pl\u00e1stico flex\u00edvel, PET<\/td>\n<\/tr>\n<tr data-start=\"2148\" data-end=\"2253\">\n<td data-start=\"2148\" data-end=\"2166\" data-col-size=\"sm\">Dimens\u00f5es<\/td>\n<td data-col-size=\"sm\" data-start=\"2166\" data-end=\"2189\">Tamanhos padr\u00e3o<\/td>\n<td data-col-size=\"md\" data-start=\"2189\" data-end=\"2253\">\u00d825 mm; 25\u00d725; 30\u00d730; 40\u00d740; 50\u00d750 mm; sob medida<\/td>\n<\/tr>\n<tr data-start=\"2254\" data-end=\"2359\">\n<td data-start=\"2254\" data-end=\"2272\" data-col-size=\"sm\">Impress\u00e3o<\/td>\n<td data-col-size=\"sm\" data-start=\"2272\" data-end=\"2295\">M\u00e9todos<\/td>\n<td data-col-size=\"md\" data-start=\"2295\" data-end=\"2359\">Totalmente colorido (logotipos, gr\u00e1ficos, dados vari\u00e1veis)<\/td>\n<\/tr>\n<tr data-start=\"2360\" data-end=\"2465\">\n<td data-start=\"2360\" data-end=\"2378\" data-col-size=\"sm\">Op\u00e7\u00f5es<\/td>\n<td data-col-size=\"sm\" data-start=\"2378\" data-end=\"2401\">Chips Alternativos<\/td>\n<td data-col-size=\"md\" data-start=\"2401\" data-end=\"2465\">Ultraleve C; NTAG 203\/213\/216<\/td>\n<\/tr>\n<tr data-start=\"2466\" data-end=\"2573\">\n<td data-start=\"2466\" data-end=\"2484\" data-col-size=\"sm\">Casos de uso<\/td>\n<td data-start=\"2484\" data-end=\"2507\" data-col-size=\"sm\">Aplica\u00e7\u00f5es<\/td>\n<td data-col-size=\"md\" data-start=\"2507\" data-end=\"2573\">Pagamentos, acesso, bilhetes eletr\u00f4nicos, fideliza\u00e7\u00e3o\/marketing, autentica\u00e7\u00e3o<\/td>\n<\/tr>\n<\/tbody>\n<\/table>\n<\/div>\n<\/div>","protected":false},"excerpt":{"rendered":"<p>Etiquetas NFC com MIFARE Ultralight EV1\u2014ISO 14443A, leitura r\u00e1pida e segura por aproxima\u00e7\u00e3o, anticolis\u00e3o e faces imprim\u00edveis em cores para pagamentos, controle de acesso, bilhetes eletr\u00f4nicos e campanhas de marca.<\/p>","protected":false},"featured_media":955,"template":"","meta":{"_gspb_post_css":""},"product_brand":[],"product_cat":[29],"product_tag":[],"class_list":{"0":"post-954","1":"product","2":"type-product","3":"status-publish","4":"has-post-thumbnail","6":"product_cat-nfc-tags","8":"first","9":"instock","10":"shipping-taxable","11":"purchasable","12":"product-type-simple"},"_links":{"self":[{"href":"https:\/\/www.cxjsmartcard.com\/pt\/wp-json\/wp\/v2\/product\/954","targetHints":{"allow":["GET"]}}],"collection":[{"href":"https:\/\/www.cxjsmartcard.com\/pt\/wp-json\/wp\/v2\/product"}],"about":[{"href":"https:\/\/www.cxjsmartcard.com\/pt\/wp-json\/wp\/v2\/types\/product"}],"wp:featuredmedia":[{"embeddable":true,"href":"https:\/\/www.cxjsmartcard.com\/pt\/wp-json\/wp\/v2\/media\/955"}],"wp:attachment":[{"href":"https:\/\/www.cxjsmartcard.com\/pt\/wp-json\/wp\/v2\/media?parent=954"}],"wp:term":[{"taxonomy":"product_brand","embeddable":true,"href":"https:\/\/www.cxjsmartcard.com\/pt\/wp-json\/wp\/v2\/product_brand?post=954"},{"taxonomy":"product_cat","embeddable":true,"href":"https:\/\/www.cxjsmartcard.com\/pt\/wp-json\/wp\/v2\/product_cat?post=954"},{"taxonomy":"product_tag","embeddable":true,"href":"https:\/\/www.cxjsmartcard.com\/pt\/wp-json\/wp\/v2\/product_tag?post=954"}],"curies":[{"name":"wp","href":"https:\/\/api.w.org\/{rel}","templated":true}]}}