{"id":943,"date":"2025-11-03T09:28:48","date_gmt":"2025-11-03T09:28:48","guid":{"rendered":"https:\/\/www.cxjsmartcard.com\/?post_type=product&#038;p=943"},"modified":"2025-12-29T01:27:07","modified_gmt":"2025-12-29T01:27:07","slug":"ntag213-nfc-keychain-abs-rfid-keyfob","status":"publish","type":"product","link":"https:\/\/www.cxjsmartcard.com\/pt\/ntag213-nfc-keychain-abs-rfid-keyfob\/","title":{"rendered":"Chaveiro NTAG213 NFC em ABS com RFID"},"content":{"rendered":"<p data-start=\"48\" data-end=\"332\">Chaveiro NFC compacto e resistente, feito de ABS, para controle de acesso e identifica\u00e7\u00e3o no dia a dia. O n\u00facleo NTAG213 (HF 13,56 MHz) proporciona leituras r\u00e1pidas e confi\u00e1veis com smartphones e leitores ISO 14443A. F\u00e1cil de transportar em um chaveiro e personaliz\u00e1vel em cores, impress\u00e3o e op\u00e7\u00f5es de chip.<\/p>\n<p data-start=\"334\" data-end=\"352\"><strong data-start=\"334\" data-end=\"350\">Principais caracter\u00edsticas<\/strong><\/p>\n<ul data-start=\"353\" data-end=\"614\">\n<li data-start=\"353\" data-end=\"390\">\n<p data-start=\"355\" data-end=\"390\">Mini etiqueta \u00e0 prova d&#039;\u00e1gua e resistente \u00e0s intemp\u00e9ries<\/p>\n<\/li>\n<li data-start=\"391\" data-end=\"429\">\n<p data-start=\"393\" data-end=\"429\">NFC\/RFID de 13,56 MHz, ISO\/IEC 14443A<\/p>\n<\/li>\n<li data-start=\"430\" data-end=\"489\">\n<p data-start=\"432\" data-end=\"489\">Dist\u00e2ncia de leitura t\u00edpica: 2\u20135 cm (dependendo do leitor\/dispositivo)<\/p>\n<\/li>\n<li data-start=\"490\" data-end=\"545\">\n<p data-start=\"492\" data-end=\"545\">Cores, logotipos, n\u00fameros de s\u00e9rie\/UID e c\u00f3digos QR\/de barras personaliz\u00e1veis.<\/p>\n<\/li>\n<li data-start=\"546\" data-end=\"599\">\n<p data-start=\"548\" data-end=\"599\">M\u00faltiplas op\u00e7\u00f5es de circuitos integrados para atender \u00e0s necessidades de seguran\u00e7a e mem\u00f3ria.<\/p>\n<\/li>\n<li data-start=\"600\" data-end=\"614\">\n<p data-start=\"602\" data-end=\"614\">Quantidade m\u00ednima para encomenda: 200 unidades<\/p>\n<\/li>\n<\/ul>\n<p data-start=\"616\" data-end=\"778\"><strong data-start=\"616\" data-end=\"632\">Aplica\u00e7\u00f5es<\/strong><br data-start=\"632\" data-end=\"635\" \/>Controle de acesso \u2022 Transporte p\u00fablico \u2022 Pagamento sem dinheiro\/circuito fechado \u2022 Controle de ponto \u2022 Gest\u00e3o de membros e visitantes \u2022 Check-in inteligente.<\/p>\n<h2 data-start=\"780\" data-end=\"805\">Tabela (Especifica\u00e7\u00f5es)<\/h2>\n<div class=\"_tableContainer_1rjym_1\">\n<div class=\"group _tableWrapper_1rjym_13 flex w-fit flex-col-reverse\" tabindex=\"-1\">\n<table class=\"w-fit min-w-(--thread-content-width)\" data-start=\"807\" data-end=\"3398\">\n<thead data-start=\"807\" data-end=\"929\">\n<tr data-start=\"807\" data-end=\"929\">\n<th data-start=\"807\" data-end=\"829\" data-col-size=\"sm\">Categoria<\/th>\n<th data-start=\"829\" data-end=\"856\" data-col-size=\"sm\">Par\u00e2metro<\/th>\n<th data-start=\"856\" data-end=\"929\" data-col-size=\"md\">Valor<\/th>\n<\/tr>\n<\/thead>\n<tbody data-start=\"1052\" data-end=\"3398\">\n<tr data-start=\"1052\" data-end=\"1173\">\n<td data-start=\"1052\" data-end=\"1073\" data-col-size=\"sm\">Produto<\/td>\n<td data-col-size=\"sm\" data-start=\"1073\" data-end=\"1100\">Nome<\/td>\n<td data-col-size=\"md\" data-start=\"1100\" data-end=\"1173\">Chaveiro ABS RFID<\/td>\n<\/tr>\n<tr data-start=\"1174\" data-end=\"1295\">\n<td data-start=\"1174\" data-end=\"1195\" data-col-size=\"sm\">Fator de forma<\/td>\n<td data-col-size=\"sm\" data-start=\"1195\" data-end=\"1222\">Estilo<\/td>\n<td data-col-size=\"md\" data-start=\"1222\" data-end=\"1295\">Chaveiro (mini etiqueta)<\/td>\n<\/tr>\n<tr data-start=\"1296\" data-end=\"1417\">\n<td data-start=\"1296\" data-end=\"1317\" data-col-size=\"sm\">Materiais<\/td>\n<td data-col-size=\"sm\" data-start=\"1317\" data-end=\"1344\">Corpo<\/td>\n<td data-col-size=\"md\" data-start=\"1344\" data-end=\"1417\">ABS (pl\u00e1stico)<\/td>\n<\/tr>\n<tr data-start=\"1418\" data-end=\"1539\">\n<td data-start=\"1418\" data-end=\"1439\" data-col-size=\"sm\">Dimens\u00f5es<\/td>\n<td data-col-size=\"sm\" data-start=\"1439\" data-end=\"1466\">Tamanho<\/td>\n<td data-col-size=\"md\" data-start=\"1466\" data-end=\"1539\">2,36 \u00d7 1,18 \u00d7 0,16 polegadas (aprox.)<\/td>\n<\/tr>\n<tr data-start=\"1540\" data-end=\"1661\">\n<td data-start=\"1540\" data-end=\"1561\" data-col-size=\"sm\">Interface RF<\/td>\n<td data-start=\"1561\" data-end=\"1588\" data-col-size=\"sm\">Freq\u00fc\u00eancia<\/td>\n<td data-start=\"1588\" data-end=\"1661\" data-col-size=\"md\">13,56 MHz (HF)<\/td>\n<\/tr>\n<tr data-start=\"1662\" data-end=\"1783\">\n<td data-start=\"1662\" data-end=\"1683\" data-col-size=\"sm\"><\/td>\n<td data-start=\"1683\" data-end=\"1710\" data-col-size=\"sm\">Protocolo<\/td>\n<td data-start=\"1710\" data-end=\"1783\" data-col-size=\"md\">ISO\/IEC 14443A<\/td>\n<\/tr>\n<tr data-start=\"1784\" data-end=\"1905\">\n<td data-start=\"1784\" data-end=\"1805\" data-col-size=\"sm\">Comunica\u00e7\u00e3o<\/td>\n<td data-col-size=\"sm\" data-start=\"1805\" data-end=\"1832\">Interfaces<\/td>\n<td data-col-size=\"md\" data-start=\"1832\" data-end=\"1905\">RFID, NFC<\/td>\n<\/tr>\n<tr data-start=\"1906\" data-end=\"2028\">\n<td data-start=\"1906\" data-end=\"1927\" data-col-size=\"sm\">Chip padr\u00e3o<\/td>\n<td data-col-size=\"sm\" data-start=\"1927\" data-end=\"1955\">IC<\/td>\n<td data-col-size=\"md\" data-start=\"1955\" data-end=\"2028\">NTAG213<\/td>\n<\/tr>\n<tr data-start=\"2029\" data-end=\"2168\">\n<td data-start=\"2029\" data-end=\"2050\" data-col-size=\"sm\">Op\u00e7\u00f5es de chip (HF)<\/td>\n<td data-col-size=\"sm\" data-start=\"2050\" data-end=\"2077\">Fam\u00edlia NTAG<\/td>\n<td data-col-size=\"md\" data-start=\"2077\" data-end=\"2168\">NTAG213 (180 B), NTAG215 (540 B), NTAG216 (924 B), TagTamper, 424 DNA\/424 DNA TagTamper<\/td>\n<\/tr>\n<tr data-start=\"2169\" data-end=\"2290\">\n<td data-start=\"2169\" data-end=\"2190\" data-col-size=\"sm\"><\/td>\n<td data-start=\"2190\" data-end=\"2217\" data-col-size=\"sm\">MIFARE Cl\u00e1ssico<\/td>\n<td data-col-size=\"md\" data-start=\"2217\" data-end=\"2290\">1K, 4K<\/td>\n<\/tr>\n<tr data-start=\"2291\" data-end=\"2412\">\n<td data-start=\"2291\" data-end=\"2312\" data-col-size=\"sm\"><\/td>\n<td data-col-size=\"sm\" data-start=\"2312\" data-end=\"2339\">MIFARE Plus<\/td>\n<td data-col-size=\"md\" data-start=\"2339\" data-end=\"2412\">Mais EV2 (2K\/4K), Mais SE (1K)<\/td>\n<\/tr>\n<tr data-start=\"2413\" data-end=\"2534\">\n<td data-start=\"2413\" data-end=\"2434\" data-col-size=\"sm\"><\/td>\n<td data-start=\"2434\" data-end=\"2461\" data-col-size=\"sm\">MIFARE DESFire<\/td>\n<td data-col-size=\"md\" data-start=\"2461\" data-end=\"2534\">EV1 \/ EV2 \/ EV3 (2K\/4K\/8K)<\/td>\n<\/tr>\n<tr data-start=\"2535\" data-end=\"2666\">\n<td data-start=\"2535\" data-end=\"2556\" data-col-size=\"sm\"><\/td>\n<td data-col-size=\"sm\" data-start=\"2556\" data-end=\"2583\">ICODE (ISO 15693)<\/td>\n<td data-col-size=\"md\" data-start=\"2583\" data-end=\"2666\">SLI (1024 bits), SLIX, SLIX2 (2560 bits), SLIX-S (2048 bits), SLIX-L (512 bits)<\/td>\n<\/tr>\n<tr data-start=\"2667\" data-end=\"2788\">\n<td data-start=\"2667\" data-end=\"2688\" data-col-size=\"sm\">Desempenho<\/td>\n<td data-col-size=\"sm\" data-start=\"2688\" data-end=\"2715\">Dist\u00e2ncia de leitura<\/td>\n<td data-col-size=\"md\" data-start=\"2715\" data-end=\"2788\">2\u20135 cm (dependendo do dispositivo\/antena)<\/td>\n<\/tr>\n<tr data-start=\"2789\" data-end=\"2910\">\n<td data-start=\"2789\" data-end=\"2810\" data-col-size=\"sm\">Durabilidade<\/td>\n<td data-start=\"2810\" data-end=\"2837\" data-col-size=\"sm\">Caracter\u00edsticas especiais<\/td>\n<td data-col-size=\"md\" data-start=\"2837\" data-end=\"2910\">\u00c0 prova d&#039;\u00e1gua e resistente \u00e0s intemp\u00e9ries; carca\u00e7a robusta em ABS.<\/td>\n<\/tr>\n<tr data-start=\"2911\" data-end=\"3032\">\n<td data-start=\"2911\" data-end=\"2932\" data-col-size=\"sm\">Personaliza\u00e7\u00e3o<\/td>\n<td data-start=\"2932\" data-end=\"2959\" data-col-size=\"sm\">Cor\/Impress\u00e3o<\/td>\n<td data-col-size=\"md\" data-start=\"2959\" data-end=\"3032\">Cores personalizadas; logotipo\/texto; laser\/impress\u00e3o; UID\/n\u00famero de s\u00e9rie, QR\/c\u00f3digo de barras<\/td>\n<\/tr>\n<tr data-start=\"3033\" data-end=\"3154\">\n<td data-start=\"3033\" data-end=\"3054\" data-col-size=\"sm\">Embalagem<\/td>\n<td data-col-size=\"sm\" data-start=\"3054\" data-end=\"3081\">MOQ<\/td>\n<td data-col-size=\"md\" data-start=\"3081\" data-end=\"3154\">200 unidades<\/td>\n<\/tr>\n<tr data-start=\"3155\" data-end=\"3276\">\n<td data-start=\"3155\" data-end=\"3176\" data-col-size=\"sm\">Origem<\/td>\n<td data-col-size=\"sm\" data-start=\"3176\" data-end=\"3203\">Local de origem<\/td>\n<td data-col-size=\"md\" data-start=\"3203\" data-end=\"3276\">China<\/td>\n<\/tr>\n<tr data-start=\"3277\" data-end=\"3398\">\n<td data-start=\"3277\" data-end=\"3298\" data-col-size=\"sm\">Casos de uso<\/td>\n<td data-col-size=\"sm\" data-start=\"3298\" data-end=\"3325\">Aplica\u00e7\u00f5es<\/td>\n<td data-col-size=\"md\" data-start=\"3325\" data-end=\"3398\">Controle de acesso, transporte, pagamento, identifica\u00e7\u00e3o, associa\u00e7\u00e3o, presen\u00e7a<\/td>\n<\/tr>\n<\/tbody>\n<\/table>\n<\/div>\n<\/div>","protected":false},"excerpt":{"rendered":"<p>Chaveiro NFC resistente em ABS com NTAG213 \u2014 mini tag \u00e0 prova d&#039;\u00e1gua para controle de acesso e identifica\u00e7\u00e3o di\u00e1ria. 13,56 MHz ISO 14443A, alcance de leitura de 2 a 5 cm, cores e impress\u00e3o personaliz\u00e1veis.<\/p>","protected":false},"featured_media":949,"template":"","meta":{"_gspb_post_css":""},"product_brand":[],"product_cat":[29],"product_tag":[],"class_list":{"0":"post-943","1":"product","2":"type-product","3":"status-publish","4":"has-post-thumbnail","6":"product_cat-nfc-tags","8":"first","9":"instock","10":"shipping-taxable","11":"purchasable","12":"product-type-simple"},"_links":{"self":[{"href":"https:\/\/www.cxjsmartcard.com\/pt\/wp-json\/wp\/v2\/product\/943","targetHints":{"allow":["GET"]}}],"collection":[{"href":"https:\/\/www.cxjsmartcard.com\/pt\/wp-json\/wp\/v2\/product"}],"about":[{"href":"https:\/\/www.cxjsmartcard.com\/pt\/wp-json\/wp\/v2\/types\/product"}],"wp:featuredmedia":[{"embeddable":true,"href":"https:\/\/www.cxjsmartcard.com\/pt\/wp-json\/wp\/v2\/media\/949"}],"wp:attachment":[{"href":"https:\/\/www.cxjsmartcard.com\/pt\/wp-json\/wp\/v2\/media?parent=943"}],"wp:term":[{"taxonomy":"product_brand","embeddable":true,"href":"https:\/\/www.cxjsmartcard.com\/pt\/wp-json\/wp\/v2\/product_brand?post=943"},{"taxonomy":"product_cat","embeddable":true,"href":"https:\/\/www.cxjsmartcard.com\/pt\/wp-json\/wp\/v2\/product_cat?post=943"},{"taxonomy":"product_tag","embeddable":true,"href":"https:\/\/www.cxjsmartcard.com\/pt\/wp-json\/wp\/v2\/product_tag?post=943"}],"curies":[{"name":"wp","href":"https:\/\/api.w.org\/{rel}","templated":true}]}}