{"id":939,"date":"2025-11-03T09:26:36","date_gmt":"2025-11-03T09:26:36","guid":{"rendered":"https:\/\/www.cxjsmartcard.com\/?post_type=product&#038;p=939"},"modified":"2025-12-29T01:27:07","modified_gmt":"2025-12-29T01:27:07","slug":"uhf-rfid-medical-glass-tube-tags-for-glass-bottle-tracking","status":"publish","type":"product","link":"https:\/\/www.cxjsmartcard.com\/pt\/uhf-rfid-medical-glass-tube-tags-for-glass-bottle-tracking\/","title":{"rendered":"Etiquetas RFID UHF para rastreamento de tubos de vidro m\u00e9dicos em frascos de vidro."},"content":{"rendered":"<p data-start=\"70\" data-end=\"397\">Etiqueta RFID UHF para frascos de vidro farmac\u00eauticos, baseada no modelo FM13UF0051E. <strong data-start=\"160\" data-end=\"175\">EPC de 128 bits<\/strong> Mem\u00f3ria para alto desempenho de leitura m\u00faltipla. A superf\u00edcie de papel revestido \u00e9 imprim\u00edvel e pode ser combinada com um adesivo de uso geral para aplica\u00e7\u00e3o confi\u00e1vel em recipientes e frascos de vidro para p\u00f3 seco.<\/p>\n<p data-start=\"399\" data-end=\"417\"><strong data-start=\"399\" data-end=\"415\">Principais caracter\u00edsticas<\/strong><\/p>\n<ul data-start=\"418\" data-end=\"720\">\n<li data-start=\"418\" data-end=\"459\">\n<p data-start=\"420\" data-end=\"459\">Em conformidade com EPC Gen2 \/ ISO\/IEC 18000-6C<\/p>\n<\/li>\n<li data-start=\"460\" data-end=\"536\">\n<p data-start=\"462\" data-end=\"536\">EPC de 128 bits; otimizado para leitura r\u00e1pida, leitura m\u00faltipla e rastreabilidade.<\/p>\n<\/li>\n<li data-start=\"537\" data-end=\"605\">\n<p data-start=\"539\" data-end=\"605\">Papel revestido; imprim\u00edvel por transfer\u00eancia t\u00e9rmica ou serigrafia.<\/p>\n<\/li>\n<li data-start=\"606\" data-end=\"674\">\n<p data-start=\"608\" data-end=\"674\">Fornecido como etiqueta adesiva ou em embalagem de papel revestido.<\/p>\n<\/li>\n<li data-start=\"675\" data-end=\"720\">\n<p data-start=\"677\" data-end=\"720\">Materiais do chip, tamanho e face personaliz\u00e1veis<\/p>\n<\/li>\n<\/ul>\n<p data-start=\"722\" data-end=\"868\"><strong data-start=\"722\" data-end=\"738\">Aplica\u00e7\u00f5es<\/strong><br data-start=\"738\" data-end=\"741\" \/>Gest\u00e3o m\u00e9dica e de sa\u00fade \u2022 Log\u00edstica farmac\u00eautica \u2022 Identifica\u00e7\u00e3o de frascos de medicamentos \u2022 Rastreamento de frascos de vidro para p\u00f3 seco.<\/p>\n<p data-start=\"870\" data-end=\"987\"><strong data-start=\"870\" data-end=\"898\">Servi\u00e7os de Impress\u00e3o e Dados<\/strong><br data-start=\"898\" data-end=\"901\" \/>Impress\u00e3o por transfer\u00eancia t\u00e9rmica e serigrafia; suporte para inicializa\u00e7\u00e3o\/codifica\u00e7\u00e3o de dados EPC.<\/p>\n<p data-start=\"989\" data-end=\"1068\"><strong data-start=\"989\" data-end=\"1012\">Opera\u00e7\u00e3o e armazenamento<\/strong><br data-start=\"1012\" data-end=\"1015\" \/>Utiliza\u00e7\u00e3o: 0\u201360 \u2103, 20\u201380% UR \u2022 Armazenamento: 20\u201330 \u2103, 20\u201360% UR.<\/p>\n<h2 data-start=\"1070\" data-end=\"1095\">Tabela (Especifica\u00e7\u00f5es)<\/h2>\n<div class=\"_tableContainer_1rjym_1\">\n<div class=\"group _tableWrapper_1rjym_13 flex w-fit flex-col-reverse\" tabindex=\"-1\">\n<table class=\"w-fit min-w-(--thread-content-width)\" data-start=\"1097\" data-end=\"2611\">\n<thead data-start=\"1097\" data-end=\"1190\">\n<tr data-start=\"1097\" data-end=\"1190\">\n<th data-start=\"1097\" data-end=\"1116\" data-col-size=\"sm\">Categoria<\/th>\n<th data-start=\"1116\" data-end=\"1143\" data-col-size=\"sm\">Par\u00e2metro<\/th>\n<th data-start=\"1143\" data-end=\"1190\" data-col-size=\"md\">Valor<\/th>\n<\/tr>\n<\/thead>\n<tbody data-start=\"1285\" data-end=\"2611\">\n<tr data-start=\"1285\" data-end=\"1383\">\n<td data-start=\"1285\" data-end=\"1304\" data-col-size=\"sm\">Produto<\/td>\n<td data-start=\"1304\" data-end=\"1331\" data-col-size=\"sm\">Nome<\/td>\n<td data-start=\"1331\" data-end=\"1383\" data-col-size=\"md\">Etiqueta RFID UHF para frasco de vidro de p\u00f3 seco para uso m\u00e9dico<\/td>\n<\/tr>\n<tr data-start=\"1384\" data-end=\"1477\">\n<td data-start=\"1384\" data-end=\"1403\" data-col-size=\"sm\">IC<\/td>\n<td data-start=\"1403\" data-end=\"1430\" data-col-size=\"sm\">Chip<\/td>\n<td data-col-size=\"md\" data-start=\"1430\" data-end=\"1477\">FM13UF0051E<\/td>\n<\/tr>\n<tr data-start=\"1478\" data-end=\"1571\">\n<td data-start=\"1478\" data-end=\"1497\" data-col-size=\"sm\">Mem\u00f3ria<\/td>\n<td data-start=\"1497\" data-end=\"1524\" data-col-size=\"sm\">EPC<\/td>\n<td data-start=\"1524\" data-end=\"1571\" data-col-size=\"md\">128 bits<\/td>\n<\/tr>\n<tr data-start=\"1572\" data-end=\"1666\">\n<td data-start=\"1572\" data-end=\"1591\" data-col-size=\"sm\">RF<\/td>\n<td data-col-size=\"sm\" data-start=\"1591\" data-end=\"1619\">Protocolo<\/td>\n<td data-col-size=\"md\" data-start=\"1619\" data-end=\"1666\">ISO\/IEC 18000-6C; EPCglobal Classe 1 Gera\u00e7\u00e3o 2<\/td>\n<\/tr>\n<tr data-start=\"1667\" data-end=\"1760\">\n<td data-start=\"1667\" data-end=\"1686\" data-col-size=\"sm\">Fator de forma<\/td>\n<td data-col-size=\"sm\" data-start=\"1686\" data-end=\"1713\">Tamanho da etiqueta<\/td>\n<td data-col-size=\"md\" data-start=\"1713\" data-end=\"1760\">40 \u00d7 20 mm (outras dimens\u00f5es personaliz\u00e1veis)<\/td>\n<\/tr>\n<tr data-start=\"1761\" data-end=\"1854\">\n<td data-start=\"1761\" data-end=\"1780\" data-col-size=\"sm\">Material facial<\/td>\n<td data-start=\"1780\" data-end=\"1807\" data-col-size=\"sm\">R\u00f3tulo Face<\/td>\n<td data-start=\"1807\" data-end=\"1854\" data-col-size=\"md\">Papel revestido (imprim\u00edvel)<\/td>\n<\/tr>\n<tr data-start=\"1855\" data-end=\"1953\">\n<td data-start=\"1855\" data-end=\"1874\" data-col-size=\"sm\">Adesivo<\/td>\n<td data-start=\"1874\" data-end=\"1901\" data-col-size=\"sm\">Anexo<\/td>\n<td data-col-size=\"md\" data-start=\"1901\" data-end=\"1953\">Adesivo multiuso \/ papel revestido incluso<\/td>\n<\/tr>\n<tr data-start=\"1954\" data-end=\"2047\">\n<td data-start=\"1954\" data-end=\"1973\" data-col-size=\"sm\">Desempenho<\/td>\n<td data-col-size=\"sm\" data-start=\"1973\" data-end=\"2000\">Destaques<\/td>\n<td data-col-size=\"md\" data-start=\"2000\" data-end=\"2047\">Leitura r\u00e1pida; leitura m\u00faltipla; rastreabilidade<\/td>\n<\/tr>\n<tr data-start=\"2048\" data-end=\"2141\">\n<td data-start=\"2048\" data-end=\"2067\" data-col-size=\"sm\">Personaliza\u00e7\u00e3o<\/td>\n<td data-col-size=\"sm\" data-start=\"2067\" data-end=\"2094\">Op\u00e7\u00f5es personalizadas<\/td>\n<td data-col-size=\"md\" data-start=\"2094\" data-end=\"2141\">Personaliza\u00e7\u00e3o do chip\/tamanho\/material da face<\/td>\n<\/tr>\n<tr data-start=\"2142\" data-end=\"2235\">\n<td data-start=\"2142\" data-end=\"2161\" data-col-size=\"sm\">Impress\u00e3o<\/td>\n<td data-col-size=\"sm\" data-start=\"2161\" data-end=\"2188\">M\u00e9todos<\/td>\n<td data-col-size=\"md\" data-start=\"2188\" data-end=\"2235\">Transfer\u00eancia t\u00e9rmica; serigrafia; personalizado<\/td>\n<\/tr>\n<tr data-start=\"2236\" data-end=\"2329\">\n<td data-start=\"2236\" data-end=\"2255\" data-col-size=\"sm\">Servi\u00e7os de dados<\/td>\n<td data-col-size=\"sm\" data-start=\"2255\" data-end=\"2282\">Inicializa\u00e7\u00e3o<\/td>\n<td data-col-size=\"md\" data-start=\"2282\" data-end=\"2329\">Codifica\u00e7\u00e3o EPC<\/td>\n<\/tr>\n<tr data-start=\"2330\" data-end=\"2423\">\n<td data-start=\"2330\" data-end=\"2349\" data-col-size=\"sm\">Ambiente<\/td>\n<td data-start=\"2349\" data-end=\"2376\" data-col-size=\"sm\">Operacional<\/td>\n<td data-start=\"2376\" data-end=\"2423\" data-col-size=\"md\">0\u201360 \u2103; 20\u201380% RH<\/td>\n<\/tr>\n<tr data-start=\"2424\" data-end=\"2517\">\n<td data-start=\"2424\" data-end=\"2443\" data-col-size=\"sm\"><\/td>\n<td data-start=\"2443\" data-end=\"2470\" data-col-size=\"sm\">Armazenar<\/td>\n<td data-col-size=\"md\" data-start=\"2470\" data-end=\"2517\">20\u201330 \u2103; 20\u201360% RH<\/td>\n<\/tr>\n<tr data-start=\"2518\" data-end=\"2611\">\n<td data-start=\"2518\" data-end=\"2537\" data-col-size=\"sm\">Casos de uso<\/td>\n<td data-col-size=\"sm\" data-start=\"2537\" data-end=\"2564\">Aplica\u00e7\u00f5es<\/td>\n<td data-col-size=\"md\" data-start=\"2564\" data-end=\"2611\">Frascos m\u00e9dicos, farmac\u00eauticos e de medicamentos<\/td>\n<\/tr>\n<\/tbody>\n<\/table>\n<\/div>\n<\/div>","protected":false},"excerpt":{"rendered":"<p>Etiqueta RFID UHF imprim\u00edvel para frascos de vidro farmac\u00eauticos \u2014 FM13UF0051E com EPC de 128 bits, desempenho r\u00e1pido de leitura m\u00faltipla, face em papel revestido e fixa\u00e7\u00e3o adesiva.<\/p>","protected":false},"featured_media":940,"template":"","meta":{"_gspb_post_css":""},"product_brand":[],"product_cat":[31],"product_tag":[],"class_list":{"0":"post-939","1":"product","2":"type-product","3":"status-publish","4":"has-post-thumbnail","6":"product_cat-rfid-sticker-labels","8":"first","9":"instock","10":"shipping-taxable","11":"purchasable","12":"product-type-simple"},"_links":{"self":[{"href":"https:\/\/www.cxjsmartcard.com\/pt\/wp-json\/wp\/v2\/product\/939","targetHints":{"allow":["GET"]}}],"collection":[{"href":"https:\/\/www.cxjsmartcard.com\/pt\/wp-json\/wp\/v2\/product"}],"about":[{"href":"https:\/\/www.cxjsmartcard.com\/pt\/wp-json\/wp\/v2\/types\/product"}],"wp:featuredmedia":[{"embeddable":true,"href":"https:\/\/www.cxjsmartcard.com\/pt\/wp-json\/wp\/v2\/media\/940"}],"wp:attachment":[{"href":"https:\/\/www.cxjsmartcard.com\/pt\/wp-json\/wp\/v2\/media?parent=939"}],"wp:term":[{"taxonomy":"product_brand","embeddable":true,"href":"https:\/\/www.cxjsmartcard.com\/pt\/wp-json\/wp\/v2\/product_brand?post=939"},{"taxonomy":"product_cat","embeddable":true,"href":"https:\/\/www.cxjsmartcard.com\/pt\/wp-json\/wp\/v2\/product_cat?post=939"},{"taxonomy":"product_tag","embeddable":true,"href":"https:\/\/www.cxjsmartcard.com\/pt\/wp-json\/wp\/v2\/product_tag?post=939"}],"curies":[{"name":"wp","href":"https:\/\/api.w.org\/{rel}","templated":true}]}}