{"id":935,"date":"2025-11-03T09:24:58","date_gmt":"2025-11-03T09:24:58","guid":{"rendered":"https:\/\/www.cxjsmartcard.com\/?post_type=product&#038;p=935"},"modified":"2025-12-29T01:27:07","modified_gmt":"2025-12-29T01:27:07","slug":"uhf-rfid-label-for-logistics-warehouse-management","status":"publish","type":"product","link":"https:\/\/www.cxjsmartcard.com\/pt\/uhf-rfid-label-for-logistics-warehouse-management\/","title":{"rendered":"Etiqueta RFID UHF para log\u00edstica e gest\u00e3o de armaz\u00e9ns"},"content":{"rendered":"<p data-start=\"63\" data-end=\"390\">Etiqueta log\u00edstica RFID UHF de grande formato para leitura r\u00e1pida e confi\u00e1vel em m\u00faltiplas camadas de paletes, caixas e prateleiras. Baseada na tecnologia NXP UCODE 9 e dispon\u00edvel com faces em papel t\u00e9rmico, PET ou PP, suporta fluxos de trabalho de impress\u00e3o\/codifica\u00e7\u00e3o de alto volume e impress\u00e3o sem ribbon quando necess\u00e1rio.<\/p>\n<p data-start=\"392\" data-end=\"410\"><strong data-start=\"392\" data-end=\"408\">Principais caracter\u00edsticas<\/strong><\/p>\n<ul data-start=\"411\" data-end=\"673\">\n<li data-start=\"411\" data-end=\"452\">\n<p data-start=\"413\" data-end=\"452\">Em conformidade com EPC Gen2 \/ ISO\/IEC 18000-6C<\/p>\n<\/li>\n<li data-start=\"453\" data-end=\"523\">\n<p data-start=\"455\" data-end=\"523\">Desempenho do UCODE 9: invent\u00e1rio r\u00e1pido, leituras em lote e rastreabilidade.<\/p>\n<\/li>\n<li data-start=\"524\" data-end=\"602\">\n<p data-start=\"526\" data-end=\"602\">Superf\u00edcies prontas para impress\u00e3o: papel t\u00e9rmico, papel revestido, PET, papel sint\u00e9tico PP.<\/p>\n<\/li>\n<li data-start=\"603\" data-end=\"673\">\n<p data-start=\"605\" data-end=\"673\">Tamanhos e configura\u00e7\u00f5es de antenas personalizados; inicializa\u00e7\u00e3o de dados (codifica\u00e7\u00e3o EPC)<\/p>\n<\/li>\n<\/ul>\n<p data-start=\"675\" data-end=\"836\"><strong data-start=\"675\" data-end=\"691\">Aplica\u00e7\u00f5es<\/strong><br data-start=\"691\" data-end=\"694\" \/>Etiquetagem em armaz\u00e9ns e centros de distribui\u00e7\u00e3o \u2022 Paletes, caixas e recipientes \u2022 Cross-docking e armazenamento \u2022 Etiquetas de envio em locais onde a aplica\u00e7\u00e3o de fita \u00e9 invi\u00e1vel.<\/p>\n<p data-start=\"838\" data-end=\"966\"><strong data-start=\"838\" data-end=\"861\">Impress\u00e3o e codifica\u00e7\u00e3o<\/strong><br data-start=\"861\" data-end=\"864\" \/>Impress\u00e3o por transfer\u00eancia t\u00e9rmica, serigrafia e outras impress\u00f5es personalizadas com pr\u00e9-codifica\u00e7\u00e3o EPC para implementa\u00e7\u00e3o imediata.<\/p>\n<h2 data-start=\"968\" data-end=\"993\">Tabela (Especifica\u00e7\u00f5es)<\/h2>\n<div class=\"_tableContainer_1rjym_1\">\n<div class=\"group _tableWrapper_1rjym_13 flex w-fit flex-col-reverse\" tabindex=\"-1\">\n<table class=\"w-fit min-w-(--thread-content-width)\" data-start=\"995\" data-end=\"2418\">\n<thead data-start=\"995\" data-end=\"1087\">\n<tr data-start=\"995\" data-end=\"1087\">\n<th data-start=\"995\" data-end=\"1014\" data-col-size=\"sm\">Categoria<\/th>\n<th data-start=\"1014\" data-end=\"1040\" data-col-size=\"sm\">Par\u00e2metro<\/th>\n<th data-start=\"1040\" data-end=\"1087\" data-col-size=\"md\">Valor<\/th>\n<\/tr>\n<\/thead>\n<tbody data-start=\"1181\" data-end=\"2418\">\n<tr data-start=\"1181\" data-end=\"1289\">\n<td data-start=\"1181\" data-end=\"1200\" data-col-size=\"sm\">Produto<\/td>\n<td data-start=\"1200\" data-end=\"1226\" data-col-size=\"sm\">Nome<\/td>\n<td data-col-size=\"md\" data-start=\"1226\" data-end=\"1289\">Etiqueta adesiva RFID UHF para log\u00edstica e gest\u00e3o de armaz\u00e9ns.<\/td>\n<\/tr>\n<tr data-start=\"1290\" data-end=\"1382\">\n<td data-start=\"1290\" data-end=\"1309\" data-col-size=\"sm\">IC<\/td>\n<td data-col-size=\"sm\" data-start=\"1309\" data-end=\"1335\">Chip<\/td>\n<td data-col-size=\"md\" data-start=\"1335\" data-end=\"1382\">NXP UCODE 9 (personaliz\u00e1vel)<\/td>\n<\/tr>\n<tr data-start=\"1383\" data-end=\"1475\">\n<td data-start=\"1383\" data-end=\"1402\" data-col-size=\"sm\">RF<\/td>\n<td data-start=\"1402\" data-end=\"1428\" data-col-size=\"sm\">Protocolo<\/td>\n<td data-col-size=\"md\" data-start=\"1428\" data-end=\"1475\">ISO\/IEC 18000-6C; EPCglobal Classe 1 Gera\u00e7\u00e3o 2<\/td>\n<\/tr>\n<tr data-start=\"1476\" data-end=\"1568\">\n<td data-start=\"1476\" data-end=\"1495\" data-col-size=\"sm\">Mem\u00f3ria<\/td>\n<td data-start=\"1495\" data-end=\"1521\" data-col-size=\"sm\">TID \/ EPC \/ Usu\u00e1rio<\/td>\n<td data-col-size=\"md\" data-start=\"1521\" data-end=\"1568\">96 bits \/ 96 bits \/ 0 bits<\/td>\n<\/tr>\n<tr data-start=\"1569\" data-end=\"1661\">\n<td data-start=\"1569\" data-end=\"1588\" data-col-size=\"sm\">R\u00f3tulo<\/td>\n<td data-col-size=\"sm\" data-start=\"1588\" data-end=\"1614\">Tamanho<\/td>\n<td data-col-size=\"md\" data-start=\"1614\" data-end=\"1661\">152 \u00d7 101 mm (outros tamanhos dispon\u00edveis)<\/td>\n<\/tr>\n<tr data-start=\"1662\" data-end=\"1754\">\n<td data-start=\"1662\" data-end=\"1681\" data-col-size=\"sm\">Antena<\/td>\n<td data-col-size=\"sm\" data-start=\"1681\" data-end=\"1707\">Tamanho<\/td>\n<td data-col-size=\"md\" data-start=\"1707\" data-end=\"1754\">94,8 \u00d7 8,14 mm (projeto de refer\u00eancia)<\/td>\n<\/tr>\n<tr data-start=\"1755\" data-end=\"1856\">\n<td data-start=\"1755\" data-end=\"1774\" data-col-size=\"sm\">Materiais faciais<\/td>\n<td data-col-size=\"sm\" data-start=\"1774\" data-end=\"1800\">Op\u00e7\u00f5es<\/td>\n<td data-col-size=\"md\" data-start=\"1800\" data-end=\"1856\">Papel t\u00e9rmico; papel revestido; PET; papel sint\u00e9tico PP<\/td>\n<\/tr>\n<tr data-start=\"1857\" data-end=\"1949\">\n<td data-start=\"1857\" data-end=\"1876\" data-col-size=\"sm\">Impress\u00e3o<\/td>\n<td data-col-size=\"sm\" data-start=\"1876\" data-end=\"1902\">M\u00e9todos<\/td>\n<td data-col-size=\"md\" data-start=\"1902\" data-end=\"1949\">Transfer\u00eancia t\u00e9rmica; serigrafia; personalizado<\/td>\n<\/tr>\n<tr data-start=\"1950\" data-end=\"2043\">\n<td data-start=\"1950\" data-end=\"1969\" data-col-size=\"sm\">Servi\u00e7os de dados<\/td>\n<td data-start=\"1969\" data-end=\"1995\" data-col-size=\"sm\">Inicializa\u00e7\u00e3o<\/td>\n<td data-col-size=\"md\" data-start=\"1995\" data-end=\"2043\">Codifica\u00e7\u00e3o EPC<\/td>\n<\/tr>\n<tr data-start=\"2044\" data-end=\"2137\">\n<td data-start=\"2044\" data-end=\"2063\" data-col-size=\"sm\">Ambiente<\/td>\n<td data-col-size=\"sm\" data-start=\"2063\" data-end=\"2089\">Operacional<\/td>\n<td data-col-size=\"md\" data-start=\"2089\" data-end=\"2137\">0\u201360 \u2103; 20\u201380% RH<\/td>\n<\/tr>\n<tr data-start=\"2138\" data-end=\"2231\">\n<td data-start=\"2138\" data-end=\"2157\" data-col-size=\"sm\"><\/td>\n<td data-start=\"2157\" data-end=\"2183\" data-col-size=\"sm\">Armazenar<\/td>\n<td data-col-size=\"md\" data-start=\"2183\" data-end=\"2231\">20\u201330 \u2103; 20\u201360% RH<\/td>\n<\/tr>\n<tr data-start=\"2232\" data-end=\"2324\">\n<td data-start=\"2232\" data-end=\"2251\" data-col-size=\"sm\">Benef\u00edcios<\/td>\n<td data-col-size=\"sm\" data-start=\"2251\" data-end=\"2277\">Destaques<\/td>\n<td data-col-size=\"md\" data-start=\"2277\" data-end=\"2324\">Leitura r\u00e1pida; leitura m\u00faltipla; rastreabilidade<\/td>\n<\/tr>\n<tr data-start=\"2325\" data-end=\"2418\">\n<td data-start=\"2325\" data-end=\"2344\" data-col-size=\"sm\">Casos de uso<\/td>\n<td data-col-size=\"sm\" data-start=\"2344\" data-end=\"2370\">Aplica\u00e7\u00f5es t\u00edpicas<\/td>\n<td data-col-size=\"md\" data-start=\"2370\" data-end=\"2418\">Log\u00edstica, armazenagem, impress\u00e3o sem fita<\/td>\n<\/tr>\n<\/tbody>\n<\/table>\n<\/div>\n<\/div>","protected":false},"excerpt":{"rendered":"<p>Etiqueta log\u00edstica RFID UHF de grandes dimens\u00f5es com UCODE 9 para leituras m\u00faltiplas r\u00e1pidas e precisas. Formato 152\u00d7101 mm, faces t\u00e9rmicas\/PET\/PP e codifica\u00e7\u00e3o EPC para armazenagem de alto volume.<\/p>","protected":false},"featured_media":936,"template":"","meta":{"_gspb_post_css":""},"product_brand":[],"product_cat":[31],"product_tag":[],"class_list":{"0":"post-935","1":"product","2":"type-product","3":"status-publish","4":"has-post-thumbnail","6":"product_cat-rfid-sticker-labels","8":"first","9":"instock","10":"shipping-taxable","11":"purchasable","12":"product-type-simple"},"_links":{"self":[{"href":"https:\/\/www.cxjsmartcard.com\/pt\/wp-json\/wp\/v2\/product\/935","targetHints":{"allow":["GET"]}}],"collection":[{"href":"https:\/\/www.cxjsmartcard.com\/pt\/wp-json\/wp\/v2\/product"}],"about":[{"href":"https:\/\/www.cxjsmartcard.com\/pt\/wp-json\/wp\/v2\/types\/product"}],"wp:featuredmedia":[{"embeddable":true,"href":"https:\/\/www.cxjsmartcard.com\/pt\/wp-json\/wp\/v2\/media\/936"}],"wp:attachment":[{"href":"https:\/\/www.cxjsmartcard.com\/pt\/wp-json\/wp\/v2\/media?parent=935"}],"wp:term":[{"taxonomy":"product_brand","embeddable":true,"href":"https:\/\/www.cxjsmartcard.com\/pt\/wp-json\/wp\/v2\/product_brand?post=935"},{"taxonomy":"product_cat","embeddable":true,"href":"https:\/\/www.cxjsmartcard.com\/pt\/wp-json\/wp\/v2\/product_cat?post=935"},{"taxonomy":"product_tag","embeddable":true,"href":"https:\/\/www.cxjsmartcard.com\/pt\/wp-json\/wp\/v2\/product_tag?post=935"}],"curies":[{"name":"wp","href":"https:\/\/api.w.org\/{rel}","templated":true}]}}