{"id":930,"date":"2025-11-03T09:22:49","date_gmt":"2025-11-03T09:22:49","guid":{"rendered":"https:\/\/www.cxjsmartcard.com\/?post_type=product&#038;p=930"},"modified":"2025-12-29T01:27:07","modified_gmt":"2025-12-29T01:27:07","slug":"uv-resistant-rfid-zip-cable-ties-self-locking","status":"publish","type":"product","link":"https:\/\/www.cxjsmartcard.com\/pt\/uv-resistant-rfid-zip-cable-ties-self-locking\/","title":{"rendered":"Abra\u00e7adeiras de nylon com fecho herm\u00e9tico e prote\u00e7\u00e3o RFID contra raios UV (autotravantes)"},"content":{"rendered":"<p data-start=\"59\" data-end=\"334\">Abra\u00e7adeiras de nylon com trava autom\u00e1tica e RFID que combinam um lacre inviol\u00e1vel com identifica\u00e7\u00e3o UHF e NFC. A carca\u00e7a em ABS\/PP resistente a raios UV e intemp\u00e9ries possui classifica\u00e7\u00e3o IP68 para uso externo, enquanto o chip integrado permite a leitura r\u00e1pida de ativos, cont\u00eaineres e feixes de cabos.<\/p>\n<p data-start=\"336\" data-end=\"354\"><strong data-start=\"336\" data-end=\"352\">Principais caracter\u00edsticas<\/strong><\/p>\n<ul data-start=\"355\" data-end=\"676\">\n<li data-start=\"355\" data-end=\"420\">\n<p data-start=\"357\" data-end=\"420\">Op\u00e7\u00f5es de RF duplas: UHF 860\u2013960 MHz (EPC C1G2) e NFC 13,56 MHz<\/p>\n<\/li>\n<li data-start=\"421\" data-end=\"474\">\n<p data-start=\"423\" data-end=\"474\">Lacre inviol\u00e1vel com encapsulamento ultrass\u00f4nico<\/p>\n<\/li>\n<li data-start=\"475\" data-end=\"530\">\n<p data-start=\"477\" data-end=\"530\">Alcance de leitura UHF de 2 a 5 m (dependendo do ambiente\/leitor)<\/p>\n<\/li>\n<li data-start=\"531\" data-end=\"601\">\n<p data-start=\"533\" data-end=\"601\">Dur\u00e1vel: resistente ao fogo e a \u00e1cidos; antienvelhecimento; resistente aos raios UV e \u00e0s intemp\u00e9ries.<\/p>\n<\/li>\n<li data-start=\"602\" data-end=\"676\">\n<p data-start=\"604\" data-end=\"676\">Personaliz\u00e1vel: impress\u00e3o\/marca\u00e7\u00e3o a laser, QR code\/c\u00f3digo de barras\/numera\u00e7\u00e3o, codifica\u00e7\u00e3o EPC<\/p>\n<\/li>\n<\/ul>\n<p data-start=\"678\" data-end=\"809\"><strong data-start=\"678\" data-end=\"694\">Aplica\u00e7\u00f5es<\/strong><br data-start=\"694\" data-end=\"697\" \/>Tanques e recipientes de g\u00e1s \u2022 Gerenciamento de cabos\/fios \u2022 Agrupamento de roupas e t\u00eaxteis \u2022 Rastreamento de ativos e log\u00edstica.<\/p>\n<p data-start=\"811\" data-end=\"961\"><strong data-start=\"811\" data-end=\"827\">Instala\u00e7\u00e3o<\/strong><br data-start=\"827\" data-end=\"830\" \/>Passe a fita pelo objeto e puxe para travar. Para identifica\u00e7\u00e3o por pendurar, use a abertura integrada para suspender ou agrupar conforme necess\u00e1rio.<\/p>\n<h2 data-start=\"963\" data-end=\"988\">Tabela (Especifica\u00e7\u00f5es)<\/h2>\n<div class=\"_tableContainer_1rjym_1\">\n<div class=\"group _tableWrapper_1rjym_13 flex w-fit flex-col-reverse\" tabindex=\"-1\">\n<table class=\"w-fit min-w-(--thread-content-width)\" data-start=\"990\" data-end=\"3617\">\n<thead data-start=\"990\" data-end=\"1103\">\n<tr data-start=\"990\" data-end=\"1103\">\n<th data-start=\"990\" data-end=\"1014\" data-col-size=\"sm\">Categoria<\/th>\n<th data-start=\"1014\" data-end=\"1042\" data-col-size=\"sm\">Par\u00e2metro<\/th>\n<th data-start=\"1042\" data-end=\"1103\" data-col-size=\"md\">Valor<\/th>\n<\/tr>\n<\/thead>\n<tbody data-start=\"1218\" data-end=\"3617\">\n<tr data-start=\"1218\" data-end=\"1331\">\n<td data-start=\"1218\" data-end=\"1242\" data-col-size=\"sm\">Produto<\/td>\n<td data-start=\"1242\" data-end=\"1270\" data-col-size=\"sm\">Tipo<\/td>\n<td data-start=\"1270\" data-end=\"1331\" data-col-size=\"md\">Abra\u00e7adeira\/Lacre RFID<\/td>\n<\/tr>\n<tr data-start=\"1332\" data-end=\"1445\">\n<td data-start=\"1332\" data-end=\"1356\" data-col-size=\"sm\">Habita\u00e7\u00e3o<\/td>\n<td data-start=\"1356\" data-end=\"1384\" data-col-size=\"sm\">Tamanho<\/td>\n<td data-start=\"1384\" data-end=\"1445\" data-col-size=\"md\">88 \u00d7 28 mm<\/td>\n<\/tr>\n<tr data-start=\"1446\" data-end=\"1559\">\n<td data-start=\"1446\" data-end=\"1470\" data-col-size=\"sm\">Abra\u00e7adeira de nylon<\/td>\n<td data-col-size=\"sm\" data-start=\"1470\" data-end=\"1498\">Comprimento<\/td>\n<td data-col-size=\"md\" data-start=\"1498\" data-end=\"1559\">300 mm<\/td>\n<\/tr>\n<tr data-start=\"1560\" data-end=\"1673\">\n<td data-start=\"1560\" data-end=\"1584\" data-col-size=\"sm\">Materiais<\/td>\n<td data-start=\"1584\" data-end=\"1612\" data-col-size=\"sm\">Corpo<\/td>\n<td data-start=\"1612\" data-end=\"1673\" data-col-size=\"md\">ABS \/ PP<\/td>\n<\/tr>\n<tr data-start=\"1674\" data-end=\"1787\">\n<td data-start=\"1674\" data-end=\"1698\" data-col-size=\"sm\">Peso<\/td>\n<td data-col-size=\"sm\" data-start=\"1698\" data-end=\"1726\">Aproximadamente.<\/td>\n<td data-col-size=\"md\" data-start=\"1726\" data-end=\"1787\">5 g<\/td>\n<\/tr>\n<tr data-start=\"1788\" data-end=\"1901\">\n<td data-start=\"1788\" data-end=\"1812\" data-col-size=\"sm\">Cores<\/td>\n<td data-start=\"1812\" data-end=\"1840\" data-col-size=\"sm\">Op\u00e7\u00f5es<\/td>\n<td data-col-size=\"md\" data-start=\"1840\" data-end=\"1901\">Preto, Azul, Vermelho, Amarelo<\/td>\n<\/tr>\n<tr data-start=\"1902\" data-end=\"2015\">\n<td data-start=\"1902\" data-end=\"1926\" data-col-size=\"sm\">RF (UHF)<\/td>\n<td data-col-size=\"sm\" data-start=\"1926\" data-end=\"1954\">Frequ\u00eancia\/Protocolo<\/td>\n<td data-col-size=\"md\" data-start=\"1954\" data-end=\"2015\">860\u2013960 MHz; ISO\/IEC 18000-6C, EPC Classe 1 Gera\u00e7\u00e3o 2<\/td>\n<\/tr>\n<tr data-start=\"2016\" data-end=\"2129\">\n<td data-start=\"2016\" data-end=\"2040\" data-col-size=\"sm\">RF (NFC)<\/td>\n<td data-col-size=\"sm\" data-start=\"2040\" data-end=\"2068\">Frequ\u00eancia\/Protocolo<\/td>\n<td data-col-size=\"md\" data-start=\"2068\" data-end=\"2129\">13,56 MHz; ISO\/IEC 14443\/15693 (dependendo do chip)<\/td>\n<\/tr>\n<tr data-start=\"2130\" data-end=\"2247\">\n<td data-start=\"2130\" data-end=\"2154\" data-col-size=\"sm\">Op\u00e7\u00f5es de CI<\/td>\n<td data-start=\"2154\" data-end=\"2182\" data-col-size=\"sm\">Batatas fritas<\/td>\n<td data-col-size=\"md\" data-start=\"2182\" data-end=\"2247\">UCODE 9 (padr\u00e3o); NTAG213\/215\/216; Alien H3\/H4; Impinj Monza<\/td>\n<\/tr>\n<tr data-start=\"2248\" data-end=\"2361\">\n<td data-start=\"2248\" data-end=\"2272\" data-col-size=\"sm\">Mem\u00f3ria<\/td>\n<td data-col-size=\"sm\" data-start=\"2272\" data-end=\"2300\">EPC (UHF)<\/td>\n<td data-col-size=\"md\" data-start=\"2300\" data-end=\"2361\">128 bits<\/td>\n<\/tr>\n<tr data-start=\"2362\" data-end=\"2475\">\n<td data-start=\"2362\" data-end=\"2386\" data-col-size=\"sm\">Desempenho<\/td>\n<td data-start=\"2386\" data-end=\"2414\" data-col-size=\"sm\">Alcance de leitura (UHF)<\/td>\n<td data-col-size=\"md\" data-start=\"2414\" data-end=\"2475\">2\u20135 m (dependendo do leitor\/ambiente)<\/td>\n<\/tr>\n<tr data-start=\"2476\" data-end=\"2589\">\n<td data-start=\"2476\" data-end=\"2500\" data-col-size=\"sm\">Confiabilidade<\/td>\n<td data-col-size=\"sm\" data-start=\"2500\" data-end=\"2528\">Reten\u00e7\u00e3o de dados<\/td>\n<td data-col-size=\"md\" data-start=\"2528\" data-end=\"2589\">&gt;10 anos<\/td>\n<\/tr>\n<tr data-start=\"2590\" data-end=\"2703\">\n<td data-start=\"2590\" data-end=\"2614\" data-col-size=\"sm\">Resist\u00eancia<\/td>\n<td data-col-size=\"sm\" data-start=\"2614\" data-end=\"2642\">Reescritas<\/td>\n<td data-col-size=\"md\" data-start=\"2642\" data-end=\"2703\">100.000 vezes<\/td>\n<\/tr>\n<tr data-start=\"2704\" data-end=\"2817\">\n<td data-start=\"2704\" data-end=\"2728\" data-col-size=\"sm\">Prote\u00e7\u00e3o<\/td>\n<td data-col-size=\"sm\" data-start=\"2728\" data-end=\"2756\">Classifica\u00e7\u00e3o de impermeabilidade<\/td>\n<td data-col-size=\"md\" data-start=\"2756\" data-end=\"2817\">IP68<\/td>\n<\/tr>\n<tr data-start=\"2818\" data-end=\"2931\">\n<td data-start=\"2818\" data-end=\"2842\" data-col-size=\"sm\">Ambiente<\/td>\n<td data-start=\"2842\" data-end=\"2870\" data-col-size=\"sm\">Temperatura de opera\u00e7\u00e3o<\/td>\n<td data-col-size=\"md\" data-start=\"2870\" data-end=\"2931\">\u221220 \u2103 a +80 \u2103<\/td>\n<\/tr>\n<tr data-start=\"2932\" data-end=\"3045\">\n<td data-start=\"2932\" data-end=\"2956\" data-col-size=\"sm\">Processamento<\/td>\n<td data-col-size=\"sm\" data-start=\"2956\" data-end=\"2984\">Encapsulamento<\/td>\n<td data-col-size=\"md\" data-start=\"2984\" data-end=\"3045\">Ultrass\u00f4nico<\/td>\n<\/tr>\n<tr data-start=\"3046\" data-end=\"3159\">\n<td data-start=\"3046\" data-end=\"3070\" data-col-size=\"sm\">Conformidade<\/td>\n<td data-col-size=\"sm\" data-start=\"3070\" data-end=\"3098\">Normas Ambientais<\/td>\n<td data-col-size=\"md\" data-start=\"3098\" data-end=\"3159\">Em conformidade com a RoHS<\/td>\n<\/tr>\n<tr data-start=\"3160\" data-end=\"3273\">\n<td data-start=\"3160\" data-end=\"3184\" data-col-size=\"sm\">Personaliza\u00e7\u00e3o<\/td>\n<td data-col-size=\"sm\" data-start=\"3184\" data-end=\"3212\">Impress\u00e3o\/Marca\u00e7\u00e3o<\/td>\n<td data-col-size=\"md\" data-start=\"3212\" data-end=\"3273\">Logotipo, texto, QR Code, c\u00f3digo de barras, n\u00famero de s\u00e9rie; EPC\/grava\u00e7\u00e3o de dados<\/td>\n<\/tr>\n<tr data-start=\"3274\" data-end=\"3387\">\n<td data-start=\"3274\" data-end=\"3298\" data-col-size=\"sm\">Montagem<\/td>\n<td data-col-size=\"sm\" data-start=\"3298\" data-end=\"3326\">M\u00e9todos<\/td>\n<td data-col-size=\"md\" data-start=\"3326\" data-end=\"3387\">Travamento ou suspens\u00e3o do feixe<\/td>\n<\/tr>\n<tr data-start=\"3388\" data-end=\"3501\">\n<td data-start=\"3388\" data-end=\"3412\" data-col-size=\"sm\">Vida \u00fatil<\/td>\n<td data-col-size=\"sm\" data-start=\"3412\" data-end=\"3440\">T\u00edpico<\/td>\n<td data-col-size=\"md\" data-start=\"3440\" data-end=\"3501\">&gt;2 anos<\/td>\n<\/tr>\n<tr data-start=\"3502\" data-end=\"3617\">\n<td data-start=\"3502\" data-end=\"3526\" data-col-size=\"sm\">Atributos principais<\/td>\n<td data-col-size=\"sm\" data-start=\"3526\" data-end=\"3554\">Durabilidade<\/td>\n<td data-col-size=\"md\" data-start=\"3554\" data-end=\"3617\">Resistente aos raios UV; \u00e0 prova de poeira; resistente ao fogo e a \u00e1cidos; antienvelhecimento.<\/td>\n<\/tr>\n<\/tbody>\n<\/table>\n<\/div>\n<\/div>","protected":false},"excerpt":{"rendered":"<p>Etiqueta de lacre RFID resistente a raios UV com prote\u00e7\u00e3o IP68 \u2014 op\u00e7\u00f5es UHF e NFC, alcance de leitura de 2 a 5 metros, design inviol\u00e1vel e impress\u00e3o personaliz\u00e1vel para ativos, cont\u00eaineres e feixes de cabos.<\/p>","protected":false},"featured_media":933,"template":"","meta":{"_gspb_post_css":""},"product_brand":[],"product_cat":[31],"product_tag":[],"class_list":{"0":"post-930","1":"product","2":"type-product","3":"status-publish","4":"has-post-thumbnail","6":"product_cat-rfid-sticker-labels","8":"first","9":"instock","10":"shipping-taxable","11":"purchasable","12":"product-type-simple"},"_links":{"self":[{"href":"https:\/\/www.cxjsmartcard.com\/pt\/wp-json\/wp\/v2\/product\/930","targetHints":{"allow":["GET"]}}],"collection":[{"href":"https:\/\/www.cxjsmartcard.com\/pt\/wp-json\/wp\/v2\/product"}],"about":[{"href":"https:\/\/www.cxjsmartcard.com\/pt\/wp-json\/wp\/v2\/types\/product"}],"wp:featuredmedia":[{"embeddable":true,"href":"https:\/\/www.cxjsmartcard.com\/pt\/wp-json\/wp\/v2\/media\/933"}],"wp:attachment":[{"href":"https:\/\/www.cxjsmartcard.com\/pt\/wp-json\/wp\/v2\/media?parent=930"}],"wp:term":[{"taxonomy":"product_brand","embeddable":true,"href":"https:\/\/www.cxjsmartcard.com\/pt\/wp-json\/wp\/v2\/product_brand?post=930"},{"taxonomy":"product_cat","embeddable":true,"href":"https:\/\/www.cxjsmartcard.com\/pt\/wp-json\/wp\/v2\/product_cat?post=930"},{"taxonomy":"product_tag","embeddable":true,"href":"https:\/\/www.cxjsmartcard.com\/pt\/wp-json\/wp\/v2\/product_tag?post=930"}],"curies":[{"name":"wp","href":"https:\/\/api.w.org\/{rel}","templated":true}]}}