{"id":922,"date":"2025-11-03T09:18:04","date_gmt":"2025-11-03T09:18:04","guid":{"rendered":"https:\/\/www.cxjsmartcard.com\/?post_type=product&#038;p=922"},"modified":"2025-12-29T01:27:07","modified_gmt":"2025-12-29T01:27:07","slug":"led-light-uhf-rfid-label-sticker","status":"publish","type":"product","link":"https:\/\/www.cxjsmartcard.com\/pt\/led-light-uhf-rfid-label-sticker\/","title":{"rendered":"Etiqueta adesiva RFID UHF com luz LED"},"content":{"rendered":"<p data-start=\"44\" data-end=\"365\">Etiqueta RFID UHF de longo alcance com LED integrado para localiza\u00e7\u00e3o visual instant\u00e2nea. Projetada para leituras r\u00e1pidas em lote a mais de 10 metros, permitindo ainda a visualiza\u00e7\u00e3o em tempo real por LEDs na etiqueta para identificar itens em prateleiras, caixas ou estantes. Sua constru\u00e7\u00e3o dur\u00e1vel e reutiliz\u00e1vel \u00e9 ideal para opera\u00e7\u00f5es log\u00edsticas de alto volume, varejo, sa\u00fade e eventos.<\/p>\n<p data-start=\"367\" data-end=\"385\"><strong data-start=\"367\" data-end=\"383\">Por que isso ajuda<\/strong><\/p>\n<ul data-start=\"386\" data-end=\"981\">\n<li data-start=\"386\" data-end=\"474\">\n<p data-start=\"388\" data-end=\"474\"><strong data-start=\"388\" data-end=\"422\">Varredura eficiente de longo alcance:<\/strong> Leituras em lote, sem necessidade de linha de vis\u00e3o direta, a mais de 10 metros de dist\u00e2ncia.<\/p>\n<\/li>\n<li data-start=\"475\" data-end=\"584\">\n<p data-start=\"477\" data-end=\"584\"><strong data-start=\"477\" data-end=\"502\">Visibilidade em tempo real:<\/strong> Os padr\u00f5es de intermit\u00eancia do LED indicam a localiza\u00e7\u00e3o ou o status (por exemplo, separa\u00e7\u00e3o\/armazenamento, estoque baixo).<\/p>\n<\/li>\n<li data-start=\"585\" data-end=\"663\">\n<p data-start=\"587\" data-end=\"663\"><strong data-start=\"587\" data-end=\"607\">Maior precis\u00e3o:<\/strong> Reduzir erros manuais; otimizar fluxos de trabalho automatizados.<\/p>\n<\/li>\n<li data-start=\"664\" data-end=\"756\">\n<p data-start=\"666\" data-end=\"756\"><strong data-start=\"666\" data-end=\"695\">Flexibilidade program\u00e1vel:<\/strong> Controle remoto do comportamento dos LEDs para se adequar a diferentes cen\u00e1rios.<\/p>\n<\/li>\n<li data-start=\"757\" data-end=\"846\">\n<p data-start=\"759\" data-end=\"846\"><strong data-start=\"759\" data-end=\"785\">Durabilidade industrial:<\/strong> Projetado para uso repetido com desempenho est\u00e1vel de RF e LED.<\/p>\n<\/li>\n<li data-start=\"847\" data-end=\"921\">\n<p data-start=\"849\" data-end=\"921\"><strong data-start=\"849\" data-end=\"872\">Utiliza\u00e7\u00e3o em m\u00faltiplos cen\u00e1rios:<\/strong> Armazenagem, varejo, equipamentos m\u00e9dicos e muito mais.<\/p>\n<\/li>\n<li data-start=\"922\" data-end=\"981\">\n<p data-start=\"924\" data-end=\"981\"><strong data-start=\"924\" data-end=\"942\">Retorno sobre o investimento a longo prazo:<\/strong> Menos m\u00e3o de obra e menos perdas; auditorias mais r\u00e1pidas.<\/p>\n<\/li>\n<\/ul>\n<p data-start=\"983\" data-end=\"1203\"><strong data-start=\"983\" data-end=\"1007\">Aplica\u00e7\u00f5es t\u00edpicas<\/strong><br data-start=\"1007\" data-end=\"1010\" \/>Controle de acesso seguro \u2022 Programas de fidelidade\/ades\u00e3o sem dinheiro em esp\u00e9cie \u2022 Acesso e divulga\u00e7\u00e3o de eventos \u2022 Integra\u00e7\u00f5es com redes sociais\/marketing \u2022 Opera\u00e7\u00f5es de varejo \u2022 Eletr\u00f4nicos e feiras comerciais \u2022 Jogos e brinquedos \u2022 Cart\u00f5es de visita inteligentes.<\/p>\n<h2 data-start=\"1205\" data-end=\"1230\">Tabela (Especifica\u00e7\u00f5es)<\/h2>\n<div class=\"_tableContainer_1rjym_1\">\n<div class=\"group _tableWrapper_1rjym_13 flex w-fit flex-col-reverse\" tabindex=\"-1\">\n<table class=\"w-fit min-w-(--thread-content-width)\" data-start=\"1232\" data-end=\"3463\">\n<thead data-start=\"1232\" data-end=\"1355\">\n<tr data-start=\"1232\" data-end=\"1355\">\n<th data-start=\"1232\" data-end=\"1258\" data-col-size=\"sm\">Categoria<\/th>\n<th data-start=\"1258\" data-end=\"1294\" data-col-size=\"sm\">Par\u00e2metro<\/th>\n<th data-start=\"1294\" data-end=\"1355\" data-col-size=\"md\">Valor<\/th>\n<\/tr>\n<\/thead>\n<tbody data-start=\"1480\" data-end=\"3463\">\n<tr data-start=\"1480\" data-end=\"1603\">\n<td data-start=\"1480\" data-end=\"1506\" data-col-size=\"sm\">Produto<\/td>\n<td data-col-size=\"sm\" data-start=\"1506\" data-end=\"1542\">Tipo<\/td>\n<td data-col-size=\"md\" data-start=\"1542\" data-end=\"1603\">Etiqueta adesiva RFID UHF com luz LED<\/td>\n<\/tr>\n<tr data-start=\"1604\" data-end=\"1727\">\n<td data-start=\"1604\" data-end=\"1630\" data-col-size=\"sm\">IC<\/td>\n<td data-start=\"1630\" data-end=\"1666\" data-col-size=\"sm\">Chip<\/td>\n<td data-start=\"1666\" data-end=\"1727\" data-col-size=\"md\">KX2005X-BL<\/td>\n<\/tr>\n<tr data-start=\"1728\" data-end=\"1851\">\n<td data-start=\"1728\" data-end=\"1754\" data-col-size=\"sm\">RF<\/td>\n<td data-start=\"1754\" data-end=\"1790\" data-col-size=\"sm\">Freq\u00fc\u00eancia<\/td>\n<td data-col-size=\"md\" data-start=\"1790\" data-end=\"1851\">860\u2013960 MHz<\/td>\n<\/tr>\n<tr data-start=\"1852\" data-end=\"1975\">\n<td data-start=\"1852\" data-end=\"1878\" data-col-size=\"sm\"><\/td>\n<td data-col-size=\"sm\" data-start=\"1878\" data-end=\"1914\">Protocolo<\/td>\n<td data-col-size=\"md\" data-start=\"1914\" data-end=\"1975\">ISO\/IEC 18000-6C, EPC Classe 1 Gera\u00e7\u00e3o 2<\/td>\n<\/tr>\n<tr data-start=\"1976\" data-end=\"2099\">\n<td data-start=\"1976\" data-end=\"2002\" data-col-size=\"sm\">Opera\u00e7\u00e3o<\/td>\n<td data-col-size=\"sm\" data-start=\"2002\" data-end=\"2038\">Modo de funcionamento<\/td>\n<td data-col-size=\"md\" data-start=\"2038\" data-end=\"2099\">Passiva<\/td>\n<\/tr>\n<tr data-start=\"2100\" data-end=\"2223\">\n<td data-start=\"2100\" data-end=\"2126\" data-col-size=\"sm\">Desempenho de leitura<\/td>\n<td data-start=\"2126\" data-end=\"2162\" data-col-size=\"sm\">Faixa t\u00edpica<\/td>\n<td data-col-size=\"md\" data-start=\"2162\" data-end=\"2223\">10 m+ (dependendo do leitor\/ambiente)<\/td>\n<\/tr>\n<tr data-start=\"2224\" data-end=\"2347\">\n<td data-start=\"2224\" data-end=\"2250\" data-col-size=\"sm\">Antena<\/td>\n<td data-col-size=\"sm\" data-start=\"2250\" data-end=\"2286\">Tipo \/ Tamanho<\/td>\n<td data-col-size=\"md\" data-start=\"2286\" data-end=\"2347\">Grava\u00e7\u00e3o em alum\u00ednio, 95 \u00d7 18,5 mm<\/td>\n<\/tr>\n<tr data-start=\"2348\" data-end=\"2471\">\n<td data-start=\"2348\" data-end=\"2374\" data-col-size=\"sm\">Formatar<\/td>\n<td data-col-size=\"sm\" data-start=\"2374\" data-end=\"2410\">Tamanho da etiqueta\/r\u00f3tulo para aplica\u00e7\u00e3o \u00famida<\/td>\n<td data-col-size=\"md\" data-start=\"2410\" data-end=\"2471\">100 \u00d7 52 mm (personaliz\u00e1vel)<\/td>\n<\/tr>\n<tr data-start=\"2472\" data-end=\"2595\">\n<td data-start=\"2472\" data-end=\"2498\" data-col-size=\"sm\">Materiais<\/td>\n<td data-start=\"2498\" data-end=\"2534\" data-col-size=\"sm\">Rosto \/ Constru\u00e7\u00f5es<\/td>\n<td data-col-size=\"md\" data-start=\"2534\" data-end=\"2595\">Papel revestido, PET, papel sint\u00e9tico, papel t\u00e9rmico, personalizado<\/td>\n<\/tr>\n<tr data-start=\"2596\" data-end=\"2719\">\n<td data-start=\"2596\" data-end=\"2622\" data-col-size=\"sm\">Impress\u00e3o e marca\u00e7\u00e3o<\/td>\n<td data-col-size=\"sm\" data-start=\"2622\" data-end=\"2658\">M\u00e9todos<\/td>\n<td data-col-size=\"md\" data-start=\"2658\" data-end=\"2719\">Impress\u00e3o colorida, logotipo, c\u00f3digo de barras, QR Code, n\u00famero de s\u00e9rie<\/td>\n<\/tr>\n<tr data-start=\"2720\" data-end=\"2843\">\n<td data-start=\"2720\" data-end=\"2746\" data-col-size=\"sm\">Confiabilidade<\/td>\n<td data-col-size=\"sm\" data-start=\"2746\" data-end=\"2782\">IC Life<\/td>\n<td data-col-size=\"md\" data-start=\"2782\" data-end=\"2843\">100.000 ciclos de programa\u00e7\u00e3o; reten\u00e7\u00e3o de dados por 10 anos.<\/td>\n<\/tr>\n<tr data-start=\"2844\" data-end=\"2967\">\n<td data-start=\"2844\" data-end=\"2870\" data-col-size=\"sm\">Ambiente (Uso)<\/td>\n<td data-col-size=\"sm\" data-start=\"2870\" data-end=\"2906\">Temperatura\/Umidade de Opera\u00e7\u00e3o<\/td>\n<td data-col-size=\"md\" data-start=\"2906\" data-end=\"2967\">\u221225 a +50 \u2103 \/ 20\u201380% RH<\/td>\n<\/tr>\n<tr data-start=\"2968\" data-end=\"3091\">\n<td data-start=\"2968\" data-end=\"2994\" data-col-size=\"sm\">Ambiente (Armazenamento)<\/td>\n<td data-col-size=\"sm\" data-start=\"2994\" data-end=\"3030\">Temperatura\/Umidade de Armazenamento<\/td>\n<td data-col-size=\"md\" data-start=\"3030\" data-end=\"3091\">+23 \u2103 \u00b15 \u2103 \/ 50% \u00b110% UR (sem condensa\u00e7\u00e3o)<\/td>\n<\/tr>\n<tr data-start=\"3092\" data-end=\"3215\">\n<td data-start=\"3092\" data-end=\"3118\" data-col-size=\"sm\">Embalagem<\/td>\n<td data-col-size=\"sm\" data-start=\"3118\" data-end=\"3154\">Rolo \/ Caixa<\/td>\n<td data-col-size=\"md\" data-start=\"3154\" data-end=\"3215\">1.000 a 5.000 unidades por rolo; 4 rolos por caixa.<\/td>\n<\/tr>\n<tr data-start=\"3216\" data-end=\"3339\">\n<td data-start=\"3216\" data-end=\"3242\" data-col-size=\"sm\">Amostras<\/td>\n<td data-start=\"3242\" data-end=\"3278\" data-col-size=\"sm\">Disponibilidade<\/td>\n<td data-col-size=\"md\" data-start=\"3278\" data-end=\"3339\">Amostra gr\u00e1tis para teste de qualidade<\/td>\n<\/tr>\n<tr data-start=\"3340\" data-end=\"3463\">\n<td data-start=\"3340\" data-end=\"3366\" data-col-size=\"sm\">Solu\u00e7\u00f5es<\/td>\n<td data-start=\"3366\" data-end=\"3402\" data-col-size=\"sm\">Exemplos de Implanta\u00e7\u00f5es<\/td>\n<td data-col-size=\"md\" data-start=\"3402\" data-end=\"3463\">Armazenagem, varejo, rastreamento de ativos m\u00e9dicos, eventos<\/td>\n<\/tr>\n<\/tbody>\n<\/table>\n<\/div>\n<\/div>","protected":false},"excerpt":{"rendered":"<p>Etiqueta RFID UHF com LED integrado para leituras de mais de 10 metros e localiza\u00e7\u00e3o visual instant\u00e2nea \u2014 design passivo EPC Gen2, face imprim\u00edvel e constru\u00e7\u00e3o dur\u00e1vel para varejo, armaz\u00e9m, sa\u00fade e eventos.<\/p>","protected":false},"featured_media":923,"template":"","meta":{"_gspb_post_css":""},"product_brand":[],"product_cat":[31],"product_tag":[],"class_list":{"0":"post-922","1":"product","2":"type-product","3":"status-publish","4":"has-post-thumbnail","6":"product_cat-rfid-sticker-labels","8":"first","9":"instock","10":"shipping-taxable","11":"purchasable","12":"product-type-simple"},"_links":{"self":[{"href":"https:\/\/www.cxjsmartcard.com\/pt\/wp-json\/wp\/v2\/product\/922","targetHints":{"allow":["GET"]}}],"collection":[{"href":"https:\/\/www.cxjsmartcard.com\/pt\/wp-json\/wp\/v2\/product"}],"about":[{"href":"https:\/\/www.cxjsmartcard.com\/pt\/wp-json\/wp\/v2\/types\/product"}],"wp:featuredmedia":[{"embeddable":true,"href":"https:\/\/www.cxjsmartcard.com\/pt\/wp-json\/wp\/v2\/media\/923"}],"wp:attachment":[{"href":"https:\/\/www.cxjsmartcard.com\/pt\/wp-json\/wp\/v2\/media?parent=922"}],"wp:term":[{"taxonomy":"product_brand","embeddable":true,"href":"https:\/\/www.cxjsmartcard.com\/pt\/wp-json\/wp\/v2\/product_brand?post=922"},{"taxonomy":"product_cat","embeddable":true,"href":"https:\/\/www.cxjsmartcard.com\/pt\/wp-json\/wp\/v2\/product_cat?post=922"},{"taxonomy":"product_tag","embeddable":true,"href":"https:\/\/www.cxjsmartcard.com\/pt\/wp-json\/wp\/v2\/product_tag?post=922"}],"curies":[{"name":"wp","href":"https:\/\/api.w.org\/{rel}","templated":true}]}}