{"id":913,"date":"2025-11-03T09:13:58","date_gmt":"2025-11-03T09:13:58","guid":{"rendered":"https:\/\/www.cxjsmartcard.com\/?post_type=product&#038;p=913"},"modified":"2025-12-29T01:27:07","modified_gmt":"2025-12-29T01:27:07","slug":"dogbone-m830-rfid-foam-tags-for-marathon-timing","status":"publish","type":"product","link":"https:\/\/www.cxjsmartcard.com\/pt\/dogbone-m830-rfid-foam-tags-for-marathon-timing\/","title":{"rendered":"Etiquetas de espuma RFID DogBone M830 para cronometragem de maratonas"},"content":{"rendered":"<p data-start=\"59\" data-end=\"320\">Etiquetas de cronometragem UHF EPC Gen2 em espuma, com inserto DogBone M830, para leituras r\u00e1pidas e precisas nos pontos de controle da corrida. O espa\u00e7ador de espuma melhora o desempenho em contato com o corpo humano, permitindo leituras m\u00faltiplas confi\u00e1veis em n\u00fameros de peito ou etiquetas de t\u00eanis, mesmo em condi\u00e7\u00f5es clim\u00e1ticas adversas.<\/p>\n<p data-start=\"322\" data-end=\"340\"><strong data-start=\"322\" data-end=\"338\">Principais caracter\u00edsticas<\/strong><\/p>\n<ul data-start=\"341\" data-end=\"655\">\n<li data-start=\"341\" data-end=\"403\">\n<p data-start=\"343\" data-end=\"403\">Inlay UHF M830, EPCglobal Classe 1 Gera\u00e7\u00e3o 2 \/ ISO\/IEC 18000-6C<\/p>\n<\/li>\n<li data-start=\"404\" data-end=\"451\">\n<p data-start=\"406\" data-end=\"451\">TID de 48 bits, EPC de 128 bits (mem\u00f3ria do usu\u00e1rio de 0 bits)<\/p>\n<\/li>\n<li data-start=\"452\" data-end=\"515\">\n<p data-start=\"454\" data-end=\"515\">Antena em formato de osso otimizada para velocidade e sensibilidade.<\/p>\n<\/li>\n<li data-start=\"516\" data-end=\"591\">\n<p data-start=\"518\" data-end=\"591\">Materiais de superf\u00edcie prontos para impress\u00e3o com op\u00e7\u00f5es de transfer\u00eancia t\u00e9rmica ou serigrafia.<\/p>\n<\/li>\n<li data-start=\"592\" data-end=\"655\">\n<p data-start=\"594\" data-end=\"655\">Desempenho consistente em m\u00faltiplas leituras para temporiza\u00e7\u00e3o de participantes em massa.<\/p>\n<\/li>\n<\/ul>\n<p data-start=\"657\" data-end=\"818\"><strong data-start=\"657\" data-end=\"673\">Aplica\u00e7\u00f5es<\/strong><br data-start=\"673\" data-end=\"676\" \/>Cronometragem de maratonas e corridas de rua \u2022 Eventos de triatlo e ciclismo \u2022 Registro de participantes em massa e cronometragem de voltas \u2022 Etiquetagem de ativos para ambientes hostis.<\/p>\n<p data-start=\"820\" data-end=\"938\"><strong data-start=\"820\" data-end=\"843\">Impress\u00e3o e codifica\u00e7\u00e3o<\/strong><br data-start=\"843\" data-end=\"846\" \/>Suporta numera\u00e7\u00e3o de n\u00fameros de peito, logotipos de eventos, c\u00f3digos de barras\/QR e pr\u00e9-codifica\u00e7\u00e3o de EPC para implanta\u00e7\u00e3o em lote.<\/p>\n<p data-start=\"940\" data-end=\"1015\"><strong data-start=\"940\" data-end=\"964\">Condi\u00e7\u00f5es de opera\u00e7\u00e3o<\/strong><br data-start=\"964\" data-end=\"967\" \/>0\u201360 \u2103 \/ 20\u201380% UR; armazenamento 20\u201330 \u2103 \/ 20\u201360% UR.<\/p>\n<h2 data-start=\"1017\" data-end=\"1042\">Tabela (Especifica\u00e7\u00f5es)<\/h2>\n<div class=\"_tableContainer_1rjym_1\">\n<div class=\"group _tableWrapper_1rjym_13 flex w-fit flex-col-reverse\" tabindex=\"-1\">\n<table class=\"w-fit min-w-(--thread-content-width)\" data-start=\"1044\" data-end=\"2297\">\n<thead data-start=\"1044\" data-end=\"1132\">\n<tr data-start=\"1044\" data-end=\"1132\">\n<th data-start=\"1044\" data-end=\"1062\" data-col-size=\"sm\">Categoria<\/th>\n<th data-start=\"1062\" data-end=\"1085\" data-col-size=\"sm\">Par\u00e2metro<\/th>\n<th data-start=\"1085\" data-end=\"1132\" data-col-size=\"md\">Valor<\/th>\n<\/tr>\n<\/thead>\n<tbody data-start=\"1222\" data-end=\"2297\">\n<tr data-start=\"1222\" data-end=\"1310\">\n<td data-start=\"1222\" data-end=\"1240\" data-col-size=\"sm\">Produto<\/td>\n<td data-col-size=\"sm\" data-start=\"1240\" data-end=\"1263\">Nome<\/td>\n<td data-col-size=\"md\" data-start=\"1263\" data-end=\"1310\">Etiqueta de espuma RFID DogBone M830<\/td>\n<\/tr>\n<tr data-start=\"1311\" data-end=\"1399\">\n<td data-start=\"1311\" data-end=\"1329\" data-col-size=\"sm\">IC<\/td>\n<td data-col-size=\"sm\" data-start=\"1329\" data-end=\"1352\">Chip<\/td>\n<td data-col-size=\"md\" data-start=\"1352\" data-end=\"1399\">M830<\/td>\n<\/tr>\n<tr data-start=\"1400\" data-end=\"1488\">\n<td data-start=\"1400\" data-end=\"1418\" data-col-size=\"sm\">RF<\/td>\n<td data-col-size=\"sm\" data-start=\"1418\" data-end=\"1441\">Protocolo<\/td>\n<td data-col-size=\"md\" data-start=\"1441\" data-end=\"1488\">ISO\/IEC 18000-6C, EPCglobal Classe 1 Gera\u00e7\u00e3o 2<\/td>\n<\/tr>\n<tr data-start=\"1489\" data-end=\"1577\">\n<td data-start=\"1489\" data-end=\"1507\" data-col-size=\"sm\">Mem\u00f3ria<\/td>\n<td data-col-size=\"sm\" data-start=\"1507\" data-end=\"1530\">TID \/ EPC \/ Usu\u00e1rio<\/td>\n<td data-col-size=\"md\" data-start=\"1530\" data-end=\"1577\">48 bits \/ 128 bits \/ 0 bits<\/td>\n<\/tr>\n<tr data-start=\"1578\" data-end=\"1667\">\n<td data-start=\"1578\" data-end=\"1596\" data-col-size=\"sm\">R\u00f3tulo<\/td>\n<td data-col-size=\"sm\" data-start=\"1596\" data-end=\"1619\">Tamanho<\/td>\n<td data-col-size=\"md\" data-start=\"1619\" data-end=\"1667\">97 \u00d7 27 mm<\/td>\n<\/tr>\n<tr data-start=\"1668\" data-end=\"1757\">\n<td data-start=\"1668\" data-end=\"1686\" data-col-size=\"sm\">Antena<\/td>\n<td data-col-size=\"sm\" data-start=\"1686\" data-end=\"1709\">Tamanho\/Formato<\/td>\n<td data-col-size=\"md\" data-start=\"1709\" data-end=\"1757\">94 \u00d7 24 mm, formato de osso de cachorro<\/td>\n<\/tr>\n<tr data-start=\"1758\" data-end=\"1847\">\n<td data-start=\"1758\" data-end=\"1776\" data-col-size=\"sm\">Face<\/td>\n<td data-start=\"1776\" data-end=\"1799\" data-col-size=\"sm\">Materiais<\/td>\n<td data-col-size=\"md\" data-start=\"1799\" data-end=\"1847\">Papel art\u00edstico, PET, papel sint\u00e9tico PP<\/td>\n<\/tr>\n<tr data-start=\"1848\" data-end=\"1937\">\n<td data-start=\"1848\" data-end=\"1866\" data-col-size=\"sm\">Impress\u00e3o<\/td>\n<td data-col-size=\"sm\" data-start=\"1866\" data-end=\"1889\">M\u00e9todos<\/td>\n<td data-col-size=\"md\" data-start=\"1889\" data-end=\"1937\">Transfer\u00eancia t\u00e9rmica; serigrafia; personalizado<\/td>\n<\/tr>\n<tr data-start=\"1938\" data-end=\"2027\">\n<td data-start=\"1938\" data-end=\"1956\" data-col-size=\"sm\">Desempenho<\/td>\n<td data-start=\"1956\" data-end=\"1979\" data-col-size=\"sm\">Principais benef\u00edcios<\/td>\n<td data-col-size=\"md\" data-start=\"1979\" data-end=\"2027\">Leitura r\u00e1pida; leitura m\u00faltipla; rastreabilidade<\/td>\n<\/tr>\n<tr data-start=\"2028\" data-end=\"2117\">\n<td data-start=\"2028\" data-end=\"2046\" data-col-size=\"sm\">Ambiente<\/td>\n<td data-start=\"2046\" data-end=\"2069\" data-col-size=\"sm\">Operacional<\/td>\n<td data-start=\"2069\" data-end=\"2117\" data-col-size=\"md\">0\u201360 \u2103 \/ 20\u201380% RH<\/td>\n<\/tr>\n<tr data-start=\"2118\" data-end=\"2207\">\n<td data-start=\"2118\" data-end=\"2136\" data-col-size=\"sm\"><\/td>\n<td data-col-size=\"sm\" data-start=\"2136\" data-end=\"2159\">Armazenar<\/td>\n<td data-col-size=\"md\" data-start=\"2159\" data-end=\"2207\">20\u201330 \u2103 \/ 20\u201360% RH<\/td>\n<\/tr>\n<tr data-start=\"2208\" data-end=\"2297\">\n<td data-start=\"2208\" data-end=\"2226\" data-col-size=\"sm\">Casos de uso<\/td>\n<td data-col-size=\"sm\" data-start=\"2226\" data-end=\"2249\">Aplica\u00e7\u00f5es t\u00edpicas<\/td>\n<td data-col-size=\"md\" data-start=\"2249\" data-end=\"2297\">Cronometragem de maratona; rotulagem de ambientes hostis<\/td>\n<\/tr>\n<\/tbody>\n<\/table>\n<\/div>\n<\/div>","protected":false},"excerpt":{"rendered":"<p>Etiqueta de cronometragem de espuma UHF DogBone M830 \u2014 etiqueta de 97\u00d727 mm com TID de 48 bits e EPC de 128 bits para cronometragem r\u00e1pida de corridas com m\u00faltiplas leituras; face pronta para impress\u00e3o e desempenho consistente no corpo da etiqueta.<\/p>","protected":false},"featured_media":914,"template":"","meta":{"_gspb_post_css":""},"product_brand":[],"product_cat":[31],"product_tag":[],"class_list":{"0":"post-913","1":"product","2":"type-product","3":"status-publish","4":"has-post-thumbnail","6":"product_cat-rfid-sticker-labels","8":"first","9":"instock","10":"shipping-taxable","11":"purchasable","12":"product-type-simple"},"_links":{"self":[{"href":"https:\/\/www.cxjsmartcard.com\/pt\/wp-json\/wp\/v2\/product\/913","targetHints":{"allow":["GET"]}}],"collection":[{"href":"https:\/\/www.cxjsmartcard.com\/pt\/wp-json\/wp\/v2\/product"}],"about":[{"href":"https:\/\/www.cxjsmartcard.com\/pt\/wp-json\/wp\/v2\/types\/product"}],"wp:featuredmedia":[{"embeddable":true,"href":"https:\/\/www.cxjsmartcard.com\/pt\/wp-json\/wp\/v2\/media\/914"}],"wp:attachment":[{"href":"https:\/\/www.cxjsmartcard.com\/pt\/wp-json\/wp\/v2\/media?parent=913"}],"wp:term":[{"taxonomy":"product_brand","embeddable":true,"href":"https:\/\/www.cxjsmartcard.com\/pt\/wp-json\/wp\/v2\/product_brand?post=913"},{"taxonomy":"product_cat","embeddable":true,"href":"https:\/\/www.cxjsmartcard.com\/pt\/wp-json\/wp\/v2\/product_cat?post=913"},{"taxonomy":"product_tag","embeddable":true,"href":"https:\/\/www.cxjsmartcard.com\/pt\/wp-json\/wp\/v2\/product_tag?post=913"}],"curies":[{"name":"wp","href":"https:\/\/api.w.org\/{rel}","templated":true}]}}