{"id":906,"date":"2025-11-03T09:11:46","date_gmt":"2025-11-03T09:11:46","guid":{"rendered":"https:\/\/www.cxjsmartcard.com\/?post_type=product&#038;p=906"},"modified":"2025-12-29T01:27:07","modified_gmt":"2025-12-29T01:27:07","slug":"arc-certified-m730-uhf-rfid-clothing-hang-tag","status":"publish","type":"product","link":"https:\/\/www.cxjsmartcard.com\/pt\/arc-certified-m730-uhf-rfid-clothing-hang-tag\/","title":{"rendered":"Etiqueta de vestu\u00e1rio RFID UHF M730 com certifica\u00e7\u00e3o ARC"},"content":{"rendered":"<p data-start=\"57\" data-end=\"327\">Etiquetas UHF com certifica\u00e7\u00e3o ARC, baseadas no chip M730, para rastreamento r\u00e1pido e preciso de vestu\u00e1rio. Projetadas para opera\u00e7\u00f5es de varejo de alto volume, permitem leituras m\u00faltiplas r\u00e1pidas, melhoram a precis\u00e3o do invent\u00e1rio e refor\u00e7am a prote\u00e7\u00e3o da marca em toda a cadeia de suprimentos.<\/p>\n<p data-start=\"329\" data-end=\"347\"><strong data-start=\"329\" data-end=\"345\">Principais caracter\u00edsticas<\/strong><\/p>\n<ul data-start=\"348\" data-end=\"673\">\n<li data-start=\"348\" data-end=\"403\">\n<p data-start=\"350\" data-end=\"403\">EPC Gen2 (ISO\/IEC 18000-6C) com mem\u00f3ria EPC de 128 bits<\/p>\n<\/li>\n<li data-start=\"404\" data-end=\"455\">\n<p data-start=\"406\" data-end=\"455\">Certifica\u00e7\u00e3o ARC para conformidade com o programa de varejo<\/p>\n<\/li>\n<li data-start=\"456\" data-end=\"521\">\n<p data-start=\"458\" data-end=\"521\">Desempenho de leitura m\u00faltipla r\u00e1pido e confi\u00e1vel em racks e caixas.<\/p>\n<\/li>\n<li data-start=\"522\" data-end=\"584\">\n<p data-start=\"524\" data-end=\"584\">Materiais, tamanhos, impress\u00e3o e codifica\u00e7\u00e3o personaliz\u00e1veis.<\/p>\n<\/li>\n<li data-start=\"585\" data-end=\"673\">\n<p data-start=\"587\" data-end=\"673\">Rastreabilidade da f\u00e1brica \u00e0 loja; compat\u00edvel com impress\u00e3o por transfer\u00eancia t\u00e9rmica e serigrafia.<\/p>\n<\/li>\n<\/ul>\n<p data-start=\"675\" data-end=\"816\"><strong data-start=\"675\" data-end=\"691\">Aplica\u00e7\u00f5es<\/strong><br data-start=\"691\" data-end=\"694\" \/>Gest\u00e3o de estoque de vestu\u00e1rio e cal\u00e7ados \u2022 Rastreamento da cadeia de suprimentos de vestu\u00e1rio \u2022 Opera\u00e7\u00f5es de varejo de vestu\u00e1rio e prote\u00e7\u00e3o da marca.<\/p>\n<h2 data-start=\"818\" data-end=\"843\">Tabela (Especifica\u00e7\u00f5es)<\/h2>\n<div class=\"_tableContainer_1rjym_1\">\n<div class=\"group _tableWrapper_1rjym_13 flex w-fit flex-col-reverse\" tabindex=\"-1\">\n<table class=\"w-fit min-w-(--thread-content-width)\" data-start=\"845\" data-end=\"2509\">\n<thead data-start=\"845\" data-end=\"955\">\n<tr data-start=\"845\" data-end=\"955\">\n<th data-start=\"845\" data-end=\"863\" data-col-size=\"sm\">Categoria<\/th>\n<th data-start=\"863\" data-end=\"894\" data-col-size=\"sm\">Par\u00e2metro<\/th>\n<th data-start=\"894\" data-end=\"955\" data-col-size=\"md\">Valor<\/th>\n<\/tr>\n<\/thead>\n<tbody data-start=\"1067\" data-end=\"2509\">\n<tr data-start=\"1067\" data-end=\"1177\">\n<td data-start=\"1067\" data-end=\"1085\" data-col-size=\"sm\">Produto<\/td>\n<td data-col-size=\"sm\" data-start=\"1085\" data-end=\"1116\">Nome<\/td>\n<td data-col-size=\"md\" data-start=\"1116\" data-end=\"1177\">Etiquetas RFID para rastreamento de roupas<\/td>\n<\/tr>\n<tr data-start=\"1178\" data-end=\"1288\">\n<td data-start=\"1178\" data-end=\"1196\" data-col-size=\"sm\">IC<\/td>\n<td data-col-size=\"sm\" data-start=\"1196\" data-end=\"1227\">Chip<\/td>\n<td data-col-size=\"md\" data-start=\"1227\" data-end=\"1288\">M730<\/td>\n<\/tr>\n<tr data-start=\"1289\" data-end=\"1399\">\n<td data-start=\"1289\" data-end=\"1307\" data-col-size=\"sm\">RF<\/td>\n<td data-start=\"1307\" data-end=\"1338\" data-col-size=\"sm\">Protocolo<\/td>\n<td data-col-size=\"md\" data-start=\"1338\" data-end=\"1399\">ISO\/IEC 18000-6C, EPCglobal Classe 1 Gera\u00e7\u00e3o 2<\/td>\n<\/tr>\n<tr data-start=\"1400\" data-end=\"1510\">\n<td data-start=\"1400\" data-end=\"1418\" data-col-size=\"sm\">Mem\u00f3ria<\/td>\n<td data-col-size=\"sm\" data-start=\"1418\" data-end=\"1449\">EPC \/ Usu\u00e1rio<\/td>\n<td data-col-size=\"md\" data-start=\"1449\" data-end=\"1510\">128 bits \/ 0 bits<\/td>\n<\/tr>\n<tr data-start=\"1511\" data-end=\"1621\">\n<td data-start=\"1511\" data-end=\"1529\" data-col-size=\"sm\">Dimens\u00f5es<\/td>\n<td data-start=\"1529\" data-end=\"1560\" data-col-size=\"sm\">Tamanho da etiqueta<\/td>\n<td data-start=\"1560\" data-end=\"1621\" data-col-size=\"md\">83 \u00d7 25 mm<\/td>\n<\/tr>\n<tr data-start=\"1622\" data-end=\"1732\">\n<td data-start=\"1622\" data-end=\"1640\" data-col-size=\"sm\">Antena<\/td>\n<td data-col-size=\"sm\" data-start=\"1640\" data-end=\"1671\">Op\u00e7\u00f5es de tamanho<\/td>\n<td data-col-size=\"md\" data-start=\"1671\" data-end=\"1732\">70 \u00d7 14 mm; 70 \u00d7 10 mm; 50 \u00d7 30 mm<\/td>\n<\/tr>\n<tr data-start=\"1733\" data-end=\"1843\">\n<td data-start=\"1733\" data-end=\"1751\" data-col-size=\"sm\">Materiais<\/td>\n<td data-start=\"1751\" data-end=\"1782\" data-col-size=\"sm\">Material facial<\/td>\n<td data-col-size=\"md\" data-start=\"1782\" data-end=\"1843\">Papel art\u00edstico, PET, papel sint\u00e9tico PP ou personalizado.<\/td>\n<\/tr>\n<tr data-start=\"1844\" data-end=\"1954\">\n<td data-start=\"1844\" data-end=\"1862\" data-col-size=\"sm\">Ambiente<\/td>\n<td data-col-size=\"sm\" data-start=\"1862\" data-end=\"1893\">Temperatura\/Umidade de Opera\u00e7\u00e3o<\/td>\n<td data-col-size=\"md\" data-start=\"1893\" data-end=\"1954\">0 \u2103 ~ 60 \u2103 \/ 20% ~ 80% UR<\/td>\n<\/tr>\n<tr data-start=\"1955\" data-end=\"2065\">\n<td data-start=\"1955\" data-end=\"1973\" data-col-size=\"sm\"><\/td>\n<td data-start=\"1973\" data-end=\"2004\" data-col-size=\"sm\">Temperatura\/Umidade de Armazenamento<\/td>\n<td data-col-size=\"md\" data-start=\"2004\" data-end=\"2065\">20 \u2103 ~ 30 \u2103 \/ 20% ~ 60% UR<\/td>\n<\/tr>\n<tr data-start=\"2066\" data-end=\"2176\">\n<td data-start=\"2066\" data-end=\"2084\" data-col-size=\"sm\">Impress\u00e3o<\/td>\n<td data-col-size=\"sm\" data-start=\"2084\" data-end=\"2115\">M\u00e9todos<\/td>\n<td data-col-size=\"md\" data-start=\"2115\" data-end=\"2176\">Transfer\u00eancia t\u00e9rmica, serigrafia<\/td>\n<\/tr>\n<tr data-start=\"2177\" data-end=\"2287\">\n<td data-start=\"2177\" data-end=\"2195\" data-col-size=\"sm\">Personaliza\u00e7\u00e3o<\/td>\n<td data-start=\"2195\" data-end=\"2226\" data-col-size=\"sm\">Personaliza\u00e7\u00e3o<\/td>\n<td data-col-size=\"md\" data-start=\"2226\" data-end=\"2287\">Tamanho da etiqueta, impress\u00e3o (logotipo\/texto\/gr\u00e1ficos), codifica\u00e7\u00e3o EPC<\/td>\n<\/tr>\n<tr data-start=\"2288\" data-end=\"2398\">\n<td data-start=\"2288\" data-end=\"2306\" data-col-size=\"sm\">Benef\u00edcios<\/td>\n<td data-col-size=\"sm\" data-start=\"2306\" data-end=\"2337\">Destaques<\/td>\n<td data-col-size=\"md\" data-start=\"2337\" data-end=\"2398\">Leitura r\u00e1pida, leitura m\u00faltipla, rastreabilidade de vestu\u00e1rio<\/td>\n<\/tr>\n<tr data-start=\"2399\" data-end=\"2509\">\n<td data-start=\"2399\" data-end=\"2417\" data-col-size=\"sm\">Casos de uso<\/td>\n<td data-col-size=\"sm\" data-start=\"2417\" data-end=\"2448\">Aplica\u00e7\u00f5es t\u00edpicas<\/td>\n<td data-col-size=\"md\" data-start=\"2448\" data-end=\"2509\">Invent\u00e1rio de vestu\u00e1rio e cal\u00e7ados, cadeia de suprimentos, varejo<\/td>\n<\/tr>\n<\/tbody>\n<\/table>\n<\/div>\n<\/div>","protected":false},"excerpt":{"rendered":"<p>Etiqueta RFID UHF M730 com certifica\u00e7\u00e3o ARC para vestu\u00e1rio \u2014 EPC Gen2 com EPC de 128 bits, desempenho r\u00e1pido de leitura m\u00faltipla e materiais, tamanhos, impress\u00e3o e codifica\u00e7\u00e3o personaliz\u00e1veis.<\/p>","protected":false},"featured_media":908,"template":"","meta":{"_gspb_post_css":""},"product_brand":[],"product_cat":[31],"product_tag":[],"class_list":{"0":"post-906","1":"product","2":"type-product","3":"status-publish","4":"has-post-thumbnail","6":"product_cat-rfid-sticker-labels","8":"first","9":"instock","10":"shipping-taxable","11":"purchasable","12":"product-type-simple"},"_links":{"self":[{"href":"https:\/\/www.cxjsmartcard.com\/pt\/wp-json\/wp\/v2\/product\/906","targetHints":{"allow":["GET"]}}],"collection":[{"href":"https:\/\/www.cxjsmartcard.com\/pt\/wp-json\/wp\/v2\/product"}],"about":[{"href":"https:\/\/www.cxjsmartcard.com\/pt\/wp-json\/wp\/v2\/types\/product"}],"wp:featuredmedia":[{"embeddable":true,"href":"https:\/\/www.cxjsmartcard.com\/pt\/wp-json\/wp\/v2\/media\/908"}],"wp:attachment":[{"href":"https:\/\/www.cxjsmartcard.com\/pt\/wp-json\/wp\/v2\/media?parent=906"}],"wp:term":[{"taxonomy":"product_brand","embeddable":true,"href":"https:\/\/www.cxjsmartcard.com\/pt\/wp-json\/wp\/v2\/product_brand?post=906"},{"taxonomy":"product_cat","embeddable":true,"href":"https:\/\/www.cxjsmartcard.com\/pt\/wp-json\/wp\/v2\/product_cat?post=906"},{"taxonomy":"product_tag","embeddable":true,"href":"https:\/\/www.cxjsmartcard.com\/pt\/wp-json\/wp\/v2\/product_tag?post=906"}],"curies":[{"name":"wp","href":"https:\/\/api.w.org\/{rel}","templated":true}]}}