{"id":901,"date":"2025-11-03T09:07:10","date_gmt":"2025-11-03T09:07:10","guid":{"rendered":"https:\/\/www.cxjsmartcard.com\/?post_type=product&#038;p=901"},"modified":"2025-12-29T01:27:08","modified_gmt":"2025-12-29T01:27:08","slug":"866-868mhz-u8-rfid-anti-metal-label-etsi","status":"publish","type":"product","link":"https:\/\/www.cxjsmartcard.com\/pt\/866-868mhz-u8-rfid-anti-metal-label-etsi\/","title":{"rendered":"Etiqueta RFID anti-metal U8 de 866\u2013868 MHz (ETSI)"},"content":{"rendered":"<p data-start=\"54\" data-end=\"340\">Etiqueta anti-metal UHF fina e flex\u00edvel, otimizada para a banda ETSI (866\u2013868 MHz). Fabricada com a tecnologia NXP\u00ae UCODE 8\/9, com face em PET e isolamento integrado em metal, proporciona leituras r\u00e1pidas e confi\u00e1veis em ativos de a\u00e7o, mantendo-se imprim\u00edvel e f\u00e1cil de codificar para implanta\u00e7\u00e3o em larga escala.<\/p>\n<p data-start=\"342\" data-end=\"371\"><strong data-start=\"342\" data-end=\"369\">Principais caracter\u00edsticas e benef\u00edcios<\/strong><\/p>\n<ul data-start=\"372\" data-end=\"835\">\n<li data-start=\"372\" data-end=\"458\">\n<p data-start=\"374\" data-end=\"458\"><strong data-start=\"374\" data-end=\"401\">Desempenho otimizado pela ETSI:<\/strong> 866\u2013868 MHz, EPCglobal Classe 1 Gen2 \/ ISO\/IEC 18000-6C<\/p>\n<\/li>\n<li data-start=\"459\" data-end=\"558\">\n<p data-start=\"461\" data-end=\"558\"><strong data-start=\"461\" data-end=\"484\">Otimizado para uso em metal:<\/strong> Leitura de 4 m em metal (t\u00edpico), 3,5 m em pl\u00e1stico, 3 m em recipientes com l\u00edquidos.<\/p>\n<\/li>\n<li data-start=\"559\" data-end=\"676\">\n<p data-start=\"561\" data-end=\"676\"><strong data-start=\"561\" data-end=\"577\">Pronto para impress\u00e3o:<\/strong> Compat\u00edvel com impressoras RFID industriais (ex.: Sato CL4NX, Zebra ZT410 Silverline, Boside TX3R)<\/p>\n<\/li>\n<li data-start=\"677\" data-end=\"754\">\n<p data-start=\"679\" data-end=\"754\"><strong data-start=\"679\" data-end=\"705\">Constru\u00e7\u00e3o flex\u00edvel:<\/strong> Adapta-se a superf\u00edcies met\u00e1licas curvas ou irregulares.<\/p>\n<\/li>\n<li data-start=\"755\" data-end=\"835\">\n<p data-start=\"757\" data-end=\"835\"><strong data-start=\"757\" data-end=\"777\">Leitura m\u00faltipla r\u00e1pida:<\/strong> Suporta digitaliza\u00e7\u00e3o em massa, rastreabilidade e invent\u00e1rio r\u00e1pido.<\/p>\n<\/li>\n<\/ul>\n<p data-start=\"837\" data-end=\"1033\"><strong data-start=\"837\" data-end=\"853\">Aplica\u00e7\u00f5es<\/strong><br data-start=\"853\" data-end=\"856\" \/>Equipamentos de escrit\u00f3rio e para ambientes internos \u2022 Hardware e eletr\u00f4nicos de TI \u2022 Itens de log\u00edstica e armaz\u00e9m \u2022 Etiquetagem antifalsifica\u00e7\u00e3o para objetos de valor \u2022 Cont\u00eaineres met\u00e1licos, ferramentas e pe\u00e7as de reposi\u00e7\u00e3o.<\/p>\n<p data-start=\"1035\" data-end=\"1163\"><strong data-start=\"1035\" data-end=\"1060\">Op\u00e7\u00f5es de personaliza\u00e7\u00e3o<\/strong><br data-start=\"1060\" data-end=\"1063\" \/>Tamanhos personalizados; impress\u00e3o de cores\/logotipos; texto, c\u00f3digo de barras e c\u00f3digo QR; codifica\u00e7\u00e3o EPC e inicializa\u00e7\u00e3o de dados.<\/p>\n<h2 data-start=\"1165\" data-end=\"1190\">Tabela (Especifica\u00e7\u00f5es)<\/h2>\n<div class=\"_tableContainer_1rjym_1\">\n<div class=\"group _tableWrapper_1rjym_13 flex w-fit flex-col-reverse\" tabindex=\"-1\">\n<table class=\"w-fit min-w-(--thread-content-width)\" data-start=\"1192\" data-end=\"2778\">\n<thead data-start=\"1192\" data-end=\"1290\">\n<tr data-start=\"1192\" data-end=\"1290\">\n<th data-start=\"1192\" data-end=\"1210\" data-col-size=\"sm\">Categoria<\/th>\n<th data-start=\"1210\" data-end=\"1236\" data-col-size=\"sm\">Par\u00e2metro<\/th>\n<th data-start=\"1236\" data-end=\"1290\" data-col-size=\"md\">Valor<\/th>\n<\/tr>\n<\/thead>\n<tbody data-start=\"1390\" data-end=\"2778\">\n<tr data-start=\"1390\" data-end=\"1487\">\n<td data-start=\"1390\" data-end=\"1408\" data-col-size=\"sm\">Produto<\/td>\n<td data-start=\"1408\" data-end=\"1434\" data-col-size=\"sm\">Nome<\/td>\n<td data-col-size=\"md\" data-start=\"1434\" data-end=\"1487\">Etiqueta RFID anti-metal de 866\u2013868 MHz (ETSI)<\/td>\n<\/tr>\n<tr data-start=\"1488\" data-end=\"1586\">\n<td data-start=\"1488\" data-end=\"1506\" data-col-size=\"sm\">RF<\/td>\n<td data-col-size=\"sm\" data-start=\"1506\" data-end=\"1532\">Freq\u00fc\u00eancia<\/td>\n<td data-col-size=\"md\" data-start=\"1532\" data-end=\"1586\">866\u2013868 MHz (ETSI UHF)<\/td>\n<\/tr>\n<tr data-start=\"1587\" data-end=\"1685\">\n<td data-start=\"1587\" data-end=\"1605\" data-col-size=\"sm\"><\/td>\n<td data-col-size=\"sm\" data-start=\"1605\" data-end=\"1631\">Protocolo<\/td>\n<td data-col-size=\"md\" data-start=\"1631\" data-end=\"1685\">ISO\/IEC 18000-6C, EPCglobal Classe 1 Gera\u00e7\u00e3o 2<\/td>\n<\/tr>\n<tr data-start=\"1686\" data-end=\"1784\">\n<td data-start=\"1686\" data-end=\"1704\" data-col-size=\"sm\">Op\u00e7\u00f5es de CI<\/td>\n<td data-col-size=\"sm\" data-start=\"1704\" data-end=\"1730\">Chip<\/td>\n<td data-col-size=\"md\" data-start=\"1730\" data-end=\"1784\">NXP UCODE 8 \/ UCODE 9<\/td>\n<\/tr>\n<tr data-start=\"1785\" data-end=\"1883\">\n<td data-start=\"1785\" data-end=\"1803\" data-col-size=\"sm\">Mem\u00f3ria<\/td>\n<td data-col-size=\"sm\" data-start=\"1803\" data-end=\"1829\">EPC \/ Usu\u00e1rio<\/td>\n<td data-col-size=\"md\" data-start=\"1829\" data-end=\"1883\">128 bits \/ 0 bits<\/td>\n<\/tr>\n<tr data-start=\"1884\" data-end=\"1982\">\n<td data-start=\"1884\" data-end=\"1902\" data-col-size=\"sm\">Mec\u00e2nica<\/td>\n<td data-col-size=\"sm\" data-start=\"1902\" data-end=\"1928\">Material facial<\/td>\n<td data-col-size=\"md\" data-start=\"1928\" data-end=\"1982\">BICHO DE ESTIMA\u00c7\u00c3O<\/td>\n<\/tr>\n<tr data-start=\"1983\" data-end=\"2081\">\n<td data-start=\"1983\" data-end=\"2001\" data-col-size=\"sm\">Dimens\u00f5es<\/td>\n<td data-col-size=\"sm\" data-start=\"2001\" data-end=\"2027\">Dimens\u00f5es da etiqueta (C\u00d7L\u00d7A)<\/td>\n<td data-col-size=\"md\" data-start=\"2027\" data-end=\"2081\">50 \u00d7 15 \u00d7 1,26 mm<\/td>\n<\/tr>\n<tr data-start=\"2082\" data-end=\"2181\">\n<td data-start=\"2082\" data-end=\"2100\" data-col-size=\"sm\">Desempenho<\/td>\n<td data-col-size=\"sm\" data-start=\"2100\" data-end=\"2126\">Dist\u00e2ncia de leitura<\/td>\n<td data-col-size=\"md\" data-start=\"2126\" data-end=\"2181\">4 m (em metal); 3,5 m (em pl\u00e1stico); 3 m (em l\u00edquido)<\/td>\n<\/tr>\n<tr data-start=\"2182\" data-end=\"2280\">\n<td data-start=\"2182\" data-end=\"2200\" data-col-size=\"sm\">Impress\u00e3o<\/td>\n<td data-col-size=\"sm\" data-start=\"2200\" data-end=\"2226\">Compatibilidade da impressora<\/td>\n<td data-col-size=\"md\" data-start=\"2226\" data-end=\"2280\">Sato CL4NX; Zebra ZT410 Silverline; Boside TX3R<\/td>\n<\/tr>\n<tr data-start=\"2281\" data-end=\"2381\">\n<td data-start=\"2281\" data-end=\"2299\" data-col-size=\"sm\">Personaliza\u00e7\u00e3o<\/td>\n<td data-col-size=\"sm\" data-start=\"2299\" data-end=\"2325\">Dados\/Marca\u00e7\u00e3o<\/td>\n<td data-col-size=\"md\" data-start=\"2325\" data-end=\"2381\">Impress\u00e3o de texto, c\u00f3digo de barras, QR Code, cores\/logotipos; codifica\u00e7\u00e3o EPC<\/td>\n<\/tr>\n<tr data-start=\"2382\" data-end=\"2480\">\n<td data-start=\"2382\" data-end=\"2400\" data-col-size=\"sm\">Ambiente<\/td>\n<td data-start=\"2400\" data-end=\"2426\" data-col-size=\"sm\">Temperatura de opera\u00e7\u00e3o<\/td>\n<td data-col-size=\"md\" data-start=\"2426\" data-end=\"2480\">\u221240 a +85 \u2103<\/td>\n<\/tr>\n<tr data-start=\"2481\" data-end=\"2579\">\n<td data-start=\"2481\" data-end=\"2499\" data-col-size=\"sm\"><\/td>\n<td data-col-size=\"sm\" data-start=\"2499\" data-end=\"2525\">Temperatura de armazenamento<\/td>\n<td data-col-size=\"md\" data-start=\"2525\" data-end=\"2579\">\u221240 a +85 \u2103<\/td>\n<\/tr>\n<tr data-start=\"2580\" data-end=\"2678\">\n<td data-start=\"2580\" data-end=\"2598\" data-col-size=\"sm\">Benef\u00edcios<\/td>\n<td data-col-size=\"sm\" data-start=\"2598\" data-end=\"2624\">Destaques<\/td>\n<td data-col-size=\"md\" data-start=\"2624\" data-end=\"2678\">Etiqueta flex\u00edvel; leitura m\u00faltipla; rastreabilidade<\/td>\n<\/tr>\n<tr data-start=\"2679\" data-end=\"2778\">\n<td data-start=\"2679\" data-end=\"2697\" data-col-size=\"sm\">Casos de uso<\/td>\n<td data-col-size=\"sm\" data-start=\"2697\" data-end=\"2723\">Aplica\u00e7\u00f5es t\u00edpicas<\/td>\n<td data-col-size=\"md\" data-start=\"2723\" data-end=\"2778\">Ativos de TI, equipamentos de escrit\u00f3rio, cont\u00eaineres\/ferramentas de metal<\/td>\n<\/tr>\n<\/tbody>\n<\/table>\n<\/div>\n<\/div>","protected":false},"excerpt":{"rendered":"<p>Etiqueta anti-metal UHF com ajuste ETSI e c\u00f3digo UCODE 8\/9 \u2014 leitura de 4 m em metal, constru\u00e7\u00e3o flex\u00edvel em PET e pronta para impress\u00e3o\/codifica\u00e7\u00e3o para rastreamento r\u00e1pido de ativos.<\/p>","protected":false},"featured_media":903,"template":"","meta":{"_gspb_post_css":""},"product_brand":[],"product_cat":[31],"product_tag":[],"class_list":{"0":"post-901","1":"product","2":"type-product","3":"status-publish","4":"has-post-thumbnail","6":"product_cat-rfid-sticker-labels","8":"first","9":"instock","10":"shipping-taxable","11":"purchasable","12":"product-type-simple"},"_links":{"self":[{"href":"https:\/\/www.cxjsmartcard.com\/pt\/wp-json\/wp\/v2\/product\/901","targetHints":{"allow":["GET"]}}],"collection":[{"href":"https:\/\/www.cxjsmartcard.com\/pt\/wp-json\/wp\/v2\/product"}],"about":[{"href":"https:\/\/www.cxjsmartcard.com\/pt\/wp-json\/wp\/v2\/types\/product"}],"wp:featuredmedia":[{"embeddable":true,"href":"https:\/\/www.cxjsmartcard.com\/pt\/wp-json\/wp\/v2\/media\/903"}],"wp:attachment":[{"href":"https:\/\/www.cxjsmartcard.com\/pt\/wp-json\/wp\/v2\/media?parent=901"}],"wp:term":[{"taxonomy":"product_brand","embeddable":true,"href":"https:\/\/www.cxjsmartcard.com\/pt\/wp-json\/wp\/v2\/product_brand?post=901"},{"taxonomy":"product_cat","embeddable":true,"href":"https:\/\/www.cxjsmartcard.com\/pt\/wp-json\/wp\/v2\/product_cat?post=901"},{"taxonomy":"product_tag","embeddable":true,"href":"https:\/\/www.cxjsmartcard.com\/pt\/wp-json\/wp\/v2\/product_tag?post=901"}],"curies":[{"name":"wp","href":"https:\/\/api.w.org\/{rel}","templated":true}]}}