{"id":894,"date":"2025-11-03T09:04:37","date_gmt":"2025-11-03T09:04:37","guid":{"rendered":"https:\/\/www.cxjsmartcard.com\/?post_type=product&#038;p=894"},"modified":"2025-12-29T01:27:08","modified_gmt":"2025-12-29T01:27:08","slug":"nfc-coin-on-metal-rfid-tag","status":"publish","type":"product","link":"https:\/\/www.cxjsmartcard.com\/pt\/nfc-coin-on-metal-rfid-tag\/","title":{"rendered":"Etiqueta RFID NFC para moedas em metal"},"content":{"rendered":"<p data-start=\"38\" data-end=\"337\">Etiqueta NFC em PVC para metal, projetada para fixa\u00e7\u00e3o em a\u00e7o e outras superf\u00edcies condutoras. A barreira anti-metal integrada preserva o desempenho de leitura, enquanto o adesivo 3M de alta ader\u00eancia proporciona uma forte fixa\u00e7\u00e3o em metal e pl\u00e1sticos de baixa energia superficial. Totalmente compat\u00edvel com celulares com NFC.<\/p>\n<p data-start=\"339\" data-end=\"518\"><strong data-start=\"339\" data-end=\"360\">Constru\u00e7\u00e3o e Materiais<\/strong><br data-start=\"360\" data-end=\"363\" \/>Camada superior em PVC com barreira anti-metal e adesivo 3M9080 opcional. 30 mm de di\u00e2metro, 1 mm de espessura \u2014 compacto o suficiente para ferramentas, prateleiras e gabinetes de m\u00e1quinas.<\/p>\n<p data-start=\"520\" data-end=\"538\"><strong data-start=\"520\" data-end=\"536\">Principais caracter\u00edsticas<\/strong><\/p>\n<ul data-start=\"539\" data-end=\"863\">\n<li data-start=\"539\" data-end=\"595\">\n<p data-start=\"541\" data-end=\"595\">Funciona em metal gra\u00e7as \u00e0 camada antimetal integrada.<\/p>\n<\/li>\n<li data-start=\"596\" data-end=\"649\">\n<p data-start=\"598\" data-end=\"649\">Etiqueta r\u00edgida mini \u00e0 prova d&#039;\u00e1gua\/resistente \u00e0s intemp\u00e9ries<\/p>\n<\/li>\n<li data-start=\"650\" data-end=\"692\">\n<p data-start=\"652\" data-end=\"692\">Compat\u00edvel com telefones celulares (ISO 14443A, 13,56 MHz)<\/p>\n<\/li>\n<li data-start=\"693\" data-end=\"732\">\n<p data-start=\"695\" data-end=\"732\">Identifica\u00e7\u00e3o gravada a laser opcional na superf\u00edcie.<\/p>\n<\/li>\n<li data-start=\"733\" data-end=\"789\">\n<p data-start=\"735\" data-end=\"789\">Impress\u00e3o personalizada: arte colorida, c\u00f3digos QR, n\u00famero de s\u00e9rie\/ID<\/p>\n<\/li>\n<li data-start=\"790\" data-end=\"863\">\n<p data-start=\"792\" data-end=\"863\">Disponibilidade de plataforma mais ampla mediante solicita\u00e7\u00e3o (LF 125 kHz \/ UHF 860\u2013960 MHz)<\/p>\n<\/li>\n<\/ul>\n<p data-start=\"865\" data-end=\"1040\"><strong data-start=\"865\" data-end=\"881\">Aplica\u00e7\u00f5es<\/strong><br data-start=\"881\" data-end=\"884\" \/>Identifica\u00e7\u00e3o de ativos e ferramentas em metal \u2022 Prateleiras e caixas de armaz\u00e9m \u2022 Racks e gabinetes de TI \u2022 Pontos de verifica\u00e7\u00e3o de servi\u00e7o de equipamentos \u2022 Pontos de contato com o consumidor (lan\u00e7amento de URL\/NDEF).<\/p>\n<p data-start=\"1042\" data-end=\"1204\"><strong data-start=\"1042\" data-end=\"1054\">Montagem<\/strong><br data-start=\"1054\" data-end=\"1057\" \/>Aplique o adesivo de alta ader\u00eancia em superf\u00edcies limpas e secas. Para \u00e1reas curvas ou de alto desgaste, considere a fixa\u00e7\u00e3o mec\u00e2nica ou variantes industriais.<\/p>\n<h2 data-start=\"1206\" data-end=\"1231\">Tabela (Especifica\u00e7\u00f5es)<\/h2>\n<div class=\"_tableContainer_1rjym_1\">\n<div class=\"group _tableWrapper_1rjym_13 flex w-fit flex-col-reverse\" tabindex=\"-1\">\n<table class=\"w-fit min-w-(--thread-content-width)\" data-start=\"1233\" data-end=\"2692\">\n<thead data-start=\"1233\" data-end=\"1329\">\n<tr data-start=\"1233\" data-end=\"1329\">\n<th data-start=\"1233\" data-end=\"1251\" data-col-size=\"sm\">Categoria<\/th>\n<th data-start=\"1251\" data-end=\"1274\" data-col-size=\"sm\">Par\u00e2metro<\/th>\n<th data-start=\"1274\" data-end=\"1329\" data-col-size=\"md\">Valor<\/th>\n<\/tr>\n<\/thead>\n<tbody data-start=\"1427\" data-end=\"2692\">\n<tr data-start=\"1427\" data-end=\"1523\">\n<td data-start=\"1427\" data-end=\"1445\" data-col-size=\"sm\">Produto<\/td>\n<td data-col-size=\"sm\" data-start=\"1445\" data-end=\"1468\">Tipo<\/td>\n<td data-col-size=\"md\" data-start=\"1468\" data-end=\"1523\">Disco de PVC para moeda NFC em metal<\/td>\n<\/tr>\n<tr data-start=\"1524\" data-end=\"1620\">\n<td data-start=\"1524\" data-end=\"1542\" data-col-size=\"sm\">Materiais<\/td>\n<td data-col-size=\"sm\" data-start=\"1542\" data-end=\"1565\">Empilhamento<\/td>\n<td data-col-size=\"md\" data-start=\"1565\" data-end=\"1620\">PVC + barreira anti-metal + adesivo 3M9080 opcional<\/td>\n<\/tr>\n<tr data-start=\"1621\" data-end=\"1717\">\n<td data-start=\"1621\" data-end=\"1639\" data-col-size=\"sm\">Dimens\u00f5es<\/td>\n<td data-start=\"1639\" data-end=\"1662\" data-col-size=\"sm\">Tamanho<\/td>\n<td data-col-size=\"md\" data-start=\"1662\" data-end=\"1717\">\u00d830 mm \u00d7 1 mm<\/td>\n<\/tr>\n<tr data-start=\"1718\" data-end=\"1814\">\n<td data-start=\"1718\" data-end=\"1736\" data-col-size=\"sm\">RF<\/td>\n<td data-start=\"1736\" data-end=\"1759\" data-col-size=\"sm\">Interface\/Padr\u00e3o<\/td>\n<td data-start=\"1759\" data-end=\"1814\" data-col-size=\"md\">ISO 14443A (HF 13,56 MHz)<\/td>\n<\/tr>\n<tr data-start=\"1815\" data-end=\"1911\">\n<td data-start=\"1815\" data-end=\"1833\" data-col-size=\"sm\">Op\u00e7\u00f5es de chip<\/td>\n<td data-col-size=\"sm\" data-start=\"1833\" data-end=\"1856\">CIs<\/td>\n<td data-col-size=\"md\" data-start=\"1856\" data-end=\"1911\">NTAG\u00ae 213 \/ NTAG\u00ae 215 \/ NTAG\u00ae 216<\/td>\n<\/tr>\n<tr data-start=\"1912\" data-end=\"2008\">\n<td data-start=\"1912\" data-end=\"1930\" data-col-size=\"sm\">Mem\u00f3ria<\/td>\n<td data-col-size=\"sm\" data-start=\"1930\" data-end=\"1953\">Capacidade do usu\u00e1rio<\/td>\n<td data-col-size=\"md\" data-start=\"1953\" data-end=\"2008\">144 \/ 504 \/ 888 bytes (dependendo do chip)<\/td>\n<\/tr>\n<tr data-start=\"2009\" data-end=\"2105\">\n<td data-start=\"2009\" data-end=\"2027\" data-col-size=\"sm\">Impress\u00e3o<\/td>\n<td data-col-size=\"sm\" data-start=\"2027\" data-end=\"2050\">Personaliza\u00e7\u00e3o<\/td>\n<td data-col-size=\"md\" data-start=\"2050\" data-end=\"2105\">Impress\u00e3o a cores, c\u00f3digo QR, n\u00famero de s\u00e9rie\/ID (opcional)<\/td>\n<\/tr>\n<tr data-start=\"2106\" data-end=\"2202\">\n<td data-start=\"2106\" data-end=\"2124\" data-col-size=\"sm\">Legibilidade<\/td>\n<td data-col-size=\"sm\" data-start=\"2124\" data-end=\"2147\">Dispositivos<\/td>\n<td data-col-size=\"md\" data-start=\"2147\" data-end=\"2202\">Smartphones NFC e leitores ISO 14443A<\/td>\n<\/tr>\n<tr data-start=\"2203\" data-end=\"2299\">\n<td data-start=\"2203\" data-end=\"2221\" data-col-size=\"sm\">Em metal<\/td>\n<td data-col-size=\"sm\" data-start=\"2221\" data-end=\"2244\">Barreira<\/td>\n<td data-col-size=\"md\" data-start=\"2244\" data-end=\"2299\">Camada anti-metal integrada<\/td>\n<\/tr>\n<tr data-start=\"2300\" data-end=\"2396\">\n<td data-start=\"2300\" data-end=\"2318\" data-col-size=\"sm\">Adesivo<\/td>\n<td data-start=\"2318\" data-end=\"2341\" data-col-size=\"sm\">Apoio<\/td>\n<td data-col-size=\"md\" data-start=\"2341\" data-end=\"2396\">3M9080 de alta ader\u00eancia<\/td>\n<\/tr>\n<tr data-start=\"2397\" data-end=\"2498\">\n<td data-start=\"2397\" data-end=\"2415\" data-col-size=\"sm\">Prote\u00e7\u00e3o<\/td>\n<td data-col-size=\"sm\" data-start=\"2415\" data-end=\"2438\">Atributos<\/td>\n<td data-col-size=\"md\" data-start=\"2438\" data-end=\"2498\">\u00c0 prova d&#039;\u00e1gua\/resistente \u00e0s intemp\u00e9ries (op\u00e7\u00f5es industriais dispon\u00edveis)<\/td>\n<\/tr>\n<tr data-start=\"2499\" data-end=\"2595\">\n<td data-start=\"2499\" data-end=\"2517\" data-col-size=\"sm\">Op\u00e7\u00f5es<\/td>\n<td data-start=\"2517\" data-end=\"2540\" data-col-size=\"sm\">Outras frequ\u00eancias<\/td>\n<td data-col-size=\"md\" data-start=\"2540\" data-end=\"2595\">125 kHz LF ou 860\u2013960 MHz UHF (sob consulta)<\/td>\n<\/tr>\n<tr data-start=\"2596\" data-end=\"2692\">\n<td data-start=\"2596\" data-end=\"2614\" data-col-size=\"sm\">Cores<\/td>\n<td data-start=\"2614\" data-end=\"2637\" data-col-size=\"sm\">Superf\u00edcie<\/td>\n<td data-col-size=\"md\" data-start=\"2637\" data-end=\"2692\">Em branco ou com impress\u00e3o personalizada<\/td>\n<\/tr>\n<\/tbody>\n<\/table>\n<\/div>\n<\/div>","protected":false},"excerpt":{"rendered":"<p>Etiqueta NFC de PVC de 30 mm com barreira anti-metal e adesivo 3M de alta ader\u00eancia \u2014 funciona em a\u00e7o, leg\u00edvel por celular (ISO 14443A), \u00e0 prova d&#039;\u00e1gua e resistente \u00e0s intemp\u00e9ries, com op\u00e7\u00f5es de impress\u00e3o personalizadas.<\/p>","protected":false},"featured_media":899,"template":"","meta":{"_gspb_post_css":""},"product_brand":[],"product_cat":[24,27],"product_tag":[],"class_list":{"0":"post-894","1":"product","2":"type-product","3":"status-publish","4":"has-post-thumbnail","6":"product_cat-rfid-tags","7":"product_cat-rfid-patrol-tags","9":"first","10":"instock","11":"shipping-taxable","12":"purchasable","13":"product-type-simple"},"_links":{"self":[{"href":"https:\/\/www.cxjsmartcard.com\/pt\/wp-json\/wp\/v2\/product\/894","targetHints":{"allow":["GET"]}}],"collection":[{"href":"https:\/\/www.cxjsmartcard.com\/pt\/wp-json\/wp\/v2\/product"}],"about":[{"href":"https:\/\/www.cxjsmartcard.com\/pt\/wp-json\/wp\/v2\/types\/product"}],"wp:featuredmedia":[{"embeddable":true,"href":"https:\/\/www.cxjsmartcard.com\/pt\/wp-json\/wp\/v2\/media\/899"}],"wp:attachment":[{"href":"https:\/\/www.cxjsmartcard.com\/pt\/wp-json\/wp\/v2\/media?parent=894"}],"wp:term":[{"taxonomy":"product_brand","embeddable":true,"href":"https:\/\/www.cxjsmartcard.com\/pt\/wp-json\/wp\/v2\/product_brand?post=894"},{"taxonomy":"product_cat","embeddable":true,"href":"https:\/\/www.cxjsmartcard.com\/pt\/wp-json\/wp\/v2\/product_cat?post=894"},{"taxonomy":"product_tag","embeddable":true,"href":"https:\/\/www.cxjsmartcard.com\/pt\/wp-json\/wp\/v2\/product_tag?post=894"}],"curies":[{"name":"wp","href":"https:\/\/api.w.org\/{rel}","templated":true}]}}