{"id":881,"date":"2025-11-03T08:58:46","date_gmt":"2025-11-03T08:58:46","guid":{"rendered":"https:\/\/www.cxjsmartcard.com\/?post_type=product&#038;p=881"},"modified":"2025-12-29T01:27:08","modified_gmt":"2025-12-29T01:27:08","slug":"uhf-rfid-abs-anti-metal-tag","status":"publish","type":"product","link":"https:\/\/www.cxjsmartcard.com\/pt\/uhf-rfid-abs-anti-metal-tag\/","title":{"rendered":"Etiqueta UHF RFID ABS anti-metal"},"content":{"rendered":"<p data-start=\"39\" data-end=\"339\">Etiqueta UHF anti-metal robusta, projetada para rastreamento confi\u00e1vel de ativos met\u00e1licos em ambientes internos e externos adversos. Operando na faixa de 860\u2013960 MHz com desempenho passivo EPC Gen2v2, \u00e9 ideal para equipamentos industriais, hardware de TI, ferramentas e m\u00e1quinas fixas.<\/p>\n<p data-start=\"341\" data-end=\"359\"><strong data-start=\"341\" data-end=\"357\">Principais caracter\u00edsticas<\/strong><\/p>\n<ul data-start=\"360\" data-end=\"695\">\n<li data-start=\"360\" data-end=\"424\">\n<p data-start=\"362\" data-end=\"424\">Funciona em superf\u00edcies met\u00e1licas; caixa em ABS \u00e0 prova d&#039;\u00e1gua e resistente \u00e0s intemp\u00e9ries.<\/p>\n<\/li>\n<li data-start=\"425\" data-end=\"475\">\n<p data-start=\"427\" data-end=\"475\">UHF passivo EPC Classe 1 Gen 2v2 (ISO 18000-6C)<\/p>\n<\/li>\n<li data-start=\"476\" data-end=\"540\">\n<p data-start=\"478\" data-end=\"540\">Tamanho padr\u00e3o 135 \u00d7 22 \u00d7 12 mm; personaliza\u00e7\u00e3o em grande quantidade dispon\u00edvel.<\/p>\n<\/li>\n<li data-start=\"541\" data-end=\"600\">\n<p data-start=\"543\" data-end=\"600\">Perfil de mem\u00f3ria: TID 64 bits, EPC 96 bits, Usu\u00e1rio 512 bits<\/p>\n<\/li>\n<li data-start=\"601\" data-end=\"648\">\n<p data-start=\"603\" data-end=\"648\">Ampla faixa de toler\u00e2ncia \u00e0 temperatura: \u221240 \u2103 a +150 \u2103<\/p>\n<\/li>\n<li data-start=\"649\" data-end=\"695\">\n<p data-start=\"651\" data-end=\"695\">F\u00e1cil de implementar, com pacotes de amostras dispon\u00edveis.<\/p>\n<\/li>\n<\/ul>\n<p data-start=\"697\" data-end=\"826\"><strong data-start=\"697\" data-end=\"713\">Aplica\u00e7\u00f5es<\/strong><br data-start=\"713\" data-end=\"716\" \/>Ativos industriais e paletes \u2022 Equipamentos e racks de TI \u2022 Ferramentas e acess\u00f3rios \u2022 Infraestrutura met\u00e1lica externa.<\/p>\n<p data-start=\"828\" data-end=\"1146\"><strong data-start=\"828\" data-end=\"836\">Perguntas frequentes<\/strong><br data-start=\"836\" data-end=\"839\" \/><strong data-start=\"839\" data-end=\"846\">Q1:<\/strong> H\u00e1 amostras gr\u00e1tis dispon\u00edveis?<br data-start=\"874\" data-end=\"877\" \/><strong data-start=\"877\" data-end=\"883\">UM:<\/strong> Sim, pacotes de amostras s\u00e3o oferecidos para testes antes da implementa\u00e7\u00e3o.<br data-start=\"943\" data-end=\"946\" \/><strong data-start=\"946\" data-end=\"953\">Q2:<\/strong> \u00c9 adequado para uso externo?<br data-start=\"985\" data-end=\"988\" \/><strong data-start=\"988\" data-end=\"994\">UM:<\/strong> Sim, a estrutura em ABS \u00e9 resistente \u00e0s intemp\u00e9ries para uso externo.<br data-start=\"1051\" data-end=\"1054\" \/><strong data-start=\"1054\" data-end=\"1061\">Q3:<\/strong> O tamanho pode ser personalizado?<br data-start=\"1089\" data-end=\"1092\" \/><strong data-start=\"1092\" data-end=\"1098\">UM:<\/strong> Sim, tamanhos personalizados est\u00e3o dispon\u00edveis para pedidos em grande quantidade.<\/p>\n<h2 data-start=\"1148\" data-end=\"1173\">Tabela (Especifica\u00e7\u00f5es)<\/h2>\n<div class=\"_tableContainer_1rjym_1\">\n<div class=\"group _tableWrapper_1rjym_13 flex w-fit flex-col-reverse\" tabindex=\"-1\">\n<table class=\"w-fit min-w-(--thread-content-width)\" data-start=\"1175\" data-end=\"2516\">\n<thead data-start=\"1175\" data-end=\"1264\">\n<tr data-start=\"1175\" data-end=\"1264\">\n<th data-start=\"1175\" data-end=\"1197\" data-col-size=\"sm\">Categoria<\/th>\n<th data-start=\"1197\" data-end=\"1222\" data-col-size=\"sm\">Par\u00e2metro<\/th>\n<th data-start=\"1222\" data-end=\"1264\" data-col-size=\"md\">Valor<\/th>\n<\/tr>\n<\/thead>\n<tbody data-start=\"1354\" data-end=\"2516\">\n<tr data-start=\"1354\" data-end=\"1442\">\n<td data-start=\"1354\" data-end=\"1375\" data-col-size=\"sm\">Produto<\/td>\n<td data-start=\"1375\" data-end=\"1400\" data-col-size=\"sm\">Nome<\/td>\n<td data-col-size=\"md\" data-start=\"1400\" data-end=\"1442\">Etiqueta RFID anti-metal em ABS<\/td>\n<\/tr>\n<tr data-start=\"1443\" data-end=\"1531\">\n<td data-start=\"1443\" data-end=\"1464\" data-col-size=\"sm\">Modelo<\/td>\n<td data-col-size=\"sm\" data-start=\"1464\" data-end=\"1489\">N\u00famero<\/td>\n<td data-col-size=\"md\" data-start=\"1489\" data-end=\"1531\">Etiqueta anti-metal em ABS<\/td>\n<\/tr>\n<tr data-start=\"1532\" data-end=\"1620\">\n<td data-start=\"1532\" data-end=\"1553\" data-col-size=\"sm\">RF<\/td>\n<td data-col-size=\"sm\" data-start=\"1553\" data-end=\"1578\">Freq\u00fc\u00eancia<\/td>\n<td data-col-size=\"md\" data-start=\"1578\" data-end=\"1620\">860\u2013960 MHz<\/td>\n<\/tr>\n<tr data-start=\"1621\" data-end=\"1709\">\n<td data-start=\"1621\" data-end=\"1642\" data-col-size=\"sm\"><\/td>\n<td data-col-size=\"sm\" data-start=\"1642\" data-end=\"1667\">Protocolo<\/td>\n<td data-col-size=\"md\" data-start=\"1667\" data-end=\"1709\">ISO 18000-6C \/ EPC Classe 1 Gera\u00e7\u00e3o 2v2<\/td>\n<\/tr>\n<tr data-start=\"1710\" data-end=\"1798\">\n<td data-start=\"1710\" data-end=\"1731\" data-col-size=\"sm\">Opera\u00e7\u00e3o<\/td>\n<td data-col-size=\"sm\" data-start=\"1731\" data-end=\"1756\">Modo<\/td>\n<td data-col-size=\"md\" data-start=\"1756\" data-end=\"1798\">Passiva<\/td>\n<\/tr>\n<tr data-start=\"1799\" data-end=\"1887\">\n<td data-start=\"1799\" data-end=\"1820\" data-col-size=\"sm\">Mec\u00e2nica<\/td>\n<td data-col-size=\"sm\" data-start=\"1820\" data-end=\"1845\">Material de constru\u00e7\u00e3o<\/td>\n<td data-col-size=\"md\" data-start=\"1845\" data-end=\"1887\">ABS<\/td>\n<\/tr>\n<tr data-start=\"1888\" data-end=\"1976\">\n<td data-start=\"1888\" data-end=\"1909\" data-col-size=\"sm\">Dimens\u00f5es<\/td>\n<td data-start=\"1909\" data-end=\"1934\" data-col-size=\"sm\">Tamanho<\/td>\n<td data-col-size=\"md\" data-start=\"1934\" data-end=\"1976\">135 \u00d7 22 \u00d7 12 mm<\/td>\n<\/tr>\n<tr data-start=\"1977\" data-end=\"2065\">\n<td data-start=\"1977\" data-end=\"1998\" data-col-size=\"sm\">Mem\u00f3ria<\/td>\n<td data-col-size=\"sm\" data-start=\"1998\" data-end=\"2023\">TID \/ EPC \/ Usu\u00e1rio<\/td>\n<td data-col-size=\"md\" data-start=\"2023\" data-end=\"2065\">64 bits \/ 96 bits \/ 512 bits<\/td>\n<\/tr>\n<tr data-start=\"2066\" data-end=\"2154\">\n<td data-start=\"2066\" data-end=\"2087\" data-col-size=\"sm\">Interface<\/td>\n<td data-start=\"2087\" data-end=\"2112\" data-col-size=\"sm\">Comunica\u00e7\u00e3o<\/td>\n<td data-col-size=\"md\" data-start=\"2112\" data-end=\"2154\">RFID<\/td>\n<\/tr>\n<tr data-start=\"2155\" data-end=\"2243\">\n<td data-start=\"2155\" data-end=\"2176\" data-col-size=\"sm\">Ambiente<\/td>\n<td data-col-size=\"sm\" data-start=\"2176\" data-end=\"2201\">Temperatura de aplica\u00e7\u00e3o<\/td>\n<td data-col-size=\"md\" data-start=\"2201\" data-end=\"2243\">\u221240 \u2103 a +150 \u2103<\/td>\n<\/tr>\n<tr data-start=\"2244\" data-end=\"2332\">\n<td data-start=\"2244\" data-end=\"2265\" data-col-size=\"sm\">Prote\u00e7\u00e3o<\/td>\n<td data-col-size=\"sm\" data-start=\"2265\" data-end=\"2290\">Caracter\u00edsticas especiais<\/td>\n<td data-col-size=\"md\" data-start=\"2290\" data-end=\"2332\">\u00c0 prova d&#039;\u00e1gua \/ Resistente \u00e0s intemp\u00e9ries<\/td>\n<\/tr>\n<tr data-start=\"2333\" data-end=\"2421\">\n<td data-start=\"2333\" data-end=\"2354\" data-col-size=\"sm\">Personaliza\u00e7\u00e3o<\/td>\n<td data-col-size=\"sm\" data-start=\"2354\" data-end=\"2379\">Op\u00e7\u00f5es<\/td>\n<td data-col-size=\"md\" data-start=\"2379\" data-end=\"2421\">Personaliza\u00e7\u00e3o de tamanhos para encomendas em grande quantidade<\/td>\n<\/tr>\n<tr data-start=\"2422\" data-end=\"2516\">\n<td data-start=\"2422\" data-end=\"2443\" data-col-size=\"sm\">Casos de uso<\/td>\n<td data-col-size=\"sm\" data-start=\"2443\" data-end=\"2468\">Aplica\u00e7\u00f5es t\u00edpicas<\/td>\n<td data-col-size=\"md\" data-start=\"2468\" data-end=\"2516\">Ativos met\u00e1licos, ferramentas, equipamentos de TI, maquin\u00e1rio<\/td>\n<\/tr>\n<\/tbody>\n<\/table>\n<\/div>\n<\/div>","protected":false},"excerpt":{"rendered":"<p>Etiqueta RFID UHF anti-metal em ABS para ativos met\u00e1licos \u2014 EPC Gen2v2, passiva, com caixa em ABS resistente \u00e0s intemp\u00e9ries, de \u221240 \u2103 a +150 \u2103, tamanho padr\u00e3o de 135\u00d722\u00d712 mm com op\u00e7\u00f5es personaliz\u00e1veis.<\/p>","protected":false},"featured_media":879,"template":"","meta":{"_gspb_post_css":""},"product_brand":[],"product_cat":[24,26],"product_tag":[],"class_list":{"0":"post-881","1":"product","2":"type-product","3":"status-publish","4":"has-post-thumbnail","6":"product_cat-rfid-tags","7":"product_cat-anti-metal-abs-uhf-rfid-tags","9":"first","10":"instock","11":"shipping-taxable","12":"purchasable","13":"product-type-simple"},"_links":{"self":[{"href":"https:\/\/www.cxjsmartcard.com\/pt\/wp-json\/wp\/v2\/product\/881","targetHints":{"allow":["GET"]}}],"collection":[{"href":"https:\/\/www.cxjsmartcard.com\/pt\/wp-json\/wp\/v2\/product"}],"about":[{"href":"https:\/\/www.cxjsmartcard.com\/pt\/wp-json\/wp\/v2\/types\/product"}],"wp:featuredmedia":[{"embeddable":true,"href":"https:\/\/www.cxjsmartcard.com\/pt\/wp-json\/wp\/v2\/media\/879"}],"wp:attachment":[{"href":"https:\/\/www.cxjsmartcard.com\/pt\/wp-json\/wp\/v2\/media?parent=881"}],"wp:term":[{"taxonomy":"product_brand","embeddable":true,"href":"https:\/\/www.cxjsmartcard.com\/pt\/wp-json\/wp\/v2\/product_brand?post=881"},{"taxonomy":"product_cat","embeddable":true,"href":"https:\/\/www.cxjsmartcard.com\/pt\/wp-json\/wp\/v2\/product_cat?post=881"},{"taxonomy":"product_tag","embeddable":true,"href":"https:\/\/www.cxjsmartcard.com\/pt\/wp-json\/wp\/v2\/product_tag?post=881"}],"curies":[{"name":"wp","href":"https:\/\/api.w.org\/{rel}","templated":true}]}}