{"id":873,"date":"2025-11-03T08:55:50","date_gmt":"2025-11-03T08:55:50","guid":{"rendered":"https:\/\/www.cxjsmartcard.com\/?post_type=product&#038;p=873"},"modified":"2025-12-29T01:27:08","modified_gmt":"2025-12-29T01:27:08","slug":"rewritable-long-range-abs-uhf-rfid-anti-metal-tag","status":"publish","type":"product","link":"https:\/\/www.cxjsmartcard.com\/pt\/rewritable-long-range-abs-uhf-rfid-anti-metal-tag\/","title":{"rendered":"Etiqueta RFID UHF ABS anti-metal de longo alcance e regrav\u00e1vel"},"content":{"rendered":"<p data-start=\"61\" data-end=\"323\">Etiqueta UHF anti-metal em ABS resistente, otimizada para montagem em ativos met\u00e1licos. Projetada para leituras de longo alcance e ambientes agressivos, oferece desempenho est\u00e1vel em superf\u00edcies condutoras para controle de acesso, log\u00edstica, invent\u00e1rio e rastreamento de ativos industriais.<\/p>\n<p data-start=\"325\" data-end=\"343\"><strong data-start=\"325\" data-end=\"341\">Principais benef\u00edcios<\/strong><\/p>\n<ul data-start=\"344\" data-end=\"715\">\n<li data-start=\"344\" data-end=\"413\">\n<p data-start=\"346\" data-end=\"413\"><strong data-start=\"346\" data-end=\"361\">Longo alcance:<\/strong> 6\u201312 m (dependendo do leitor\/antena e do ambiente)<\/p>\n<\/li>\n<li data-start=\"414\" data-end=\"487\">\n<p data-start=\"416\" data-end=\"487\"><strong data-start=\"416\" data-end=\"441\">Desempenho em condi\u00e7\u00f5es reais de uso:<\/strong> Estrutura interna otimizada para superf\u00edcies met\u00e1licas<\/p>\n<\/li>\n<li data-start=\"488\" data-end=\"557\">\n<p data-start=\"490\" data-end=\"557\"><strong data-start=\"490\" data-end=\"512\">Mem\u00f3ria regrav\u00e1vel:<\/strong> Atualizar dados ao longo do ciclo de vida do ativo<\/p>\n<\/li>\n<li data-start=\"558\" data-end=\"651\">\n<p data-start=\"560\" data-end=\"651\"><strong data-start=\"560\" data-end=\"577\">Resistente \u00e0s intemp\u00e9ries:<\/strong> Caixa em ABS \u00e0 prova d&#039;\u00e1gua e resistente \u00e0s intemp\u00e9ries em um formato compacto de &quot;mini tag&quot;.<\/p>\n<\/li>\n<li data-start=\"652\" data-end=\"715\">\n<p data-start=\"654\" data-end=\"715\"><strong data-start=\"654\" data-end=\"674\">Em conformidade com as normas:<\/strong> EPC C1G2 \/ ISO\/IEC 18000-6C, 860\u2013960 MHz<\/p>\n<\/li>\n<\/ul>\n<p data-start=\"717\" data-end=\"865\"><strong data-start=\"717\" data-end=\"733\">Aplica\u00e7\u00f5es<\/strong><br data-start=\"733\" data-end=\"736\" \/>Controle de acesso e port\u00f5es \u2022 Rastreamento de ferramentas e equipamentos met\u00e1licos \u2022 Opera\u00e7\u00f5es de hot\u00e9is e instala\u00e7\u00f5es \u2022 Log\u00edstica e invent\u00e1rio de armaz\u00e9m.<\/p>\n<p data-start=\"867\" data-end=\"1105\"><strong data-start=\"867\" data-end=\"875\">Perguntas frequentes<\/strong><br data-start=\"875\" data-end=\"878\" \/><strong data-start=\"878\" data-end=\"924\">P1: Ele consegue rastrear ferramentas e dispositivos de fixa\u00e7\u00e3o de metal?<\/strong> Sim, projetado para uso em metal.<br data-start=\"957\" data-end=\"960\" \/><strong data-start=\"960\" data-end=\"985\">Q2: \u00c9 regrav\u00e1vel?<\/strong> Sim \u2014 suporta atualiza\u00e7\u00f5es de dados ao longo do tempo.<br data-start=\"1022\" data-end=\"1025\" \/><strong data-start=\"1025\" data-end=\"1055\">P3: H\u00e1 amostras dispon\u00edveis?<\/strong> Sim, pacotes de amostras est\u00e3o dispon\u00edveis para testes piloto.<\/p>\n<h2 data-start=\"1107\" data-end=\"1132\">Tabela (Especifica\u00e7\u00f5es)<\/h2>\n<div class=\"_tableContainer_1rjym_1\">\n<div class=\"group _tableWrapper_1rjym_13 flex w-fit flex-col-reverse\" tabindex=\"-1\">\n<table class=\"w-fit min-w-(--thread-content-width)\" data-start=\"1134\" data-end=\"2492\">\n<thead data-start=\"1134\" data-end=\"1231\">\n<tr data-start=\"1134\" data-end=\"1231\">\n<th data-start=\"1134\" data-end=\"1156\" data-col-size=\"sm\">Categoria<\/th>\n<th data-start=\"1156\" data-end=\"1181\" data-col-size=\"sm\">Par\u00e2metro<\/th>\n<th data-start=\"1181\" data-end=\"1231\" data-col-size=\"md\">Valor<\/th>\n<\/tr>\n<\/thead>\n<tbody data-start=\"1329\" data-end=\"2492\">\n<tr data-start=\"1329\" data-end=\"1425\">\n<td data-start=\"1329\" data-end=\"1350\" data-col-size=\"sm\">Produto<\/td>\n<td data-col-size=\"sm\" data-start=\"1350\" data-end=\"1375\">Nome<\/td>\n<td data-col-size=\"md\" data-start=\"1375\" data-end=\"1425\">Etiqueta anti-metal UHF regrav\u00e1vel (Mini)<\/td>\n<\/tr>\n<tr data-start=\"1426\" data-end=\"1522\">\n<td data-start=\"1426\" data-end=\"1447\" data-col-size=\"sm\">Op\u00e7\u00f5es de CI<\/td>\n<td data-col-size=\"sm\" data-start=\"1447\" data-end=\"1472\">Chip<\/td>\n<td data-col-size=\"md\" data-start=\"1472\" data-end=\"1522\">Higgs 9; op\u00e7\u00f5es personalizadas (fam\u00edlias Impinj\/Monza)<\/td>\n<\/tr>\n<tr data-start=\"1523\" data-end=\"1619\">\n<td data-start=\"1523\" data-end=\"1544\" data-col-size=\"sm\">RF<\/td>\n<td data-start=\"1544\" data-end=\"1569\" data-col-size=\"sm\">Freq\u00fc\u00eancia<\/td>\n<td data-col-size=\"md\" data-start=\"1569\" data-end=\"1619\">860\u2013960 MHz<\/td>\n<\/tr>\n<tr data-start=\"1620\" data-end=\"1716\">\n<td data-start=\"1620\" data-end=\"1641\" data-col-size=\"sm\"><\/td>\n<td data-col-size=\"sm\" data-start=\"1641\" data-end=\"1666\">Protocolo<\/td>\n<td data-col-size=\"md\" data-start=\"1666\" data-end=\"1716\">ISO\/IEC 18000-6C; EPC Classe 1 Gera\u00e7\u00e3o 2<\/td>\n<\/tr>\n<tr data-start=\"1717\" data-end=\"1813\">\n<td data-start=\"1717\" data-end=\"1738\" data-col-size=\"sm\">Desempenho<\/td>\n<td data-col-size=\"sm\" data-start=\"1738\" data-end=\"1763\">Dist\u00e2ncia de leitura<\/td>\n<td data-col-size=\"md\" data-start=\"1763\" data-end=\"1813\">6\u201312 m (dependendo do leitor\/antena\/ambiente)<\/td>\n<\/tr>\n<tr data-start=\"1814\" data-end=\"1910\">\n<td data-start=\"1814\" data-end=\"1835\" data-col-size=\"sm\">Mec\u00e2nica<\/td>\n<td data-col-size=\"sm\" data-start=\"1835\" data-end=\"1860\">Material de constru\u00e7\u00e3o<\/td>\n<td data-col-size=\"md\" data-start=\"1860\" data-end=\"1910\">ABS de n\u00edvel industrial<\/td>\n<\/tr>\n<tr data-start=\"1911\" data-end=\"2007\">\n<td data-start=\"1911\" data-end=\"1932\" data-col-size=\"sm\">Prote\u00e7\u00e3o<\/td>\n<td data-col-size=\"sm\" data-start=\"1932\" data-end=\"1957\">Ambiental<\/td>\n<td data-col-size=\"md\" data-start=\"1957\" data-end=\"2007\">\u00c0 prova d&#039;\u00e1gua \/ Resistente \u00e0s intemp\u00e9ries<\/td>\n<\/tr>\n<tr data-start=\"2008\" data-end=\"2104\">\n<td data-start=\"2008\" data-end=\"2029\" data-col-size=\"sm\">Interface<\/td>\n<td data-col-size=\"sm\" data-start=\"2029\" data-end=\"2054\">Comunica\u00e7\u00e3o<\/td>\n<td data-col-size=\"md\" data-start=\"2054\" data-end=\"2104\">RFID UHF passivo<\/td>\n<\/tr>\n<tr data-start=\"2105\" data-end=\"2201\">\n<td data-start=\"2105\" data-end=\"2126\" data-col-size=\"sm\">Fator de forma<\/td>\n<td data-start=\"2126\" data-end=\"2151\" data-col-size=\"sm\">Tipo<\/td>\n<td data-start=\"2151\" data-end=\"2201\" data-col-size=\"md\">Mini etiqueta met\u00e1lica<\/td>\n<\/tr>\n<tr data-start=\"2202\" data-end=\"2298\">\n<td data-start=\"2202\" data-end=\"2223\" data-col-size=\"sm\">Embalagem<\/td>\n<td data-col-size=\"sm\" data-start=\"2223\" data-end=\"2248\">Fornecer<\/td>\n<td data-col-size=\"md\" data-start=\"2248\" data-end=\"2298\">Caixas de embalagem<\/td>\n<\/tr>\n<tr data-start=\"2299\" data-end=\"2395\">\n<td data-start=\"2299\" data-end=\"2320\" data-col-size=\"sm\">Origem<\/td>\n<td data-col-size=\"sm\" data-start=\"2320\" data-end=\"2345\">Local de origem<\/td>\n<td data-col-size=\"md\" data-start=\"2345\" data-end=\"2395\">Guangdong, China<\/td>\n<\/tr>\n<tr data-start=\"2396\" data-end=\"2492\">\n<td data-start=\"2396\" data-end=\"2417\" data-col-size=\"sm\">Aplica\u00e7\u00f5es<\/td>\n<td data-col-size=\"sm\" data-start=\"2417\" data-end=\"2442\">Casos de uso t\u00edpicos<\/td>\n<td data-col-size=\"md\" data-start=\"2442\" data-end=\"2492\">Controle de acesso, hotel, log\u00edstica, invent\u00e1rio<\/td>\n<\/tr>\n<\/tbody>\n<\/table>\n<\/div>\n<\/div>","protected":false},"excerpt":{"rendered":"<p>Etiqueta anti-metal UHF ABS regrav\u00e1vel de longo alcance (6\u201312 m) para ativos met\u00e1licos \u2014 EPC Gen2\/ISO 18000-6C, caixa \u00e0 prova d&#039;\u00e1gua e resistente \u00e0s intemp\u00e9ries e formato compacto para rastreamento industrial.<\/p>","protected":false},"featured_media":876,"template":"","meta":{"_gspb_post_css":""},"product_brand":[],"product_cat":[24,26],"product_tag":[],"class_list":{"0":"post-873","1":"product","2":"type-product","3":"status-publish","4":"has-post-thumbnail","6":"product_cat-rfid-tags","7":"product_cat-anti-metal-abs-uhf-rfid-tags","9":"first","10":"instock","11":"shipping-taxable","12":"purchasable","13":"product-type-simple"},"_links":{"self":[{"href":"https:\/\/www.cxjsmartcard.com\/pt\/wp-json\/wp\/v2\/product\/873","targetHints":{"allow":["GET"]}}],"collection":[{"href":"https:\/\/www.cxjsmartcard.com\/pt\/wp-json\/wp\/v2\/product"}],"about":[{"href":"https:\/\/www.cxjsmartcard.com\/pt\/wp-json\/wp\/v2\/types\/product"}],"wp:featuredmedia":[{"embeddable":true,"href":"https:\/\/www.cxjsmartcard.com\/pt\/wp-json\/wp\/v2\/media\/876"}],"wp:attachment":[{"href":"https:\/\/www.cxjsmartcard.com\/pt\/wp-json\/wp\/v2\/media?parent=873"}],"wp:term":[{"taxonomy":"product_brand","embeddable":true,"href":"https:\/\/www.cxjsmartcard.com\/pt\/wp-json\/wp\/v2\/product_brand?post=873"},{"taxonomy":"product_cat","embeddable":true,"href":"https:\/\/www.cxjsmartcard.com\/pt\/wp-json\/wp\/v2\/product_cat?post=873"},{"taxonomy":"product_tag","embeddable":true,"href":"https:\/\/www.cxjsmartcard.com\/pt\/wp-json\/wp\/v2\/product_tag?post=873"}],"curies":[{"name":"wp","href":"https:\/\/api.w.org\/{rel}","templated":true}]}}