{"id":868,"date":"2025-11-03T08:53:46","date_gmt":"2025-11-03T08:53:46","guid":{"rendered":"https:\/\/www.cxjsmartcard.com\/?post_type=product&#038;p=868"},"modified":"2025-12-29T01:27:08","modified_gmt":"2025-12-29T01:27:08","slug":"860-960mhz-uhf-anti-metal-abs-rfid-tag","status":"publish","type":"product","link":"https:\/\/www.cxjsmartcard.com\/pt\/860-960mhz-uhf-anti-metal-abs-rfid-tag\/","title":{"rendered":"Etiqueta RFID UHF anti-metal em ABS"},"content":{"rendered":"<p data-start=\"50\" data-end=\"354\">Etiqueta UHF antimetal robusta, projetada para ativos, paletes e equipamentos met\u00e1licos. A carca\u00e7a em ABS com amortecimento interno mant\u00e9m o desempenho de leitura em metal, resistindo \u00e0 \u00e1gua, impactos e produtos qu\u00edmicos. A dist\u00e2ncia de leitura t\u00edpica \u00e9 de at\u00e9 8 m em sistemas UHF sintonizados (dependendo do ambiente\/leitor).<\/p>\n<p data-start=\"356\" data-end=\"374\"><strong data-start=\"356\" data-end=\"372\">Principais caracter\u00edsticas<\/strong><\/p>\n<ul data-start=\"375\" data-end=\"713\">\n<li data-start=\"375\" data-end=\"427\">\n<p data-start=\"377\" data-end=\"427\">860\u2013960 MHz, Classe EPC 1 Gen2 (ISO\/IEC 18000-6C)<\/p>\n<\/li>\n<li data-start=\"428\" data-end=\"495\">\n<p data-start=\"430\" data-end=\"495\">Estrutura interna em ABS com esponja; \u00e0 prova d&#039;\u00e1gua\/resistente \u00e0s intemp\u00e9ries (IP65)<\/p>\n<\/li>\n<li data-start=\"496\" data-end=\"539\">\n<p data-start=\"498\" data-end=\"539\">Alcance de leitura de at\u00e9 8 m; leitura de m\u00faltiplas etiquetas.<\/p>\n<\/li>\n<li data-start=\"540\" data-end=\"590\">\n<p data-start=\"542\" data-end=\"590\">Op\u00e7\u00f5es de chip: Alien H3; Impinj M4D\/M4E\/M4QT\/M5<\/p>\n<\/li>\n<li data-start=\"591\" data-end=\"642\">\n<p data-start=\"593\" data-end=\"642\">\u2265100.000 ciclos de grava\u00e7\u00e3o; &gt;10 anos de reten\u00e7\u00e3o de dados<\/p>\n<\/li>\n<li data-start=\"643\" data-end=\"713\">\n<p data-start=\"645\" data-end=\"713\">Montagem com parafusos ou adesivo industrial; suporta impress\u00e3o\/codifica\u00e7\u00e3o.<\/p>\n<\/li>\n<\/ul>\n<p data-start=\"715\" data-end=\"859\"><strong data-start=\"715\" data-end=\"731\">Aplica\u00e7\u00f5es<\/strong><br data-start=\"731\" data-end=\"734\" \/>Rastreamento de armaz\u00e9ns e paletes \u2022 Gest\u00e3o de ativos industriais \u2022 Etiquetagem de prateleiras e equipamentos \u2022 Rastreamento de ativos met\u00e1licos em ambientes externos.<\/p>\n<h2 data-start=\"861\" data-end=\"886\">Tabela (Especifica\u00e7\u00f5es)<\/h2>\n<div class=\"_tableContainer_1rjym_1\">\n<div class=\"group _tableWrapper_1rjym_13 flex w-fit flex-col-reverse\" tabindex=\"-1\">\n<table class=\"w-fit min-w-(--thread-content-width)\" data-start=\"888\" data-end=\"3241\">\n<thead data-start=\"888\" data-end=\"999\">\n<tr data-start=\"888\" data-end=\"999\">\n<th data-start=\"888\" data-end=\"910\" data-col-size=\"sm\">Categoria<\/th>\n<th data-start=\"910\" data-end=\"934\" data-col-size=\"sm\">Par\u00e2metro<\/th>\n<th data-start=\"934\" data-end=\"999\" data-col-size=\"md\">Valor<\/th>\n<\/tr>\n<\/thead>\n<tbody data-start=\"1112\" data-end=\"3241\">\n<tr data-start=\"1112\" data-end=\"1223\">\n<td data-start=\"1112\" data-end=\"1134\" data-col-size=\"sm\">Produto<\/td>\n<td data-col-size=\"sm\" data-start=\"1134\" data-end=\"1158\">Nome<\/td>\n<td data-col-size=\"md\" data-start=\"1158\" data-end=\"1223\">Etiqueta RFID UHF anti-metal em ABS<\/td>\n<\/tr>\n<tr data-start=\"1224\" data-end=\"1335\">\n<td data-start=\"1224\" data-end=\"1246\" data-col-size=\"sm\">RF<\/td>\n<td data-col-size=\"sm\" data-start=\"1246\" data-end=\"1270\">Freq\u00fc\u00eancia<\/td>\n<td data-col-size=\"md\" data-start=\"1270\" data-end=\"1335\">860\u2013960 MHz (UHF); variante opcional de 13,56 MHz<\/td>\n<\/tr>\n<tr data-start=\"1336\" data-end=\"1447\">\n<td data-start=\"1336\" data-end=\"1358\" data-col-size=\"sm\"><\/td>\n<td data-col-size=\"sm\" data-start=\"1358\" data-end=\"1382\">Protocolo<\/td>\n<td data-col-size=\"md\" data-start=\"1382\" data-end=\"1447\">EPC Classe 1 Gen2 \/ ISO\/IEC 18000-6C<\/td>\n<\/tr>\n<tr data-start=\"1448\" data-end=\"1559\">\n<td data-start=\"1448\" data-end=\"1470\" data-col-size=\"sm\">Op\u00e7\u00f5es de CI<\/td>\n<td data-col-size=\"sm\" data-start=\"1470\" data-end=\"1494\">Batatas fritas<\/td>\n<td data-col-size=\"md\" data-start=\"1494\" data-end=\"1559\">Estrangeiro H3; Impinj M4D\/M4E\/M4QT\/M5<\/td>\n<\/tr>\n<tr data-start=\"1560\" data-end=\"1671\">\n<td data-start=\"1560\" data-end=\"1582\" data-col-size=\"sm\">Antena<\/td>\n<td data-col-size=\"sm\" data-start=\"1582\" data-end=\"1606\">Tipo<\/td>\n<td data-col-size=\"md\" data-start=\"1606\" data-end=\"1671\">Alum\u00ednio gravado<\/td>\n<\/tr>\n<tr data-start=\"1672\" data-end=\"1783\">\n<td data-start=\"1672\" data-end=\"1694\" data-col-size=\"sm\">Mec\u00e2nica<\/td>\n<td data-col-size=\"sm\" data-start=\"1694\" data-end=\"1718\">Material de constru\u00e7\u00e3o<\/td>\n<td data-col-size=\"md\" data-start=\"1718\" data-end=\"1783\">ABS + esponja de gelatina<\/td>\n<\/tr>\n<tr data-start=\"1784\" data-end=\"1895\">\n<td data-start=\"1784\" data-end=\"1806\" data-col-size=\"sm\">Dimens\u00f5es<\/td>\n<td data-col-size=\"sm\" data-start=\"1806\" data-end=\"1830\">Tamanho<\/td>\n<td data-col-size=\"md\" data-start=\"1830\" data-end=\"1895\">125 \u00d7 21,5 \u00d7 12,5 mm (personaliz\u00e1vel)<\/td>\n<\/tr>\n<tr data-start=\"1896\" data-end=\"2007\">\n<td data-start=\"1896\" data-end=\"1918\" data-col-size=\"sm\">Desempenho<\/td>\n<td data-col-size=\"sm\" data-start=\"1918\" data-end=\"1942\">Dist\u00e2ncia de leitura<\/td>\n<td data-col-size=\"md\" data-start=\"1942\" data-end=\"2007\">At\u00e9 8 m (dependendo do leitor\/ambiente)<\/td>\n<\/tr>\n<tr data-start=\"2008\" data-end=\"2119\">\n<td data-start=\"2008\" data-end=\"2030\" data-col-size=\"sm\">Resist\u00eancia<\/td>\n<td data-col-size=\"sm\" data-start=\"2030\" data-end=\"2054\">Ciclos de escrita<\/td>\n<td data-col-size=\"md\" data-start=\"2054\" data-end=\"2119\">\u2265100.000<\/td>\n<\/tr>\n<tr data-start=\"2120\" data-end=\"2231\">\n<td data-start=\"2120\" data-end=\"2142\" data-col-size=\"sm\">Dados<\/td>\n<td data-col-size=\"sm\" data-start=\"2142\" data-end=\"2166\">Reten\u00e7\u00e3o<\/td>\n<td data-col-size=\"md\" data-start=\"2166\" data-end=\"2231\">&gt;10 anos<\/td>\n<\/tr>\n<tr data-start=\"2232\" data-end=\"2343\">\n<td data-start=\"2232\" data-end=\"2254\" data-col-size=\"sm\">Ambiente<\/td>\n<td data-start=\"2254\" data-end=\"2278\" data-col-size=\"sm\">Temperatura de opera\u00e7\u00e3o<\/td>\n<td data-col-size=\"md\" data-start=\"2278\" data-end=\"2343\">\u221225 \u2103 a +55 \u2103<\/td>\n<\/tr>\n<tr data-start=\"2344\" data-end=\"2455\">\n<td data-start=\"2344\" data-end=\"2366\" data-col-size=\"sm\"><\/td>\n<td data-col-size=\"sm\" data-start=\"2366\" data-end=\"2390\">Temperatura de armazenamento<\/td>\n<td data-col-size=\"md\" data-start=\"2390\" data-end=\"2455\">\u221235 \u2103 a +75 \u2103<\/td>\n<\/tr>\n<tr data-start=\"2456\" data-end=\"2567\">\n<td data-start=\"2456\" data-end=\"2478\" data-col-size=\"sm\">Prote\u00e7\u00e3o<\/td>\n<td data-col-size=\"sm\" data-start=\"2478\" data-end=\"2502\">Classifica\u00e7\u00e3o de entrada<\/td>\n<td data-col-size=\"md\" data-start=\"2502\" data-end=\"2567\">IP65 (\u00e0 prova d&#039;\u00e1gua\/resistente \u00e0s intemp\u00e9ries)<\/td>\n<\/tr>\n<tr data-start=\"2568\" data-end=\"2680\">\n<td data-start=\"2568\" data-end=\"2590\" data-col-size=\"sm\">Montagem<\/td>\n<td data-col-size=\"sm\" data-start=\"2590\" data-end=\"2614\">M\u00e9todos<\/td>\n<td data-col-size=\"md\" data-start=\"2614\" data-end=\"2680\">Parafusos ou adesivo industrial<\/td>\n<\/tr>\n<tr data-start=\"2681\" data-end=\"2793\">\n<td data-start=\"2681\" data-end=\"2703\" data-col-size=\"sm\">Personaliza\u00e7\u00e3o<\/td>\n<td data-col-size=\"sm\" data-start=\"2703\" data-end=\"2727\">Op\u00e7\u00f5es de artesanato<\/td>\n<td data-col-size=\"md\" data-start=\"2727\" data-end=\"2793\">Impress\u00e3o serigr\u00e1fica\/jato de tinta; codifica\u00e7\u00e3o<\/td>\n<\/tr>\n<tr data-start=\"2794\" data-end=\"2905\">\n<td data-start=\"2794\" data-end=\"2816\" data-col-size=\"sm\">Embalagem<\/td>\n<td data-start=\"2816\" data-end=\"2840\" data-col-size=\"sm\">Quantidade por pacote<\/td>\n<td data-col-size=\"md\" data-start=\"2840\" data-end=\"2905\">10 unidades por pacote; 500 unidades por caixa<\/td>\n<\/tr>\n<tr data-start=\"2906\" data-end=\"3017\">\n<td data-start=\"2906\" data-end=\"2928\" data-col-size=\"sm\">MOQ<\/td>\n<td data-start=\"2928\" data-end=\"2952\" data-col-size=\"sm\">Pedido m\u00ednimo<\/td>\n<td data-col-size=\"md\" data-start=\"2952\" data-end=\"3017\">100 unidades<\/td>\n<\/tr>\n<tr data-start=\"3018\" data-end=\"3129\">\n<td data-start=\"3018\" data-end=\"3040\" data-col-size=\"sm\">Origem<\/td>\n<td data-col-size=\"sm\" data-start=\"3040\" data-end=\"3064\">Local de origem<\/td>\n<td data-col-size=\"md\" data-start=\"3064\" data-end=\"3129\">Guangdong, China<\/td>\n<\/tr>\n<tr data-start=\"3130\" data-end=\"3241\">\n<td data-start=\"3130\" data-end=\"3152\" data-col-size=\"sm\">Casos de uso<\/td>\n<td data-col-size=\"sm\" data-start=\"3152\" data-end=\"3176\">Aplica\u00e7\u00f5es<\/td>\n<td data-col-size=\"md\" data-start=\"3176\" data-end=\"3241\">Armaz\u00e9m, palete, prateleira, equipamento, ativos met\u00e1licos externos<\/td>\n<\/tr>\n<\/tbody>\n<\/table>\n<\/div>\n<\/div>","protected":false},"excerpt":{"rendered":"<p>Etiqueta UHF anti-metal robusta em ABS \u2014 IP65, alcance de leitura de at\u00e9 8 m, EPC Gen2 e montagem com parafuso\/adesivo para paletes, equipamentos e ativos met\u00e1licos externos.<\/p>","protected":false},"featured_media":869,"template":"","meta":{"_gspb_post_css":""},"product_brand":[],"product_cat":[24,26],"product_tag":[],"class_list":{"0":"post-868","1":"product","2":"type-product","3":"status-publish","4":"has-post-thumbnail","6":"product_cat-rfid-tags","7":"product_cat-anti-metal-abs-uhf-rfid-tags","9":"first","10":"instock","11":"shipping-taxable","12":"purchasable","13":"product-type-simple"},"_links":{"self":[{"href":"https:\/\/www.cxjsmartcard.com\/pt\/wp-json\/wp\/v2\/product\/868","targetHints":{"allow":["GET"]}}],"collection":[{"href":"https:\/\/www.cxjsmartcard.com\/pt\/wp-json\/wp\/v2\/product"}],"about":[{"href":"https:\/\/www.cxjsmartcard.com\/pt\/wp-json\/wp\/v2\/types\/product"}],"wp:featuredmedia":[{"embeddable":true,"href":"https:\/\/www.cxjsmartcard.com\/pt\/wp-json\/wp\/v2\/media\/869"}],"wp:attachment":[{"href":"https:\/\/www.cxjsmartcard.com\/pt\/wp-json\/wp\/v2\/media?parent=868"}],"wp:term":[{"taxonomy":"product_brand","embeddable":true,"href":"https:\/\/www.cxjsmartcard.com\/pt\/wp-json\/wp\/v2\/product_brand?post=868"},{"taxonomy":"product_cat","embeddable":true,"href":"https:\/\/www.cxjsmartcard.com\/pt\/wp-json\/wp\/v2\/product_cat?post=868"},{"taxonomy":"product_tag","embeddable":true,"href":"https:\/\/www.cxjsmartcard.com\/pt\/wp-json\/wp\/v2\/product_tag?post=868"}],"curies":[{"name":"wp","href":"https:\/\/api.w.org\/{rel}","templated":true}]}}