{"id":867,"date":"2025-11-03T08:51:49","date_gmt":"2025-11-03T08:51:49","guid":{"rendered":"https:\/\/www.cxjsmartcard.com\/?post_type=product&#038;p=867"},"modified":"2025-12-29T01:27:08","modified_gmt":"2025-12-29T01:27:08","slug":"rfid-animal-transponder-glass-tube-tag-pet-identification-microchip","status":"publish","type":"product","link":"https:\/\/www.cxjsmartcard.com\/pt\/rfid-animal-transponder-glass-tube-tag-pet-identification-microchip\/","title":{"rendered":"Etiqueta RFID com Transponder para Animais em Tubo de Vidro \u2013 Microchip para Identifica\u00e7\u00e3o de Animais de Estima\u00e7\u00e3o"},"content":{"rendered":"<p data-start=\"81\" data-end=\"343\">Microchip LF encapsulado em vidro para identifica\u00e7\u00e3o permanente e recupera\u00e7\u00e3o de animais de estima\u00e7\u00e3o. O transponder passivo (aproximadamente do tamanho de um gr\u00e3o de arroz) \u00e9 injetado por via subcut\u00e2nea e lido por scanners compat\u00edveis com a norma ISO, utilizados em cl\u00ednicas, abrigos e centros de controle animal.<\/p>\n<p data-start=\"345\" data-end=\"553\"><strong data-start=\"345\" data-end=\"361\">Como funciona<\/strong><br data-start=\"361\" data-end=\"364\" \/>Cada seringa est\u00e9ril cont\u00e9m um microchip de identifica\u00e7\u00e3o exclusivo. Quando um animal de estima\u00e7\u00e3o \u00e9 escaneado, o c\u00f3digo de 15 d\u00edgitos \u00e9 lido a curta dist\u00e2ncia e comparado aos registros de cadastro para ajudar a reunir os animais com seus donos.<\/p>\n<p data-start=\"555\" data-end=\"573\"><strong data-start=\"555\" data-end=\"571\">Principais caracter\u00edsticas<\/strong><\/p>\n<ul data-start=\"574\" data-end=\"917\">\n<li data-start=\"574\" data-end=\"620\">\n<p data-start=\"576\" data-end=\"620\">FDX-B 134,2 kHz, em conformidade com as normas ISO 11784\/11785.<\/p>\n<\/li>\n<li data-start=\"621\" data-end=\"669\">\n<p data-start=\"623\" data-end=\"669\">C\u00e1psula de biovidro medicinal com antena de cobre<\/p>\n<\/li>\n<li data-start=\"670\" data-end=\"714\">\n<p data-start=\"672\" data-end=\"714\">Esterilizado com g\u00e1s EO, com revestimento de parileno.<\/p>\n<\/li>\n<li data-start=\"715\" data-end=\"771\">\n<p data-start=\"717\" data-end=\"771\">Dist\u00e2ncia de leitura de at\u00e9 ~1\u201312 cm (dependendo do tamanho\/leitor)<\/p>\n<\/li>\n<li data-start=\"772\" data-end=\"840\">\n<p data-start=\"774\" data-end=\"840\">Elementos de design antibacterianos, antial\u00e9rgicos e que evitam a rejei\u00e7\u00e3o.<\/p>\n<\/li>\n<li data-start=\"841\" data-end=\"917\">\n<p data-start=\"843\" data-end=\"917\">Op\u00e7\u00f5es de ID aleat\u00f3rio ou personalizado; suporte opcional para NFC (dependendo do fluxo de trabalho).<\/p>\n<\/li>\n<\/ul>\n<p data-start=\"919\" data-end=\"1042\"><strong data-start=\"919\" data-end=\"938\">O que est\u00e1 inclu\u00eddo<\/strong><br data-start=\"938\" data-end=\"941\" \/>Seringa est\u00e9ril de polipropileno pr\u00e9-carregada contendo o microchip \u2014 pronta para implanta\u00e7\u00e3o profissional.<\/p>\n<h2 data-start=\"1044\" data-end=\"1069\">Tabela (Especifica\u00e7\u00f5es)<\/h2>\n<div class=\"_tableContainer_1rjym_1\">\n<div class=\"group _tableWrapper_1rjym_13 flex w-fit flex-col-reverse\" tabindex=\"-1\">\n<table class=\"w-fit min-w-(--thread-content-width)\" data-start=\"1071\" data-end=\"2736\">\n<thead data-start=\"1071\" data-end=\"1168\">\n<tr data-start=\"1071\" data-end=\"1168\">\n<th data-start=\"1071\" data-end=\"1089\" data-col-size=\"sm\">Categoria<\/th>\n<th data-start=\"1089\" data-end=\"1113\" data-col-size=\"sm\">Par\u00e2metro<\/th>\n<th data-start=\"1113\" data-end=\"1168\" data-col-size=\"md\">Valor<\/th>\n<\/tr>\n<\/thead>\n<tbody data-start=\"1267\" data-end=\"2736\">\n<tr data-start=\"1267\" data-end=\"1364\">\n<td data-start=\"1267\" data-end=\"1285\" data-col-size=\"sm\">Produto<\/td>\n<td data-col-size=\"sm\" data-start=\"1285\" data-end=\"1309\">Tipo<\/td>\n<td data-col-size=\"md\" data-start=\"1309\" data-end=\"1364\">Etiqueta RFID para tubo de vidro com microchip para animais<\/td>\n<\/tr>\n<tr data-start=\"1365\" data-end=\"1462\">\n<td data-start=\"1365\" data-end=\"1383\" data-col-size=\"sm\">Freq\u00fc\u00eancia<\/td>\n<td data-col-size=\"sm\" data-start=\"1383\" data-end=\"1407\">LF<\/td>\n<td data-col-size=\"md\" data-start=\"1407\" data-end=\"1462\">134,2 kHz (FDX-B)<\/td>\n<\/tr>\n<tr data-start=\"1463\" data-end=\"1560\">\n<td data-start=\"1463\" data-end=\"1481\" data-col-size=\"sm\">Padr\u00f5es<\/td>\n<td data-col-size=\"sm\" data-start=\"1481\" data-end=\"1505\">Protocolo<\/td>\n<td data-col-size=\"md\" data-start=\"1505\" data-end=\"1560\">ISO 11784\/11785 (FDX-B)<\/td>\n<\/tr>\n<tr data-start=\"1561\" data-end=\"1658\">\n<td data-start=\"1561\" data-end=\"1579\" data-col-size=\"sm\">Chip<\/td>\n<td data-start=\"1579\" data-end=\"1603\" data-col-size=\"sm\">IC<\/td>\n<td data-col-size=\"md\" data-start=\"1603\" data-end=\"1658\">EM4305<\/td>\n<\/tr>\n<tr data-start=\"1659\" data-end=\"1756\">\n<td data-start=\"1659\" data-end=\"1677\" data-col-size=\"sm\">Dimens\u00f5es<\/td>\n<td data-col-size=\"sm\" data-start=\"1677\" data-end=\"1701\">Tamanhos<\/td>\n<td data-col-size=\"md\" data-start=\"1701\" data-end=\"1756\">1,25\u00d77 mm; 1,4\u00d78 mm; 2\u00d712 mm; 3\u00d715 mm<\/td>\n<\/tr>\n<tr data-start=\"1757\" data-end=\"1854\">\n<td data-start=\"1757\" data-end=\"1775\" data-col-size=\"sm\">Materiais<\/td>\n<td data-col-size=\"sm\" data-start=\"1775\" data-end=\"1799\">C\u00e1psula \/ Antena<\/td>\n<td data-col-size=\"md\" data-start=\"1799\" data-end=\"1854\">Biovidro medicinal \/ Cobre<\/td>\n<\/tr>\n<tr data-start=\"1855\" data-end=\"1952\">\n<td data-start=\"1855\" data-end=\"1873\" data-col-size=\"sm\">Revestimento<\/td>\n<td data-col-size=\"sm\" data-start=\"1873\" data-end=\"1897\">Parileno<\/td>\n<td data-col-size=\"md\" data-start=\"1897\" data-end=\"1952\">Sim<\/td>\n<\/tr>\n<tr data-start=\"1953\" data-end=\"2050\">\n<td data-start=\"1953\" data-end=\"1971\" data-col-size=\"sm\">Esteriliza\u00e7\u00e3o<\/td>\n<td data-col-size=\"sm\" data-start=\"1971\" data-end=\"1995\">M\u00e9todo<\/td>\n<td data-col-size=\"md\" data-start=\"1995\" data-end=\"2050\">G\u00e1s \u00f3xido de etileno (EO)<\/td>\n<\/tr>\n<tr data-start=\"2051\" data-end=\"2148\">\n<td data-start=\"2051\" data-end=\"2069\" data-col-size=\"sm\">Op\u00e7\u00f5es de ID<\/td>\n<td data-col-size=\"sm\" data-start=\"2069\" data-end=\"2093\">Numera\u00e7\u00e3o<\/td>\n<td data-col-size=\"md\" data-start=\"2093\" data-end=\"2148\">ID aleat\u00f3rio ou ID personalizado<\/td>\n<\/tr>\n<tr data-start=\"2149\" data-end=\"2246\">\n<td data-start=\"2149\" data-end=\"2167\" data-col-size=\"sm\">Desempenho<\/td>\n<td data-col-size=\"sm\" data-start=\"2167\" data-end=\"2191\">Intervalo de leitura<\/td>\n<td data-col-size=\"md\" data-start=\"2191\" data-end=\"2246\">~1\u201312 cm (dependendo do tamanho da etiqueta e do leitor)<\/td>\n<\/tr>\n<tr data-start=\"2247\" data-end=\"2344\">\n<td data-start=\"2247\" data-end=\"2265\" data-col-size=\"sm\">Ambiente<\/td>\n<td data-start=\"2265\" data-end=\"2289\" data-col-size=\"sm\">Per\u00edodo de validade<\/td>\n<td data-col-size=\"md\" data-start=\"2289\" data-end=\"2344\">5 anos<\/td>\n<\/tr>\n<tr data-start=\"2345\" data-end=\"2442\">\n<td data-start=\"2345\" data-end=\"2363\" data-col-size=\"sm\">Entrega<\/td>\n<td data-col-size=\"sm\" data-start=\"2363\" data-end=\"2387\">Aplicador<\/td>\n<td data-col-size=\"md\" data-start=\"2387\" data-end=\"2442\">Seringa est\u00e9ril pr\u00e9-carregada (polipropileno)<\/td>\n<\/tr>\n<tr data-start=\"2443\" data-end=\"2540\">\n<td data-start=\"2443\" data-end=\"2461\" data-col-size=\"sm\">Opera\u00e7\u00e3o<\/td>\n<td data-col-size=\"sm\" data-start=\"2461\" data-end=\"2485\">Poder<\/td>\n<td data-col-size=\"md\" data-start=\"2485\" data-end=\"2540\">Passivo (sem bateria)<\/td>\n<\/tr>\n<tr data-start=\"2541\" data-end=\"2638\">\n<td data-start=\"2541\" data-end=\"2559\" data-col-size=\"sm\">Aplicativo<\/td>\n<td data-col-size=\"sm\" data-start=\"2559\" data-end=\"2583\">Casos de uso<\/td>\n<td data-col-size=\"md\" data-start=\"2583\" data-end=\"2638\">Identifica\u00e7\u00e3o e gest\u00e3o de animais de estima\u00e7\u00e3o (c\u00e3es, gatos, peixes, animais ex\u00f3ticos)<\/td>\n<\/tr>\n<tr data-start=\"2639\" data-end=\"2736\">\n<td data-start=\"2639\" data-end=\"2657\" data-col-size=\"sm\">Extras<\/td>\n<td data-col-size=\"sm\" data-start=\"2657\" data-end=\"2681\">Caracter\u00edsticas de design<\/td>\n<td data-col-size=\"md\" data-start=\"2681\" data-end=\"2736\">Antibacteriano, antial\u00e9rgico, antirrejei\u00e7\u00e3o<\/td>\n<\/tr>\n<\/tbody>\n<\/table>\n<\/div>\n<\/div>","protected":false},"excerpt":{"rendered":"<p>Microchip LF para animais de estima\u00e7\u00e3o em vidro est\u00e9ril (FDX-B 134,2 kHz) com seringa pr\u00e9-carregada \u2014 em conformidade com as normas ISO 11784\/11785, leituras de 1 a 12 cm, c\u00e1psula de biovidro m\u00e9dico com revestimento de parileno.<\/p>","protected":false},"featured_media":861,"template":"","meta":{"_gspb_post_css":""},"product_brand":[],"product_cat":[25,24],"product_tag":[],"class_list":{"0":"post-867","1":"product","2":"type-product","3":"status-publish","4":"has-post-thumbnail","6":"product_cat-rfid-animal-glass-tube-tag-pets-microchip","7":"product_cat-rfid-tags","9":"first","10":"instock","11":"shipping-taxable","12":"purchasable","13":"product-type-simple"},"_links":{"self":[{"href":"https:\/\/www.cxjsmartcard.com\/pt\/wp-json\/wp\/v2\/product\/867","targetHints":{"allow":["GET"]}}],"collection":[{"href":"https:\/\/www.cxjsmartcard.com\/pt\/wp-json\/wp\/v2\/product"}],"about":[{"href":"https:\/\/www.cxjsmartcard.com\/pt\/wp-json\/wp\/v2\/types\/product"}],"wp:featuredmedia":[{"embeddable":true,"href":"https:\/\/www.cxjsmartcard.com\/pt\/wp-json\/wp\/v2\/media\/861"}],"wp:attachment":[{"href":"https:\/\/www.cxjsmartcard.com\/pt\/wp-json\/wp\/v2\/media?parent=867"}],"wp:term":[{"taxonomy":"product_brand","embeddable":true,"href":"https:\/\/www.cxjsmartcard.com\/pt\/wp-json\/wp\/v2\/product_brand?post=867"},{"taxonomy":"product_cat","embeddable":true,"href":"https:\/\/www.cxjsmartcard.com\/pt\/wp-json\/wp\/v2\/product_cat?post=867"},{"taxonomy":"product_tag","embeddable":true,"href":"https:\/\/www.cxjsmartcard.com\/pt\/wp-json\/wp\/v2\/product_tag?post=867"}],"curies":[{"name":"wp","href":"https:\/\/api.w.org\/{rel}","templated":true}]}}