{"id":866,"date":"2025-11-03T08:37:44","date_gmt":"2025-11-03T08:37:44","guid":{"rendered":"https:\/\/www.cxjsmartcard.com\/?post_type=product&#038;p=866"},"modified":"2025-12-29T01:27:08","modified_gmt":"2025-12-29T01:27:08","slug":"pet-chip-134khz-rfid-em4305-animal-tracking-microchip-with-applicator","status":"publish","type":"product","link":"https:\/\/www.cxjsmartcard.com\/pt\/pet-chip-134khz-rfid-em4305-animal-tracking-microchip-with-applicator\/","title":{"rendered":"Microchip para animais de estima\u00e7\u00e3o RFID EM4305 de 134kHz com aplicador."},"content":{"rendered":"<p data-start=\"81\" data-end=\"413\">Microchip LF para identifica\u00e7\u00e3o permanente e recupera\u00e7\u00e3o de animais. O microchip tem aproximadamente o tamanho de um gr\u00e3o de arroz e \u00e9 implantado por via subcut\u00e2nea com o aplicador incluso. Ap\u00f3s o registro, o c\u00f3digo de identifica\u00e7\u00e3o exclusivo de 15 d\u00edgitos do microchip vincula seu animal de estima\u00e7\u00e3o aos seus dados de contato, facilitando a reunifica\u00e7\u00e3o com veterin\u00e1rios, abrigos e servi\u00e7os de controle de animais.<\/p>\n<p data-start=\"415\" data-end=\"620\"><strong data-start=\"415\" data-end=\"439\">O que \u00e9 um microchip?<\/strong><br data-start=\"439\" data-end=\"442\" \/>Um procedimento r\u00e1pido e seguro realizado por um veterin\u00e1rio ou implantador treinado. O min\u00fasculo transponder passivo n\u00e3o requer bateria e foi projetado para durar toda a vida do animal.<\/p>\n<p data-start=\"622\" data-end=\"939\"><strong data-start=\"622\" data-end=\"657\">Como isso ajuda a reunir um animal de estima\u00e7\u00e3o perdido<\/strong><br data-start=\"657\" data-end=\"660\" \/>Quando um animal de estima\u00e7\u00e3o \u00e9 encontrado, um usu\u00e1rio autorizado escaneia o animal para ler o c\u00f3digo \u00fanico de 15 d\u00edgitos. O c\u00f3digo \u00e9 verificado no banco de dados de registro, que realiza uma verifica\u00e7\u00e3o de seguran\u00e7a antes de liberar as informa\u00e7\u00f5es de contato do propriet\u00e1rio para a parte autorizada, possibilitando um reencontro r\u00e1pido.<\/p>\n<p data-start=\"941\" data-end=\"958\"><strong data-start=\"941\" data-end=\"956\">Detalhes principais<\/strong><\/p>\n<ul data-start=\"959\" data-end=\"1313\">\n<li data-start=\"959\" data-end=\"1004\">\n<p data-start=\"961\" data-end=\"1004\"><strong data-start=\"961\" data-end=\"975\">Freq\u00fc\u00eancia:<\/strong> LF 125\/134,2 kHz (FDX\/HDX)<\/p>\n<\/li>\n<li data-start=\"1005\" data-end=\"1032\">\n<p data-start=\"1007\" data-end=\"1032\"><strong data-start=\"1007\" data-end=\"1023\">Op\u00e7\u00e3o de chip:<\/strong> EM4305<\/p>\n<\/li>\n<li data-start=\"1033\" data-end=\"1121\">\n<p data-start=\"1035\" data-end=\"1121\"><strong data-start=\"1035\" data-end=\"1050\">Intervalo de leitura:<\/strong> LF 1\u201310 cm (dependendo do leitor); HF 1\u20133 cm (quando usado com sistemas HF)<\/p>\n<\/li>\n<li data-start=\"1122\" data-end=\"1202\">\n<p data-start=\"1124\" data-end=\"1202\"><strong data-start=\"1124\" data-end=\"1138\">Padr\u00f5es:<\/strong> ISO 11784\/11785 (FDX\/HDX); ISO 15693 (compatibilidade com HF observada)<\/p>\n<\/li>\n<li data-start=\"1203\" data-end=\"1313\">\n<p data-start=\"1205\" data-end=\"1313\"><strong data-start=\"1205\" data-end=\"1219\">Casos de uso:<\/strong> Gest\u00e3o e identifica\u00e7\u00e3o de animais de estima\u00e7\u00e3o (c\u00e3es, gatos, peixes) e animais selvagens\/ex\u00f3ticos (ex.: tigre, le\u00e3o)<\/p>\n<\/li>\n<\/ul>\n<p data-start=\"1315\" data-end=\"1406\"><strong data-start=\"1315\" data-end=\"1335\">O pacote inclui<\/strong><br data-start=\"1335\" data-end=\"1338\" \/>Seringa est\u00e9ril pr\u00e9-carregada com o microchip, pronta para implanta\u00e7\u00e3o.<\/p>\n<h2 data-start=\"1408\" data-end=\"1433\">Tabela (Especifica\u00e7\u00f5es)<\/h2>\n<div class=\"_tableContainer_1rjym_1\">\n<div class=\"group _tableWrapper_1rjym_13 flex w-fit flex-col-reverse\" tabindex=\"-1\">\n<table class=\"w-fit min-w-(--thread-content-width)\" data-start=\"1435\" data-end=\"3047\">\n<thead data-start=\"1435\" data-end=\"1549\">\n<tr data-start=\"1435\" data-end=\"1549\">\n<th data-start=\"1435\" data-end=\"1453\" data-col-size=\"sm\">Categoria<\/th>\n<th data-start=\"1453\" data-end=\"1476\" data-col-size=\"sm\">Par\u00e2metro<\/th>\n<th data-start=\"1476\" data-end=\"1549\" data-col-size=\"md\">Valor<\/th>\n<\/tr>\n<\/thead>\n<tbody data-start=\"1665\" data-end=\"3047\">\n<tr data-start=\"1665\" data-end=\"1779\">\n<td data-start=\"1665\" data-end=\"1683\" data-col-size=\"sm\">Produto<\/td>\n<td data-col-size=\"sm\" data-start=\"1683\" data-end=\"1706\">Tipo<\/td>\n<td data-col-size=\"md\" data-start=\"1706\" data-end=\"1779\">Microchip RFID LF para animais com aplicador<\/td>\n<\/tr>\n<tr data-start=\"1780\" data-end=\"1894\">\n<td data-start=\"1780\" data-end=\"1798\" data-col-size=\"sm\">Freq\u00fc\u00eancia<\/td>\n<td data-col-size=\"sm\" data-start=\"1798\" data-end=\"1821\">LF<\/td>\n<td data-col-size=\"md\" data-start=\"1821\" data-end=\"1894\">125\/134,2 kHz (FDX\/HDX)<\/td>\n<\/tr>\n<tr data-start=\"1895\" data-end=\"2010\">\n<td data-start=\"1895\" data-end=\"1913\" data-col-size=\"sm\">Chip<\/td>\n<td data-col-size=\"sm\" data-start=\"1913\" data-end=\"1936\">IC<\/td>\n<td data-col-size=\"md\" data-start=\"1936\" data-end=\"2010\">EM4305<\/td>\n<\/tr>\n<tr data-start=\"2011\" data-end=\"2125\">\n<td data-start=\"2011\" data-end=\"2029\" data-col-size=\"sm\">Protocolos<\/td>\n<td data-col-size=\"sm\" data-start=\"2029\" data-end=\"2052\">Conformidade<\/td>\n<td data-col-size=\"md\" data-start=\"2052\" data-end=\"2125\">ISO 11784\/11785 (FDX\/HDX); ISO 15693 (fluxos de trabalho HF)<\/td>\n<\/tr>\n<tr data-start=\"2126\" data-end=\"2240\">\n<td data-start=\"2126\" data-end=\"2144\" data-col-size=\"sm\">Tamanhos<\/td>\n<td data-col-size=\"sm\" data-start=\"2144\" data-end=\"2167\">Dimens\u00f5es da c\u00e1psula<\/td>\n<td data-col-size=\"md\" data-start=\"2167\" data-end=\"2240\">1,25\u00d77 mm; 1,4\u00d78 mm; 2,12\u00d78 mm; 2,12\u00d712 mm; 3\u00d715 mm; 4\u00d732 mm; sob medida<\/td>\n<\/tr>\n<tr data-start=\"2241\" data-end=\"2355\">\n<td data-start=\"2241\" data-end=\"2259\" data-col-size=\"sm\">Desempenho<\/td>\n<td data-col-size=\"sm\" data-start=\"2259\" data-end=\"2282\">Dist\u00e2ncia de leitura<\/td>\n<td data-col-size=\"md\" data-start=\"2282\" data-end=\"2355\">LF 1\u201310 cm; HF 1\u20133 cm<\/td>\n<\/tr>\n<tr data-start=\"2356\" data-end=\"2471\">\n<td data-start=\"2356\" data-end=\"2374\" data-col-size=\"sm\">Ambiente<\/td>\n<td data-start=\"2374\" data-end=\"2397\" data-col-size=\"sm\">Temperatura de trabalho<\/td>\n<td data-col-size=\"md\" data-start=\"2397\" data-end=\"2471\">20 \u2103 a 50 \u2103<\/td>\n<\/tr>\n<tr data-start=\"2472\" data-end=\"2587\">\n<td data-start=\"2472\" data-end=\"2490\" data-col-size=\"sm\"><\/td>\n<td data-start=\"2490\" data-end=\"2513\" data-col-size=\"sm\">Temperatura de armazenamento<\/td>\n<td data-col-size=\"md\" data-start=\"2513\" data-end=\"2587\">\u221240 \u2103 a +70 \u2103<\/td>\n<\/tr>\n<tr data-start=\"2588\" data-end=\"2702\">\n<td data-start=\"2588\" data-end=\"2606\" data-col-size=\"sm\">Entrega<\/td>\n<td data-col-size=\"sm\" data-start=\"2606\" data-end=\"2629\">Formatar<\/td>\n<td data-col-size=\"md\" data-start=\"2629\" data-end=\"2702\">Seringa est\u00e9ril pr\u00e9-carregada (aplicador)<\/td>\n<\/tr>\n<tr data-start=\"2703\" data-end=\"2817\">\n<td data-start=\"2703\" data-end=\"2721\" data-col-size=\"sm\">Opera\u00e7\u00e3o<\/td>\n<td data-start=\"2721\" data-end=\"2744\" data-col-size=\"sm\">Poder<\/td>\n<td data-start=\"2744\" data-end=\"2817\" data-col-size=\"md\">Passivo (sem bateria)<\/td>\n<\/tr>\n<tr data-start=\"2818\" data-end=\"2932\">\n<td data-start=\"2818\" data-end=\"2836\" data-col-size=\"sm\">Aplicativo<\/td>\n<td data-start=\"2836\" data-end=\"2859\" data-col-size=\"sm\">Animais<\/td>\n<td data-start=\"2859\" data-end=\"2932\" data-col-size=\"md\">C\u00e3es, gatos, peixes e outras esp\u00e9cies<\/td>\n<\/tr>\n<tr data-start=\"2933\" data-end=\"3047\">\n<td data-start=\"2933\" data-end=\"2951\" data-col-size=\"sm\">Fun\u00e7\u00e3o<\/td>\n<td data-start=\"2951\" data-end=\"2974\" data-col-size=\"sm\">ID \u00fanico<\/td>\n<td data-col-size=\"md\" data-start=\"2974\" data-end=\"3047\">C\u00f3digo de 15 d\u00edgitos para registro e recupera\u00e7\u00e3o.<\/td>\n<\/tr>\n<\/tbody>\n<\/table>\n<\/div>\n<\/div>","protected":false},"excerpt":{"rendered":"<p>Microchip EM4305 para animais de estima\u00e7\u00e3o, LF 125\/134,2 kHz, com aplicador est\u00e9ril pr\u00e9-carregado \u2014 em conformidade com as normas ISO 11784\/11785, alcance de leitura de 1 a 10 cm, v\u00e1rios tamanhos para identifica\u00e7\u00e3o permanente de animais.<\/p>","protected":false},"featured_media":864,"template":"","meta":{"_gspb_post_css":""},"product_brand":[],"product_cat":[24,25],"product_tag":[],"class_list":{"0":"post-866","1":"product","2":"type-product","3":"status-publish","4":"has-post-thumbnail","6":"product_cat-rfid-tags","7":"product_cat-rfid-animal-glass-tube-tag-pets-microchip","9":"first","10":"instock","11":"shipping-taxable","12":"purchasable","13":"product-type-simple"},"_links":{"self":[{"href":"https:\/\/www.cxjsmartcard.com\/pt\/wp-json\/wp\/v2\/product\/866","targetHints":{"allow":["GET"]}}],"collection":[{"href":"https:\/\/www.cxjsmartcard.com\/pt\/wp-json\/wp\/v2\/product"}],"about":[{"href":"https:\/\/www.cxjsmartcard.com\/pt\/wp-json\/wp\/v2\/types\/product"}],"wp:featuredmedia":[{"embeddable":true,"href":"https:\/\/www.cxjsmartcard.com\/pt\/wp-json\/wp\/v2\/media\/864"}],"wp:attachment":[{"href":"https:\/\/www.cxjsmartcard.com\/pt\/wp-json\/wp\/v2\/media?parent=866"}],"wp:term":[{"taxonomy":"product_brand","embeddable":true,"href":"https:\/\/www.cxjsmartcard.com\/pt\/wp-json\/wp\/v2\/product_brand?post=866"},{"taxonomy":"product_cat","embeddable":true,"href":"https:\/\/www.cxjsmartcard.com\/pt\/wp-json\/wp\/v2\/product_cat?post=866"},{"taxonomy":"product_tag","embeddable":true,"href":"https:\/\/www.cxjsmartcard.com\/pt\/wp-json\/wp\/v2\/product_tag?post=866"}],"curies":[{"name":"wp","href":"https:\/\/api.w.org\/{rel}","templated":true}]}}