{"id":855,"date":"2025-11-03T08:32:04","date_gmt":"2025-11-03T08:32:04","guid":{"rendered":"https:\/\/www.cxjsmartcard.com\/?post_type=product&#038;p=855"},"modified":"2025-12-29T01:27:08","modified_gmt":"2025-12-29T01:27:08","slug":"uhf-rfid-inlay","status":"publish","type":"product","link":"https:\/\/www.cxjsmartcard.com\/pt\/uhf-rfid-inlay\/","title":{"rendered":"Inlay RFID UHF"},"content":{"rendered":"<p data-start=\"26\" data-end=\"302\">Inlays RFID UHF com antenas gravadas em PET e alum\u00ednio para sistemas de 860 a 960 MHz. Dispon\u00edveis nos formatos seco, \u00famido ou branco-\u00famido, convertem-se facilmente em etiquetas, ingressos, cart\u00f5es e tags para vestu\u00e1rio. A dist\u00e2ncia de leitura t\u00edpica \u00e9 de 1 a 10 metros (dependendo do leitor e do ambiente).<\/p>\n<p data-start=\"304\" data-end=\"322\"><strong data-start=\"304\" data-end=\"320\">Por que funciona<\/strong><\/p>\n<ul data-start=\"323\" data-end=\"723\">\n<li data-start=\"323\" data-end=\"398\">\n<p data-start=\"325\" data-end=\"398\"><strong data-start=\"325\" data-end=\"345\">Em conformidade com as normas:<\/strong> EPC Classe 1 Gen2 \/ ISO 18000-6C, opera\u00e7\u00e3o passiva<\/p>\n<\/li>\n<li data-start=\"399\" data-end=\"485\">\n<p data-start=\"401\" data-end=\"485\"><strong data-start=\"401\" data-end=\"419\">Constru\u00e7\u00e3o dur\u00e1vel:<\/strong> Constru\u00e7\u00f5es em PET ou papel revestido com antenas de alum\u00ednio gravado.<\/p>\n<\/li>\n<li data-start=\"486\" data-end=\"579\">\n<p data-start=\"488\" data-end=\"579\"><strong data-start=\"488\" data-end=\"509\">Formatos flex\u00edveis:<\/strong> Seco (lamina\u00e7\u00e3o), \u00famido (adesivo) e branco-\u00famido (superf\u00edcie imprim\u00edvel)<\/p>\n<\/li>\n<li data-start=\"580\" data-end=\"664\">\n<p data-start=\"582\" data-end=\"664\"><strong data-start=\"582\" data-end=\"606\">Adequado para produ\u00e7\u00e3o:<\/strong> Fornecido em rolos para convers\u00e3o e impress\u00e3o automatizadas.<\/p>\n<\/li>\n<li data-start=\"665\" data-end=\"723\">\n<p data-start=\"667\" data-end=\"723\"><strong data-start=\"667\" data-end=\"684\">Amostras gr\u00e1tis:<\/strong> Amostras em estoque dispon\u00edveis para teste.<\/p>\n<\/li>\n<\/ul>\n<p data-start=\"725\" data-end=\"876\"><strong data-start=\"725\" data-end=\"741\">Aplica\u00e7\u00f5es<\/strong><br data-start=\"741\" data-end=\"744\" \/>Log\u00edstica e gest\u00e3o de estoque \u2022 Etiquetagem de vestu\u00e1rio e cal\u00e7ados \u2022 Controle de acesso e credenciais para eventos \u2022 Etiquetagem de armaz\u00e9ns e c\u00e2maras frigor\u00edficas.<\/p>\n<h2 data-start=\"878\" data-end=\"903\">Tabela (Especifica\u00e7\u00f5es)<\/h2>\n<div class=\"_tableContainer_1rjym_1\">\n<div class=\"group _tableWrapper_1rjym_13 flex w-fit flex-col-reverse\" tabindex=\"-1\">\n<table class=\"w-fit min-w-(--thread-content-width)\" data-start=\"905\" data-end=\"2486\">\n<thead data-start=\"905\" data-end=\"1017\">\n<tr data-start=\"905\" data-end=\"1017\">\n<th data-start=\"905\" data-end=\"924\" data-col-size=\"sm\">Categoria<\/th>\n<th data-start=\"924\" data-end=\"944\" data-col-size=\"sm\">Par\u00e2metro<\/th>\n<th data-start=\"944\" data-end=\"1017\" data-col-size=\"md\">Valor<\/th>\n<\/tr>\n<\/thead>\n<tbody data-start=\"1131\" data-end=\"2486\">\n<tr data-start=\"1131\" data-end=\"1243\">\n<td data-start=\"1131\" data-end=\"1150\" data-col-size=\"sm\">RF<\/td>\n<td data-col-size=\"sm\" data-start=\"1150\" data-end=\"1170\">Freq\u00fc\u00eancia<\/td>\n<td data-col-size=\"md\" data-start=\"1170\" data-end=\"1243\">860\u2013960 MHz<\/td>\n<\/tr>\n<tr data-start=\"1244\" data-end=\"1356\">\n<td data-start=\"1244\" data-end=\"1263\" data-col-size=\"sm\"><\/td>\n<td data-col-size=\"sm\" data-start=\"1263\" data-end=\"1283\">Protocolo<\/td>\n<td data-col-size=\"md\" data-start=\"1283\" data-end=\"1356\">EPC Classe 1 Gen2 \/ ISO 18000-6C<\/td>\n<\/tr>\n<tr data-start=\"1357\" data-end=\"1469\">\n<td data-start=\"1357\" data-end=\"1376\" data-col-size=\"sm\">Antena<\/td>\n<td data-col-size=\"sm\" data-start=\"1376\" data-end=\"1396\">Tipo<\/td>\n<td data-col-size=\"md\" data-start=\"1396\" data-end=\"1469\">Alum\u00ednio gravado<\/td>\n<\/tr>\n<tr data-start=\"1470\" data-end=\"1582\">\n<td data-start=\"1470\" data-end=\"1489\" data-col-size=\"sm\">Constru\u00e7\u00e3o<\/td>\n<td data-col-size=\"sm\" data-start=\"1489\" data-end=\"1509\">Substrato<\/td>\n<td data-col-size=\"md\" data-start=\"1509\" data-end=\"1582\">PET; papel revestido<\/td>\n<\/tr>\n<tr data-start=\"1583\" data-end=\"1695\">\n<td data-start=\"1583\" data-end=\"1602\" data-col-size=\"sm\">Op\u00e7\u00f5es de CI<\/td>\n<td data-col-size=\"sm\" data-start=\"1602\" data-end=\"1622\">Batatas fritas<\/td>\n<td data-col-size=\"md\" data-start=\"1622\" data-end=\"1695\">Estrangeiro H3, H9, H10; U9, U10, U7M; MR6-P<\/td>\n<\/tr>\n<tr data-start=\"1696\" data-end=\"1808\">\n<td data-start=\"1696\" data-end=\"1715\" data-col-size=\"sm\">Desempenho<\/td>\n<td data-col-size=\"sm\" data-start=\"1715\" data-end=\"1735\">Intervalo de leitura<\/td>\n<td data-col-size=\"md\" data-start=\"1735\" data-end=\"1808\">1\u201310 m (dependendo do leitor\/ambiente)<\/td>\n<\/tr>\n<tr data-start=\"1809\" data-end=\"1921\">\n<td data-start=\"1809\" data-end=\"1828\" data-col-size=\"sm\">Formatos<\/td>\n<td data-start=\"1828\" data-end=\"1848\" data-col-size=\"sm\">Tipos de incrusta\u00e7\u00e3o<\/td>\n<td data-col-size=\"md\" data-start=\"1848\" data-end=\"1921\">Seco (lamina\u00e7\u00e3o); \u00damido (adesivo); Branco-\u00famido (adesivo imprim\u00edvel)<\/td>\n<\/tr>\n<tr data-start=\"1922\" data-end=\"2034\">\n<td data-start=\"1922\" data-end=\"1941\" data-col-size=\"sm\">Dimens\u00f5es<\/td>\n<td data-col-size=\"sm\" data-start=\"1941\" data-end=\"1961\">Op\u00e7\u00f5es de tamanho<\/td>\n<td data-col-size=\"md\" data-start=\"1961\" data-end=\"2034\">100\u00d715 mm; 99\u00d724 mm; 86\u00d754 mm; 80\u00d750 mm; 73\u00d723 mm<\/td>\n<\/tr>\n<tr data-start=\"2035\" data-end=\"2147\">\n<td data-start=\"2035\" data-end=\"2054\" data-col-size=\"sm\">Embalagem<\/td>\n<td data-start=\"2054\" data-end=\"2074\" data-col-size=\"sm\">Fornecer<\/td>\n<td data-col-size=\"md\" data-start=\"2074\" data-end=\"2147\">Formato de rolo para convers\u00e3o autom\u00e1tica<\/td>\n<\/tr>\n<tr data-start=\"2148\" data-end=\"2260\">\n<td data-start=\"2148\" data-end=\"2167\" data-col-size=\"sm\">Amostras<\/td>\n<td data-start=\"2167\" data-end=\"2187\" data-col-size=\"sm\">Disponibilidade<\/td>\n<td data-col-size=\"md\" data-start=\"2187\" data-end=\"2260\">Amostras gr\u00e1tis dispon\u00edveis em estoque<\/td>\n<\/tr>\n<tr data-start=\"2261\" data-end=\"2373\">\n<td data-start=\"2261\" data-end=\"2280\" data-col-size=\"sm\">Origem<\/td>\n<td data-start=\"2280\" data-end=\"2300\" data-col-size=\"sm\">Local de origem<\/td>\n<td data-col-size=\"md\" data-start=\"2300\" data-end=\"2373\">Guangdong, China<\/td>\n<\/tr>\n<tr data-start=\"2374\" data-end=\"2486\">\n<td data-start=\"2374\" data-end=\"2393\" data-col-size=\"sm\">Casos de uso<\/td>\n<td data-col-size=\"sm\" data-start=\"2393\" data-end=\"2413\">Aplica\u00e7\u00f5es<\/td>\n<td data-col-size=\"md\" data-start=\"2413\" data-end=\"2486\">Log\u00edstica, invent\u00e1rio, etiquetagem de vestu\u00e1rio, controle de acesso<\/td>\n<\/tr>\n<\/tbody>\n<\/table>\n<\/div>\n<\/div>","protected":false},"excerpt":{"rendered":"<p>Inlays RFID UHF (860\u2013960 MHz) com antenas de PET + alum\u00ednio \u2014 formatos seco, \u00famido ou branco-\u00famido para etiquetas, ingressos e tags de vestu\u00e1rio; leituras de 1 a 10 m e amostras gr\u00e1tis.<\/p>","protected":false},"featured_media":856,"template":"","meta":{"_gspb_post_css":""},"product_brand":[],"product_cat":[23],"product_tag":[],"class_list":{"0":"post-855","1":"product","2":"type-product","3":"status-publish","4":"has-post-thumbnail","6":"product_cat-rfid-nfc-inlay","8":"first","9":"instock","10":"shipping-taxable","11":"purchasable","12":"product-type-simple"},"_links":{"self":[{"href":"https:\/\/www.cxjsmartcard.com\/pt\/wp-json\/wp\/v2\/product\/855","targetHints":{"allow":["GET"]}}],"collection":[{"href":"https:\/\/www.cxjsmartcard.com\/pt\/wp-json\/wp\/v2\/product"}],"about":[{"href":"https:\/\/www.cxjsmartcard.com\/pt\/wp-json\/wp\/v2\/types\/product"}],"wp:featuredmedia":[{"embeddable":true,"href":"https:\/\/www.cxjsmartcard.com\/pt\/wp-json\/wp\/v2\/media\/856"}],"wp:attachment":[{"href":"https:\/\/www.cxjsmartcard.com\/pt\/wp-json\/wp\/v2\/media?parent=855"}],"wp:term":[{"taxonomy":"product_brand","embeddable":true,"href":"https:\/\/www.cxjsmartcard.com\/pt\/wp-json\/wp\/v2\/product_brand?post=855"},{"taxonomy":"product_cat","embeddable":true,"href":"https:\/\/www.cxjsmartcard.com\/pt\/wp-json\/wp\/v2\/product_cat?post=855"},{"taxonomy":"product_tag","embeddable":true,"href":"https:\/\/www.cxjsmartcard.com\/pt\/wp-json\/wp\/v2\/product_tag?post=855"}],"curies":[{"name":"wp","href":"https:\/\/api.w.org\/{rel}","templated":true}]}}