{"id":850,"date":"2025-11-03T08:28:47","date_gmt":"2025-11-03T08:28:47","guid":{"rendered":"https:\/\/www.cxjsmartcard.com\/?post_type=product&#038;p=850"},"modified":"2025-12-29T01:27:08","modified_gmt":"2025-12-29T01:27:08","slug":"uhf-rfid-dry-inlay-with-ucode-9","status":"publish","type":"product","link":"https:\/\/www.cxjsmartcard.com\/pt\/uhf-rfid-dry-inlay-with-ucode-9\/","title":{"rendered":"Inlay seco RFID UHF com UCODE 9"},"content":{"rendered":"<p data-start=\"43\" data-end=\"468\">Inlay seco UHF para sistemas de 860\u2013960 MHz, projetado como um componente semiacabado que se converte facilmente em ingressos, etiquetas, cart\u00f5es e crach\u00e1s. Constru\u00eddo com base na tecnologia NXP\u00ae UCODE\u00ae 9, o inlay utiliza uma antena de alum\u00ednio gravada em PET com colagem flip-chip para convers\u00e3o confi\u00e1vel em alto volume e desempenho consistente. A dist\u00e2ncia de leitura t\u00edpica \u00e9 de at\u00e9 aproximadamente 3,3 m (10 p\u00e9s) em configura\u00e7\u00f5es UHF bem ajustadas.<\/p>\n<p data-start=\"470\" data-end=\"487\"><strong data-start=\"470\" data-end=\"485\">Por que isso se encaixa<\/strong><\/p>\n<ul data-start=\"488\" data-end=\"829\">\n<li data-start=\"488\" data-end=\"568\">\n<p data-start=\"490\" data-end=\"568\"><strong data-start=\"490\" data-end=\"510\">Em conformidade com as normas:<\/strong> EPC Classe 1 Gera\u00e7\u00e3o 2 \/ ISO\/IEC 18000-6C, opera\u00e7\u00e3o passiva<\/p>\n<\/li>\n<li data-start=\"569\" data-end=\"658\">\n<p data-start=\"571\" data-end=\"658\"><strong data-start=\"571\" data-end=\"589\">Constru\u00e7\u00e3o dur\u00e1vel:<\/strong> Substrato PET; constru\u00e7\u00e3o de etiquetas resistentes \u00e0 abras\u00e3o e a solventes.<\/p>\n<\/li>\n<li data-start=\"659\" data-end=\"746\">\n<p data-start=\"661\" data-end=\"746\"><strong data-start=\"661\" data-end=\"682\">Formatos flex\u00edveis:<\/strong> Encaixe a seco (sem adesivo) ou transformado em encaixe \u00famido\/r\u00f3tulo acabado<\/p>\n<\/li>\n<li data-start=\"747\" data-end=\"829\">\n<p data-start=\"749\" data-end=\"829\"><strong data-start=\"749\" data-end=\"773\">Adequado para produ\u00e7\u00e3o:<\/strong> Fornecido em rolos para convers\u00e3o e impress\u00e3o automatizadas.<\/p>\n<\/li>\n<\/ul>\n<p data-start=\"831\" data-end=\"1027\"><strong data-start=\"831\" data-end=\"847\">Aplica\u00e7\u00f5es<\/strong><br data-start=\"847\" data-end=\"850\" \/>Cadeia de suprimentos (caixas de papel\u00e3o, paletes, etiquetas de envio) \u2022 Varejo e log\u00edstica (etiquetas de vestu\u00e1rio, etiquetas de bagagem, rastreamento de ativos) \u2022 Gerenciamento de documentos\/arquivos \u2022 Acesso a eventos e identidade visual.<\/p>\n<h2 data-start=\"1029\" data-end=\"1054\">Tabela (Especifica\u00e7\u00f5es)<\/h2>\n<div class=\"_tableContainer_1rjym_1\">\n<div class=\"group _tableWrapper_1rjym_13 flex w-fit flex-col-reverse\" tabindex=\"-1\">\n<table class=\"w-fit min-w-(--thread-content-width)\" data-start=\"1056\" data-end=\"3413\">\n<thead data-start=\"1056\" data-end=\"1167\">\n<tr data-start=\"1056\" data-end=\"1167\">\n<th data-start=\"1056\" data-end=\"1078\" data-col-size=\"sm\">Categoria<\/th>\n<th data-start=\"1078\" data-end=\"1107\" data-col-size=\"sm\">Par\u00e2metro<\/th>\n<th data-start=\"1107\" data-end=\"1167\" data-col-size=\"md\">Valor<\/th>\n<\/tr>\n<\/thead>\n<tbody data-start=\"1280\" data-end=\"3413\">\n<tr data-start=\"1280\" data-end=\"1391\">\n<td data-start=\"1280\" data-end=\"1302\" data-col-size=\"sm\">Produto<\/td>\n<td data-start=\"1302\" data-end=\"1331\" data-col-size=\"sm\">Tipo<\/td>\n<td data-col-size=\"md\" data-start=\"1331\" data-end=\"1391\">Inlay seco RFID UHF (convers\u00edvel para \u00famido\/etiqueta)<\/td>\n<\/tr>\n<tr data-start=\"1392\" data-end=\"1503\">\n<td data-start=\"1392\" data-end=\"1414\" data-col-size=\"sm\">IC<\/td>\n<td data-col-size=\"sm\" data-start=\"1414\" data-end=\"1443\">Chip<\/td>\n<td data-col-size=\"md\" data-start=\"1443\" data-end=\"1503\">NXP\u00ae UCODE\u00ae 9<\/td>\n<\/tr>\n<tr data-start=\"1504\" data-end=\"1615\">\n<td data-start=\"1504\" data-end=\"1526\" data-col-size=\"sm\">RF<\/td>\n<td data-col-size=\"sm\" data-start=\"1526\" data-end=\"1555\">Freq\u00fc\u00eancia<\/td>\n<td data-col-size=\"md\" data-start=\"1555\" data-end=\"1615\">860\u2013960 MHz<\/td>\n<\/tr>\n<tr data-start=\"1616\" data-end=\"1727\">\n<td data-start=\"1616\" data-end=\"1638\" data-col-size=\"sm\"><\/td>\n<td data-col-size=\"sm\" data-start=\"1638\" data-end=\"1667\">Protocolo<\/td>\n<td data-col-size=\"md\" data-start=\"1667\" data-end=\"1727\">ISO\/IEC 18000-6C, EPC Classe 1 Gera\u00e7\u00e3o 2<\/td>\n<\/tr>\n<tr data-start=\"1728\" data-end=\"1839\">\n<td data-start=\"1728\" data-end=\"1750\" data-col-size=\"sm\">Opera\u00e7\u00e3o<\/td>\n<td data-start=\"1750\" data-end=\"1779\" data-col-size=\"sm\">Modo de funcionamento<\/td>\n<td data-col-size=\"md\" data-start=\"1779\" data-end=\"1839\">Passiva<\/td>\n<\/tr>\n<tr data-start=\"1840\" data-end=\"1951\">\n<td data-start=\"1840\" data-end=\"1862\" data-col-size=\"sm\">Antena<\/td>\n<td data-col-size=\"sm\" data-start=\"1862\" data-end=\"1891\">Constru\u00e7\u00e3o<\/td>\n<td data-col-size=\"md\" data-start=\"1891\" data-end=\"1951\">Grava\u00e7\u00e3o em alum\u00ednio<\/td>\n<\/tr>\n<tr data-start=\"1952\" data-end=\"2063\">\n<td data-start=\"1952\" data-end=\"1974\" data-col-size=\"sm\"><\/td>\n<td data-col-size=\"sm\" data-start=\"1974\" data-end=\"2003\">Tamanho da antena<\/td>\n<td data-col-size=\"md\" data-start=\"2003\" data-end=\"2063\">40 \u00d7 10 mm<\/td>\n<\/tr>\n<tr data-start=\"2064\" data-end=\"2175\">\n<td data-start=\"2064\" data-end=\"2086\" data-col-size=\"sm\">Desempenho de leitura<\/td>\n<td data-start=\"2086\" data-end=\"2115\" data-col-size=\"sm\">Faixa de leitura t\u00edpica<\/td>\n<td data-col-size=\"md\" data-start=\"2115\" data-end=\"2175\">At\u00e9 aproximadamente 3,3 m (10 p\u00e9s), dependendo do leitor\/ambiente.<\/td>\n<\/tr>\n<tr data-start=\"2176\" data-end=\"2287\">\n<td data-start=\"2176\" data-end=\"2198\" data-col-size=\"sm\">Mec\u00e2nica<\/td>\n<td data-col-size=\"sm\" data-start=\"2198\" data-end=\"2227\">Substrato<\/td>\n<td data-col-size=\"md\" data-start=\"2227\" data-end=\"2287\">BICHO DE ESTIMA\u00c7\u00c3O<\/td>\n<\/tr>\n<tr data-start=\"2288\" data-end=\"2404\">\n<td data-start=\"2288\" data-end=\"2310\" data-col-size=\"sm\">Materiais de etiquetagem<\/td>\n<td data-col-size=\"sm\" data-start=\"2310\" data-end=\"2339\">Op\u00e7\u00f5es de rosto<\/td>\n<td data-col-size=\"md\" data-start=\"2339\" data-end=\"2404\">Papel revestido \/ PET \/ Papel sint\u00e9tico \/ Papel t\u00e9rmico \/ personalizado<\/td>\n<\/tr>\n<tr data-start=\"2405\" data-end=\"2516\">\n<td data-start=\"2405\" data-end=\"2427\" data-col-size=\"sm\">Formatos<\/td>\n<td data-col-size=\"sm\" data-start=\"2427\" data-end=\"2456\">Tamanho da etiqueta\/r\u00f3tulo para aplica\u00e7\u00e3o \u00famida<\/td>\n<td data-col-size=\"md\" data-start=\"2456\" data-end=\"2516\">43 \u00d7 18 mm (ou personalizado)<\/td>\n<\/tr>\n<tr data-start=\"2517\" data-end=\"2628\">\n<td data-start=\"2517\" data-end=\"2539\" data-col-size=\"sm\">Impress\u00e3o<\/td>\n<td data-col-size=\"sm\" data-start=\"2539\" data-end=\"2568\">Op\u00e7\u00f5es<\/td>\n<td data-col-size=\"md\" data-start=\"2568\" data-end=\"2628\">Colorido, logotipo, c\u00f3digo de barras, QR Code, dados vari\u00e1veis<\/td>\n<\/tr>\n<tr data-start=\"2629\" data-end=\"2740\">\n<td data-start=\"2629\" data-end=\"2651\" data-col-size=\"sm\">Confiabilidade<\/td>\n<td data-col-size=\"sm\" data-start=\"2651\" data-end=\"2680\">IC Life<\/td>\n<td data-col-size=\"md\" data-start=\"2680\" data-end=\"2740\">100.000 ciclos de programa\u00e7\u00e3o; reten\u00e7\u00e3o de dados por 10 anos.<\/td>\n<\/tr>\n<tr data-start=\"2741\" data-end=\"2852\">\n<td data-start=\"2741\" data-end=\"2763\" data-col-size=\"sm\">Ambiente<\/td>\n<td data-col-size=\"sm\" data-start=\"2763\" data-end=\"2792\">Temperatura\/Umidade de Opera\u00e7\u00e3o<\/td>\n<td data-col-size=\"md\" data-start=\"2792\" data-end=\"2852\">\u221225 a +65 \u2103 \/ 20\u201380% RH<\/td>\n<\/tr>\n<tr data-start=\"2853\" data-end=\"2964\">\n<td data-start=\"2853\" data-end=\"2875\" data-col-size=\"sm\"><\/td>\n<td data-col-size=\"sm\" data-start=\"2875\" data-end=\"2904\">Temperatura\/Umidade de Armazenamento<\/td>\n<td data-col-size=\"md\" data-start=\"2904\" data-end=\"2964\">+23 \u2103 \u00b15 \u2103 \/ 50% \u00b110% UR (sem condensa\u00e7\u00e3o)<\/td>\n<\/tr>\n<tr data-start=\"2965\" data-end=\"3076\">\n<td data-start=\"2965\" data-end=\"2987\" data-col-size=\"sm\">Embalagem<\/td>\n<td data-col-size=\"sm\" data-start=\"2987\" data-end=\"3016\">Fornecimento em rolo<\/td>\n<td data-col-size=\"md\" data-start=\"3016\" data-end=\"3076\">1.000 a 5.000 unidades por rolo; 4 rolos por caixa.<\/td>\n<\/tr>\n<tr data-start=\"3077\" data-end=\"3189\">\n<td data-start=\"3077\" data-end=\"3099\" data-col-size=\"sm\">Amostras<\/td>\n<td data-start=\"3099\" data-end=\"3128\" data-col-size=\"sm\">Disponibilidade<\/td>\n<td data-col-size=\"md\" data-start=\"3128\" data-end=\"3189\">Amostras gr\u00e1tis para teste<\/td>\n<\/tr>\n<tr data-start=\"3190\" data-end=\"3301\">\n<td data-start=\"3190\" data-end=\"3212\" data-col-size=\"sm\">Origem<\/td>\n<td data-col-size=\"sm\" data-start=\"3212\" data-end=\"3241\">Local de origem<\/td>\n<td data-col-size=\"md\" data-start=\"3241\" data-end=\"3301\">Chengdu, China<\/td>\n<\/tr>\n<tr data-start=\"3302\" data-end=\"3413\">\n<td data-start=\"3302\" data-end=\"3324\" data-col-size=\"sm\">Casos de uso<\/td>\n<td data-col-size=\"sm\" data-start=\"3324\" data-end=\"3353\">Exemplos de aplica\u00e7\u00e3o<\/td>\n<td data-col-size=\"md\" data-start=\"3353\" data-end=\"3413\">Cadeia de suprimentos, varejo\/log\u00edstica, documentos, acesso a eventos<\/td>\n<\/tr>\n<\/tbody>\n<\/table>\n<\/div>\n<\/div>","protected":false},"excerpt":{"rendered":"<p>Inlay seco UHF 860\u2013960 MHz com UCODE 9 \u2014 PET + alum\u00ednio gravado, EPC Gen2, leitura de at\u00e9 ~3 metros, fornecido em rolo para convers\u00e3o em etiquetas, ingressos, cart\u00f5es e crach\u00e1s.<\/p>","protected":false},"featured_media":851,"template":"","meta":{"_gspb_post_css":""},"product_brand":[],"product_cat":[23],"product_tag":[],"class_list":{"0":"post-850","1":"product","2":"type-product","3":"status-publish","4":"has-post-thumbnail","6":"product_cat-rfid-nfc-inlay","8":"first","9":"instock","10":"shipping-taxable","11":"purchasable","12":"product-type-simple"},"_links":{"self":[{"href":"https:\/\/www.cxjsmartcard.com\/pt\/wp-json\/wp\/v2\/product\/850","targetHints":{"allow":["GET"]}}],"collection":[{"href":"https:\/\/www.cxjsmartcard.com\/pt\/wp-json\/wp\/v2\/product"}],"about":[{"href":"https:\/\/www.cxjsmartcard.com\/pt\/wp-json\/wp\/v2\/types\/product"}],"wp:featuredmedia":[{"embeddable":true,"href":"https:\/\/www.cxjsmartcard.com\/pt\/wp-json\/wp\/v2\/media\/851"}],"wp:attachment":[{"href":"https:\/\/www.cxjsmartcard.com\/pt\/wp-json\/wp\/v2\/media?parent=850"}],"wp:term":[{"taxonomy":"product_brand","embeddable":true,"href":"https:\/\/www.cxjsmartcard.com\/pt\/wp-json\/wp\/v2\/product_brand?post=850"},{"taxonomy":"product_cat","embeddable":true,"href":"https:\/\/www.cxjsmartcard.com\/pt\/wp-json\/wp\/v2\/product_cat?post=850"},{"taxonomy":"product_tag","embeddable":true,"href":"https:\/\/www.cxjsmartcard.com\/pt\/wp-json\/wp\/v2\/product_tag?post=850"}],"curies":[{"name":"wp","href":"https:\/\/api.w.org\/{rel}","templated":true}]}}