{"id":838,"date":"2025-11-03T08:23:25","date_gmt":"2025-11-03T08:23:25","guid":{"rendered":"https:\/\/www.cxjsmartcard.com\/?post_type=product&#038;p=838"},"modified":"2025-12-29T01:27:09","modified_gmt":"2025-12-29T01:27:09","slug":"rfid-1k-f08-inlay-sticker","status":"publish","type":"product","link":"https:\/\/www.cxjsmartcard.com\/pt\/rfid-1k-f08-inlay-sticker\/","title":{"rendered":"Adesivo de inser\u00e7\u00e3o RFID 1K F08"},"content":{"rendered":"<p data-start=\"37\" data-end=\"293\">Etiqueta inteligente HF baseada no chip Fudan F08 (1K bytes) com antena de alum\u00ednio gravada para leituras confi\u00e1veis em curto alcance. Dispon\u00edvel como inlay seco, inlay \u00famido ou etiqueta\/adesivo totalmente acabado para f\u00e1cil convers\u00e3o em cart\u00f5es, ingressos e embalagens.<\/p>\n<p data-start=\"295\" data-end=\"313\"><strong data-start=\"295\" data-end=\"311\">Principais caracter\u00edsticas<\/strong><\/p>\n<ul data-start=\"314\" data-end=\"565\">\n<li data-start=\"314\" data-end=\"353\">\n<p data-start=\"316\" data-end=\"353\">13,56 MHz, em conformidade com a norma ISO\/IEC 14443A<\/p>\n<\/li>\n<li data-start=\"354\" data-end=\"413\">\n<p data-start=\"356\" data-end=\"413\">Alcance de leitura: normalmente de 1 a 5 cm (dependendo do leitor\/antena)<\/p>\n<\/li>\n<li data-start=\"414\" data-end=\"460\">\n<p data-start=\"416\" data-end=\"460\">Design passivo; at\u00e9 100.000 ciclos de grava\u00e7\u00e3o.<\/p>\n<\/li>\n<li data-start=\"461\" data-end=\"513\">\n<p data-start=\"463\" data-end=\"513\">Substrato de antena PET; corros\u00e3o de alum\u00ednio (\u224810 \u03bcm)<\/p>\n<\/li>\n<li data-start=\"514\" data-end=\"565\">\n<p data-start=\"516\" data-end=\"565\">Fornecido em rolos para produ\u00e7\u00e3o de alto rendimento.<\/p>\n<\/li>\n<\/ul>\n<p data-start=\"567\" data-end=\"580\"><strong data-start=\"567\" data-end=\"578\">Formatos<\/strong><\/p>\n<ul data-start=\"581\" data-end=\"761\">\n<li data-start=\"581\" data-end=\"626\">\n<p data-start=\"583\" data-end=\"626\"><strong data-start=\"583\" data-end=\"597\">Incrusta\u00e7\u00e3o a seco:<\/strong> Chip + antena em base de PET<\/p>\n<\/li>\n<li data-start=\"627\" data-end=\"682\">\n<p data-start=\"629\" data-end=\"682\"><strong data-start=\"629\" data-end=\"643\">Incrusta\u00e7\u00e3o \u00famida:<\/strong> Inlay seco + adesivo + revestimento protetor<\/p>\n<\/li>\n<li data-start=\"683\" data-end=\"761\">\n<p data-start=\"685\" data-end=\"761\"><strong data-start=\"685\" data-end=\"708\">Etiqueta\/Adesivo RFID:<\/strong> Revestimento \u00famido + face imprim\u00edvel (papel revestido\/PVC\/PET\/PP)<\/p>\n<\/li>\n<\/ul>\n<p data-start=\"763\" data-end=\"932\"><strong data-start=\"763\" data-end=\"779\">Aplica\u00e7\u00f5es<\/strong><br data-start=\"779\" data-end=\"782\" \/>Varejo e estoque \u2022 Log\u00edstica e armazenagem \u2022 Sa\u00fade\/identifica\u00e7\u00e3o de pacientes \u2022 Bagagem a\u00e9rea \u2022 Manufatura\/automa\u00e7\u00e3o \u2022 Marketing e redes sociais com conex\u00e3o instant\u00e2nea.<\/p>\n<p data-start=\"934\" data-end=\"1083\"><strong data-start=\"934\" data-end=\"959\">Op\u00e7\u00f5es de personaliza\u00e7\u00e3o<\/strong><br data-start=\"959\" data-end=\"962\" \/>Impress\u00e3o offset CMYK, impress\u00e3o UID\/serial, camadas anti-metal, servi\u00e7os de criptografia\/dados; tamanhos personalizados e designs de antenas.<\/p>\n<h2 data-start=\"1085\" data-end=\"1110\">Tabela (Especifica\u00e7\u00f5es)<\/h2>\n<div class=\"_tableContainer_1rjym_1\">\n<div class=\"group _tableWrapper_1rjym_13 flex w-fit flex-col-reverse\" tabindex=\"-1\">\n<table class=\"w-fit min-w-(--thread-content-width)\" data-start=\"1112\" data-end=\"3045\">\n<thead data-start=\"1112\" data-end=\"1212\">\n<tr data-start=\"1112\" data-end=\"1212\">\n<th data-start=\"1112\" data-end=\"1134\" data-col-size=\"sm\">Categoria<\/th>\n<th data-start=\"1134\" data-end=\"1159\" data-col-size=\"sm\">Par\u00e2metro<\/th>\n<th data-start=\"1159\" data-end=\"1212\" data-col-size=\"md\">Valor<\/th>\n<\/tr>\n<\/thead>\n<tbody data-start=\"1314\" data-end=\"3045\">\n<tr data-start=\"1314\" data-end=\"1414\">\n<td data-start=\"1314\" data-end=\"1336\" data-col-size=\"sm\">Produto<\/td>\n<td data-col-size=\"sm\" data-start=\"1336\" data-end=\"1361\">Tipo<\/td>\n<td data-col-size=\"md\" data-start=\"1361\" data-end=\"1414\">Inlay RFID HF \/ inlay \u00famido \/ adesivo<\/td>\n<\/tr>\n<tr data-start=\"1415\" data-end=\"1515\">\n<td data-start=\"1415\" data-end=\"1437\" data-col-size=\"sm\">Chip<\/td>\n<td data-col-size=\"sm\" data-start=\"1437\" data-end=\"1462\">Modelo<\/td>\n<td data-col-size=\"md\" data-start=\"1462\" data-end=\"1515\">Fudan F08 (1K byte de mem\u00f3ria do usu\u00e1rio)<\/td>\n<\/tr>\n<tr data-start=\"1516\" data-end=\"1616\">\n<td data-start=\"1516\" data-end=\"1538\" data-col-size=\"sm\">RF<\/td>\n<td data-col-size=\"sm\" data-start=\"1538\" data-end=\"1563\">Freq\u00fc\u00eancia<\/td>\n<td data-col-size=\"md\" data-start=\"1563\" data-end=\"1616\">13,56 MHz<\/td>\n<\/tr>\n<tr data-start=\"1617\" data-end=\"1717\">\n<td data-start=\"1617\" data-end=\"1639\" data-col-size=\"sm\"><\/td>\n<td data-col-size=\"sm\" data-start=\"1639\" data-end=\"1664\">Protocolo<\/td>\n<td data-col-size=\"md\" data-start=\"1664\" data-end=\"1717\">ISO\/IEC 14443A<\/td>\n<\/tr>\n<tr data-start=\"1718\" data-end=\"1818\">\n<td data-start=\"1718\" data-end=\"1740\" data-col-size=\"sm\">Desempenho<\/td>\n<td data-col-size=\"sm\" data-start=\"1740\" data-end=\"1765\">Intervalo de leitura<\/td>\n<td data-col-size=\"md\" data-start=\"1765\" data-end=\"1818\">1\u20135 cm (dependendo do dispositivo e do ambiente)<\/td>\n<\/tr>\n<tr data-start=\"1819\" data-end=\"1919\">\n<td data-start=\"1819\" data-end=\"1841\" data-col-size=\"sm\">Resist\u00eancia<\/td>\n<td data-col-size=\"sm\" data-start=\"1841\" data-end=\"1866\">Ciclos de escrita<\/td>\n<td data-col-size=\"md\" data-start=\"1866\" data-end=\"1919\">100,000<\/td>\n<\/tr>\n<tr data-start=\"1920\" data-end=\"2020\">\n<td data-start=\"1920\" data-end=\"1942\" data-col-size=\"sm\">Opera\u00e7\u00e3o<\/td>\n<td data-col-size=\"sm\" data-start=\"1942\" data-end=\"1967\">Modo<\/td>\n<td data-col-size=\"md\" data-start=\"1967\" data-end=\"2020\">Passiva<\/td>\n<\/tr>\n<tr data-start=\"2021\" data-end=\"2121\">\n<td data-start=\"2021\" data-end=\"2043\" data-col-size=\"sm\">Antena<\/td>\n<td data-col-size=\"sm\" data-start=\"2043\" data-end=\"2068\">Processo<\/td>\n<td data-col-size=\"md\" data-start=\"2068\" data-end=\"2121\">Grava\u00e7\u00e3o de alum\u00ednio (~10 \u03bcm)<\/td>\n<\/tr>\n<tr data-start=\"2122\" data-end=\"2222\">\n<td data-start=\"2122\" data-end=\"2144\" data-col-size=\"sm\"><\/td>\n<td data-col-size=\"sm\" data-start=\"2144\" data-end=\"2169\">Substrato<\/td>\n<td data-col-size=\"md\" data-start=\"2169\" data-end=\"2222\">BICHO DE ESTIMA\u00c7\u00c3O<\/td>\n<\/tr>\n<tr data-start=\"2223\" data-end=\"2323\">\n<td data-start=\"2223\" data-end=\"2245\" data-col-size=\"sm\">Dimens\u00f5es<\/td>\n<td data-col-size=\"sm\" data-start=\"2245\" data-end=\"2270\">Tamanho da antena<\/td>\n<td data-col-size=\"md\" data-start=\"2270\" data-end=\"2323\">52 \u00d7 15 mm<\/td>\n<\/tr>\n<tr data-start=\"2324\" data-end=\"2424\">\n<td data-start=\"2324\" data-end=\"2346\" data-col-size=\"sm\"><\/td>\n<td data-col-size=\"sm\" data-start=\"2346\" data-end=\"2371\">Tamanho do encarte\/etiqueta<\/td>\n<td data-col-size=\"md\" data-start=\"2371\" data-end=\"2424\">56 \u00d7 18 mm (sob encomenda)<\/td>\n<\/tr>\n<tr data-start=\"2425\" data-end=\"2525\">\n<td data-start=\"2425\" data-end=\"2447\" data-col-size=\"sm\">Superf\u00edcies<\/td>\n<td data-col-size=\"sm\" data-start=\"2447\" data-end=\"2472\">Materiais faciais<\/td>\n<td data-col-size=\"md\" data-start=\"2472\" data-end=\"2525\">Papel revestido, PVC, PET, PP<\/td>\n<\/tr>\n<tr data-start=\"2526\" data-end=\"2626\">\n<td data-start=\"2526\" data-end=\"2548\" data-col-size=\"sm\">Ambiente<\/td>\n<td data-col-size=\"sm\" data-start=\"2548\" data-end=\"2573\">Temperatura\/Umidade de Opera\u00e7\u00e3o<\/td>\n<td data-col-size=\"md\" data-start=\"2573\" data-end=\"2626\">\u221240 \u00b0C a +70 \u00b0C \/ 20%\u201390% UR<\/td>\n<\/tr>\n<tr data-start=\"2627\" data-end=\"2727\">\n<td data-start=\"2627\" data-end=\"2649\" data-col-size=\"sm\"><\/td>\n<td data-col-size=\"sm\" data-start=\"2649\" data-end=\"2674\">Temperatura\/Umidade de Armazenamento<\/td>\n<td data-col-size=\"md\" data-start=\"2674\" data-end=\"2727\">\u221220 \u00b0C a +50 \u00b0C \/ 20%\u201390% UR (sem condensa\u00e7\u00e3o)<\/td>\n<\/tr>\n<tr data-start=\"2728\" data-end=\"2828\">\n<td data-start=\"2728\" data-end=\"2750\" data-col-size=\"sm\">Embalagem<\/td>\n<td data-col-size=\"sm\" data-start=\"2750\" data-end=\"2775\">Formato de entrega<\/td>\n<td data-col-size=\"md\" data-start=\"2775\" data-end=\"2828\">1.000 a 5.000 unidades por rolo; 4 rolos por caixa.<\/td>\n<\/tr>\n<tr data-start=\"2829\" data-end=\"2929\">\n<td data-start=\"2829\" data-end=\"2851\" data-col-size=\"sm\">Op\u00e7\u00f5es<\/td>\n<td data-col-size=\"sm\" data-start=\"2851\" data-end=\"2876\">Servi\u00e7os<\/td>\n<td data-col-size=\"md\" data-start=\"2876\" data-end=\"2929\">Impress\u00e3o CMYK, UID\/n\u00famero de s\u00e9rie, anti-metal, criptografia<\/td>\n<\/tr>\n<tr data-start=\"2930\" data-end=\"3045\">\n<td data-start=\"2930\" data-end=\"2952\" data-col-size=\"sm\">Casos de uso<\/td>\n<td data-col-size=\"sm\" data-start=\"2952\" data-end=\"2977\">Aplica\u00e7\u00f5es<\/td>\n<td data-col-size=\"md\" data-start=\"2977\" data-end=\"3045\">Varejo, log\u00edstica, sa\u00fade, bagagens, manufatura, marketing<\/td>\n<\/tr>\n<\/tbody>\n<\/table>\n<\/div>\n<\/div>","protected":false},"excerpt":{"rendered":"<p>Etiqueta\/adesivo HF 13,56 MHz F08 com 1K de mem\u00f3ria \u2014 leituras de 1 a 5 cm, ISO14443A, at\u00e9 100 mil grava\u00e7\u00f5es. Fornecido como etiqueta seca\/\u00famida ou etiqueta acabada com servi\u00e7os personalizados de impress\u00e3o e dados.<\/p>","protected":false},"featured_media":839,"template":"","meta":{"_gspb_post_css":""},"product_brand":[],"product_cat":[23],"product_tag":[],"class_list":{"0":"post-838","1":"product","2":"type-product","3":"status-publish","4":"has-post-thumbnail","6":"product_cat-rfid-nfc-inlay","8":"first","9":"instock","10":"shipping-taxable","11":"purchasable","12":"product-type-simple"},"_links":{"self":[{"href":"https:\/\/www.cxjsmartcard.com\/pt\/wp-json\/wp\/v2\/product\/838","targetHints":{"allow":["GET"]}}],"collection":[{"href":"https:\/\/www.cxjsmartcard.com\/pt\/wp-json\/wp\/v2\/product"}],"about":[{"href":"https:\/\/www.cxjsmartcard.com\/pt\/wp-json\/wp\/v2\/types\/product"}],"wp:featuredmedia":[{"embeddable":true,"href":"https:\/\/www.cxjsmartcard.com\/pt\/wp-json\/wp\/v2\/media\/839"}],"wp:attachment":[{"href":"https:\/\/www.cxjsmartcard.com\/pt\/wp-json\/wp\/v2\/media?parent=838"}],"wp:term":[{"taxonomy":"product_brand","embeddable":true,"href":"https:\/\/www.cxjsmartcard.com\/pt\/wp-json\/wp\/v2\/product_brand?post=838"},{"taxonomy":"product_cat","embeddable":true,"href":"https:\/\/www.cxjsmartcard.com\/pt\/wp-json\/wp\/v2\/product_cat?post=838"},{"taxonomy":"product_tag","embeddable":true,"href":"https:\/\/www.cxjsmartcard.com\/pt\/wp-json\/wp\/v2\/product_tag?post=838"}],"curies":[{"name":"wp","href":"https:\/\/api.w.org\/{rel}","templated":true}]}}