{"id":824,"date":"2025-11-03T08:17:18","date_gmt":"2025-11-03T08:17:18","guid":{"rendered":"https:\/\/www.cxjsmartcard.com\/?post_type=product&#038;p=824"},"modified":"2025-12-29T01:27:09","modified_gmt":"2025-12-29T01:27:09","slug":"customizable-rfid-nfc-programmable-printable-wet-dry-inlay","status":"publish","type":"product","link":"https:\/\/www.cxjsmartcard.com\/pt\/customizable-rfid-nfc-programmable-printable-wet-dry-inlay\/","title":{"rendered":"Inlay RFID NFC personaliz\u00e1vel, program\u00e1vel e imprim\u00edvel para uso em superf\u00edcies secas e molhadas."},"content":{"rendered":"<p data-start=\"70\" data-end=\"424\">Inlay NFC HF de 13,56 MHz baseado em NTAG213 para aplica\u00e7\u00f5es de curto alcance compat\u00edveis com smartphones. Dispon\u00edvel como <strong data-start=\"191\" data-end=\"204\">incrusta\u00e7\u00e3o \u00famida<\/strong> (adesivo, f\u00e1cil de aplicar) ou <strong data-start=\"235\" data-end=\"248\">incrusta\u00e7\u00e3o seca<\/strong> (para lamina\u00e7\u00e3o), o design de formato mini \u00e9 <strong data-start=\"298\" data-end=\"341\">Imprim\u00edvel, program\u00e1vel e \u00e0 prova d&#039;\u00e1gua.<\/strong>\u2014Ideal para cart\u00f5es-chave de hot\u00e9is, crach\u00e1s de membros, etiquetas de varejo e marketing sem contato.<\/p>\n<p data-start=\"426\" data-end=\"456\"><strong data-start=\"426\" data-end=\"454\">Constru\u00e7\u00e3o e Materiais<\/strong><\/p>\n<ul data-start=\"457\" data-end=\"705\">\n<li data-start=\"457\" data-end=\"543\">\n<p data-start=\"459\" data-end=\"543\"><strong data-start=\"459\" data-end=\"471\">Formatos:<\/strong> Encarte \u00famido com verso adesivo; encarte seco para lamina\u00e7\u00e3o de cart\u00f5es\/bilhetes.<\/p>\n<\/li>\n<li data-start=\"544\" data-end=\"619\">\n<p data-start=\"546\" data-end=\"619\"><strong data-start=\"546\" data-end=\"573\">Materiais para o rosto\/antena:<\/strong> Papel PET com revestimento de cobre para um desempenho robusto em radiofrequ\u00eancia.<\/p>\n<\/li>\n<li data-start=\"620\" data-end=\"705\">\n<p data-start=\"622\" data-end=\"705\"><strong data-start=\"622\" data-end=\"643\">Superf\u00edcie de impress\u00e3o:<\/strong> Suporta impress\u00e3o direta de logotipos, c\u00f3digos de barras e instru\u00e7\u00f5es.<\/p>\n<\/li>\n<\/ul>\n<p data-start=\"707\" data-end=\"739\"><strong data-start=\"707\" data-end=\"737\">Fun\u00e7\u00f5es NFC program\u00e1veis<\/strong><\/p>\n<ul data-start=\"740\" data-end=\"970\">\n<li data-start=\"740\" data-end=\"806\">\n<p data-start=\"742\" data-end=\"806\"><strong data-start=\"742\" data-end=\"751\">Chip:<\/strong> NTAG213 (ISO\/IEC 14443A), compat\u00edvel com NFC em Android\/iOS<\/p>\n<\/li>\n<li data-start=\"807\" data-end=\"886\">\n<p data-start=\"809\" data-end=\"886\"><strong data-start=\"809\" data-end=\"825\">Mem\u00f3ria do usu\u00e1rio:<\/strong> Aproximadamente 180 bytes utiliz\u00e1veis para URLs, IDs, credenciais e dados de fidelidade.<\/p>\n<\/li>\n<li data-start=\"887\" data-end=\"970\">\n<p data-start=\"889\" data-end=\"970\"><strong data-start=\"889\" data-end=\"903\">Casos de uso:<\/strong> Controle de acesso, associa\u00e7\u00e3o, autentica\u00e7\u00e3o, embalagens\/r\u00f3tulos inteligentes<\/p>\n<\/li>\n<\/ul>\n<p data-start=\"972\" data-end=\"982\"><strong data-start=\"972\" data-end=\"980\">Perguntas frequentes<\/strong><\/p>\n<ul data-start=\"983\" data-end=\"1267\">\n<li data-start=\"983\" data-end=\"1039\">\n<p data-start=\"985\" data-end=\"1039\"><strong data-start=\"985\" data-end=\"997\">Amostras?<\/strong> Amostras gr\u00e1tis est\u00e3o dispon\u00edveis para teste.<\/p>\n<\/li>\n<li data-start=\"1040\" data-end=\"1109\">\n<p data-start=\"1042\" data-end=\"1109\"><strong data-start=\"1042\" data-end=\"1054\">Leitores?<\/strong> Compat\u00edvel com telefones habilitados para NFC e leitores ISO14443A.<\/p>\n<\/li>\n<li data-start=\"1110\" data-end=\"1194\">\n<p data-start=\"1112\" data-end=\"1194\"><strong data-start=\"1112\" data-end=\"1129\">Impress\u00e3o personalizada?<\/strong> Personaliza\u00e7\u00e3o completa: arte, c\u00f3digos de barras\/QR, n\u00fameros de s\u00e9rie, IDs exclusivos.<\/p>\n<\/li>\n<li data-start=\"1195\" data-end=\"1267\">\n<p data-start=\"1197\" data-end=\"1267\"><strong data-start=\"1197\" data-end=\"1212\">Qual o prazo de validade?<\/strong> Mais de 10 anos em armazenamento padr\u00e3o; longa reten\u00e7\u00e3o de dados.<\/p>\n<\/li>\n<\/ul>\n<p data-start=\"1269\" data-end=\"1314\"><strong data-start=\"1269\" data-end=\"1279\">Origem<\/strong><br data-start=\"1279\" data-end=\"1282\" \/>Fabricado em Zhejiang, China.<\/p>\n<h2 data-start=\"1316\" data-end=\"1341\">Tabela (Especifica\u00e7\u00f5es)<\/h2>\n<div class=\"_tableContainer_1rjym_1\">\n<div class=\"group _tableWrapper_1rjym_13 flex w-fit flex-col-reverse\" tabindex=\"-1\">\n<table class=\"w-fit min-w-(--thread-content-width)\" data-start=\"1343\" data-end=\"2954\">\n<thead data-start=\"1343\" data-end=\"1458\">\n<tr data-start=\"1343\" data-end=\"1458\">\n<th data-start=\"1343\" data-end=\"1365\" data-col-size=\"sm\">Categoria<\/th>\n<th data-start=\"1365\" data-end=\"1388\" data-col-size=\"sm\">Par\u00e2metro<\/th>\n<th data-start=\"1388\" data-end=\"1458\" data-col-size=\"md\">Valor<\/th>\n<\/tr>\n<\/thead>\n<tbody data-start=\"1574\" data-end=\"2954\">\n<tr data-start=\"1574\" data-end=\"1688\">\n<td data-start=\"1574\" data-end=\"1595\" data-col-size=\"sm\">Produto<\/td>\n<td data-start=\"1595\" data-end=\"1618\" data-col-size=\"sm\">Tipo<\/td>\n<td data-col-size=\"md\" data-start=\"1618\" data-end=\"1688\">Etiqueta NFC para uso em superf\u00edcies secas e molhadas (mini tag)<\/td>\n<\/tr>\n<tr data-start=\"1689\" data-end=\"1804\">\n<td data-start=\"1689\" data-end=\"1710\" data-col-size=\"sm\">Freq\u00fc\u00eancia<\/td>\n<td data-col-size=\"sm\" data-start=\"1710\" data-end=\"1733\">HF<\/td>\n<td data-col-size=\"md\" data-start=\"1733\" data-end=\"1804\">13,56 MHz<\/td>\n<\/tr>\n<tr data-start=\"1805\" data-end=\"1919\">\n<td data-start=\"1805\" data-end=\"1826\" data-col-size=\"sm\">Protocolo<\/td>\n<td data-start=\"1826\" data-end=\"1849\" data-col-size=\"sm\">Interface A\u00e9rea<\/td>\n<td data-col-size=\"md\" data-start=\"1849\" data-end=\"1919\">ISO\/IEC 14443A<\/td>\n<\/tr>\n<tr data-start=\"1920\" data-end=\"2034\">\n<td data-start=\"1920\" data-end=\"1941\" data-col-size=\"sm\">IC<\/td>\n<td data-col-size=\"sm\" data-start=\"1941\" data-end=\"1964\">Chip<\/td>\n<td data-col-size=\"md\" data-start=\"1964\" data-end=\"2034\">NTAG213<\/td>\n<\/tr>\n<tr data-start=\"2035\" data-end=\"2149\">\n<td data-start=\"2035\" data-end=\"2056\" data-col-size=\"sm\">Mem\u00f3ria<\/td>\n<td data-col-size=\"sm\" data-start=\"2056\" data-end=\"2079\">Capacidade do usu\u00e1rio<\/td>\n<td data-col-size=\"md\" data-start=\"2079\" data-end=\"2149\">~180 bytes utiliz\u00e1veis<\/td>\n<\/tr>\n<tr data-start=\"2150\" data-end=\"2264\">\n<td data-start=\"2150\" data-end=\"2171\" data-col-size=\"sm\">Compatibilidade<\/td>\n<td data-col-size=\"sm\" data-start=\"2171\" data-end=\"2194\">Dispositivos<\/td>\n<td data-col-size=\"md\" data-start=\"2194\" data-end=\"2264\">Telefones NFC Android\/iOS; leitores ISO14443A<\/td>\n<\/tr>\n<tr data-start=\"2265\" data-end=\"2379\">\n<td data-start=\"2265\" data-end=\"2286\" data-col-size=\"sm\">Formatos<\/td>\n<td data-col-size=\"sm\" data-start=\"2286\" data-end=\"2309\">Estilos de incrusta\u00e7\u00e3o<\/td>\n<td data-col-size=\"md\" data-start=\"2309\" data-end=\"2379\">\u00damido (adesivo, f\u00e1cil de aplicar); Seco (lamina\u00e7\u00e3o)<\/td>\n<\/tr>\n<tr data-start=\"2380\" data-end=\"2494\">\n<td data-start=\"2380\" data-end=\"2401\" data-col-size=\"sm\">Materiais<\/td>\n<td data-col-size=\"sm\" data-start=\"2401\" data-end=\"2424\">Constru\u00e7\u00e3o<\/td>\n<td data-col-size=\"md\" data-start=\"2424\" data-end=\"2494\">PET, papel de cobre<\/td>\n<\/tr>\n<tr data-start=\"2495\" data-end=\"2609\">\n<td data-start=\"2495\" data-end=\"2516\" data-col-size=\"sm\">Caracter\u00edsticas<\/td>\n<td data-col-size=\"sm\" data-start=\"2516\" data-end=\"2539\">Atributos<\/td>\n<td data-col-size=\"md\" data-start=\"2539\" data-end=\"2609\">Imprim\u00edvel, program\u00e1vel, \u00e0 prova d&#039;\u00e1gua<\/td>\n<\/tr>\n<tr data-start=\"2610\" data-end=\"2724\">\n<td data-start=\"2610\" data-end=\"2631\" data-col-size=\"sm\">Personaliza\u00e7\u00e3o<\/td>\n<td data-col-size=\"sm\" data-start=\"2631\" data-end=\"2654\">Impress\u00e3o\/Dados<\/td>\n<td data-col-size=\"md\" data-start=\"2654\" data-end=\"2724\">Logotipos, c\u00f3digos de barras\/QR, n\u00fameros de s\u00e9rie, instru\u00e7\u00f5es<\/td>\n<\/tr>\n<tr data-start=\"2725\" data-end=\"2839\">\n<td data-start=\"2725\" data-end=\"2746\" data-col-size=\"sm\">Aplica\u00e7\u00f5es<\/td>\n<td data-col-size=\"sm\" data-start=\"2746\" data-end=\"2769\">Usos t\u00edpicos<\/td>\n<td data-col-size=\"md\" data-start=\"2769\" data-end=\"2839\">Chaves de hotel, cart\u00f5es de membro, etiquetas de varejo, etiquetas de marketing<\/td>\n<\/tr>\n<tr data-start=\"2840\" data-end=\"2954\">\n<td data-start=\"2840\" data-end=\"2861\" data-col-size=\"sm\">Origem<\/td>\n<td data-col-size=\"sm\" data-start=\"2861\" data-end=\"2884\">Fabrica\u00e7\u00e3o<\/td>\n<td data-col-size=\"md\" data-start=\"2884\" data-end=\"2954\">Zhejiang, China<\/td>\n<\/tr>\n<\/tbody>\n<\/table>\n<\/div>\n<\/div>","protected":false},"excerpt":{"rendered":"<p>Inlay NFC NTAG213 de 13,56 MHz personaliz\u00e1vel em formato \u00famido ou seco \u2014 imprim\u00edvel, program\u00e1vel, \u00e0 prova d&#039;\u00e1gua e compat\u00edvel com telefones para chaves, crach\u00e1s, etiquetas e embalagens inteligentes.<\/p>","protected":false},"featured_media":828,"template":"","meta":{"_gspb_post_css":""},"product_brand":[],"product_cat":[23],"product_tag":[],"class_list":{"0":"post-824","1":"product","2":"type-product","3":"status-publish","4":"has-post-thumbnail","6":"product_cat-rfid-nfc-inlay","8":"first","9":"instock","10":"shipping-taxable","11":"purchasable","12":"product-type-simple"},"_links":{"self":[{"href":"https:\/\/www.cxjsmartcard.com\/pt\/wp-json\/wp\/v2\/product\/824","targetHints":{"allow":["GET"]}}],"collection":[{"href":"https:\/\/www.cxjsmartcard.com\/pt\/wp-json\/wp\/v2\/product"}],"about":[{"href":"https:\/\/www.cxjsmartcard.com\/pt\/wp-json\/wp\/v2\/types\/product"}],"wp:featuredmedia":[{"embeddable":true,"href":"https:\/\/www.cxjsmartcard.com\/pt\/wp-json\/wp\/v2\/media\/828"}],"wp:attachment":[{"href":"https:\/\/www.cxjsmartcard.com\/pt\/wp-json\/wp\/v2\/media?parent=824"}],"wp:term":[{"taxonomy":"product_brand","embeddable":true,"href":"https:\/\/www.cxjsmartcard.com\/pt\/wp-json\/wp\/v2\/product_brand?post=824"},{"taxonomy":"product_cat","embeddable":true,"href":"https:\/\/www.cxjsmartcard.com\/pt\/wp-json\/wp\/v2\/product_cat?post=824"},{"taxonomy":"product_tag","embeddable":true,"href":"https:\/\/www.cxjsmartcard.com\/pt\/wp-json\/wp\/v2\/product_tag?post=824"}],"curies":[{"name":"wp","href":"https:\/\/api.w.org\/{rel}","templated":true}]}}