{"id":820,"date":"2025-11-03T08:14:41","date_gmt":"2025-11-03T08:14:41","guid":{"rendered":"https:\/\/www.cxjsmartcard.com\/?post_type=product&#038;p=820"},"modified":"2025-12-29T01:27:09","modified_gmt":"2025-12-29T01:27:09","slug":"uhf-rfid-textile-label-for-apparel-tracking","status":"publish","type":"product","link":"https:\/\/www.cxjsmartcard.com\/pt\/uhf-rfid-textile-label-for-apparel-tracking\/","title":{"rendered":"Etiqueta t\u00eaxtil RFID UHF para rastreamento de vestu\u00e1rio"},"content":{"rendered":"<p data-start=\"55\" data-end=\"315\">Etiquetas t\u00eaxteis UHF macias e lav\u00e1veis com inlays EPC Gen2 integrados para rastreamento r\u00e1pido e preciso de pe\u00e7as de vestu\u00e1rio. A possibilidade de costura ou aplica\u00e7\u00e3o com ferro de passar facilita a leitura em lote durante contagens de estoque, recebimento de roupas para lavagem e distribui\u00e7\u00e3o, melhorando a visibilidade e reduzindo perdas.<\/p>\n<p data-start=\"317\" data-end=\"335\"><strong data-start=\"317\" data-end=\"333\">Principais benef\u00edcios<\/strong><\/p>\n<ul data-start=\"336\" data-end=\"662\">\n<li data-start=\"336\" data-end=\"407\">\n<p data-start=\"338\" data-end=\"407\"><strong data-start=\"338\" data-end=\"358\">Leitura m\u00faltipla r\u00e1pida:<\/strong> Dist\u00e2ncia de leitura de 1 a 10 m para digitaliza\u00e7\u00e3o r\u00e1pida em lote.<\/p>\n<\/li>\n<li data-start=\"408\" data-end=\"500\">\n<p data-start=\"410\" data-end=\"500\"><strong data-start=\"410\" data-end=\"429\">Macio e dur\u00e1vel:<\/strong> Confort\u00e1vel em roupas; resistente \u00e0 lavagem, ao passar a ferro e \u00e0 lavagem a seco.<\/p>\n<\/li>\n<li data-start=\"501\" data-end=\"579\">\n<p data-start=\"503\" data-end=\"579\"><strong data-start=\"503\" data-end=\"523\">Baseado em padr\u00f5es:<\/strong> UHF 860\u2013960 MHz, ISO\/IEC 18000-6C (Classe EPC 1 Gen2).<\/p>\n<\/li>\n<li data-start=\"580\" data-end=\"662\">\n<p data-start=\"582\" data-end=\"662\"><strong data-start=\"582\" data-end=\"598\">Pronto para a marca:<\/strong> Tamanhos, materiais, arte e impress\u00e3o\/codifica\u00e7\u00e3o completos personalizados.<\/p>\n<\/li>\n<\/ul>\n<p data-start=\"664\" data-end=\"809\"><strong data-start=\"664\" data-end=\"680\">Aplica\u00e7\u00f5es<\/strong><br data-start=\"680\" data-end=\"683\" \/>Invent\u00e1rio no varejo e contagens c\u00edclicas \u2022 Rastreamento de vestu\u00e1rio\/pe\u00e7as de roupa \u2022 Programas de lavanderia e uniformes \u2022 Cadeia de suprimentos de cal\u00e7ados e t\u00eaxteis.<\/p>\n<p data-start=\"811\" data-end=\"1039\"><strong data-start=\"811\" data-end=\"834\">Op\u00e7\u00f5es e Acabamentos<\/strong><br data-start=\"834\" data-end=\"837\" \/>Materiais: poli\u00e9ster, cetim, algod\u00e3o, PET, n\u00e3o tecido \u2022 Tamanhos: 60\u00d730 mm, 80\u00d738 mm ou personalizados \u2022 Chips: NXP UCODE 8\/9; Impinj Monza R6\/R6-P \u2022 Impress\u00e3o\/codifica\u00e7\u00e3o: logotipo, n\u00famero de s\u00e9rie\/UID, c\u00f3digo de barras, QR Code, dados vari\u00e1veis.<\/p>\n<h2 data-start=\"1041\" data-end=\"1066\">Tabela (Especifica\u00e7\u00f5es)<\/h2>\n<div class=\"_tableContainer_1rjym_1\">\n<div class=\"group _tableWrapper_1rjym_13 flex w-fit flex-col-reverse\" tabindex=\"-1\">\n<table class=\"w-fit min-w-(--thread-content-width)\" data-start=\"1068\" data-end=\"2897\">\n<thead data-start=\"1068\" data-end=\"1189\">\n<tr data-start=\"1068\" data-end=\"1189\">\n<th data-start=\"1068\" data-end=\"1090\" data-col-size=\"sm\">Categoria<\/th>\n<th data-start=\"1090\" data-end=\"1116\" data-col-size=\"sm\">Par\u00e2metro<\/th>\n<th data-start=\"1116\" data-end=\"1189\" data-col-size=\"md\">Valor<\/th>\n<\/tr>\n<\/thead>\n<tbody data-start=\"1312\" data-end=\"2897\">\n<tr data-start=\"1312\" data-end=\"1432\">\n<td data-start=\"1312\" data-end=\"1334\" data-col-size=\"sm\">Produto<\/td>\n<td data-col-size=\"sm\" data-start=\"1334\" data-end=\"1360\">Tipo<\/td>\n<td data-col-size=\"md\" data-start=\"1360\" data-end=\"1432\">Etiqueta t\u00eaxtil\/de cuidados de lavagem RFID UHF<\/td>\n<\/tr>\n<tr data-start=\"1433\" data-end=\"1554\">\n<td data-start=\"1433\" data-end=\"1455\" data-col-size=\"sm\">RFID<\/td>\n<td data-col-size=\"sm\" data-start=\"1455\" data-end=\"1481\">Protocolo<\/td>\n<td data-col-size=\"md\" data-start=\"1481\" data-end=\"1554\">ISO\/IEC 18000-6C, EPC Classe 1 Gera\u00e7\u00e3o 2<\/td>\n<\/tr>\n<tr data-start=\"1555\" data-end=\"1676\">\n<td data-start=\"1555\" data-end=\"1577\" data-col-size=\"sm\"><\/td>\n<td data-col-size=\"sm\" data-start=\"1577\" data-end=\"1603\">Freq\u00fc\u00eancia<\/td>\n<td data-col-size=\"md\" data-start=\"1603\" data-end=\"1676\">860\u2013960 MHz<\/td>\n<\/tr>\n<tr data-start=\"1677\" data-end=\"1798\">\n<td data-start=\"1677\" data-end=\"1699\" data-col-size=\"sm\">Op\u00e7\u00f5es de CI<\/td>\n<td data-col-size=\"sm\" data-start=\"1699\" data-end=\"1725\">Modelos de Chips<\/td>\n<td data-col-size=\"md\" data-start=\"1725\" data-end=\"1798\">NXP UCODE 8 \/ UCODE 9; Impinj Monza R6 \/ R6-P<\/td>\n<\/tr>\n<tr data-start=\"1799\" data-end=\"1920\">\n<td data-start=\"1799\" data-end=\"1821\" data-col-size=\"sm\">Mem\u00f3ria<\/td>\n<td data-col-size=\"sm\" data-start=\"1821\" data-end=\"1847\">EPC \/ Usu\u00e1rio \/ TID<\/td>\n<td data-col-size=\"md\" data-start=\"1847\" data-end=\"1920\">EPC 96\u2013496 bits (configur\u00e1vel) \/ Opcional para o usu\u00e1rio \/ TID 96 bits<\/td>\n<\/tr>\n<tr data-start=\"1921\" data-end=\"2042\">\n<td data-start=\"1921\" data-end=\"1943\" data-col-size=\"sm\">Desempenho<\/td>\n<td data-col-size=\"sm\" data-start=\"1943\" data-end=\"1969\">Dist\u00e2ncia de leitura<\/td>\n<td data-col-size=\"md\" data-start=\"1969\" data-end=\"2042\">1\u201310 m (dependendo do leitor\/ambiente)<\/td>\n<\/tr>\n<tr data-start=\"2043\" data-end=\"2165\">\n<td data-start=\"2043\" data-end=\"2065\" data-col-size=\"sm\">Constru\u00e7\u00e3o<\/td>\n<td data-col-size=\"sm\" data-start=\"2065\" data-end=\"2091\">Materiais<\/td>\n<td data-col-size=\"md\" data-start=\"2091\" data-end=\"2165\">Poli\u00e9ster, cetim, algod\u00e3o, PET, n\u00e3o tecido<\/td>\n<\/tr>\n<tr data-start=\"2166\" data-end=\"2287\">\n<td data-start=\"2166\" data-end=\"2188\" data-col-size=\"sm\">Dimens\u00f5es<\/td>\n<td data-col-size=\"sm\" data-start=\"2188\" data-end=\"2214\">Tamanhos padr\u00e3o<\/td>\n<td data-col-size=\"md\" data-start=\"2214\" data-end=\"2287\">60\u00d730 mm; 80\u00d738 mm; tamanhos personalizados dispon\u00edveis.<\/td>\n<\/tr>\n<tr data-start=\"2288\" data-end=\"2409\">\n<td data-start=\"2288\" data-end=\"2310\" data-col-size=\"sm\">Integra\u00e7\u00e3o<\/td>\n<td data-col-size=\"sm\" data-start=\"2310\" data-end=\"2336\">M\u00e9todos de fixa\u00e7\u00e3o<\/td>\n<td data-col-size=\"md\" data-start=\"2336\" data-end=\"2409\">Costure ou aplique com ferro de passar.<\/td>\n<\/tr>\n<tr data-start=\"2410\" data-end=\"2531\">\n<td data-start=\"2410\" data-end=\"2432\" data-col-size=\"sm\">Impress\u00e3o e dados<\/td>\n<td data-col-size=\"sm\" data-start=\"2432\" data-end=\"2458\">Personaliza\u00e7\u00e3o<\/td>\n<td data-col-size=\"md\" data-start=\"2458\" data-end=\"2531\">Logotipo, n\u00famero de s\u00e9rie\/UID, c\u00f3digo de barras, QR Code, dados vari\u00e1veis; pr\u00e9-codifica\u00e7\u00e3o suportada.<\/td>\n<\/tr>\n<tr data-start=\"2532\" data-end=\"2653\">\n<td data-start=\"2532\" data-end=\"2554\" data-col-size=\"sm\">Durabilidade<\/td>\n<td data-col-size=\"sm\" data-start=\"2554\" data-end=\"2580\">Resist\u00eancia ao processo<\/td>\n<td data-col-size=\"md\" data-start=\"2580\" data-end=\"2653\">Lav\u00e1vel; resistente a ferro e lavagem a seco.<\/td>\n<\/tr>\n<tr data-start=\"2654\" data-end=\"2775\">\n<td data-start=\"2654\" data-end=\"2676\" data-col-size=\"sm\">Vida \u00fatil<\/td>\n<td data-col-size=\"sm\" data-start=\"2676\" data-end=\"2702\">Resist\u00eancia\/Reten\u00e7\u00e3o de CI<\/td>\n<td data-col-size=\"md\" data-start=\"2702\" data-end=\"2775\">100.000 ciclos de programa\u00e7\u00e3o; reten\u00e7\u00e3o de dados por 10 anos.<\/td>\n<\/tr>\n<tr data-start=\"2776\" data-end=\"2897\">\n<td data-start=\"2776\" data-end=\"2798\" data-col-size=\"sm\">Casos de uso<\/td>\n<td data-start=\"2798\" data-end=\"2824\" data-col-size=\"sm\">Aplica\u00e7\u00f5es t\u00edpicas<\/td>\n<td data-col-size=\"md\" data-start=\"2824\" data-end=\"2897\">Rastreamento de vestu\u00e1rio, estoque no varejo, cadeia de suprimentos, cal\u00e7ados\/t\u00eaxteis<\/td>\n<\/tr>\n<\/tbody>\n<\/table>\n<\/div>\n<\/div>","protected":false},"excerpt":{"rendered":"<p>Etiquetas t\u00eaxteis UHF RFID macias e lav\u00e1veis para vestu\u00e1rio \u2014 leituras em lote de 1 a 10 m, compat\u00edveis com EPC Gen2, para costurar ou passar a ferro, com materiais, tamanhos, impress\u00e3o e codifica\u00e7\u00e3o personalizados.<\/p>","protected":false},"featured_media":821,"template":"","meta":{"_gspb_post_css":""},"product_brand":[],"product_cat":[22],"product_tag":[],"class_list":{"0":"post-820","1":"product","2":"type-product","3":"status-publish","4":"has-post-thumbnail","6":"product_cat-rfid-wash-care-labels","8":"first","9":"instock","10":"shipping-taxable","11":"purchasable","12":"product-type-simple"},"_links":{"self":[{"href":"https:\/\/www.cxjsmartcard.com\/pt\/wp-json\/wp\/v2\/product\/820","targetHints":{"allow":["GET"]}}],"collection":[{"href":"https:\/\/www.cxjsmartcard.com\/pt\/wp-json\/wp\/v2\/product"}],"about":[{"href":"https:\/\/www.cxjsmartcard.com\/pt\/wp-json\/wp\/v2\/types\/product"}],"wp:featuredmedia":[{"embeddable":true,"href":"https:\/\/www.cxjsmartcard.com\/pt\/wp-json\/wp\/v2\/media\/821"}],"wp:attachment":[{"href":"https:\/\/www.cxjsmartcard.com\/pt\/wp-json\/wp\/v2\/media?parent=820"}],"wp:term":[{"taxonomy":"product_brand","embeddable":true,"href":"https:\/\/www.cxjsmartcard.com\/pt\/wp-json\/wp\/v2\/product_brand?post=820"},{"taxonomy":"product_cat","embeddable":true,"href":"https:\/\/www.cxjsmartcard.com\/pt\/wp-json\/wp\/v2\/product_cat?post=820"},{"taxonomy":"product_tag","embeddable":true,"href":"https:\/\/www.cxjsmartcard.com\/pt\/wp-json\/wp\/v2\/product_tag?post=820"}],"curies":[{"name":"wp","href":"https:\/\/api.w.org\/{rel}","templated":true}]}}