{"id":815,"date":"2025-11-03T08:03:51","date_gmt":"2025-11-03T08:03:51","guid":{"rendered":"https:\/\/www.cxjsmartcard.com\/?post_type=product&#038;p=815"},"modified":"2025-12-29T01:27:09","modified_gmt":"2025-12-29T01:27:09","slug":"ribbon-satin-garment-uhf-rfid-wash-care-label-tag","status":"publish","type":"product","link":"https:\/\/www.cxjsmartcard.com\/pt\/ribbon-satin-garment-uhf-rfid-wash-care-label-tag\/","title":{"rendered":"Etiqueta de cetim com fita para roupas, prote\u00e7\u00e3o UHF RFID para cuidados com a lavagem."},"content":{"rendered":"<p data-start=\"61\" data-end=\"309\">As etiquetas de cuidados UHF RFID incorporam a tecnologia EPC Gen2 em etiquetas de roupas lav\u00e1veis, proporcionando visibilidade do estoque em tempo real. Projetadas para lavagem industrial, passadoria e uso di\u00e1rio, elas reduzem o encolhimento, evitam rupturas de estoque e eliminam a necessidade de contagem manual.<\/p>\n<p data-start=\"311\" data-end=\"329\"><strong data-start=\"311\" data-end=\"327\">Principais caracter\u00edsticas<\/strong><\/p>\n<ul data-start=\"330\" data-end=\"1000\">\n<li data-start=\"330\" data-end=\"408\">\n<p data-start=\"332\" data-end=\"408\"><strong data-start=\"332\" data-end=\"346\">Materiais:<\/strong> Poli\u00e9ster, cetim, etiqueta de composi\u00e7\u00e3o, algod\u00e3o, n\u00e3o tecido, PET<\/p>\n<\/li>\n<li data-start=\"409\" data-end=\"461\">\n<p data-start=\"411\" data-end=\"461\"><strong data-start=\"411\" data-end=\"421\">Tamanhos:<\/strong> 80 \u00d7 38 mm, 60 \u00d7 30 mm ou sob medida.<\/p>\n<\/li>\n<li data-start=\"462\" data-end=\"492\">\n<p data-start=\"464\" data-end=\"492\"><strong data-start=\"464\" data-end=\"473\">Tipo:<\/strong> RFID UHF passivo<\/p>\n<\/li>\n<li data-start=\"493\" data-end=\"566\">\n<p data-start=\"495\" data-end=\"566\"><strong data-start=\"495\" data-end=\"518\">Protocolo\/Frequ\u00eancia:<\/strong> ISO 18000-6C \/ EPC Classe 1 Gera\u00e7\u00e3o 2; 860\u2013960 MHz<\/p>\n<\/li>\n<li data-start=\"567\" data-end=\"623\">\n<p data-start=\"569\" data-end=\"623\"><strong data-start=\"569\" data-end=\"579\">Batatas fritas:<\/strong> Impinj Monza R6\/R6-P; NXP UCODE 8\/UCODE 9<\/p>\n<\/li>\n<li data-start=\"624\" data-end=\"680\">\n<p data-start=\"626\" data-end=\"680\"><strong data-start=\"626\" data-end=\"644\">Dist\u00e2ncia de leitura:<\/strong> 1\u201310 m (dependendo do leitor\/antena)<\/p>\n<\/li>\n<li data-start=\"681\" data-end=\"718\">\n<p data-start=\"683\" data-end=\"718\"><strong data-start=\"683\" data-end=\"698\">Anexo:<\/strong> Costure ou aplique com ferro de passar.<\/p>\n<\/li>\n<li data-start=\"719\" data-end=\"780\">\n<p data-start=\"721\" data-end=\"780\"><strong data-start=\"721\" data-end=\"741\">Impress\u00e3o e dados:<\/strong> Arte personalizada, n\u00famero de s\u00e9rie\/UID, codifica\u00e7\u00e3o<\/p>\n<\/li>\n<li data-start=\"781\" data-end=\"853\">\n<p data-start=\"783\" data-end=\"853\"><strong data-start=\"783\" data-end=\"800\">Resist\u00eancia do motor de combust\u00e3o interna:<\/strong> 100.000 ciclos de programa\u00e7\u00e3o; reten\u00e7\u00e3o de dados por 10 anos.<\/p>\n<\/li>\n<li data-start=\"854\" data-end=\"904\">\n<p data-start=\"856\" data-end=\"904\"><strong data-start=\"856\" data-end=\"868\">Exemplos:<\/strong> Amostras gr\u00e1tis dispon\u00edveis mediante solicita\u00e7\u00e3o.<\/p>\n<\/li>\n<li data-start=\"905\" data-end=\"1000\">\n<p data-start=\"907\" data-end=\"1000\"><strong data-start=\"907\" data-end=\"924\">Aplica\u00e7\u00f5es:<\/strong> Gest\u00e3o de estoque, cadeia de suprimentos, varejo; vestu\u00e1rio, roupas, bolsas, cal\u00e7ados<\/p>\n<\/li>\n<\/ul>\n<h2 data-start=\"1002\" data-end=\"1027\">Tabela (Especifica\u00e7\u00f5es)<\/h2>\n<div class=\"_tableContainer_1rjym_1\">\n<div class=\"group _tableWrapper_1rjym_13 flex w-fit flex-col-reverse\" tabindex=\"-1\">\n<table class=\"w-fit min-w-(--thread-content-width)\" data-start=\"1029\" data-end=\"2619\">\n<thead data-start=\"1029\" data-end=\"1128\">\n<tr data-start=\"1029\" data-end=\"1128\">\n<th data-start=\"1029\" data-end=\"1051\" data-col-size=\"sm\">Categoria<\/th>\n<th data-start=\"1051\" data-end=\"1072\" data-col-size=\"sm\">Par\u00e2metro<\/th>\n<th data-start=\"1072\" data-end=\"1128\" data-col-size=\"md\">Valor<\/th>\n<\/tr>\n<\/thead>\n<tbody data-start=\"1228\" data-end=\"2619\">\n<tr data-start=\"1228\" data-end=\"1326\">\n<td data-start=\"1228\" data-end=\"1249\" data-col-size=\"sm\">Produto<\/td>\n<td data-start=\"1249\" data-end=\"1270\" data-col-size=\"sm\">Nome<\/td>\n<td data-col-size=\"md\" data-start=\"1270\" data-end=\"1326\">Etiqueta de cuidados RFID<\/td>\n<\/tr>\n<tr data-start=\"1327\" data-end=\"1431\">\n<td data-start=\"1327\" data-end=\"1348\" data-col-size=\"sm\">Constru\u00e7\u00e3o<\/td>\n<td data-col-size=\"sm\" data-start=\"1348\" data-end=\"1369\">Materiais<\/td>\n<td data-col-size=\"md\" data-start=\"1369\" data-end=\"1431\">Poli\u00e9ster \/ Cetim \/ Composi\u00e7\u00e3o \/ Algod\u00e3o \/ N\u00e3o tecido \/ PET<\/td>\n<\/tr>\n<tr data-start=\"1432\" data-end=\"1530\">\n<td data-start=\"1432\" data-end=\"1453\" data-col-size=\"sm\">Dimens\u00f5es<\/td>\n<td data-col-size=\"sm\" data-start=\"1453\" data-end=\"1474\">Tamanhos padr\u00e3o<\/td>\n<td data-col-size=\"md\" data-start=\"1474\" data-end=\"1530\">80 \u00d7 38 mm; 60 \u00d7 30 mm; sob medida<\/td>\n<\/tr>\n<tr data-start=\"1531\" data-end=\"1629\">\n<td data-start=\"1531\" data-end=\"1552\" data-col-size=\"sm\">RFID<\/td>\n<td data-col-size=\"sm\" data-start=\"1552\" data-end=\"1573\">Tipo<\/td>\n<td data-col-size=\"md\" data-start=\"1573\" data-end=\"1629\">UHF passivo<\/td>\n<\/tr>\n<tr data-start=\"1630\" data-end=\"1728\">\n<td data-start=\"1630\" data-end=\"1651\" data-col-size=\"sm\"><\/td>\n<td data-col-size=\"sm\" data-start=\"1651\" data-end=\"1672\">Protocolo<\/td>\n<td data-col-size=\"md\" data-start=\"1672\" data-end=\"1728\">ISO 18000-6C; EPC Classe 1 Gera\u00e7\u00e3o 2<\/td>\n<\/tr>\n<tr data-start=\"1729\" data-end=\"1827\">\n<td data-start=\"1729\" data-end=\"1750\" data-col-size=\"sm\"><\/td>\n<td data-col-size=\"sm\" data-start=\"1750\" data-end=\"1771\">Freq\u00fc\u00eancia<\/td>\n<td data-col-size=\"md\" data-start=\"1771\" data-end=\"1827\">860\u2013960 MHz<\/td>\n<\/tr>\n<tr data-start=\"1828\" data-end=\"1926\">\n<td data-start=\"1828\" data-end=\"1849\" data-col-size=\"sm\">Op\u00e7\u00f5es de CI<\/td>\n<td data-col-size=\"sm\" data-start=\"1849\" data-end=\"1870\">Batatas fritas<\/td>\n<td data-col-size=\"md\" data-start=\"1870\" data-end=\"1926\">Impinj Monza R6 \/ R6-P; NXP UCODE 8 \/ UCODE 9<\/td>\n<\/tr>\n<tr data-start=\"1927\" data-end=\"2025\">\n<td data-start=\"1927\" data-end=\"1948\" data-col-size=\"sm\">Desempenho<\/td>\n<td data-col-size=\"sm\" data-start=\"1948\" data-end=\"1969\">Dist\u00e2ncia de leitura<\/td>\n<td data-col-size=\"md\" data-start=\"1969\" data-end=\"2025\">1\u201310 m (depende do leitor e da antena)<\/td>\n<\/tr>\n<tr data-start=\"2026\" data-end=\"2124\">\n<td data-start=\"2026\" data-end=\"2047\" data-col-size=\"sm\">Instala\u00e7\u00e3o<\/td>\n<td data-col-size=\"sm\" data-start=\"2047\" data-end=\"2068\">M\u00e9todo de fixa\u00e7\u00e3o<\/td>\n<td data-col-size=\"md\" data-start=\"2068\" data-end=\"2124\">Costurar ou passar a ferro<\/td>\n<\/tr>\n<tr data-start=\"2125\" data-end=\"2223\">\n<td data-start=\"2125\" data-end=\"2146\" data-col-size=\"sm\">Personaliza\u00e7\u00e3o<\/td>\n<td data-start=\"2146\" data-end=\"2167\" data-col-size=\"sm\">Impress\u00e3o\/Codifica\u00e7\u00e3o<\/td>\n<td data-col-size=\"md\" data-start=\"2167\" data-end=\"2223\">Impress\u00e3o, serial\/UID, design, codifica\u00e7\u00e3o de dados<\/td>\n<\/tr>\n<tr data-start=\"2224\" data-end=\"2322\">\n<td data-start=\"2224\" data-end=\"2245\" data-col-size=\"sm\">Resist\u00eancia<\/td>\n<td data-start=\"2245\" data-end=\"2266\" data-col-size=\"sm\">Ciclos de Programa\u00e7\u00e3o<\/td>\n<td data-col-size=\"md\" data-start=\"2266\" data-end=\"2322\">100,000<\/td>\n<\/tr>\n<tr data-start=\"2323\" data-end=\"2421\">\n<td data-start=\"2323\" data-end=\"2344\" data-col-size=\"sm\">Dados<\/td>\n<td data-col-size=\"sm\" data-start=\"2344\" data-end=\"2365\">Reten\u00e7\u00e3o<\/td>\n<td data-col-size=\"md\" data-start=\"2365\" data-end=\"2421\">10 anos<\/td>\n<\/tr>\n<tr data-start=\"2422\" data-end=\"2520\">\n<td data-start=\"2422\" data-end=\"2443\" data-col-size=\"sm\">Amostragem<\/td>\n<td data-col-size=\"sm\" data-start=\"2443\" data-end=\"2464\">Disponibilidade<\/td>\n<td data-col-size=\"md\" data-start=\"2464\" data-end=\"2520\">Amostras gr\u00e1tis dispon\u00edveis<\/td>\n<\/tr>\n<tr data-start=\"2521\" data-end=\"2619\">\n<td data-start=\"2521\" data-end=\"2542\" data-col-size=\"sm\">Casos de uso<\/td>\n<td data-col-size=\"sm\" data-start=\"2542\" data-end=\"2563\">Aplica\u00e7\u00f5es<\/td>\n<td data-col-size=\"md\" data-start=\"2563\" data-end=\"2619\">Invent\u00e1rio, cadeia de suprimentos, varejo; vestu\u00e1rio\/bolsas\/cal\u00e7ados<\/td>\n<\/tr>\n<\/tbody>\n<\/table>\n<\/div>\n<\/div>","protected":false},"excerpt":{"rendered":"<p>Etiquetas de cuidados UHF RFID lav\u00e1veis em cetim\/poli\u00e9ster para roupas \u2014 alcance de leitura de 1 a 10 m, ISO 18000-6C EPC Gen2, para costurar ou passar a ferro, impress\u00e3o e codifica\u00e7\u00e3o personaliz\u00e1veis.<\/p>","protected":false},"featured_media":816,"template":"","meta":{"_gspb_post_css":""},"product_brand":[],"product_cat":[22],"product_tag":[],"class_list":{"0":"post-815","1":"product","2":"type-product","3":"status-publish","4":"has-post-thumbnail","6":"product_cat-rfid-wash-care-labels","8":"first","9":"instock","10":"shipping-taxable","11":"purchasable","12":"product-type-simple"},"_links":{"self":[{"href":"https:\/\/www.cxjsmartcard.com\/pt\/wp-json\/wp\/v2\/product\/815","targetHints":{"allow":["GET"]}}],"collection":[{"href":"https:\/\/www.cxjsmartcard.com\/pt\/wp-json\/wp\/v2\/product"}],"about":[{"href":"https:\/\/www.cxjsmartcard.com\/pt\/wp-json\/wp\/v2\/types\/product"}],"wp:featuredmedia":[{"embeddable":true,"href":"https:\/\/www.cxjsmartcard.com\/pt\/wp-json\/wp\/v2\/media\/816"}],"wp:attachment":[{"href":"https:\/\/www.cxjsmartcard.com\/pt\/wp-json\/wp\/v2\/media?parent=815"}],"wp:term":[{"taxonomy":"product_brand","embeddable":true,"href":"https:\/\/www.cxjsmartcard.com\/pt\/wp-json\/wp\/v2\/product_brand?post=815"},{"taxonomy":"product_cat","embeddable":true,"href":"https:\/\/www.cxjsmartcard.com\/pt\/wp-json\/wp\/v2\/product_cat?post=815"},{"taxonomy":"product_tag","embeddable":true,"href":"https:\/\/www.cxjsmartcard.com\/pt\/wp-json\/wp\/v2\/product_tag?post=815"}],"curies":[{"name":"wp","href":"https:\/\/api.w.org\/{rel}","templated":true}]}}