{"id":811,"date":"2025-11-03T08:01:29","date_gmt":"2025-11-03T08:01:29","guid":{"rendered":"https:\/\/www.cxjsmartcard.com\/?post_type=product&#038;p=811"},"modified":"2025-12-29T01:27:09","modified_gmt":"2025-12-29T01:27:09","slug":"nylon-woven-uhf-rfid-wash-care-label-tags","status":"publish","type":"product","link":"https:\/\/www.cxjsmartcard.com\/pt\/nylon-woven-uhf-rfid-wash-care-label-tags\/","title":{"rendered":"Etiquetas de cuidados de lavagem em nylon tecido com tecnologia UHF RFID"},"content":{"rendered":"<p data-start=\"53\" data-end=\"357\">Etiquetas de cuidados de lavagem em nylon tecido com tecnologia UHF t\u00eam a mesma apar\u00eancia e textura das etiquetas de tecido padr\u00e3o, mas incorporam um chip EPC Gen2\/UHF para rastreamento r\u00e1pido de m\u00faltiplas leituras de pe\u00e7as de vestu\u00e1rio. Dur\u00e1veis, lav\u00e1veis e costur\u00e1veis, elas otimizam o controle de estoque, a entrada de roupas para lavagem e a visibilidade da cadeia de suprimentos.<\/p>\n<p data-start=\"359\" data-end=\"377\"><strong data-start=\"359\" data-end=\"375\">Principais caracter\u00edsticas<\/strong><\/p>\n<ul data-start=\"378\" data-end=\"955\">\n<li data-start=\"378\" data-end=\"452\">\n<p data-start=\"380\" data-end=\"452\"><strong data-start=\"380\" data-end=\"400\">Desempenho em UHF:<\/strong> 860\u2013960 MHz; ISO\/IEC 18000-6C (Classe EPC 1 Gera\u00e7\u00e3o 2)<\/p>\n<\/li>\n<li data-start=\"453\" data-end=\"516\">\n<p data-start=\"455\" data-end=\"516\"><strong data-start=\"455\" data-end=\"465\">Batatas fritas:<\/strong> NXP UCODE 8\/9, Impinj M4QT, MR6-P (personaliz\u00e1vel)<\/p>\n<\/li>\n<li data-start=\"517\" data-end=\"603\">\n<p data-start=\"519\" data-end=\"603\"><strong data-start=\"519\" data-end=\"538\">Perfil de mem\u00f3ria:<\/strong> EPC 96\u2013128 bits; Usu\u00e1rio 0\u2013512 bits; TID 96 bits; Reserva 64 bits<\/p>\n<\/li>\n<li data-start=\"604\" data-end=\"652\">\n<p data-start=\"606\" data-end=\"652\"><strong data-start=\"606\" data-end=\"621\">Intervalo de leitura:<\/strong> 0\u20138 m (dependendo da etiqueta\/leitor)<\/p>\n<\/li>\n<li data-start=\"653\" data-end=\"721\">\n<p data-start=\"655\" data-end=\"721\"><strong data-start=\"655\" data-end=\"672\">Constru\u00e7\u00e3o:<\/strong> Tecido de nylon ou face em PET; formatos de etiquetas para costurar.<\/p>\n<\/li>\n<li data-start=\"722\" data-end=\"797\">\n<p data-start=\"724\" data-end=\"797\"><strong data-start=\"724\" data-end=\"738\">Resist\u00eancia:<\/strong> Regrav\u00e1vel at\u00e9 100.000 vezes; reten\u00e7\u00e3o de dados superior a 50 anos.<\/p>\n<\/li>\n<li data-start=\"798\" data-end=\"864\">\n<p data-start=\"800\" data-end=\"864\"><strong data-start=\"800\" data-end=\"816\">Tamanhos das etiquetas:<\/strong> Padr\u00e3o ou personalizado (ex.: 64\u00d721 mm, 81\u00d730 mm)<\/p>\n<\/li>\n<li data-start=\"865\" data-end=\"955\">\n<p data-start=\"867\" data-end=\"955\"><strong data-start=\"867\" data-end=\"891\">Impress\u00e3o e codifica\u00e7\u00e3o:<\/strong> Transfer\u00eancia t\u00e9rmica, serigrafia e outras op\u00e7\u00f5es com codifica\u00e7\u00e3o de dados.<\/p>\n<\/li>\n<\/ul>\n<p data-start=\"957\" data-end=\"1084\"><strong data-start=\"957\" data-end=\"973\">Aplica\u00e7\u00f5es<\/strong><br data-start=\"973\" data-end=\"976\" \/>Invent\u00e1rio de vestu\u00e1rio e cal\u00e7ados \u2022 Rastreamento de lavanderia e t\u00eaxteis \u2022 Controle da cadeia de suprimentos e distribui\u00e7\u00e3o de vestu\u00e1rio.<\/p>\n<p data-start=\"1086\" data-end=\"1224\"><strong data-start=\"1086\" data-end=\"1111\">Op\u00e7\u00f5es de personaliza\u00e7\u00e3o<\/strong><br data-start=\"1111\" data-end=\"1114\" \/>Tipo de chip, dimens\u00f5es da etiqueta, material da face (nylon\/PET), arte (logotipo\/texto\/n\u00famero de s\u00e9rie\/QR) e codifica\u00e7\u00e3o completa dos dados.<\/p>\n<h2 data-start=\"1226\" data-end=\"1251\">Tabela (Especifica\u00e7\u00f5es)<\/h2>\n<div class=\"_tableContainer_1rjym_1\">\n<div class=\"group _tableWrapper_1rjym_13 flex w-fit flex-col-reverse\" tabindex=\"-1\">\n<table class=\"w-fit min-w-(--thread-content-width)\" data-start=\"1253\" data-end=\"3546\">\n<thead data-start=\"1253\" data-end=\"1381\">\n<tr data-start=\"1253\" data-end=\"1381\">\n<th data-start=\"1253\" data-end=\"1275\" data-col-size=\"sm\">Categoria<\/th>\n<th data-start=\"1275\" data-end=\"1298\" data-col-size=\"sm\">Par\u00e2metro<\/th>\n<th data-start=\"1298\" data-end=\"1381\" data-col-size=\"md\">Valor<\/th>\n<\/tr>\n<\/thead>\n<tbody data-start=\"1510\" data-end=\"3546\">\n<tr data-start=\"1510\" data-end=\"1636\">\n<td data-start=\"1510\" data-end=\"1531\" data-col-size=\"sm\">Produto<\/td>\n<td data-start=\"1531\" data-end=\"1554\" data-col-size=\"sm\">Nome<\/td>\n<td data-col-size=\"md\" data-start=\"1554\" data-end=\"1636\">Etiqueta de cuidados de lavagem com RFID UHF<\/td>\n<\/tr>\n<tr data-start=\"1637\" data-end=\"1763\">\n<td data-start=\"1637\" data-end=\"1658\" data-col-size=\"sm\">RF<\/td>\n<td data-start=\"1658\" data-end=\"1681\" data-col-size=\"sm\">Freq\u00fc\u00eancia<\/td>\n<td data-col-size=\"md\" data-start=\"1681\" data-end=\"1763\">860\u2013960 MHz<\/td>\n<\/tr>\n<tr data-start=\"1764\" data-end=\"1890\">\n<td data-start=\"1764\" data-end=\"1785\" data-col-size=\"sm\"><\/td>\n<td data-col-size=\"sm\" data-start=\"1785\" data-end=\"1808\">Protocolo<\/td>\n<td data-col-size=\"md\" data-start=\"1808\" data-end=\"1890\">ISO\/IEC 18000-6C, EPC Classe 1 Gera\u00e7\u00e3o 2<\/td>\n<\/tr>\n<tr data-start=\"1891\" data-end=\"2017\">\n<td data-start=\"1891\" data-end=\"1912\" data-col-size=\"sm\">Op\u00e7\u00f5es de CI<\/td>\n<td data-col-size=\"sm\" data-start=\"1912\" data-end=\"1935\">Batatas fritas<\/td>\n<td data-col-size=\"md\" data-start=\"1935\" data-end=\"2017\">NXP UCODE 8 \/ UCODE 9; Impinj M4QT; MR6-P<\/td>\n<\/tr>\n<tr data-start=\"2018\" data-end=\"2144\">\n<td data-start=\"2018\" data-end=\"2039\" data-col-size=\"sm\">Mem\u00f3ria<\/td>\n<td data-col-size=\"sm\" data-start=\"2039\" data-end=\"2062\">EPC \/ Usu\u00e1rio \/ TID<\/td>\n<td data-col-size=\"md\" data-start=\"2062\" data-end=\"2144\">96\u2013128 bits \/ 0\u2013512 bits \/ 96 bits<\/td>\n<\/tr>\n<tr data-start=\"2145\" data-end=\"2272\">\n<td data-start=\"2145\" data-end=\"2166\" data-col-size=\"sm\"><\/td>\n<td data-col-size=\"sm\" data-start=\"2166\" data-end=\"2189\">Reserva<\/td>\n<td data-col-size=\"md\" data-start=\"2189\" data-end=\"2272\">64 bits<\/td>\n<\/tr>\n<tr data-start=\"2273\" data-end=\"2399\">\n<td data-start=\"2273\" data-end=\"2294\" data-col-size=\"sm\">Mec\u00e2nica<\/td>\n<td data-col-size=\"sm\" data-start=\"2294\" data-end=\"2317\">Material facial<\/td>\n<td data-col-size=\"md\" data-start=\"2317\" data-end=\"2399\">Tecido de nylon, PET ou personalizado<\/td>\n<\/tr>\n<tr data-start=\"2400\" data-end=\"2526\">\n<td data-start=\"2400\" data-end=\"2421\" data-col-size=\"sm\">Dimens\u00f5es<\/td>\n<td data-col-size=\"sm\" data-start=\"2421\" data-end=\"2444\">Tamanho da etiqueta<\/td>\n<td data-col-size=\"md\" data-start=\"2444\" data-end=\"2526\">Padr\u00e3o ou personalizado (ex.: 64\u00d721 mm, 81\u00d730 mm)<\/td>\n<\/tr>\n<tr data-start=\"2527\" data-end=\"2653\">\n<td data-start=\"2527\" data-end=\"2548\" data-col-size=\"sm\">Desempenho<\/td>\n<td data-col-size=\"sm\" data-start=\"2548\" data-end=\"2571\">Dist\u00e2ncia de leitura<\/td>\n<td data-col-size=\"md\" data-start=\"2571\" data-end=\"2653\">0\u20138 m (dependendo do leitor, do ambiente e da vestimenta)<\/td>\n<\/tr>\n<tr data-start=\"2654\" data-end=\"2780\">\n<td data-start=\"2654\" data-end=\"2675\" data-col-size=\"sm\">Vida \u00fatil<\/td>\n<td data-col-size=\"sm\" data-start=\"2675\" data-end=\"2698\">Regrav\u00e1vel\/Reten\u00e7\u00e3o<\/td>\n<td data-col-size=\"md\" data-start=\"2698\" data-end=\"2780\">At\u00e9 100.000 grava\u00e7\u00f5es; reten\u00e7\u00e3o de dados por mais de 50 anos.<\/td>\n<\/tr>\n<tr data-start=\"2781\" data-end=\"2908\">\n<td data-start=\"2781\" data-end=\"2802\" data-col-size=\"sm\">Ambiente<\/td>\n<td data-col-size=\"sm\" data-start=\"2802\" data-end=\"2825\">Temperatura\/Umidade Relativa de Opera\u00e7\u00e3o<\/td>\n<td data-col-size=\"md\" data-start=\"2825\" data-end=\"2908\">0\u201360 \u2103 \/ 20\u201380% RH<\/td>\n<\/tr>\n<tr data-start=\"2909\" data-end=\"3036\">\n<td data-start=\"2909\" data-end=\"2930\" data-col-size=\"sm\"><\/td>\n<td data-col-size=\"sm\" data-start=\"2930\" data-end=\"2953\">Temperatura\/umidade relativa de armazenamento<\/td>\n<td data-col-size=\"md\" data-start=\"2953\" data-end=\"3036\">20\u201330 \u2103 \/ 20\u201360% RH<\/td>\n<\/tr>\n<tr data-start=\"3037\" data-end=\"3163\">\n<td data-start=\"3037\" data-end=\"3058\" data-col-size=\"sm\">Produ\u00e7\u00e3o<\/td>\n<td data-start=\"3058\" data-end=\"3081\" data-col-size=\"sm\">M\u00e9todos de impress\u00e3o<\/td>\n<td data-col-size=\"md\" data-start=\"3081\" data-end=\"3163\">Transfer\u00eancia t\u00e9rmica, serigrafia, outros<\/td>\n<\/tr>\n<tr data-start=\"3164\" data-end=\"3291\">\n<td data-start=\"3164\" data-end=\"3185\" data-col-size=\"sm\">Integra\u00e7\u00e3o<\/td>\n<td data-col-size=\"sm\" data-start=\"3185\" data-end=\"3208\">Anexo<\/td>\n<td data-col-size=\"md\" data-start=\"3208\" data-end=\"3291\">Pode ser costurado em pe\u00e7as de vestu\u00e1rio.<\/td>\n<\/tr>\n<tr data-start=\"3292\" data-end=\"3418\">\n<td data-start=\"3292\" data-end=\"3313\" data-col-size=\"sm\">Benef\u00edcios<\/td>\n<td data-col-size=\"sm\" data-start=\"3313\" data-end=\"3336\">Destaques<\/td>\n<td data-col-size=\"md\" data-start=\"3336\" data-end=\"3418\">Leitura r\u00e1pida e m\u00faltipla, lav\u00e1vel e dur\u00e1vel, rastreabilidade e gest\u00e3o de invent\u00e1rio.<\/td>\n<\/tr>\n<tr data-start=\"3419\" data-end=\"3546\">\n<td data-start=\"3419\" data-end=\"3440\" data-col-size=\"sm\">Casos de uso<\/td>\n<td data-col-size=\"sm\" data-start=\"3440\" data-end=\"3463\">Aplica\u00e7\u00f5es<\/td>\n<td data-col-size=\"md\" data-start=\"3463\" data-end=\"3546\">Gest\u00e3o de vestu\u00e1rio e cal\u00e7ado; rastreamento de lavanderia e t\u00eaxteis; controle da cadeia de suprimentos<\/td>\n<\/tr>\n<\/tbody>\n<\/table>\n<\/div>\n<\/div>","protected":false},"excerpt":{"rendered":"<p>Etiquetas de cuidados de lavagem UHF RFID dur\u00e1veis e costur\u00e1veis em nylon ou PET \u2014 EPC Gen2, leituras de 0 a 8 m, at\u00e9 100.000 regrava\u00e7\u00f5es e reten\u00e7\u00e3o superior a 50 anos para rastreamento de vestu\u00e1rio, lavanderia e cadeia de suprimentos.<\/p>","protected":false},"featured_media":812,"template":"","meta":{"_gspb_post_css":""},"product_brand":[],"product_cat":[22],"product_tag":[],"class_list":{"0":"post-811","1":"product","2":"type-product","3":"status-publish","4":"has-post-thumbnail","6":"product_cat-rfid-wash-care-labels","8":"first","9":"instock","10":"shipping-taxable","11":"purchasable","12":"product-type-simple"},"_links":{"self":[{"href":"https:\/\/www.cxjsmartcard.com\/pt\/wp-json\/wp\/v2\/product\/811","targetHints":{"allow":["GET"]}}],"collection":[{"href":"https:\/\/www.cxjsmartcard.com\/pt\/wp-json\/wp\/v2\/product"}],"about":[{"href":"https:\/\/www.cxjsmartcard.com\/pt\/wp-json\/wp\/v2\/types\/product"}],"wp:featuredmedia":[{"embeddable":true,"href":"https:\/\/www.cxjsmartcard.com\/pt\/wp-json\/wp\/v2\/media\/812"}],"wp:attachment":[{"href":"https:\/\/www.cxjsmartcard.com\/pt\/wp-json\/wp\/v2\/media?parent=811"}],"wp:term":[{"taxonomy":"product_brand","embeddable":true,"href":"https:\/\/www.cxjsmartcard.com\/pt\/wp-json\/wp\/v2\/product_brand?post=811"},{"taxonomy":"product_cat","embeddable":true,"href":"https:\/\/www.cxjsmartcard.com\/pt\/wp-json\/wp\/v2\/product_cat?post=811"},{"taxonomy":"product_tag","embeddable":true,"href":"https:\/\/www.cxjsmartcard.com\/pt\/wp-json\/wp\/v2\/product_tag?post=811"}],"curies":[{"name":"wp","href":"https:\/\/api.w.org\/{rel}","templated":true}]}}