{"id":801,"date":"2025-11-03T07:55:36","date_gmt":"2025-11-03T07:55:36","guid":{"rendered":"https:\/\/www.cxjsmartcard.com\/?post_type=product&#038;p=801"},"modified":"2025-12-29T01:27:09","modified_gmt":"2025-12-29T01:27:09","slug":"printable-fabric-ntag213-nfc-elastic-rfid-bracelet","status":"publish","type":"product","link":"https:\/\/www.cxjsmartcard.com\/pt\/printable-fabric-ntag213-nfc-elastic-rfid-bracelet\/","title":{"rendered":"Pulseira el\u00e1stica NFC RFID NTAG213 de tecido imprim\u00edvel"},"content":{"rendered":"<p data-start=\"63\" data-end=\"246\">Pulseira de tecido el\u00e1stico com NTAG213 (HF 13,56 MHz) para controle de acesso e pagamentos sem dinheiro em eventos. A pulseira \u00e9 \u00e0 prova d&#039;\u00e1gua, reutiliz\u00e1vel e confort\u00e1vel para uso prolongado.<\/p>\n<p data-start=\"248\" data-end=\"262\"><strong data-start=\"248\" data-end=\"260\">Caracter\u00edsticas<\/strong><\/p>\n<ul data-start=\"263\" data-end=\"444\">\n<li data-start=\"263\" data-end=\"289\">\n<p data-start=\"265\" data-end=\"289\">Dur\u00e1vel e \u00e0 prova d&#039;\u00e1gua.<\/p>\n<\/li>\n<li data-start=\"290\" data-end=\"343\">\n<p data-start=\"292\" data-end=\"343\">Ajuste el\u00e1stico; regul\u00e1vel para diferentes tamanhos de pulso.<\/p>\n<\/li>\n<li data-start=\"344\" data-end=\"396\">\n<p data-start=\"346\" data-end=\"396\">Reutiliz\u00e1vel; macio e confort\u00e1vel para sess\u00f5es prolongadas.<\/p>\n<\/li>\n<li data-start=\"397\" data-end=\"444\">\n<p data-start=\"399\" data-end=\"444\">\u00c1rea imprim\u00edvel para cart\u00f5es\/patches de identifica\u00e7\u00e3o ou para personaliza\u00e7\u00e3o da marca.<\/p>\n<\/li>\n<\/ul>\n<p data-start=\"446\" data-end=\"627\"><strong data-start=\"446\" data-end=\"463\">Personaliza\u00e7\u00e3o<\/strong><br data-start=\"463\" data-end=\"466\" \/>Cores, logotipos, n\u00fameros de s\u00e9rie, c\u00f3digos QR e detalhes do evento. M\u00e9todos suportados: tecelagem, impress\u00e3o por transfer\u00eancia t\u00e9rmica, serigrafia; grava\u00e7\u00e3o a laser ou impress\u00e3o UV opcionais.<\/p>\n<p data-start=\"629\" data-end=\"755\"><strong data-start=\"629\" data-end=\"645\">Aplica\u00e7\u00f5es<\/strong><br data-start=\"645\" data-end=\"648\" \/>Resorts, bares, festas, exposi\u00e7\u00f5es, confer\u00eancias, eventos esportivos, shows, locais de encontro e casas noturnas.<\/p>\n<h2 data-start=\"757\" data-end=\"782\">Tabela (Especifica\u00e7\u00f5es)<\/h2>\n<div class=\"_tableContainer_1rjym_1\">\n<div class=\"group _tableWrapper_1rjym_13 flex w-fit flex-col-reverse\" tabindex=\"-1\">\n<table class=\"w-fit min-w-(--thread-content-width)\" data-start=\"784\" data-end=\"2223\">\n<thead data-start=\"784\" data-end=\"903\">\n<tr data-start=\"784\" data-end=\"903\">\n<th data-start=\"784\" data-end=\"802\" data-col-size=\"sm\">Categoria<\/th>\n<th data-start=\"802\" data-end=\"830\" data-col-size=\"sm\">Par\u00e2metro<\/th>\n<th data-start=\"830\" data-end=\"903\" data-col-size=\"md\">Valor<\/th>\n<\/tr>\n<\/thead>\n<tbody data-start=\"1024\" data-end=\"2223\">\n<tr data-start=\"1024\" data-end=\"1143\">\n<td data-start=\"1024\" data-end=\"1042\" data-col-size=\"sm\">Produto<\/td>\n<td data-start=\"1042\" data-end=\"1070\" data-col-size=\"sm\">Nome<\/td>\n<td data-col-size=\"md\" data-start=\"1070\" data-end=\"1143\">Pulseira el\u00e1stica NFC RFID NTAG 213 de tecido imprim\u00edvel<\/td>\n<\/tr>\n<tr data-start=\"1144\" data-end=\"1263\">\n<td data-start=\"1144\" data-end=\"1162\" data-col-size=\"sm\">Caracter\u00edsticas<\/td>\n<td data-start=\"1162\" data-end=\"1190\" data-col-size=\"sm\">Atributos<\/td>\n<td data-col-size=\"md\" data-start=\"1190\" data-end=\"1263\">Imperme\u00e1vel, reutiliz\u00e1vel, macio e confort\u00e1vel.<\/td>\n<\/tr>\n<tr data-start=\"1264\" data-end=\"1383\">\n<td data-start=\"1264\" data-end=\"1282\" data-col-size=\"sm\">Dimens\u00f5es<\/td>\n<td data-col-size=\"sm\" data-start=\"1282\" data-end=\"1310\">Op\u00e7\u00f5es de largura<\/td>\n<td data-col-size=\"md\" data-start=\"1310\" data-end=\"1383\">15 mm \/ 20 mm \/ 25 mm<\/td>\n<\/tr>\n<tr data-start=\"1384\" data-end=\"1503\">\n<td data-start=\"1384\" data-end=\"1402\" data-col-size=\"sm\"><\/td>\n<td data-col-size=\"sm\" data-start=\"1402\" data-end=\"1430\">Faixa de comprimento<\/td>\n<td data-col-size=\"md\" data-start=\"1430\" data-end=\"1503\">145\u2013210 mm (personaliz\u00e1vel)<\/td>\n<\/tr>\n<tr data-start=\"1504\" data-end=\"1623\">\n<td data-start=\"1504\" data-end=\"1522\" data-col-size=\"sm\"><\/td>\n<td data-col-size=\"sm\" data-start=\"1522\" data-end=\"1550\">Tamanhos recomendados<\/td>\n<td data-col-size=\"md\" data-start=\"1550\" data-end=\"1623\">25\u00d7145 mm (infantil) \u2022 25\u00d7160 mm (juvenil) \u2022 25\u00d7180 mm (adulto)<\/td>\n<\/tr>\n<tr data-start=\"1624\" data-end=\"1743\">\n<td data-start=\"1624\" data-end=\"1642\" data-col-size=\"sm\">Personaliza\u00e7\u00e3o<\/td>\n<td data-col-size=\"sm\" data-start=\"1642\" data-end=\"1670\">Op\u00e7\u00f5es personalizadas<\/td>\n<td data-col-size=\"md\" data-start=\"1670\" data-end=\"1743\">Logotipo, impress\u00e3o, tamanho<\/td>\n<\/tr>\n<tr data-start=\"1744\" data-end=\"1863\">\n<td data-start=\"1744\" data-end=\"1762\" data-col-size=\"sm\">Artesanato<\/td>\n<td data-col-size=\"sm\" data-start=\"1762\" data-end=\"1790\">M\u00e9todos<\/td>\n<td data-col-size=\"md\" data-start=\"1790\" data-end=\"1863\">Tecelagem, impress\u00e3o por transfer\u00eancia t\u00e9rmica, serigrafia<\/td>\n<\/tr>\n<tr data-start=\"1864\" data-end=\"1983\">\n<td data-start=\"1864\" data-end=\"1882\" data-col-size=\"sm\">RFID<\/td>\n<td data-col-size=\"sm\" data-start=\"1882\" data-end=\"1910\">Chip HF<\/td>\n<td data-col-size=\"md\" data-start=\"1910\" data-end=\"1983\">NTAG213 (NFC de 13,56 MHz)<\/td>\n<\/tr>\n<tr data-start=\"1984\" data-end=\"2103\">\n<td data-start=\"1984\" data-end=\"2002\" data-col-size=\"sm\"><\/td>\n<td data-col-size=\"sm\" data-start=\"2002\" data-end=\"2030\">Outras op\u00e7\u00f5es de chip<\/td>\n<td data-col-size=\"md\" data-start=\"2030\" data-end=\"2103\">LF 125 kHz e op\u00e7\u00f5es adicionais de HF sob encomenda.<\/td>\n<\/tr>\n<tr data-start=\"2104\" data-end=\"2223\">\n<td data-start=\"2104\" data-end=\"2122\" data-col-size=\"sm\">Casos de uso<\/td>\n<td data-col-size=\"sm\" data-start=\"2122\" data-end=\"2150\">Aplica\u00e7\u00f5es t\u00edpicas<\/td>\n<td data-col-size=\"md\" data-start=\"2150\" data-end=\"2223\">Controle de acesso, pagamento sem dinheiro em esp\u00e9cie, identifica\u00e7\u00e3o de participantes em eventos e locais de eventos.<\/td>\n<\/tr>\n<\/tbody>\n<\/table>\n<\/div>\n<\/div>","protected":false},"excerpt":{"rendered":"<p>Pulseira el\u00e1stica NFC imprim\u00edvel com NTAG213 \u2014 \u00e0 prova d&#039;\u00e1gua, reutiliz\u00e1vel e confort\u00e1vel. Larguras de 15\/20\/25 mm, comprimento de 145 a 210 mm, com cores, logotipos e c\u00f3digos QR\/serial personalizados.<\/p>","protected":false},"featured_media":802,"template":"","meta":{"_gspb_post_css":""},"product_brand":[],"product_cat":[21],"product_tag":[],"class_list":{"0":"post-801","1":"product","2":"type-product","3":"status-publish","4":"has-post-thumbnail","6":"product_cat-rfid-nfc-bracelets","8":"first","9":"instock","10":"shipping-taxable","11":"purchasable","12":"product-type-simple"},"_links":{"self":[{"href":"https:\/\/www.cxjsmartcard.com\/pt\/wp-json\/wp\/v2\/product\/801","targetHints":{"allow":["GET"]}}],"collection":[{"href":"https:\/\/www.cxjsmartcard.com\/pt\/wp-json\/wp\/v2\/product"}],"about":[{"href":"https:\/\/www.cxjsmartcard.com\/pt\/wp-json\/wp\/v2\/types\/product"}],"wp:featuredmedia":[{"embeddable":true,"href":"https:\/\/www.cxjsmartcard.com\/pt\/wp-json\/wp\/v2\/media\/802"}],"wp:attachment":[{"href":"https:\/\/www.cxjsmartcard.com\/pt\/wp-json\/wp\/v2\/media?parent=801"}],"wp:term":[{"taxonomy":"product_brand","embeddable":true,"href":"https:\/\/www.cxjsmartcard.com\/pt\/wp-json\/wp\/v2\/product_brand?post=801"},{"taxonomy":"product_cat","embeddable":true,"href":"https:\/\/www.cxjsmartcard.com\/pt\/wp-json\/wp\/v2\/product_cat?post=801"},{"taxonomy":"product_tag","embeddable":true,"href":"https:\/\/www.cxjsmartcard.com\/pt\/wp-json\/wp\/v2\/product_tag?post=801"}],"curies":[{"name":"wp","href":"https:\/\/api.w.org\/{rel}","templated":true}]}}