{"id":796,"date":"2025-11-03T07:51:07","date_gmt":"2025-11-03T07:51:07","guid":{"rendered":"https:\/\/www.cxjsmartcard.com\/?post_type=product&#038;p=796"},"modified":"2025-12-29T01:27:09","modified_gmt":"2025-12-29T01:27:09","slug":"paper-tyvek-rfid-bracelets-nfc-wristband-for-concert-festival","status":"publish","type":"product","link":"https:\/\/www.cxjsmartcard.com\/pt\/paper-tyvek-rfid-bracelets-nfc-wristband-for-concert-festival\/","title":{"rendered":"Pulseiras RFID NFC em Tyvek de papel para festivais e shows."},"content":{"rendered":"<p data-start=\"73\" data-end=\"388\">As pulseiras de papel Tyvek RFID NFC combinam o material ecol\u00f3gico Tyvek\u00ae com chips RFID\/NFC integrados para agilizar a entrada, o controle de acesso e os pagamentos sem dinheiro em shows, festivais e grandes espa\u00e7os. Leves, dur\u00e1veis e altamente personaliz\u00e1veis, elas proporcionam entradas r\u00e1pidas e identifica\u00e7\u00e3o segura.<\/p>\n<p data-start=\"390\" data-end=\"459\"><strong data-start=\"390\" data-end=\"402\">Material<\/strong><br data-start=\"402\" data-end=\"405\" \/>Papel Tyvek\u00ae (leve, dur\u00e1vel e ecol\u00f3gico).<\/p>\n<p data-start=\"461\" data-end=\"479\"><strong data-start=\"461\" data-end=\"477\">Principais caracter\u00edsticas<\/strong><\/p>\n<ul data-start=\"480\" data-end=\"953\">\n<li data-start=\"480\" data-end=\"544\">\n<p data-start=\"482\" data-end=\"544\"><strong data-start=\"482\" data-end=\"492\">Tamanhos:<\/strong> 250 \u00d7 25 mm; 250 \u00d7 20 mm (tamanhos personalizados dispon\u00edveis)<\/p>\n<\/li>\n<li data-start=\"545\" data-end=\"588\">\n<p data-start=\"547\" data-end=\"588\"><strong data-start=\"547\" data-end=\"558\">Cores:<\/strong> Correspond\u00eancia de cores CMYK\/Pantone<\/p>\n<\/li>\n<li data-start=\"589\" data-end=\"703\">\n<p data-start=\"591\" data-end=\"703\"><strong data-start=\"591\" data-end=\"604\">Impress\u00e3o:<\/strong> Impress\u00e3o a cores para logotipos, imagens, texto, c\u00f3digos de barras, c\u00f3digos QR, n\u00fameros de s\u00e9rie ou cores s\u00f3lidas.<\/p>\n<\/li>\n<li data-start=\"704\" data-end=\"744\">\n<p data-start=\"706\" data-end=\"744\"><strong data-start=\"706\" data-end=\"718\">Encerramento:<\/strong> Design de fecho reutiliz\u00e1vel<\/p>\n<\/li>\n<li data-start=\"745\" data-end=\"765\">\n<p data-start=\"747\" data-end=\"765\"><strong data-start=\"747\" data-end=\"755\">Quantidade m\u00ednima de encomenda:<\/strong> 500 unidades<\/p>\n<\/li>\n<li data-start=\"766\" data-end=\"953\">\n<p data-start=\"768\" data-end=\"790\"><strong data-start=\"768\" data-end=\"788\">Chips dispon\u00edveis:<\/strong><\/p>\n<ul data-start=\"793\" data-end=\"953\">\n<li data-start=\"793\" data-end=\"824\">\n<p data-start=\"795\" data-end=\"824\">NTAG\u00ae 203 \/ 213 \/ 215 \/ 216<\/p>\n<\/li>\n<li data-start=\"827\" data-end=\"854\">\n<p data-start=\"829\" data-end=\"854\">MIFARE Classic\u00ae 1K \/ 4K<\/p>\n<\/li>\n<li data-start=\"857\" data-end=\"886\">\n<p data-start=\"859\" data-end=\"886\">MIFARE Plus\u00ae 1K \/ 2K \/ 4K<\/p>\n<\/li>\n<li data-start=\"889\" data-end=\"919\">\n<p data-start=\"891\" data-end=\"919\">MIFARE Ultralight\u00ae EV1 \/ C<\/p>\n<\/li>\n<li data-start=\"922\" data-end=\"953\">\n<p data-start=\"924\" data-end=\"953\">MIFARE\u00ae DESFire\u00ae 2K \/ 4K \/ 8K<\/p>\n<\/li>\n<\/ul>\n<\/li>\n<\/ul>\n<p data-start=\"955\" data-end=\"1168\"><strong data-start=\"955\" data-end=\"971\">Aplica\u00e7\u00f5es<\/strong><br data-start=\"971\" data-end=\"974\" \/>Eventos e festivais; concertos; exposi\u00e7\u00f5es; parques de divers\u00f5es e aqu\u00e1ticos; esportes (maratonas e competi\u00e7\u00f5es); clubes e bares; hospitais\/servi\u00e7os de sa\u00fade (identifica\u00e7\u00e3o de pacientes); c\u00e2maras frigor\u00edficas; treinamento e muito mais.<\/p>\n<p data-start=\"1170\" data-end=\"1202\"><strong data-start=\"1170\" data-end=\"1200\">Embalagem e Certifica\u00e7\u00f5es<\/strong><\/p>\n<ul data-start=\"1203\" data-end=\"1372\">\n<li data-start=\"1203\" data-end=\"1285\">\n<p data-start=\"1205\" data-end=\"1285\"><strong data-start=\"1205\" data-end=\"1217\">Embalagem:<\/strong> 1000 unidades por saco PP; 2000 unidades por caixa interna; 20000 unidades por caixa de papel\u00e3o.<\/p>\n<\/li>\n<li data-start=\"1286\" data-end=\"1326\">\n<p data-start=\"1288\" data-end=\"1326\"><strong data-start=\"1288\" data-end=\"1307\">Certifica\u00e7\u00f5es:<\/strong> ISO \/ RoHS \/ SGS<\/p>\n<\/li>\n<li data-start=\"1327\" data-end=\"1372\">\n<p data-start=\"1329\" data-end=\"1372\"><strong data-start=\"1329\" data-end=\"1342\">Entrega:<\/strong> Por via mar\u00edtima, a\u00e9rea ou expressa.<\/p>\n<\/li>\n<\/ul>\n<h2 data-start=\"1374\" data-end=\"1399\">Tabela (Especifica\u00e7\u00f5es)<\/h2>\n<div class=\"_tableContainer_1rjym_1\">\n<div class=\"group _tableWrapper_1rjym_13 flex w-fit flex-col-reverse\" tabindex=\"-1\">\n<table class=\"w-fit min-w-(--thread-content-width)\" data-start=\"1401\" data-end=\"3139\">\n<thead data-start=\"1401\" data-end=\"1532\">\n<tr data-start=\"1401\" data-end=\"1532\">\n<th data-start=\"1401\" data-end=\"1419\" data-col-size=\"sm\">Categoria<\/th>\n<th data-start=\"1419\" data-end=\"1442\" data-col-size=\"sm\">Par\u00e2metro<\/th>\n<th data-start=\"1442\" data-end=\"1532\" data-col-size=\"md\">Valor<\/th>\n<\/tr>\n<\/thead>\n<tbody data-start=\"1665\" data-end=\"3139\">\n<tr data-start=\"1665\" data-end=\"1796\">\n<td data-start=\"1665\" data-end=\"1683\" data-col-size=\"sm\">Material<\/td>\n<td data-col-size=\"sm\" data-start=\"1683\" data-end=\"1706\">Corpo<\/td>\n<td data-col-size=\"md\" data-start=\"1706\" data-end=\"1796\">Papel Tyvek\u00ae<\/td>\n<\/tr>\n<tr data-start=\"1797\" data-end=\"1928\">\n<td data-start=\"1797\" data-end=\"1815\" data-col-size=\"sm\">Dimens\u00f5es<\/td>\n<td data-start=\"1815\" data-end=\"1838\" data-col-size=\"sm\">Op\u00e7\u00f5es de tamanho<\/td>\n<td data-col-size=\"md\" data-start=\"1838\" data-end=\"1928\">250 \u00d7 25 mm; 250 \u00d7 20 mm; tamanhos personalizados dispon\u00edveis.<\/td>\n<\/tr>\n<tr data-start=\"1929\" data-end=\"2060\">\n<td data-start=\"1929\" data-end=\"1947\" data-col-size=\"sm\">Cor<\/td>\n<td data-col-size=\"sm\" data-start=\"1947\" data-end=\"1970\">Op\u00e7\u00f5es<\/td>\n<td data-col-size=\"md\" data-start=\"1970\" data-end=\"2060\">CMYK \/ Pantone<\/td>\n<\/tr>\n<tr data-start=\"2061\" data-end=\"2192\">\n<td data-start=\"2061\" data-end=\"2079\" data-col-size=\"sm\">Impress\u00e3o<\/td>\n<td data-col-size=\"sm\" data-start=\"2079\" data-end=\"2102\">M\u00e9todos<\/td>\n<td data-col-size=\"md\" data-start=\"2102\" data-end=\"2192\">Logotipos, imagens, textos, c\u00f3digos de barras, c\u00f3digos QR e n\u00fameros de s\u00e9rie em cores; cores s\u00f3lidas.<\/td>\n<\/tr>\n<tr data-start=\"2193\" data-end=\"2338\">\n<td data-start=\"2193\" data-end=\"2211\" data-col-size=\"sm\">Hardware<\/td>\n<td data-col-size=\"sm\" data-start=\"2211\" data-end=\"2234\">Op\u00e7\u00f5es de chip<\/td>\n<td data-col-size=\"md\" data-start=\"2234\" data-end=\"2338\">NTAG 203\/213\/215\/216; MIFARE Classic 1K\/4K; MIFARE Plus 1K\/2K\/4K; Ultralight EV1\/C; DESFire 2K\/4K\/8K<\/td>\n<\/tr>\n<tr data-start=\"2339\" data-end=\"2470\">\n<td data-start=\"2339\" data-end=\"2357\" data-col-size=\"sm\">Encerramento<\/td>\n<td data-col-size=\"sm\" data-start=\"2357\" data-end=\"2380\">Tipo<\/td>\n<td data-col-size=\"md\" data-start=\"2380\" data-end=\"2470\">Fecho reutiliz\u00e1vel<\/td>\n<\/tr>\n<tr data-start=\"2471\" data-end=\"2602\">\n<td data-start=\"2471\" data-end=\"2489\" data-col-size=\"sm\">MOQ<\/td>\n<td data-col-size=\"sm\" data-start=\"2489\" data-end=\"2512\">Pedido m\u00ednimo<\/td>\n<td data-col-size=\"md\" data-start=\"2512\" data-end=\"2602\">500 unidades<\/td>\n<\/tr>\n<tr data-start=\"2603\" data-end=\"2734\">\n<td data-start=\"2603\" data-end=\"2621\" data-col-size=\"sm\">Embalagem<\/td>\n<td data-col-size=\"sm\" data-start=\"2621\" data-end=\"2644\">Pacotes padr\u00e3o<\/td>\n<td data-col-size=\"md\" data-start=\"2644\" data-end=\"2734\">1000 unidades\/saco PP; 2000 unidades\/caixa interna; 20000 unidades\/caixa de papel\u00e3o<\/td>\n<\/tr>\n<tr data-start=\"2735\" data-end=\"2866\">\n<td data-start=\"2735\" data-end=\"2753\" data-col-size=\"sm\">Certifica\u00e7\u00f5es<\/td>\n<td data-col-size=\"sm\" data-start=\"2753\" data-end=\"2776\">Conformidade<\/td>\n<td data-col-size=\"md\" data-start=\"2776\" data-end=\"2866\">ISO \/ RoHS \/ SGS<\/td>\n<\/tr>\n<tr data-start=\"2867\" data-end=\"2998\">\n<td data-start=\"2867\" data-end=\"2885\" data-col-size=\"sm\">Log\u00edstica<\/td>\n<td data-col-size=\"sm\" data-start=\"2885\" data-end=\"2908\">M\u00e9todos de entrega<\/td>\n<td data-col-size=\"md\" data-start=\"2908\" data-end=\"2998\">Transporte mar\u00edtimo, a\u00e9reo e expresso<\/td>\n<\/tr>\n<tr data-start=\"2999\" data-end=\"3139\">\n<td data-start=\"2999\" data-end=\"3017\" data-col-size=\"sm\">Aplica\u00e7\u00f5es<\/td>\n<td data-col-size=\"sm\" data-start=\"3017\" data-end=\"3040\">Casos de uso<\/td>\n<td data-col-size=\"md\" data-start=\"3040\" data-end=\"3139\">Eventos, festivais, concertos, exposi\u00e7\u00f5es, parques de divers\u00f5es\/aqu\u00e1ticos, esportes, clubes, bares, hospitais<\/td>\n<\/tr>\n<\/tbody>\n<\/table>\n<\/div>\n<\/div>","protected":false},"excerpt":{"rendered":"<p>Pulseiras Tyvek\u00ae RFID\/NFC ecol\u00f3gicas para eventos \u2014 leves, dur\u00e1veis e totalmente personaliz\u00e1veis com op\u00e7\u00f5es de cores, impress\u00e3o e chip para acesso seguro e pagamentos sem dinheiro.<\/p>","protected":false},"featured_media":797,"template":"","meta":{"_gspb_post_css":""},"product_brand":[],"product_cat":[21],"product_tag":[],"class_list":{"0":"post-796","1":"product","2":"type-product","3":"status-publish","4":"has-post-thumbnail","6":"product_cat-rfid-nfc-bracelets","8":"first","9":"instock","10":"shipping-taxable","11":"purchasable","12":"product-type-simple"},"_links":{"self":[{"href":"https:\/\/www.cxjsmartcard.com\/pt\/wp-json\/wp\/v2\/product\/796","targetHints":{"allow":["GET"]}}],"collection":[{"href":"https:\/\/www.cxjsmartcard.com\/pt\/wp-json\/wp\/v2\/product"}],"about":[{"href":"https:\/\/www.cxjsmartcard.com\/pt\/wp-json\/wp\/v2\/types\/product"}],"wp:featuredmedia":[{"embeddable":true,"href":"https:\/\/www.cxjsmartcard.com\/pt\/wp-json\/wp\/v2\/media\/797"}],"wp:attachment":[{"href":"https:\/\/www.cxjsmartcard.com\/pt\/wp-json\/wp\/v2\/media?parent=796"}],"wp:term":[{"taxonomy":"product_brand","embeddable":true,"href":"https:\/\/www.cxjsmartcard.com\/pt\/wp-json\/wp\/v2\/product_brand?post=796"},{"taxonomy":"product_cat","embeddable":true,"href":"https:\/\/www.cxjsmartcard.com\/pt\/wp-json\/wp\/v2\/product_cat?post=796"},{"taxonomy":"product_tag","embeddable":true,"href":"https:\/\/www.cxjsmartcard.com\/pt\/wp-json\/wp\/v2\/product_tag?post=796"}],"curies":[{"name":"wp","href":"https:\/\/api.w.org\/{rel}","templated":true}]}}