{"id":791,"date":"2025-11-03T07:42:05","date_gmt":"2025-11-03T07:42:05","guid":{"rendered":"https:\/\/www.cxjsmartcard.com\/?post_type=product&#038;p=791"},"modified":"2025-12-29T01:27:09","modified_gmt":"2025-12-29T01:27:09","slug":"fabric-woven-rfid-bracelet-disposable-nfc-wristband","status":"publish","type":"product","link":"https:\/\/www.cxjsmartcard.com\/pt\/fabric-woven-rfid-bracelet-disposable-nfc-wristband\/","title":{"rendered":"Pulseira RFID descart\u00e1vel em tecido tran\u00e7ado com NFC"},"content":{"rendered":"<p data-start=\"63\" data-end=\"390\">A pulseira descart\u00e1vel NFC RFID em tecido foi projetada para proporcionar uma experi\u00eancia perfeita aos visitantes, simplificando a entrada, os pagamentos e o controle de acesso. Seja em festivais, eventos ou outros locais, essas pulseiras oferecem uma solu\u00e7\u00e3o pr\u00e1tica para evitar filas longas, perda de ingressos e manuseio de dinheiro \u2014 basta um simples toque.<\/p>\n<p data-start=\"392\" data-end=\"410\"><strong data-start=\"392\" data-end=\"408\">Principais caracter\u00edsticas<\/strong><\/p>\n<ul data-start=\"411\" data-end=\"1069\">\n<li data-start=\"411\" data-end=\"514\">\n<p data-start=\"413\" data-end=\"514\"><strong data-start=\"413\" data-end=\"422\">Tamanho:<\/strong> 350 \u00d7 15 mm (padr\u00e3o); tamanho do cart\u00e3o inteligente: 42 \u00d7 26 mm \/ 36 \u00d7 26 mm (tamanhos personalizados dispon\u00edveis)<\/p>\n<\/li>\n<li data-start=\"515\" data-end=\"555\">\n<p data-start=\"517\" data-end=\"555\"><strong data-start=\"517\" data-end=\"537\">Escrita Resist\u00eancia:<\/strong> \u2265100.000 ciclos<\/p>\n<\/li>\n<li data-start=\"556\" data-end=\"624\">\n<p data-start=\"558\" data-end=\"624\"><strong data-start=\"558\" data-end=\"573\">Intervalo de leitura:<\/strong> 0\u20135 cm (dependendo do leitor e do ambiente)<\/p>\n<\/li>\n<li data-start=\"625\" data-end=\"749\">\n<p data-start=\"627\" data-end=\"749\"><strong data-start=\"627\" data-end=\"648\">Op\u00e7\u00f5es de fabrica\u00e7\u00e3o:<\/strong> Impress\u00e3o personalizada (cor, logotipo, texto, c\u00f3digo QR, c\u00f3digo de barras, n\u00famero de s\u00e9rie, dados vari\u00e1veis, serializa\u00e7\u00e3o)<\/p>\n<\/li>\n<li data-start=\"750\" data-end=\"1069\">\n<p data-start=\"752\" data-end=\"778\"><strong data-start=\"752\" data-end=\"776\">Materiais dispon\u00edveis:<\/strong><\/p>\n<ul data-start=\"781\" data-end=\"1069\">\n<li data-start=\"781\" data-end=\"823\">\n<p data-start=\"783\" data-end=\"823\"><strong data-start=\"783\" data-end=\"807\">Pulseiras reutiliz\u00e1veis:<\/strong> Silicone, PVC<\/p>\n<\/li>\n<li data-start=\"826\" data-end=\"895\">\n<p data-start=\"828\" data-end=\"895\"><strong data-start=\"828\" data-end=\"854\">Pulseiras ajust\u00e1veis:<\/strong> Poli\u00e9ster, tecido tran\u00e7ado, fita de cetim<\/p>\n<\/li>\n<li data-start=\"898\" data-end=\"967\">\n<p data-start=\"900\" data-end=\"967\"><strong data-start=\"900\" data-end=\"926\">Pulseiras descart\u00e1veis:<\/strong> Poli\u00e9ster, tecido tran\u00e7ado, fita de cetim<\/p>\n<\/li>\n<li data-start=\"970\" data-end=\"1015\">\n<p data-start=\"972\" data-end=\"1015\"><strong data-start=\"972\" data-end=\"1004\">Pulseiras que brilham no escuro:<\/strong> Silicone<\/p>\n<\/li>\n<li data-start=\"1018\" data-end=\"1069\">\n<p data-start=\"1020\" data-end=\"1069\"><strong data-start=\"1020\" data-end=\"1048\">Pulseiras com luzes LED:<\/strong> Silicone, PVC, ABS<\/p>\n<\/li>\n<\/ul>\n<\/li>\n<\/ul>\n<p data-start=\"1071\" data-end=\"1089\"><strong data-start=\"1071\" data-end=\"1087\">Aplica\u00e7\u00f5es<\/strong><\/p>\n<ul data-start=\"1090\" data-end=\"1512\">\n<li data-start=\"1090\" data-end=\"1153\">\n<p data-start=\"1092\" data-end=\"1153\"><strong data-start=\"1092\" data-end=\"1110\">Transfer\u00eancia de dados:<\/strong> Compartilhamento eficiente de informa\u00e7\u00f5es para eventos<\/p>\n<\/li>\n<li data-start=\"1154\" data-end=\"1206\">\n<p data-start=\"1156\" data-end=\"1206\"><strong data-start=\"1156\" data-end=\"1175\">Controle de acesso:<\/strong> Entrada segura e r\u00e1pida no local.<\/p>\n<\/li>\n<li data-start=\"1207\" data-end=\"1290\">\n<p data-start=\"1209\" data-end=\"1290\"><strong data-start=\"1209\" data-end=\"1232\">Gest\u00e3o de Pagamentos:<\/strong> Transa\u00e7\u00f5es sem dinheiro em esp\u00e9cie para festivais e parques de divers\u00f5es.<\/p>\n<\/li>\n<li data-start=\"1291\" data-end=\"1354\">\n<p data-start=\"1293\" data-end=\"1354\"><strong data-start=\"1293\" data-end=\"1320\">Sa\u00fade e Hospitais:<\/strong> Identifica\u00e7\u00e3o confi\u00e1vel do paciente<\/p>\n<\/li>\n<li data-start=\"1355\" data-end=\"1434\">\n<p data-start=\"1357\" data-end=\"1434\"><strong data-start=\"1357\" data-end=\"1385\">Piscinas e saunas:<\/strong> Design \u00e0 prova d&#039;\u00e1gua para ambientes aqu\u00e1ticos<\/p>\n<\/li>\n<li data-start=\"1435\" data-end=\"1512\">\n<p data-start=\"1437\" data-end=\"1512\"><strong data-start=\"1437\" data-end=\"1460\">Unidades de armazenamento refrigerado:<\/strong> Identifica\u00e7\u00e3o f\u00e1cil de produtos sens\u00edveis \u00e0 temperatura<\/p>\n<\/li>\n<\/ul>\n<p data-start=\"1514\" data-end=\"1539\"><strong data-start=\"1514\" data-end=\"1537\">Recursos adicionais<\/strong><\/p>\n<ul data-start=\"1540\" data-end=\"1718\">\n<li data-start=\"1540\" data-end=\"1643\">\n<p data-start=\"1542\" data-end=\"1643\">Dur\u00e1vel e \u00e0 prova d&#039;\u00e1gua, ideal para festivais, shows, parques aqu\u00e1ticos, ambientes de sa\u00fade e parques de divers\u00f5es.<\/p>\n<\/li>\n<li data-start=\"1644\" data-end=\"1718\">\n<p data-start=\"1646\" data-end=\"1718\">Totalmente personaliz\u00e1vel para identidade visual do evento, logotipos de patrocinadores, c\u00f3digos QR e muito mais.<\/p>\n<\/li>\n<\/ul>\n<p data-start=\"1720\" data-end=\"1975\"><strong data-start=\"1720\" data-end=\"1750\">Por que escolher esta pulseira?<\/strong><br data-start=\"1750\" data-end=\"1753\" \/>As pulseiras RFID ajudam a reduzir o tempo de espera e agilizam o controle de acesso. Elas s\u00e3o totalmente compat\u00edveis com solu\u00e7\u00f5es RFID e oferecem pagamentos sem dinheiro, controle de acesso eficiente e integra\u00e7\u00e3o com redes sociais para eventos.<\/p>\n<p data-start=\"1977\" data-end=\"2052\"><strong data-start=\"1977\" data-end=\"1996\">Tempo de resposta<\/strong><br data-start=\"1996\" data-end=\"1999\" \/>Prazos de entrega l\u00edderes do setor para uma entrega r\u00e1pida.<\/p>\n<h2 data-start=\"2054\" data-end=\"2079\">Tabela (Especifica\u00e7\u00f5es)<\/h2>\n<div class=\"_tableContainer_1rjym_1\">\n<div class=\"group _tableWrapper_1rjym_13 flex w-fit flex-col-reverse\" tabindex=\"-1\">\n<table class=\"w-fit min-w-(--thread-content-width)\" data-start=\"2081\" data-end=\"3642\">\n<thead data-start=\"2081\" data-end=\"2200\">\n<tr data-start=\"2081\" data-end=\"2200\">\n<th data-start=\"2081\" data-end=\"2101\" data-col-size=\"sm\">Categoria<\/th>\n<th data-start=\"2101\" data-end=\"2127\" data-col-size=\"sm\">Par\u00e2metro<\/th>\n<th data-start=\"2127\" data-end=\"2200\" data-col-size=\"md\">Valor<\/th>\n<\/tr>\n<\/thead>\n<tbody data-start=\"2321\" data-end=\"3642\">\n<tr data-start=\"2321\" data-end=\"2439\">\n<td data-start=\"2321\" data-end=\"2341\" data-col-size=\"sm\">Produto<\/td>\n<td data-col-size=\"sm\" data-start=\"2341\" data-end=\"2367\">Tipo<\/td>\n<td data-col-size=\"md\" data-start=\"2367\" data-end=\"2439\">Pulseira RFID descart\u00e1vel<\/td>\n<\/tr>\n<tr data-start=\"2440\" data-end=\"2559\">\n<td data-start=\"2440\" data-end=\"2460\" data-col-size=\"sm\">Materiais<\/td>\n<td data-col-size=\"sm\" data-start=\"2460\" data-end=\"2486\">Corpo<\/td>\n<td data-col-size=\"md\" data-start=\"2486\" data-end=\"2559\">Poli\u00e9ster, tecido, fita de cetim, silicone, PVC<\/td>\n<\/tr>\n<tr data-start=\"2560\" data-end=\"2679\">\n<td data-start=\"2560\" data-end=\"2580\" data-col-size=\"sm\">RF<\/td>\n<td data-start=\"2580\" data-end=\"2606\" data-col-size=\"sm\">Freq\u00fc\u00eancia<\/td>\n<td data-col-size=\"md\" data-start=\"2606\" data-end=\"2679\">13,56 MHz (HF)<\/td>\n<\/tr>\n<tr data-start=\"2680\" data-end=\"2799\">\n<td data-start=\"2680\" data-end=\"2700\" data-col-size=\"sm\"><\/td>\n<td data-col-size=\"sm\" data-start=\"2700\" data-end=\"2726\">Protocolo<\/td>\n<td data-col-size=\"md\" data-start=\"2726\" data-end=\"2799\">ISO14443A, ISO15693<\/td>\n<\/tr>\n<tr data-start=\"2800\" data-end=\"2919\">\n<td data-start=\"2800\" data-end=\"2820\" data-col-size=\"sm\"><\/td>\n<td data-col-size=\"sm\" data-start=\"2820\" data-end=\"2846\">Escrita de resist\u00eancia<\/td>\n<td data-col-size=\"md\" data-start=\"2846\" data-end=\"2919\">\u2265100.000 ciclos<\/td>\n<\/tr>\n<tr data-start=\"2920\" data-end=\"3039\">\n<td data-start=\"2920\" data-end=\"2940\" data-col-size=\"sm\">Intervalo de leitura<\/td>\n<td data-col-size=\"sm\" data-start=\"2940\" data-end=\"2966\">Dist\u00e2ncia<\/td>\n<td data-col-size=\"md\" data-start=\"2966\" data-end=\"3039\">0\u20135 cm (dependendo do leitor)<\/td>\n<\/tr>\n<tr data-start=\"3040\" data-end=\"3161\">\n<td data-start=\"3040\" data-end=\"3060\" data-col-size=\"sm\">Personaliza\u00e7\u00e3o<\/td>\n<td data-col-size=\"sm\" data-start=\"3060\" data-end=\"3086\">Artesanato<\/td>\n<td data-col-size=\"md\" data-start=\"3086\" data-end=\"3161\">Impress\u00e3o a cores, logotipo, texto, n\u00famero de s\u00e9rie, QR Code, c\u00f3digo de barras, codifica\u00e7\u00e3o de dados<\/td>\n<\/tr>\n<tr data-start=\"3162\" data-end=\"3280\">\n<td data-start=\"3162\" data-end=\"3182\" data-col-size=\"sm\">Durabilidade<\/td>\n<td data-col-size=\"sm\" data-start=\"3182\" data-end=\"3208\">Imperme\u00e1vel<\/td>\n<td data-col-size=\"md\" data-start=\"3208\" data-end=\"3280\">Sim, \u00e0 prova d&#039;\u00e1gua e dur\u00e1vel.<\/td>\n<\/tr>\n<tr data-start=\"3281\" data-end=\"3403\">\n<td data-start=\"3281\" data-end=\"3301\" data-col-size=\"sm\">Aplica\u00e7\u00f5es<\/td>\n<td data-col-size=\"sm\" data-start=\"3301\" data-end=\"3327\">Casos de uso<\/td>\n<td data-col-size=\"md\" data-start=\"3327\" data-end=\"3403\">Entrada para eventos, pagamentos sem dinheiro, identifica\u00e7\u00e3o de sa\u00fade, controle de acesso, emiss\u00e3o de bilhetes<\/td>\n<\/tr>\n<tr data-start=\"3404\" data-end=\"3522\">\n<td data-start=\"3404\" data-end=\"3424\" data-col-size=\"sm\"><\/td>\n<td data-col-size=\"sm\" data-start=\"3424\" data-end=\"3450\"><\/td>\n<td data-col-size=\"md\" data-start=\"3450\" data-end=\"3522\">Piscinas, parques de divers\u00f5es e muito mais<\/td>\n<\/tr>\n<tr data-start=\"3523\" data-end=\"3642\">\n<td data-start=\"3523\" data-end=\"3543\" data-col-size=\"sm\">Tempo de resposta<\/td>\n<td data-col-size=\"sm\" data-start=\"3543\" data-end=\"3569\">Prazo de entrega<\/td>\n<td data-col-size=\"md\" data-start=\"3569\" data-end=\"3642\">Prazos de entrega l\u00edderes do setor<\/td>\n<\/tr>\n<\/tbody>\n<\/table>\n<\/div>\n<\/div>","protected":false},"excerpt":{"rendered":"<p>Pulseira RFID NFC descart\u00e1vel e personaliz\u00e1vel para eventos, festivais e controle de acesso \u2014 13,56 MHz, \u00e0 prova d&#039;\u00e1gua, dur\u00e1vel e totalmente personaliz\u00e1vel com logotipos, texto e dados.<\/p>","protected":false},"featured_media":792,"template":"","meta":{"_gspb_post_css":""},"product_brand":[],"product_cat":[21],"product_tag":[],"class_list":{"0":"post-791","1":"product","2":"type-product","3":"status-publish","4":"has-post-thumbnail","6":"product_cat-rfid-nfc-bracelets","8":"first","9":"instock","10":"shipping-taxable","11":"purchasable","12":"product-type-simple"},"_links":{"self":[{"href":"https:\/\/www.cxjsmartcard.com\/pt\/wp-json\/wp\/v2\/product\/791","targetHints":{"allow":["GET"]}}],"collection":[{"href":"https:\/\/www.cxjsmartcard.com\/pt\/wp-json\/wp\/v2\/product"}],"about":[{"href":"https:\/\/www.cxjsmartcard.com\/pt\/wp-json\/wp\/v2\/types\/product"}],"wp:featuredmedia":[{"embeddable":true,"href":"https:\/\/www.cxjsmartcard.com\/pt\/wp-json\/wp\/v2\/media\/792"}],"wp:attachment":[{"href":"https:\/\/www.cxjsmartcard.com\/pt\/wp-json\/wp\/v2\/media?parent=791"}],"wp:term":[{"taxonomy":"product_brand","embeddable":true,"href":"https:\/\/www.cxjsmartcard.com\/pt\/wp-json\/wp\/v2\/product_brand?post=791"},{"taxonomy":"product_cat","embeddable":true,"href":"https:\/\/www.cxjsmartcard.com\/pt\/wp-json\/wp\/v2\/product_cat?post=791"},{"taxonomy":"product_tag","embeddable":true,"href":"https:\/\/www.cxjsmartcard.com\/pt\/wp-json\/wp\/v2\/product_tag?post=791"}],"curies":[{"name":"wp","href":"https:\/\/api.w.org\/{rel}","templated":true}]}}