{"id":787,"date":"2025-11-03T07:37:44","date_gmt":"2025-11-03T07:37:44","guid":{"rendered":"https:\/\/www.cxjsmartcard.com\/?post_type=product&#038;p=787"},"modified":"2025-12-29T01:27:09","modified_gmt":"2025-12-29T01:27:09","slug":"fabric-rfid-bracelet-woven-mifare-ultralight-c-wristband","status":"publish","type":"product","link":"https:\/\/www.cxjsmartcard.com\/pt\/fabric-rfid-bracelet-woven-mifare-ultralight-c-wristband\/","title":{"rendered":"Pulseira RFID de tecido tran\u00e7ado MIFARE Ultraleve C"},"content":{"rendered":"<p data-start=\"68\" data-end=\"300\">Como fabricante l\u00edder de pulseiras RFID (certificadas pela SGS), oferecemos pulseiras RFID de tecido de alta qualidade. <strong data-start=\"198\" data-end=\"222\">MIFARE Ultralight\u00ae C<\/strong> Para um controle de acesso seguro e elegante e pagamento sem dinheiro em eventos e locais diversos.<\/p>\n<p data-start=\"302\" data-end=\"316\"><strong data-start=\"302\" data-end=\"314\">Caracter\u00edsticas<\/strong><\/p>\n<ul data-start=\"317\" data-end=\"602\">\n<li data-start=\"317\" data-end=\"359\">\n<p data-start=\"319\" data-end=\"359\">13,56 MHz HF, em conformidade com a norma ISO\/IEC 14443A<\/p>\n<\/li>\n<li data-start=\"360\" data-end=\"412\">\n<p data-start=\"362\" data-end=\"412\">Alcance de leitura de 0 a 5 cm (dependente do leitor\/ambiente)<\/p>\n<\/li>\n<li data-start=\"413\" data-end=\"448\">\n<p data-start=\"415\" data-end=\"448\">Resist\u00eancia \u00e0 escrita \u2265100.000 ciclos<\/p>\n<\/li>\n<li data-start=\"449\" data-end=\"507\">\n<p data-start=\"451\" data-end=\"507\">Op\u00e7\u00f5es de tecido imperme\u00e1vel, resistente ao calor e el\u00e1stico<\/p>\n<\/li>\n<li data-start=\"508\" data-end=\"602\">\n<p data-start=\"510\" data-end=\"602\">Totalmente personaliz\u00e1vel: tamanho, cores, logotipo, QR\/c\u00f3digo de barras, serial\/UID, dados vari\u00e1veis, codifica\u00e7\u00e3o do chip.<\/p>\n<\/li>\n<\/ul>\n<p data-start=\"604\" data-end=\"767\"><strong data-start=\"604\" data-end=\"627\">Materiais e op\u00e7\u00f5es<\/strong><br data-start=\"627\" data-end=\"630\" \/>PVC, tecido de poli\u00e9ster, fita de cetim, ABS; dispon\u00edveis em vers\u00f5es reutiliz\u00e1veis, ajust\u00e1veis, descart\u00e1veis, que brilham no escuro e com ilumina\u00e7\u00e3o LED.<\/p>\n<p data-start=\"769\" data-end=\"1054\"><strong data-start=\"769\" data-end=\"785\">Aplica\u00e7\u00f5es<\/strong><br data-start=\"785\" data-end=\"788\" \/>Controle de acesso, emiss\u00e3o de bilhetes, pagamentos sem dinheiro, transfer\u00eancia de dados, programas de fidelidade\/ades\u00e3o, identifica\u00e7\u00e3o de sa\u00fade, controle de frequ\u00eancia de funcion\u00e1rios, acesso a salas e rastreamento de c\u00e2maras frigor\u00edficas. Ideal para festivais de m\u00fasica, eventos esportivos, parques tem\u00e1ticos\/aqu\u00e1ticos, piscinas, spas, clubes, hot\u00e9is e instala\u00e7\u00f5es corporativas.<\/p>\n<p data-start=\"1056\" data-end=\"1274\"><strong data-start=\"1056\" data-end=\"1085\">Por que escolher esta pulseira?<\/strong><br data-start=\"1085\" data-end=\"1088\" \/>Mais de 10 anos de experi\u00eancia em fabrica\u00e7\u00e3o, qualidade certificada pela SGS, personaliza\u00e7\u00e3o completa (chip\/tamanho\/cor\/codifica\u00e7\u00e3o), fornecimento confi\u00e1vel em grandes quantidades e suporte t\u00e9cnico para criptografia e programa\u00e7\u00e3o de chips.<\/p>\n<h2 data-start=\"1276\" data-end=\"1301\">Tabela (Especifica\u00e7\u00f5es)<\/h2>\n<div class=\"_tableContainer_1rjym_1\">\n<div class=\"group _tableWrapper_1rjym_13 flex w-fit flex-col-reverse\" tabindex=\"-1\">\n<table class=\"w-fit min-w-(--thread-content-width)\" data-start=\"1303\" data-end=\"2977\">\n<thead data-start=\"1303\" data-end=\"1415\">\n<tr data-start=\"1303\" data-end=\"1415\">\n<th data-start=\"1303\" data-end=\"1321\" data-col-size=\"sm\">Categoria<\/th>\n<th data-start=\"1321\" data-end=\"1342\" data-col-size=\"sm\">Par\u00e2metro<\/th>\n<th data-start=\"1342\" data-end=\"1415\" data-col-size=\"lg\">Valor<\/th>\n<\/tr>\n<\/thead>\n<tbody data-start=\"1529\" data-end=\"2977\">\n<tr data-start=\"1529\" data-end=\"1640\">\n<td data-start=\"1529\" data-end=\"1547\" data-col-size=\"sm\">Produto<\/td>\n<td data-col-size=\"sm\" data-start=\"1547\" data-end=\"1568\">Tipo<\/td>\n<td data-col-size=\"lg\" data-start=\"1568\" data-end=\"1640\">Pulseira RFID de tecido tran\u00e7ado MIFARE Ultraleve C<\/td>\n<\/tr>\n<tr data-start=\"1641\" data-end=\"1753\">\n<td data-start=\"1641\" data-end=\"1659\" data-col-size=\"sm\">RF<\/td>\n<td data-start=\"1659\" data-end=\"1680\" data-col-size=\"sm\">Freq\u00fc\u00eancia<\/td>\n<td data-col-size=\"lg\" data-start=\"1680\" data-end=\"1753\">13,56 MHz (HF)<\/td>\n<\/tr>\n<tr data-start=\"1754\" data-end=\"1866\">\n<td data-start=\"1754\" data-end=\"1772\" data-col-size=\"sm\"><\/td>\n<td data-col-size=\"sm\" data-start=\"1772\" data-end=\"1793\">Protocolo<\/td>\n<td data-col-size=\"lg\" data-start=\"1793\" data-end=\"1866\">ISO\/IEC 14443A<\/td>\n<\/tr>\n<tr data-start=\"1867\" data-end=\"1979\">\n<td data-start=\"1867\" data-end=\"1885\" data-col-size=\"sm\"><\/td>\n<td data-col-size=\"sm\" data-start=\"1885\" data-end=\"1906\">Intervalo de leitura<\/td>\n<td data-col-size=\"lg\" data-start=\"1906\" data-end=\"1979\">0\u20135 cm (depende do leitor e do ambiente)<\/td>\n<\/tr>\n<tr data-start=\"1980\" data-end=\"2092\">\n<td data-start=\"1980\" data-end=\"1998\" data-col-size=\"sm\">Chip<\/td>\n<td data-start=\"1998\" data-end=\"2019\" data-col-size=\"sm\">IC<\/td>\n<td data-col-size=\"lg\" data-start=\"2019\" data-end=\"2092\">MIFARE Ultralight\u00ae C (outras op\u00e7\u00f5es de chip dispon\u00edveis)<\/td>\n<\/tr>\n<tr data-start=\"2093\" data-end=\"2205\">\n<td data-start=\"2093\" data-end=\"2111\" data-col-size=\"sm\">Mem\u00f3ria\/Resist\u00eancia<\/td>\n<td data-start=\"2111\" data-end=\"2132\" data-col-size=\"sm\">Escrita de resist\u00eancia<\/td>\n<td data-start=\"2132\" data-end=\"2205\" data-col-size=\"lg\">\u2265100.000 ciclos<\/td>\n<\/tr>\n<tr data-start=\"2206\" data-end=\"2319\">\n<td data-start=\"2206\" data-end=\"2224\" data-col-size=\"sm\">Materiais<\/td>\n<td data-start=\"2224\" data-end=\"2245\" data-col-size=\"sm\">Banda\/Partes<\/td>\n<td data-col-size=\"lg\" data-start=\"2245\" data-end=\"2319\">PVC; tecido de poli\u00e9ster; fita de cetim; ABS<\/td>\n<\/tr>\n<tr data-start=\"2320\" data-end=\"2432\">\n<td data-start=\"2320\" data-end=\"2338\" data-col-size=\"sm\">Dimens\u00f5es<\/td>\n<td data-col-size=\"sm\" data-start=\"2338\" data-end=\"2359\">Tamanho da pulseira<\/td>\n<td data-col-size=\"lg\" data-start=\"2359\" data-end=\"2432\">350 \u00d7 15 mm (personaliz\u00e1vel)<\/td>\n<\/tr>\n<tr data-start=\"2433\" data-end=\"2545\">\n<td data-start=\"2433\" data-end=\"2451\" data-col-size=\"sm\"><\/td>\n<td data-col-size=\"sm\" data-start=\"2451\" data-end=\"2472\">Tamanhos das \u00e1reas dos cart\u00f5es<\/td>\n<td data-col-size=\"lg\" data-start=\"2472\" data-end=\"2545\">42 \u00d7 26 mm; 36 \u00d7 26 mm (tamanhos personalizados dispon\u00edveis)<\/td>\n<\/tr>\n<tr data-start=\"2546\" data-end=\"2658\">\n<td data-start=\"2546\" data-end=\"2564\" data-col-size=\"sm\">Durabilidade<\/td>\n<td data-start=\"2564\" data-end=\"2585\" data-col-size=\"sm\">Ambiental<\/td>\n<td data-col-size=\"lg\" data-start=\"2585\" data-end=\"2658\">Op\u00e7\u00f5es de tecido imperme\u00e1vel, resistente ao calor e el\u00e1stico.<\/td>\n<\/tr>\n<tr data-start=\"2659\" data-end=\"2818\">\n<td data-start=\"2659\" data-end=\"2677\" data-col-size=\"sm\">Personaliza\u00e7\u00e3o<\/td>\n<td data-col-size=\"sm\" data-start=\"2677\" data-end=\"2698\">Impress\u00e3o\/Marca\u00e7\u00e3o<\/td>\n<td data-col-size=\"lg\" data-start=\"2698\" data-end=\"2818\">Impress\u00e3o colorida em cart\u00e3o e cetim (frente e verso opcional); tecido com at\u00e9 8 cores; logotipo\/QR\/c\u00f3digo de barras\/n\u00famero de s\u00e9rie\/UID; codifica\u00e7\u00e3o de dados<\/td>\n<\/tr>\n<tr data-start=\"2819\" data-end=\"2977\">\n<td data-start=\"2819\" data-end=\"2837\" data-col-size=\"sm\">Aplica\u00e7\u00f5es<\/td>\n<td data-col-size=\"sm\" data-start=\"2837\" data-end=\"2858\">Casos de uso t\u00edpicos<\/td>\n<td data-col-size=\"lg\" data-start=\"2858\" data-end=\"2977\">Controle de acesso, pagamento sem dinheiro, emiss\u00e3o de bilhetes, associa\u00e7\u00e3o, sa\u00fade, frequ\u00eancia, acesso a salas, rastreamento de c\u00e2maras frigor\u00edficas<\/td>\n<\/tr>\n<\/tbody>\n<\/table>\n<\/div>\n<\/div>","protected":false},"excerpt":{"rendered":"<p>Pulseira RFID em tecido com tecnologia MIFARE Ultralight\u00ae C \u2014 acesso seguro e pagamento sem dinheiro, 13,56 MHz ISO 14443A, alcance de leitura de 0 a 5 cm, \u00e0 prova d&#039;\u00e1gua e resistente ao calor, totalmente personaliz\u00e1vel.<\/p>","protected":false},"featured_media":789,"template":"","meta":{"_gspb_post_css":""},"product_brand":[],"product_cat":[21],"product_tag":[],"class_list":{"0":"post-787","1":"product","2":"type-product","3":"status-publish","4":"has-post-thumbnail","6":"product_cat-rfid-nfc-bracelets","8":"first","9":"instock","10":"shipping-taxable","11":"purchasable","12":"product-type-simple"},"_links":{"self":[{"href":"https:\/\/www.cxjsmartcard.com\/pt\/wp-json\/wp\/v2\/product\/787","targetHints":{"allow":["GET"]}}],"collection":[{"href":"https:\/\/www.cxjsmartcard.com\/pt\/wp-json\/wp\/v2\/product"}],"about":[{"href":"https:\/\/www.cxjsmartcard.com\/pt\/wp-json\/wp\/v2\/types\/product"}],"wp:featuredmedia":[{"embeddable":true,"href":"https:\/\/www.cxjsmartcard.com\/pt\/wp-json\/wp\/v2\/media\/789"}],"wp:attachment":[{"href":"https:\/\/www.cxjsmartcard.com\/pt\/wp-json\/wp\/v2\/media?parent=787"}],"wp:term":[{"taxonomy":"product_brand","embeddable":true,"href":"https:\/\/www.cxjsmartcard.com\/pt\/wp-json\/wp\/v2\/product_brand?post=787"},{"taxonomy":"product_cat","embeddable":true,"href":"https:\/\/www.cxjsmartcard.com\/pt\/wp-json\/wp\/v2\/product_cat?post=787"},{"taxonomy":"product_tag","embeddable":true,"href":"https:\/\/www.cxjsmartcard.com\/pt\/wp-json\/wp\/v2\/product_tag?post=787"}],"curies":[{"name":"wp","href":"https:\/\/api.w.org\/{rel}","templated":true}]}}