{"id":782,"date":"2025-11-03T07:34:16","date_gmt":"2025-11-03T07:34:16","guid":{"rendered":"https:\/\/www.cxjsmartcard.com\/?post_type=product&#038;p=782"},"modified":"2025-12-29T01:27:09","modified_gmt":"2025-12-29T01:27:09","slug":"customized-rfid-silicone-nfc-bracelets","status":"publish","type":"product","link":"https:\/\/www.cxjsmartcard.com\/pt\/customized-rfid-silicone-nfc-bracelets\/","title":{"rendered":"Pulseiras de silicone RFID NFC personalizadas"},"content":{"rendered":"<p data-start=\"50\" data-end=\"327\">As pulseiras de silicone NFC com RFID personalizadas combinam design moderno com a seguran\u00e7a da tecnologia RFID\/NFC para controle de acesso, pagamentos sem dinheiro, gest\u00e3o de eventos e rastreamento de pessoal. Feitas de silicone ecol\u00f3gico, s\u00e3o \u00e0 prova d&#039;\u00e1gua, dur\u00e1veis, confort\u00e1veis e reutiliz\u00e1veis.<\/p>\n<p data-start=\"329\" data-end=\"343\"><strong data-start=\"329\" data-end=\"341\">Caracter\u00edsticas<\/strong><\/p>\n<ul data-start=\"344\" data-end=\"594\">\n<li data-start=\"344\" data-end=\"384\">\n<p data-start=\"346\" data-end=\"384\">Tamanhos personalizados e cores Pantone\/CMYK<\/p>\n<\/li>\n<li data-start=\"385\" data-end=\"435\">\n<p data-start=\"387\" data-end=\"435\">M\u00faltiplas frequ\u00eancias (LF\/HF\/UHF) e protocolos<\/p>\n<\/li>\n<li data-start=\"436\" data-end=\"485\">\n<p data-start=\"438\" data-end=\"485\">Op\u00e7\u00f5es de impress\u00e3o\/grava\u00e7\u00e3o com codifica\u00e7\u00e3o de chip<\/p>\n<\/li>\n<li data-start=\"486\" data-end=\"545\">\n<p data-start=\"488\" data-end=\"545\">Adequado para ambientes \u00famidos (parques aqu\u00e1ticos, academias, piscinas)<\/p>\n<\/li>\n<li data-start=\"546\" data-end=\"594\">\n<p data-start=\"548\" data-end=\"594\">Amostras gr\u00e1tis dispon\u00edveis; condi\u00e7\u00f5es de pagamento flex\u00edveis.<\/p>\n<\/li>\n<\/ul>\n<p data-start=\"596\" data-end=\"944\"><strong data-start=\"596\" data-end=\"612\">Aplica\u00e7\u00f5es<\/strong><br data-start=\"612\" data-end=\"615\" \/>Academias e spas (acesso \u00e0 academia, arm\u00e1rios, pagamento sem dinheiro) \u2022 Shows e eventos (venda de ingressos, acesso VIP, controle de multid\u00f5es) \u2022 Hot\u00e9is e resorts (acesso a quartos\/arm\u00e1rios sem chave) \u2022 Parques aqu\u00e1ticos e piscinas (identifica\u00e7\u00e3o \u00e0 prova d&#039;\u00e1gua e pagamento) \u2022 Servi\u00e7os de sa\u00fade (identifica\u00e7\u00e3o de pacientes, controle de visitantes) \u2022 Parques de divers\u00f5es\/tem\u00e1ticos \u2022 Escolas e zool\u00f3gicos \u2022 Seguran\u00e7a e gest\u00e3o de pessoal.<\/p>\n<h2 data-start=\"946\" data-end=\"971\">Tabela (Especifica\u00e7\u00f5es)<\/h2>\n<div class=\"_tableContainer_1rjym_1\">\n<div class=\"group _tableWrapper_1rjym_13 flex w-fit flex-col-reverse\" tabindex=\"-1\">\n<table class=\"w-fit min-w-(--thread-content-width)\" data-start=\"972\" data-end=\"2511\">\n<thead data-start=\"972\" data-end=\"1086\">\n<tr data-start=\"972\" data-end=\"1086\">\n<th data-start=\"972\" data-end=\"990\" data-col-size=\"sm\">Categoria<\/th>\n<th data-start=\"990\" data-end=\"1013\" data-col-size=\"sm\">Par\u00e2metro<\/th>\n<th data-start=\"1013\" data-end=\"1086\" data-col-size=\"lg\">Valor<\/th>\n<\/tr>\n<\/thead>\n<tbody data-start=\"1202\" data-end=\"2511\">\n<tr data-start=\"1202\" data-end=\"1316\">\n<td data-start=\"1202\" data-end=\"1220\" data-col-size=\"sm\">Produto<\/td>\n<td data-col-size=\"sm\" data-start=\"1220\" data-end=\"1243\">Tipo<\/td>\n<td data-col-size=\"lg\" data-start=\"1243\" data-end=\"1316\">Pulseira de silicone RFID NFC<\/td>\n<\/tr>\n<tr data-start=\"1317\" data-end=\"1431\">\n<td data-start=\"1317\" data-end=\"1335\" data-col-size=\"sm\">Materiais<\/td>\n<td data-col-size=\"sm\" data-start=\"1335\" data-end=\"1358\">Corpo<\/td>\n<td data-col-size=\"lg\" data-start=\"1358\" data-end=\"1431\">Silicone ecol\u00f3gico<\/td>\n<\/tr>\n<tr data-start=\"1432\" data-end=\"1546\">\n<td data-start=\"1432\" data-end=\"1450\" data-col-size=\"sm\">Dimens\u00f5es<\/td>\n<td data-col-size=\"sm\" data-start=\"1450\" data-end=\"1473\">Op\u00e7\u00f5es de tamanho<\/td>\n<td data-col-size=\"lg\" data-start=\"1473\" data-end=\"1546\">Personalizado<\/td>\n<\/tr>\n<tr data-start=\"1547\" data-end=\"1661\">\n<td data-start=\"1547\" data-end=\"1565\" data-col-size=\"sm\">RF<\/td>\n<td data-col-size=\"sm\" data-start=\"1565\" data-end=\"1588\">Protocolos<\/td>\n<td data-col-size=\"lg\" data-start=\"1588\" data-end=\"1661\">ISO14443A; ISO15693; ISO 18000-6C<\/td>\n<\/tr>\n<tr data-start=\"1662\" data-end=\"1776\">\n<td data-start=\"1662\" data-end=\"1680\" data-col-size=\"sm\"><\/td>\n<td data-col-size=\"sm\" data-start=\"1680\" data-end=\"1703\">Frequ\u00eancias<\/td>\n<td data-col-size=\"lg\" data-start=\"1703\" data-end=\"1776\">LF 125 kHz; HF 13,56 MHz; UHF 860\u2013960 MHz<\/td>\n<\/tr>\n<tr data-start=\"1777\" data-end=\"1891\">\n<td data-start=\"1777\" data-end=\"1795\" data-col-size=\"sm\">Personaliza\u00e7\u00e3o<\/td>\n<td data-col-size=\"sm\" data-start=\"1795\" data-end=\"1818\">Cor<\/td>\n<td data-col-size=\"lg\" data-start=\"1818\" data-end=\"1891\">Pantone ou CMYK<\/td>\n<\/tr>\n<tr data-start=\"1892\" data-end=\"2006\">\n<td data-start=\"1892\" data-end=\"1910\" data-col-size=\"sm\">Artesanato<\/td>\n<td data-col-size=\"sm\" data-start=\"1910\" data-end=\"1933\">Impress\u00e3o\/Marca\u00e7\u00e3o<\/td>\n<td data-col-size=\"lg\" data-start=\"1933\" data-end=\"2006\">Serigrafia, grava\u00e7\u00e3o a laser, impress\u00e3o por transfer\u00eancia t\u00e9rmica<\/td>\n<\/tr>\n<tr data-start=\"2007\" data-end=\"2120\">\n<td data-start=\"2007\" data-end=\"2025\" data-col-size=\"sm\">Codifica\u00e7\u00e3o<\/td>\n<td data-col-size=\"sm\" data-start=\"2025\" data-end=\"2048\">Servi\u00e7os de dados<\/td>\n<td data-col-size=\"lg\" data-start=\"2048\" data-end=\"2120\">N\u00famero de s\u00e9rie\/UID, QR Code; programa\u00e7\u00e3o\/codifica\u00e7\u00e3o\/bloqueio\/criptografia de chips<\/td>\n<\/tr>\n<tr data-start=\"2121\" data-end=\"2281\">\n<td data-start=\"2121\" data-end=\"2139\" data-col-size=\"sm\">Aplica\u00e7\u00f5es<\/td>\n<td data-col-size=\"sm\" data-start=\"2139\" data-end=\"2162\">Casos de uso t\u00edpicos<\/td>\n<td data-col-size=\"lg\" data-start=\"2162\" data-end=\"2281\">Academias e spas; shows\/eventos; hot\u00e9is\/resorts; parques aqu\u00e1ticos; hospitais; parques tem\u00e1ticos; escolas; zool\u00f3gicos; seguran\u00e7a\/pessoal<\/td>\n<\/tr>\n<tr data-start=\"2282\" data-end=\"2396\">\n<td data-start=\"2282\" data-end=\"2300\" data-col-size=\"sm\">Amostragem<\/td>\n<td data-col-size=\"sm\" data-start=\"2300\" data-end=\"2323\">Amostras gr\u00e1tis<\/td>\n<td data-col-size=\"lg\" data-start=\"2323\" data-end=\"2396\">Dispon\u00edvel<\/td>\n<\/tr>\n<tr data-start=\"2397\" data-end=\"2511\">\n<td data-start=\"2397\" data-end=\"2415\" data-col-size=\"sm\">Pagamentos<\/td>\n<td data-col-size=\"sm\" data-start=\"2415\" data-end=\"2438\">Condi\u00e7\u00f5es de pagamento<\/td>\n<td data-col-size=\"lg\" data-start=\"2438\" data-end=\"2511\">Transfer\u00eancia banc\u00e1ria (T\/T), PayPal, Western Union, Ali (emiss\u00e3o de fundos pela AliExpress)<\/td>\n<\/tr>\n<\/tbody>\n<\/table>\n<\/div>\n<\/div>","protected":false},"excerpt":{"rendered":"<p>Pulseiras RFID\/NFC personalizadas em silicone \u2014 \u00e0 prova d&#039;\u00e1gua, dur\u00e1veis e reutiliz\u00e1veis; compat\u00edveis com LF\/HF\/UHF, tamanhos\/cores personalizados, impress\u00e3o\/grava\u00e7\u00e3o e codifica\u00e7\u00e3o de chip para eventos e controle de acesso.<\/p>","protected":false},"featured_media":786,"template":"","meta":{"_gspb_post_css":""},"product_brand":[],"product_cat":[21],"product_tag":[],"class_list":{"0":"post-782","1":"product","2":"type-product","3":"status-publish","4":"has-post-thumbnail","6":"product_cat-rfid-nfc-bracelets","8":"first","9":"instock","10":"shipping-taxable","11":"purchasable","12":"product-type-simple"},"_links":{"self":[{"href":"https:\/\/www.cxjsmartcard.com\/pt\/wp-json\/wp\/v2\/product\/782","targetHints":{"allow":["GET"]}}],"collection":[{"href":"https:\/\/www.cxjsmartcard.com\/pt\/wp-json\/wp\/v2\/product"}],"about":[{"href":"https:\/\/www.cxjsmartcard.com\/pt\/wp-json\/wp\/v2\/types\/product"}],"wp:featuredmedia":[{"embeddable":true,"href":"https:\/\/www.cxjsmartcard.com\/pt\/wp-json\/wp\/v2\/media\/786"}],"wp:attachment":[{"href":"https:\/\/www.cxjsmartcard.com\/pt\/wp-json\/wp\/v2\/media?parent=782"}],"wp:term":[{"taxonomy":"product_brand","embeddable":true,"href":"https:\/\/www.cxjsmartcard.com\/pt\/wp-json\/wp\/v2\/product_brand?post=782"},{"taxonomy":"product_cat","embeddable":true,"href":"https:\/\/www.cxjsmartcard.com\/pt\/wp-json\/wp\/v2\/product_cat?post=782"},{"taxonomy":"product_tag","embeddable":true,"href":"https:\/\/www.cxjsmartcard.com\/pt\/wp-json\/wp\/v2\/product_tag?post=782"}],"curies":[{"name":"wp","href":"https:\/\/api.w.org\/{rel}","templated":true}]}}