{"id":777,"date":"2025-11-03T07:31:45","date_gmt":"2025-11-03T07:31:45","guid":{"rendered":"https:\/\/www.cxjsmartcard.com\/?post_type=product&#038;p=777"},"modified":"2025-12-29T01:27:10","modified_gmt":"2025-12-29T01:27:10","slug":"customized-elastic-rfid-nfc-wristband-bracelet","status":"publish","type":"product","link":"https:\/\/www.cxjsmartcard.com\/pt\/customized-elastic-rfid-nfc-wristband-bracelet\/","title":{"rendered":"Pulseira el\u00e1stica personalizada com RFID NFC"},"content":{"rendered":"<p data-start=\"58\" data-end=\"331\">Pulseira el\u00e1stica RFID\/NFC que combina tecnologia inteligente com uma elegante pulseira de tecido \u2014 ideal para festivais, shows, bilheteria e controle de acesso seguro. Al\u00e9m da entrada, ela oferece suporte a pagamentos sem dinheiro, identifica\u00e7\u00e3o, associa\u00e7\u00e3o a clubes e atividades de grupos corporativos.<\/p>\n<p data-start=\"333\" data-end=\"375\"><strong data-start=\"333\" data-end=\"373\">Pulseira el\u00e1stica RFID<\/strong><\/p>\n<ul data-start=\"376\" data-end=\"1218\">\n<li data-start=\"376\" data-end=\"422\">\n<p data-start=\"378\" data-end=\"422\"><strong data-start=\"378\" data-end=\"395\">Nome do produto:<\/strong> Pulseira Happy RFID NFCC<\/p>\n<\/li>\n<li data-start=\"423\" data-end=\"460\">\n<p data-start=\"425\" data-end=\"460\"><strong data-start=\"425\" data-end=\"438\">Material:<\/strong> Poli\u00e9ster e nylon<\/p>\n<\/li>\n<li data-start=\"461\" data-end=\"581\">\n<p data-start=\"463\" data-end=\"581\"><strong data-start=\"463\" data-end=\"473\">Tamanhos:<\/strong> 185\u00d713 mm (adulto grande), 160\u00d713 mm (jovem\/adulto pequeno); altura 13 mm; comprimento personaliz\u00e1vel de 140 a 210 mm<\/p>\n<\/li>\n<li data-start=\"582\" data-end=\"612\">\n<p data-start=\"584\" data-end=\"612\"><strong data-start=\"584\" data-end=\"597\">Chip NFC:<\/strong> HF 13,56 MHz<\/p>\n<\/li>\n<li data-start=\"613\" data-end=\"682\">\n<p data-start=\"615\" data-end=\"682\"><strong data-start=\"615\" data-end=\"629\">Protocolos:<\/strong> ISO14443A, ISO15693, ISO7814, ISO7815, ISO18000-6C<\/p>\n<\/li>\n<li data-start=\"683\" data-end=\"726\">\n<p data-start=\"685\" data-end=\"726\"><strong data-start=\"685\" data-end=\"705\">Cor da pulseira:<\/strong> Personalizado de acordo com o sistema PMS.<\/p>\n<\/li>\n<li data-start=\"727\" data-end=\"797\">\n<p data-start=\"729\" data-end=\"797\"><strong data-start=\"729\" data-end=\"742\">Impress\u00e3o:<\/strong> Impress\u00e3o por sublima\u00e7\u00e3o de tinta em cores plenas (superf\u00edcies internas\/externas)<\/p>\n<\/li>\n<li data-start=\"798\" data-end=\"926\">\n<p data-start=\"800\" data-end=\"926\"><strong data-start=\"800\" data-end=\"811\">Artesanato:<\/strong> Impress\u00e3o de n\u00fameros de s\u00e9rie\/UID, QR Code, c\u00f3digo de barras; programa\u00e7\u00e3o\/codifica\u00e7\u00e3o\/bloqueio\/criptografia de chips (URL, texto, n\u00famero, vCard)<\/p>\n<\/li>\n<li data-start=\"927\" data-end=\"960\">\n<p data-start=\"929\" data-end=\"960\"><strong data-start=\"929\" data-end=\"942\">Caracter\u00edsticas:<\/strong> 100% \u00e0 prova d&#039;\u00e1gua<\/p>\n<\/li>\n<li data-start=\"961\" data-end=\"1130\">\n<p data-start=\"963\" data-end=\"1130\"><strong data-start=\"963\" data-end=\"980\">Aplica\u00e7\u00f5es:<\/strong> Emiss\u00e3o de bilhetes, sa\u00fade, viagens, controle de acesso e seguran\u00e7a, registro de ponto, estacionamento e pagamento, gest\u00e3o de membros de clubes\/SPA, programas de recompensas e promo\u00e7\u00f5es.<\/p>\n<\/li>\n<li data-start=\"1131\" data-end=\"1151\">\n<p data-start=\"1133\" data-end=\"1151\"><strong data-start=\"1133\" data-end=\"1141\">Quantidade m\u00ednima de encomenda:<\/strong> 500 unidades<\/p>\n<\/li>\n<li data-start=\"1152\" data-end=\"1218\">\n<p data-start=\"1154\" data-end=\"1218\"><strong data-start=\"1154\" data-end=\"1172\">Exemplo de pol\u00edtica:<\/strong> Amostra gr\u00e1tis para teste de estoque; frete por conta do comprador.<\/p>\n<\/li>\n<\/ul>\n<p data-start=\"1220\" data-end=\"1603\"><strong data-start=\"1220\" data-end=\"1260\">Variante em tecido el\u00e1stico (Principais benef\u00edcios)<\/strong><br data-start=\"1260\" data-end=\"1263\" \/>Poli\u00e9ster el\u00e1stico ultraconfort\u00e1vel; ajusta-se ao tamanho do pulso; remov\u00edvel, reutiliz\u00e1vel e \u00e0 prova d&#039;\u00e1gua \u2014 ideal para uso por v\u00e1rios dias ou programas de passes de temporada.<br data-start=\"1407\" data-end=\"1410\" \/><strong data-start=\"1410\" data-end=\"1423\">Benef\u00edcios:<\/strong> Conforto e flexibilidade \u2022 Reutiliz\u00e1vel e dur\u00e1vel \u2022 \u00c0 prova d&#039;\u00e1gua 100% \u2022 Pronto para personaliza\u00e7\u00e3o (impress\u00e3o colorida, logotipo, c\u00f3digo de identifica\u00e7\u00e3o exclusivo) \u2022 Compat\u00edvel com a maioria dos dispositivos habilitados para NFC e leitores RFID.<\/p>\n<h2 data-start=\"1605\" data-end=\"1630\">Tabela (Especifica\u00e7\u00f5es)<\/h2>\n<div class=\"_tableContainer_1rjym_1\">\n<div class=\"group _tableWrapper_1rjym_13 flex w-fit flex-col-reverse\" tabindex=\"-1\">\n<table class=\"w-fit min-w-(--thread-content-width)\" data-start=\"1632\" data-end=\"3623\">\n<thead data-start=\"1632\" data-end=\"1754\">\n<tr data-start=\"1632\" data-end=\"1754\">\n<th data-start=\"1632\" data-end=\"1653\" data-col-size=\"sm\">Categoria<\/th>\n<th data-start=\"1653\" data-end=\"1681\" data-col-size=\"sm\">Par\u00e2metro<\/th>\n<th data-start=\"1681\" data-end=\"1754\" data-col-size=\"lg\">Valor<\/th>\n<\/tr>\n<\/thead>\n<tbody data-start=\"1877\" data-end=\"3623\">\n<tr data-start=\"1877\" data-end=\"1998\">\n<td data-start=\"1877\" data-end=\"1897\" data-col-size=\"sm\">Produto<\/td>\n<td data-col-size=\"sm\" data-start=\"1897\" data-end=\"1925\">Tipo<\/td>\n<td data-col-size=\"lg\" data-start=\"1925\" data-end=\"1998\">Pulseira el\u00e1stica RFID\/NFC personalizada<\/td>\n<\/tr>\n<tr data-start=\"1999\" data-end=\"2120\">\n<td data-start=\"1999\" data-end=\"2019\" data-col-size=\"sm\">Materiais<\/td>\n<td data-col-size=\"sm\" data-start=\"2019\" data-end=\"2047\">Banda<\/td>\n<td data-col-size=\"lg\" data-start=\"2047\" data-end=\"2120\">Poli\u00e9ster e nylon<\/td>\n<\/tr>\n<tr data-start=\"2121\" data-end=\"2242\">\n<td data-start=\"2121\" data-end=\"2141\" data-col-size=\"sm\">Dimens\u00f5es<\/td>\n<td data-col-size=\"sm\" data-start=\"2141\" data-end=\"2169\">Tamanhos padr\u00e3o<\/td>\n<td data-col-size=\"lg\" data-start=\"2169\" data-end=\"2242\">185\u00d713 mm (adulto grande); 160\u00d713 mm (jovem\/adulto pequeno)<\/td>\n<\/tr>\n<tr data-start=\"2243\" data-end=\"2364\">\n<td data-start=\"2243\" data-end=\"2263\" data-col-size=\"sm\"><\/td>\n<td data-col-size=\"sm\" data-start=\"2263\" data-end=\"2291\">Gama personalizada<\/td>\n<td data-col-size=\"lg\" data-start=\"2291\" data-end=\"2364\">Comprimento 140\u2013210 mm; altura 13 mm<\/td>\n<\/tr>\n<tr data-start=\"2365\" data-end=\"2486\">\n<td data-start=\"2365\" data-end=\"2385\" data-col-size=\"sm\">RF<\/td>\n<td data-col-size=\"sm\" data-start=\"2385\" data-end=\"2413\">Freq\u00fc\u00eancia<\/td>\n<td data-col-size=\"lg\" data-start=\"2413\" data-end=\"2486\">HF 13,56 MHz<\/td>\n<\/tr>\n<tr data-start=\"2487\" data-end=\"2608\">\n<td data-start=\"2487\" data-end=\"2507\" data-col-size=\"sm\"><\/td>\n<td data-col-size=\"sm\" data-start=\"2507\" data-end=\"2535\">Protocolos<\/td>\n<td data-col-size=\"lg\" data-start=\"2535\" data-end=\"2608\">ISO14443A; ISO15693; ISO7814; ISO7815; ISO18000-6C<\/td>\n<\/tr>\n<tr data-start=\"2609\" data-end=\"2730\">\n<td data-start=\"2609\" data-end=\"2629\" data-col-size=\"sm\">Personaliza\u00e7\u00e3o<\/td>\n<td data-col-size=\"sm\" data-start=\"2629\" data-end=\"2657\">Cor<\/td>\n<td data-col-size=\"lg\" data-start=\"2657\" data-end=\"2730\">Cores PMS personalizadas<\/td>\n<\/tr>\n<tr data-start=\"2731\" data-end=\"2852\">\n<td data-start=\"2731\" data-end=\"2751\" data-col-size=\"sm\"><\/td>\n<td data-col-size=\"sm\" data-start=\"2751\" data-end=\"2779\">Impress\u00e3o<\/td>\n<td data-col-size=\"lg\" data-start=\"2779\" data-end=\"2852\">Impress\u00e3o por sublima\u00e7\u00e3o de tinta em cores plenas (interna\/externa)<\/td>\n<\/tr>\n<tr data-start=\"2853\" data-end=\"2978\">\n<td data-start=\"2853\" data-end=\"2873\" data-col-size=\"sm\">Artesanato<\/td>\n<td data-col-size=\"sm\" data-start=\"2873\" data-end=\"2901\">Codifica\u00e7\u00e3o\/Marca\u00e7\u00e3o<\/td>\n<td data-col-size=\"lg\" data-start=\"2901\" data-end=\"2978\">Serial\/UID, QR, c\u00f3digo de barras; codifica\u00e7\u00e3o\/bloqueio\/criptografia de chip (URL\/texto\/n\u00famero\/vCard)<\/td>\n<\/tr>\n<tr data-start=\"2979\" data-end=\"3100\">\n<td data-start=\"2979\" data-end=\"2999\" data-col-size=\"sm\">Desempenho<\/td>\n<td data-col-size=\"sm\" data-start=\"2999\" data-end=\"3027\">Recurso<\/td>\n<td data-col-size=\"lg\" data-start=\"3027\" data-end=\"3100\">100% \u00e0 prova d&#039;\u00e1gua<\/td>\n<\/tr>\n<tr data-start=\"3101\" data-end=\"3257\">\n<td data-start=\"3101\" data-end=\"3121\" data-col-size=\"sm\">Aplica\u00e7\u00f5es<\/td>\n<td data-col-size=\"sm\" data-start=\"3121\" data-end=\"3149\">Casos de uso<\/td>\n<td data-col-size=\"lg\" data-start=\"3149\" data-end=\"3257\">Emiss\u00e3o de bilhetes, controle de acesso, pagamento sem dinheiro, sa\u00fade, controle de ponto, estacionamento, programas de fidelidade, recompensas<\/td>\n<\/tr>\n<tr data-start=\"3258\" data-end=\"3379\">\n<td data-start=\"3258\" data-end=\"3278\" data-col-size=\"sm\">Log\u00edstica<\/td>\n<td data-col-size=\"sm\" data-start=\"3278\" data-end=\"3306\">MOQ<\/td>\n<td data-col-size=\"lg\" data-start=\"3306\" data-end=\"3379\">500 unidades<\/td>\n<\/tr>\n<tr data-start=\"3380\" data-end=\"3501\">\n<td data-start=\"3380\" data-end=\"3400\" data-col-size=\"sm\">Amostragem<\/td>\n<td data-col-size=\"sm\" data-start=\"3400\" data-end=\"3428\">Pol\u00edtica<\/td>\n<td data-col-size=\"lg\" data-start=\"3428\" data-end=\"3501\">Amostra gr\u00e1tis; frete por conta do comprador.<\/td>\n<\/tr>\n<tr data-start=\"3502\" data-end=\"3623\">\n<td data-start=\"3502\" data-end=\"3522\" data-col-size=\"sm\">Benef\u00edcios<\/td>\n<td data-col-size=\"sm\" data-start=\"3522\" data-end=\"3550\">Destaques<\/td>\n<td data-col-size=\"lg\" data-start=\"3550\" data-end=\"3623\">Ajuste el\u00e1stico, reutiliz\u00e1vel, pronto para personaliza\u00e7\u00e3o com sua marca, compat\u00edvel com leitores NFC\/RFID.<\/td>\n<\/tr>\n<\/tbody>\n<\/table>\n<\/div>\n<\/div>","protected":false},"excerpt":{"rendered":"<p>Pulseira el\u00e1stica de tecido com RFID\/NFC para eventos e controle de acesso \u2014 tamanhos\/cores personalizados, \u00e0 prova d&#039;\u00e1gua (modelo 100%), reutiliz\u00e1vel e pronta para personaliza\u00e7\u00e3o com impress\u00e3o colorida e codifica\u00e7\u00e3o de chip.<\/p>","protected":false},"featured_media":778,"template":"","meta":{"_gspb_post_css":""},"product_brand":[],"product_cat":[21],"product_tag":[],"class_list":{"0":"post-777","1":"product","2":"type-product","3":"status-publish","4":"has-post-thumbnail","6":"product_cat-rfid-nfc-bracelets","8":"first","9":"instock","10":"shipping-taxable","11":"purchasable","12":"product-type-simple"},"_links":{"self":[{"href":"https:\/\/www.cxjsmartcard.com\/pt\/wp-json\/wp\/v2\/product\/777","targetHints":{"allow":["GET"]}}],"collection":[{"href":"https:\/\/www.cxjsmartcard.com\/pt\/wp-json\/wp\/v2\/product"}],"about":[{"href":"https:\/\/www.cxjsmartcard.com\/pt\/wp-json\/wp\/v2\/types\/product"}],"wp:featuredmedia":[{"embeddable":true,"href":"https:\/\/www.cxjsmartcard.com\/pt\/wp-json\/wp\/v2\/media\/778"}],"wp:attachment":[{"href":"https:\/\/www.cxjsmartcard.com\/pt\/wp-json\/wp\/v2\/media?parent=777"}],"wp:term":[{"taxonomy":"product_brand","embeddable":true,"href":"https:\/\/www.cxjsmartcard.com\/pt\/wp-json\/wp\/v2\/product_brand?post=777"},{"taxonomy":"product_cat","embeddable":true,"href":"https:\/\/www.cxjsmartcard.com\/pt\/wp-json\/wp\/v2\/product_cat?post=777"},{"taxonomy":"product_tag","embeddable":true,"href":"https:\/\/www.cxjsmartcard.com\/pt\/wp-json\/wp\/v2\/product_tag?post=777"}],"curies":[{"name":"wp","href":"https:\/\/api.w.org\/{rel}","templated":true}]}}