{"id":772,"date":"2025-11-03T07:28:48","date_gmt":"2025-11-03T07:28:48","guid":{"rendered":"https:\/\/www.cxjsmartcard.com\/?post_type=product&#038;p=772"},"modified":"2025-12-29T01:27:10","modified_gmt":"2025-12-29T01:27:10","slug":"custom-nfc-fabric-woven-bracelet-rfid-wristband-for-festival","status":"publish","type":"product","link":"https:\/\/www.cxjsmartcard.com\/pt\/custom-nfc-fabric-woven-bracelet-rfid-wristband-for-festival\/","title":{"rendered":"Pulseira RFID personalizada com NFC em tecido tran\u00e7ado para festivais."},"content":{"rendered":"<p data-start=\"72\" data-end=\"240\">A pulseira RFID NFC personalizada em tecido tran\u00e7ado \u00e9 uma solu\u00e7\u00e3o dur\u00e1vel, \u00e0 prova d&#039;\u00e1gua e segura para controle de acesso, pagamento sem dinheiro e gerenciamento de eventos.<\/p>\n<p data-start=\"242\" data-end=\"277\"><strong data-start=\"242\" data-end=\"255\">Materiais<\/strong><br data-start=\"255\" data-end=\"258\" \/>PVC + tecido tran\u00e7ado.<\/p>\n<p data-start=\"279\" data-end=\"342\"><strong data-start=\"279\" data-end=\"292\">Protocolos<\/strong><br data-start=\"292\" data-end=\"295\" \/>ISO 11785, ISO 15693, ISO 14443A, ISO 18000-6C.<\/p>\n<p data-start=\"344\" data-end=\"443\"><strong data-start=\"344\" data-end=\"368\">Tamanhos (personaliz\u00e1veis)<\/strong><br data-start=\"368\" data-end=\"371\" \/>47\u00d747\u00d70,8 mm; 55,21\u00d756\u00d70,8 mm; 45\u00d740\u00d70,8 mm; 30\u00d747\u00d70,8 mm; 41\u00d726\u00d70,8 mm.<\/p>\n<p data-start=\"445\" data-end=\"519\"><strong data-start=\"445\" data-end=\"479\">Dist\u00e2ncia de leitura (dependente do chip)<\/strong><br data-start=\"479\" data-end=\"482\" \/>LF: 1\u20134 cm \u2022 HF: 1\u20136 cm \u2022 UHF: 1\u20136 m.<\/p>\n<p data-start=\"521\" data-end=\"644\"><strong data-start=\"521\" data-end=\"541\">Artesanato dispon\u00edvel<\/strong><br data-start=\"541\" data-end=\"544\" \/>Serigrafia ou impress\u00e3o multicolorida; logotipo\/c\u00f3digo UID a laser; n\u00famero de s\u00e9rie; c\u00f3digo QR; codifica\u00e7\u00e3o de dados.<\/p>\n<p data-start=\"646\" data-end=\"752\"><strong data-start=\"646\" data-end=\"662\">Aplica\u00e7\u00f5es<\/strong><br data-start=\"662\" data-end=\"665\" \/>Eventos, festivais, escolas, parques de divers\u00f5es, centros musicais e controle de acesso em geral.<\/p>\n<p data-start=\"754\" data-end=\"844\"><strong data-start=\"754\" data-end=\"778\">Op\u00e7\u00f5es de instala\u00e7\u00e3o<\/strong><br data-start=\"778\" data-end=\"781\" \/>Pulseira descart\u00e1vel com fecho deslizante; pulseira ajust\u00e1vel e reutiliz\u00e1vel.<\/p>\n<p data-start=\"846\" data-end=\"1312\"><strong data-start=\"846\" data-end=\"877\">Benef\u00edcios das pulseiras RFID<\/strong><br data-start=\"877\" data-end=\"880\" \/>Aumentar a receita; maximizar a rentabilidade; acelerar o atendimento; melhorar a efici\u00eancia operacional; eliminar problemas com o manuseio de dinheiro; simplificar processos e procedimentos; prevenir a entrada fraudulenta ou com dinheiro falso.<br data-start=\"1093\" data-end=\"1096\" \/>Os chips RFID incorporados em pulseiras permitem o controle de acesso, pagamentos sem dinheiro, coleta de dados, intera\u00e7\u00f5es sociais e muito mais, com suporte para LF (125\u2013134 kHz), HF (13,56 MHz) e UHF (860\u2013960 MHz) para se adequarem a diversas implanta\u00e7\u00f5es.<\/p>\n<h2 data-start=\"1314\" data-end=\"1339\">Tabela (Especifica\u00e7\u00f5es)<\/h2>\n<div class=\"_tableContainer_1rjym_1\">\n<div class=\"group _tableWrapper_1rjym_13 flex w-fit flex-col-reverse\" tabindex=\"-1\">\n<table class=\"w-fit min-w-(--thread-content-width)\" data-start=\"1341\" data-end=\"2618\">\n<thead data-start=\"1341\" data-end=\"1455\">\n<tr data-start=\"1341\" data-end=\"1455\">\n<th data-start=\"1341\" data-end=\"1359\" data-col-size=\"sm\">Categoria<\/th>\n<th data-start=\"1359\" data-end=\"1382\" data-col-size=\"sm\">Par\u00e2metro<\/th>\n<th data-start=\"1382\" data-end=\"1455\" data-col-size=\"md\">Valor<\/th>\n<\/tr>\n<\/thead>\n<tbody data-start=\"1571\" data-end=\"2618\">\n<tr data-start=\"1571\" data-end=\"1685\">\n<td data-start=\"1571\" data-end=\"1589\" data-col-size=\"sm\">Produto<\/td>\n<td data-col-size=\"sm\" data-start=\"1589\" data-end=\"1612\">Tipo<\/td>\n<td data-col-size=\"md\" data-start=\"1612\" data-end=\"1685\">Pulseira RFID personalizada com NFC em tecido tran\u00e7ado.<\/td>\n<\/tr>\n<tr data-start=\"1686\" data-end=\"1800\">\n<td data-start=\"1686\" data-end=\"1704\" data-col-size=\"sm\">Materiais<\/td>\n<td data-col-size=\"sm\" data-start=\"1704\" data-end=\"1727\">Corpo<\/td>\n<td data-col-size=\"md\" data-start=\"1727\" data-end=\"1800\">PVC + Tecido<\/td>\n<\/tr>\n<tr data-start=\"1801\" data-end=\"1915\">\n<td data-start=\"1801\" data-end=\"1819\" data-col-size=\"sm\">RF<\/td>\n<td data-col-size=\"sm\" data-start=\"1819\" data-end=\"1842\">Protocolos<\/td>\n<td data-col-size=\"md\" data-start=\"1842\" data-end=\"1915\">ISO 11785; ISO 15693; ISO 14443A; ISO 18000-6C<\/td>\n<\/tr>\n<tr data-start=\"1916\" data-end=\"2030\">\n<td data-start=\"1916\" data-end=\"1934\" data-col-size=\"sm\"><\/td>\n<td data-col-size=\"sm\" data-start=\"1934\" data-end=\"1957\">Frequ\u00eancias<\/td>\n<td data-col-size=\"md\" data-start=\"1957\" data-end=\"2030\">LF 125\u2013134 kHz; HF 13,56 MHz; UHF 860\u2013960 MHz<\/td>\n<\/tr>\n<tr data-start=\"2031\" data-end=\"2145\">\n<td data-start=\"2031\" data-end=\"2049\" data-col-size=\"sm\">Desempenho<\/td>\n<td data-col-size=\"sm\" data-start=\"2049\" data-end=\"2072\">Dist\u00e2ncia de leitura<\/td>\n<td data-col-size=\"md\" data-start=\"2072\" data-end=\"2145\">LF 1\u20134 cm; HF 1\u20136 cm; UHF 1\u20136 m (dependendo do chip\/leitor)<\/td>\n<\/tr>\n<tr data-start=\"2146\" data-end=\"2262\">\n<td data-start=\"2146\" data-end=\"2164\" data-col-size=\"sm\">Dimens\u00f5es<\/td>\n<td data-col-size=\"sm\" data-start=\"2164\" data-end=\"2187\">Op\u00e7\u00f5es de tamanho<\/td>\n<td data-col-size=\"md\" data-start=\"2187\" data-end=\"2262\">47\u00d747\u00d70,8 mm; 55,21\u00d756\u00d70,8 mm; 45\u00d740\u00d70,8 mm; 30\u00d747\u00d70,8 mm; 41\u00d726\u00d70,8 mm<\/td>\n<\/tr>\n<tr data-start=\"2263\" data-end=\"2385\">\n<td data-start=\"2263\" data-end=\"2281\" data-col-size=\"sm\">Personaliza\u00e7\u00e3o<\/td>\n<td data-col-size=\"sm\" data-start=\"2281\" data-end=\"2304\">Impress\u00e3o\/Codifica\u00e7\u00e3o<\/td>\n<td data-col-size=\"md\" data-start=\"2304\" data-end=\"2385\">Impress\u00e3o serigr\u00e1fica ou multicolorida; logotipo\/UID a laser; n\u00famero de s\u00e9rie; QR Code; codifica\u00e7\u00e3o de dados<\/td>\n<\/tr>\n<tr data-start=\"2386\" data-end=\"2503\">\n<td data-start=\"2386\" data-end=\"2404\" data-col-size=\"sm\">Aplica\u00e7\u00f5es<\/td>\n<td data-col-size=\"sm\" data-start=\"2404\" data-end=\"2427\">Casos de uso t\u00edpicos<\/td>\n<td data-col-size=\"md\" data-start=\"2427\" data-end=\"2503\">Entrada em eventos\/festivais, gest\u00e3o de escolas e centros musicais, controle de acesso.<\/td>\n<\/tr>\n<tr data-start=\"2504\" data-end=\"2618\">\n<td data-start=\"2504\" data-end=\"2522\" data-col-size=\"sm\">Instala\u00e7\u00e3o<\/td>\n<td data-col-size=\"sm\" data-start=\"2522\" data-end=\"2545\">Tipos de pulseiras<\/td>\n<td data-col-size=\"md\" data-start=\"2545\" data-end=\"2618\">Trava deslizante descart\u00e1vel; ajust\u00e1vel e reutiliz\u00e1vel<\/td>\n<\/tr>\n<\/tbody>\n<\/table>\n<\/div>\n<\/div>","protected":false},"excerpt":{"rendered":"<p>Pulseira RFID de tecido tran\u00e7ado para eventos e controle de acesso \u2014 dur\u00e1vel, \u00e0 prova d&#039;\u00e1gua e personaliz\u00e1vel; compat\u00edvel com LF\/HF\/UHF, v\u00e1rios tamanhos e pulseiras descart\u00e1veis ou reutiliz\u00e1veis.<\/p>","protected":false},"featured_media":773,"template":"","meta":{"_gspb_post_css":""},"product_brand":[],"product_cat":[21],"product_tag":[],"class_list":{"0":"post-772","1":"product","2":"type-product","3":"status-publish","4":"has-post-thumbnail","6":"product_cat-rfid-nfc-bracelets","8":"first","9":"instock","10":"shipping-taxable","11":"purchasable","12":"product-type-simple"},"_links":{"self":[{"href":"https:\/\/www.cxjsmartcard.com\/pt\/wp-json\/wp\/v2\/product\/772","targetHints":{"allow":["GET"]}}],"collection":[{"href":"https:\/\/www.cxjsmartcard.com\/pt\/wp-json\/wp\/v2\/product"}],"about":[{"href":"https:\/\/www.cxjsmartcard.com\/pt\/wp-json\/wp\/v2\/types\/product"}],"wp:featuredmedia":[{"embeddable":true,"href":"https:\/\/www.cxjsmartcard.com\/pt\/wp-json\/wp\/v2\/media\/773"}],"wp:attachment":[{"href":"https:\/\/www.cxjsmartcard.com\/pt\/wp-json\/wp\/v2\/media?parent=772"}],"wp:term":[{"taxonomy":"product_brand","embeddable":true,"href":"https:\/\/www.cxjsmartcard.com\/pt\/wp-json\/wp\/v2\/product_brand?post=772"},{"taxonomy":"product_cat","embeddable":true,"href":"https:\/\/www.cxjsmartcard.com\/pt\/wp-json\/wp\/v2\/product_cat?post=772"},{"taxonomy":"product_tag","embeddable":true,"href":"https:\/\/www.cxjsmartcard.com\/pt\/wp-json\/wp\/v2\/product_tag?post=772"}],"curies":[{"name":"wp","href":"https:\/\/api.w.org\/{rel}","templated":true}]}}