{"id":767,"date":"2025-11-03T07:23:32","date_gmt":"2025-11-03T07:23:32","guid":{"rendered":"https:\/\/www.cxjsmartcard.com\/?post_type=product&#038;p=767"},"modified":"2025-12-29T01:27:10","modified_gmt":"2025-12-29T01:27:10","slug":"waterproof-uhf-industrial-rfid-flexible-silicone-laundry-tag","status":"publish","type":"product","link":"https:\/\/www.cxjsmartcard.com\/pt\/waterproof-uhf-industrial-rfid-flexible-silicone-laundry-tag\/","title":{"rendered":"Etiqueta de silicone flex\u00edvel para lavanderia, \u00e0 prova d&#039;\u00e1gua, UHF, RFID industrial, para RFID."},"content":{"rendered":"<p data-start=\"72\" data-end=\"463\">Etiqueta UHF flex\u00edvel de silicone, projetada para lavagem industrial e gest\u00e3o t\u00eaxtil. \u00c9 \u00e0 prova d&#039;\u00e1gua, resistente ao calor e \u00e0s intemp\u00e9ries, operando na faixa de 860\u2013960 MHz e em conformidade com a norma ISO\/IEC 18000-6C (EPC Gen2). Especialmente adequada para lavagem industrial de roupas e tecidos, com resist\u00eancia a altas temperaturas de ferro, alta press\u00e3o e mais de 200 ciclos de lavagem industrial.<\/p>\n<p data-start=\"465\" data-end=\"488\"><strong data-start=\"465\" data-end=\"486\">Garantia de Qualidade<\/strong><\/p>\n<ul data-start=\"489\" data-end=\"581\">\n<li data-start=\"489\" data-end=\"545\">\n<p data-start=\"491\" data-end=\"545\">A fun\u00e7\u00e3o 100% foi testada pelo Voyantic Performance Tester.<\/p>\n<\/li>\n<li data-start=\"546\" data-end=\"581\">\n<p data-start=\"548\" data-end=\"581\">100% EPC e mem\u00f3ria do usu\u00e1rio verificadas.<\/p>\n<\/li>\n<\/ul>\n<p data-start=\"583\" data-end=\"614\"><strong data-start=\"583\" data-end=\"612\">Especifica\u00e7\u00f5es el\u00e9tricas<\/strong><\/p>\n<ul data-start=\"615\" data-end=\"886\">\n<li data-start=\"615\" data-end=\"664\">\n<p data-start=\"617\" data-end=\"664\">Interface a\u00e9rea: EPC Classe 1 Gen2, ISO 18000-6C<\/p>\n<\/li>\n<li data-start=\"665\" data-end=\"705\">\n<p data-start=\"667\" data-end=\"705\">Tipo de dispositivo: Transponder UHF passivo<\/p>\n<\/li>\n<li data-start=\"706\" data-end=\"744\">\n<p data-start=\"708\" data-end=\"744\">Frequ\u00eancia operacional: 865\u2013928 MHz<\/p>\n<\/li>\n<li data-start=\"745\" data-end=\"834\">\n<p data-start=\"747\" data-end=\"834\">Mem\u00f3ria (configura\u00e7\u00e3o t\u00edpica do CI): EPC 128 bits; Usu\u00e1rio 32 bits; Senha 32 bits; TID 96 bits<\/p>\n<\/li>\n<li data-start=\"835\" data-end=\"859\">\n<p data-start=\"837\" data-end=\"859\">Polariza\u00e7\u00e3o: Linear<\/p>\n<\/li>\n<li data-start=\"860\" data-end=\"886\">\n<p data-start=\"862\" data-end=\"886\">Reten\u00e7\u00e3o de dados: 10 anos<\/p>\n<\/li>\n<\/ul>\n<p data-start=\"888\" data-end=\"916\"><strong data-start=\"888\" data-end=\"914\">Mec\u00e2nica e Materiais<\/strong><\/p>\n<ul data-start=\"917\" data-end=\"1077\">\n<li data-start=\"917\" data-end=\"960\">\n<p data-start=\"919\" data-end=\"960\">Dimens\u00f5es (etiqueta de tecido): 60 \u00d7 20 \u00d7 1 mm<\/p>\n<\/li>\n<li data-start=\"961\" data-end=\"1043\">\n<p data-start=\"963\" data-end=\"1043\">Dimens\u00f5es (etiqueta de silicone): 85 \u00d7 27 \u00d7 4 mm; 55 \u00d7 12 \u00d7 2,5 mm (outras dimens\u00f5es dispon\u00edveis)<\/p>\n<\/li>\n<li data-start=\"1044\" data-end=\"1077\">\n<p data-start=\"1046\" data-end=\"1077\">Materiais da etiqueta: Tecido, Silicone<\/p>\n<\/li>\n<\/ul>\n<p data-start=\"1079\" data-end=\"1118\"><strong data-start=\"1079\" data-end=\"1116\">Resist\u00eancia Ambiental e de Processos<\/strong><\/p>\n<ul data-start=\"1119\" data-end=\"1352\">\n<li data-start=\"1119\" data-end=\"1181\">\n<p data-start=\"1121\" data-end=\"1181\">Temperatura de armazenamento: \u221240 \u00b0C a +120 \u00b0C (\u221240 \u00b0F a +248 \u00b0F)<\/p>\n<\/li>\n<li data-start=\"1182\" data-end=\"1219\">\n<p data-start=\"1184\" data-end=\"1219\">Passar a ferro: 180 \u00b0C \u00d7 15 s, 200 ciclos<\/p>\n<\/li>\n<li data-start=\"1220\" data-end=\"1316\">\n<p data-start=\"1222\" data-end=\"1316\">Secador: 85 \u00b0C \u00d7 120 min, 200 ciclos; 120 \u00b0C \u00d7 60 min, 200 ciclos; 150 \u00b0C \u00d7 20 min, 200 ciclos<\/p>\n<\/li>\n<li data-start=\"1317\" data-end=\"1352\">\n<p data-start=\"1319\" data-end=\"1352\">Resist\u00eancia \u00e0 press\u00e3o: at\u00e9 56 bar<\/p>\n<\/li>\n<\/ul>\n<p data-start=\"1354\" data-end=\"1372\"><strong data-start=\"1354\" data-end=\"1370\">Aplica\u00e7\u00f5es<\/strong><\/p>\n<ul data-start=\"1373\" data-end=\"1510\">\n<li data-start=\"1373\" data-end=\"1394\">\n<p data-start=\"1375\" data-end=\"1394\">Gest\u00e3o de roupa de cama<\/p>\n<\/li>\n<li data-start=\"1395\" data-end=\"1417\">\n<p data-start=\"1397\" data-end=\"1417\">Gest\u00e3o uniforme<\/p>\n<\/li>\n<li data-start=\"1418\" data-end=\"1449\">\n<p data-start=\"1420\" data-end=\"1449\">Gest\u00e3o de lavanderia hospitalar<\/p>\n<\/li>\n<li data-start=\"1450\" data-end=\"1478\">\n<p data-start=\"1452\" data-end=\"1478\">gest\u00e3o de lavanderia de hotel<\/p>\n<\/li>\n<li data-start=\"1479\" data-end=\"1510\">\n<p data-start=\"1481\" data-end=\"1510\">gest\u00e3o t\u00eaxtil industrial<\/p>\n<\/li>\n<\/ul>\n<p data-start=\"1512\" data-end=\"1666\"><strong data-start=\"1512\" data-end=\"1520\">Perguntas frequentes<\/strong><br data-start=\"1520\" data-end=\"1523\" \/><strong data-start=\"1523\" data-end=\"1530\">Q1:<\/strong> Essas etiquetas RFID podem ser costuradas em uniformes ou pe\u00e7as de vestu\u00e1rio?<br data-start=\"1585\" data-end=\"1588\" \/><strong data-start=\"1588\" data-end=\"1594\">UM:<\/strong> Sim. A etiqueta de silicone flex\u00edvel pode ser costurada, selada a quente ou embutida.<\/p>\n<p data-start=\"1668\" data-end=\"1791\"><strong data-start=\"1668\" data-end=\"1675\">Q2:<\/strong> Quantas lavagens essa etiqueta suporta?<br data-start=\"1717\" data-end=\"1720\" \/><strong data-start=\"1720\" data-end=\"1726\">UM:<\/strong> At\u00e9 200 ciclos de lavagem, dependendo do detergente e da temperatura.<\/p>\n<p data-start=\"1793\" data-end=\"1916\"><strong data-start=\"1793\" data-end=\"1800\">Q3:<\/strong> \u00c9 poss\u00edvel personalizar?<br data-start=\"1828\" data-end=\"1831\" \/><strong data-start=\"1831\" data-end=\"1837\">UM:<\/strong> Sim. Tamanhos, cores e personaliza\u00e7\u00e3o (impress\u00e3o de logotipo ou c\u00f3digos QR) s\u00e3o personaliz\u00e1veis.<\/p>\n<h2 data-start=\"1918\" data-end=\"1943\">Tabela (Especifica\u00e7\u00f5es)<\/h2>\n<div class=\"_tableContainer_1rjym_1\">\n<div class=\"group _tableWrapper_1rjym_13 flex w-fit flex-col-reverse\" tabindex=\"-1\">\n<table class=\"w-fit min-w-(--thread-content-width)\" data-start=\"1945\" data-end=\"4087\">\n<thead data-start=\"1945\" data-end=\"2071\">\n<tr data-start=\"1945\" data-end=\"2071\">\n<th data-start=\"1945\" data-end=\"1970\" data-col-size=\"sm\">Categoria<\/th>\n<th data-start=\"1970\" data-end=\"1998\" data-col-size=\"sm\">Par\u00e2metro<\/th>\n<th data-start=\"1998\" data-end=\"2071\" data-col-size=\"md\">Valor<\/th>\n<\/tr>\n<\/thead>\n<tbody data-start=\"2198\" data-end=\"4087\">\n<tr data-start=\"2198\" data-end=\"2323\">\n<td data-start=\"2198\" data-end=\"2222\" data-col-size=\"sm\">Interface RF<\/td>\n<td data-col-size=\"sm\" data-start=\"2222\" data-end=\"2250\">Protocolo<\/td>\n<td data-col-size=\"md\" data-start=\"2250\" data-end=\"2323\">EPC Classe 1 Gen2 \/ ISO 18000-6C<\/td>\n<\/tr>\n<tr data-start=\"2324\" data-end=\"2449\">\n<td data-start=\"2324\" data-end=\"2348\" data-col-size=\"sm\"><\/td>\n<td data-col-size=\"sm\" data-start=\"2348\" data-end=\"2376\">Tipo de dispositivo<\/td>\n<td data-col-size=\"md\" data-start=\"2376\" data-end=\"2449\">Transponder UHF passivo<\/td>\n<\/tr>\n<tr data-start=\"2450\" data-end=\"2575\">\n<td data-start=\"2450\" data-end=\"2474\" data-col-size=\"sm\"><\/td>\n<td data-col-size=\"sm\" data-start=\"2474\" data-end=\"2502\">Freq\u00fc\u00eancia<\/td>\n<td data-col-size=\"md\" data-start=\"2502\" data-end=\"2575\">865\u2013928 MHz (operacional); 860\u2013960 MHz suportado<\/td>\n<\/tr>\n<tr data-start=\"2576\" data-end=\"2701\">\n<td data-start=\"2576\" data-end=\"2600\" data-col-size=\"sm\">Mem\u00f3ria<\/td>\n<td data-col-size=\"sm\" data-start=\"2600\" data-end=\"2628\">EPC \/ Usu\u00e1rio \/ Senha \/ TID<\/td>\n<td data-col-size=\"md\" data-start=\"2628\" data-end=\"2701\">128 bits \/ 32 bits \/ 32 bits \/ 96 bits<\/td>\n<\/tr>\n<tr data-start=\"2702\" data-end=\"2827\">\n<td data-start=\"2702\" data-end=\"2726\" data-col-size=\"sm\">Dados<\/td>\n<td data-col-size=\"sm\" data-start=\"2726\" data-end=\"2754\">Reten\u00e7\u00e3o<\/td>\n<td data-col-size=\"md\" data-start=\"2754\" data-end=\"2827\">10 anos<\/td>\n<\/tr>\n<tr data-start=\"2828\" data-end=\"2953\">\n<td data-start=\"2828\" data-end=\"2852\" data-col-size=\"sm\">Antena<\/td>\n<td data-col-size=\"sm\" data-start=\"2852\" data-end=\"2880\">Polariza\u00e7\u00e3o<\/td>\n<td data-col-size=\"md\" data-start=\"2880\" data-end=\"2953\">Linear<\/td>\n<\/tr>\n<tr data-start=\"2954\" data-end=\"3079\">\n<td data-start=\"2954\" data-end=\"2978\" data-col-size=\"sm\">Materiais<\/td>\n<td data-col-size=\"sm\" data-start=\"2978\" data-end=\"3006\">Material da etiqueta<\/td>\n<td data-col-size=\"md\" data-start=\"3006\" data-end=\"3079\">Tecido, Silicone<\/td>\n<\/tr>\n<tr data-start=\"3080\" data-end=\"3205\">\n<td data-start=\"3080\" data-end=\"3104\" data-col-size=\"sm\">Dimens\u00f5es (Tecido)<\/td>\n<td data-col-size=\"sm\" data-start=\"3104\" data-end=\"3132\">Tamanho<\/td>\n<td data-col-size=\"md\" data-start=\"3132\" data-end=\"3205\">60 \u00d7 20 \u00d7 1 mm<\/td>\n<\/tr>\n<tr data-start=\"3206\" data-end=\"3331\">\n<td data-start=\"3206\" data-end=\"3230\" data-col-size=\"sm\">Dimens\u00f5es (Silicone)<\/td>\n<td data-col-size=\"sm\" data-start=\"3230\" data-end=\"3258\">Op\u00e7\u00f5es de tamanho<\/td>\n<td data-col-size=\"md\" data-start=\"3258\" data-end=\"3331\">85 \u00d7 27 \u00d7 4 mm; 55 \u00d7 12 \u00d7 2,5 mm<\/td>\n<\/tr>\n<tr data-start=\"3332\" data-end=\"3457\">\n<td data-start=\"3332\" data-end=\"3356\" data-col-size=\"sm\">Ambiente<\/td>\n<td data-col-size=\"sm\" data-start=\"3356\" data-end=\"3384\">Temperatura de armazenamento<\/td>\n<td data-col-size=\"md\" data-start=\"3384\" data-end=\"3457\">\u221240 \u00b0C a +120 \u00b0C<\/td>\n<\/tr>\n<tr data-start=\"3458\" data-end=\"3583\">\n<td data-start=\"3458\" data-end=\"3482\" data-col-size=\"sm\">Resist\u00eancia do processo<\/td>\n<td data-col-size=\"sm\" data-start=\"3482\" data-end=\"3510\">Passador de roupa<\/td>\n<td data-col-size=\"md\" data-start=\"3510\" data-end=\"3583\">180 \u00b0C \u00d7 15 s, 200 ciclos<\/td>\n<\/tr>\n<tr data-start=\"3584\" data-end=\"3709\">\n<td data-start=\"3584\" data-end=\"3608\" data-col-size=\"sm\"><\/td>\n<td data-col-size=\"sm\" data-start=\"3608\" data-end=\"3636\">Secador<\/td>\n<td data-col-size=\"md\" data-start=\"3636\" data-end=\"3709\">85 \u00b0C \u00d7 120 min; 120 \u00b0C \u00d7 60 min; 150 \u00b0C \u00d7 20 min (todos os 200 ciclos)<\/td>\n<\/tr>\n<tr data-start=\"3710\" data-end=\"3835\">\n<td data-start=\"3710\" data-end=\"3734\" data-col-size=\"sm\">Mec\u00e2nica<\/td>\n<td data-col-size=\"sm\" data-start=\"3734\" data-end=\"3762\">Resist\u00eancia \u00e0 press\u00e3o<\/td>\n<td data-col-size=\"md\" data-start=\"3762\" data-end=\"3835\">At\u00e9 56 bar<\/td>\n<\/tr>\n<tr data-start=\"3836\" data-end=\"3961\">\n<td data-start=\"3836\" data-end=\"3860\" data-col-size=\"sm\">Aplica\u00e7\u00f5es<\/td>\n<td data-col-size=\"sm\" data-start=\"3860\" data-end=\"3888\">Casos de uso t\u00edpicos<\/td>\n<td data-col-size=\"md\" data-start=\"3888\" data-end=\"3961\">Roupas de cama, uniformes, lavanderia hospitalar e hoteleira, t\u00eaxteis industriais<\/td>\n<\/tr>\n<tr data-start=\"3962\" data-end=\"4087\">\n<td data-start=\"3962\" data-end=\"3986\" data-col-size=\"sm\">QA<\/td>\n<td data-col-size=\"sm\" data-start=\"3986\" data-end=\"4014\">Testando<\/td>\n<td data-col-size=\"md\" data-start=\"4014\" data-end=\"4087\">Desempenho Voyantic testado; EPC 100% e mem\u00f3ria do usu\u00e1rio verificados<\/td>\n<\/tr>\n<\/tbody>\n<\/table>\n<\/div>\n<\/div>","protected":false},"excerpt":{"rendered":"<p>Etiqueta de silicone UHF RFID flex\u00edvel e \u00e0 prova d&#039;\u00e1gua para lavanderia de t\u00eaxteis industriais \u2014 EPC Gen2, 865\u2013928 MHz, at\u00e9 200 ciclos, resist\u00eancia \u00e0 press\u00e3o de 56 bar; costurar, selar a quente ou incorporar.<\/p>","protected":false},"featured_media":768,"template":"","meta":{"_gspb_post_css":""},"product_brand":[],"product_cat":[17,20],"product_tag":[],"class_list":{"0":"post-767","1":"product","2":"type-product","3":"status-publish","4":"has-post-thumbnail","6":"product_cat-rfid-laundry-tags","7":"product_cat-silicone-rfid-laundry-tags","9":"first","10":"instock","11":"shipping-taxable","12":"purchasable","13":"product-type-simple"},"_links":{"self":[{"href":"https:\/\/www.cxjsmartcard.com\/pt\/wp-json\/wp\/v2\/product\/767","targetHints":{"allow":["GET"]}}],"collection":[{"href":"https:\/\/www.cxjsmartcard.com\/pt\/wp-json\/wp\/v2\/product"}],"about":[{"href":"https:\/\/www.cxjsmartcard.com\/pt\/wp-json\/wp\/v2\/types\/product"}],"wp:featuredmedia":[{"embeddable":true,"href":"https:\/\/www.cxjsmartcard.com\/pt\/wp-json\/wp\/v2\/media\/768"}],"wp:attachment":[{"href":"https:\/\/www.cxjsmartcard.com\/pt\/wp-json\/wp\/v2\/media?parent=767"}],"wp:term":[{"taxonomy":"product_brand","embeddable":true,"href":"https:\/\/www.cxjsmartcard.com\/pt\/wp-json\/wp\/v2\/product_brand?post=767"},{"taxonomy":"product_cat","embeddable":true,"href":"https:\/\/www.cxjsmartcard.com\/pt\/wp-json\/wp\/v2\/product_cat?post=767"},{"taxonomy":"product_tag","embeddable":true,"href":"https:\/\/www.cxjsmartcard.com\/pt\/wp-json\/wp\/v2\/product_tag?post=767"}],"curies":[{"name":"wp","href":"https:\/\/api.w.org\/{rel}","templated":true}]}}