{"id":762,"date":"2025-11-03T07:20:27","date_gmt":"2025-11-03T07:20:27","guid":{"rendered":"https:\/\/www.cxjsmartcard.com\/?post_type=product&#038;p=762"},"modified":"2025-12-29T01:27:10","modified_gmt":"2025-12-29T01:27:10","slug":"passive-silicone-washable-uhf-rfid-laundry-label-for-washing-management","status":"publish","type":"product","link":"https:\/\/www.cxjsmartcard.com\/pt\/passive-silicone-washable-uhf-rfid-laundry-label-for-washing-management\/","title":{"rendered":"Etiqueta de lavanderia RFID UHF passiva de silicone lav\u00e1vel para gerenciamento de lavagem"},"content":{"rendered":"<p data-start=\"83\" data-end=\"330\">A etiqueta de lavanderia RFID UHF passiva de silicone lav\u00e1vel foi desenvolvida para suportar as condi\u00e7\u00f5es de lavagem. Seja para len\u00e7\u00f3is hospitalares, toalhas de hotel ou uniformes de trabalho, esta etiqueta foi projetada para tornar o gerenciamento da lavagem mais f\u00e1cil e confi\u00e1vel.<\/p>\n<p data-start=\"332\" data-end=\"538\"><strong data-start=\"332\" data-end=\"378\">Silicone flex\u00edvel para integra\u00e7\u00e3o perfeita<\/strong><br data-start=\"378\" data-end=\"381\" \/>Feito de silicone macio, o tamanho <strong data-start=\"415\" data-end=\"435\">55 \u00d7 12 \u00d7 2,5 mm<\/strong> \u00c9 fino o suficiente para ficar escondido dentro de golas ou bainhas \u2014 perfeito para uniformes, jalecos e at\u00e9 mesmo tecidos delicados.<\/p>\n<p data-start=\"540\" data-end=\"746\"><strong data-start=\"540\" data-end=\"575\">Ecol\u00f3gico e econ\u00f4mico<\/strong><br data-start=\"575\" data-end=\"578\" \/>Reutiliz\u00e1vel para <strong data-start=\"591\" data-end=\"602\">100\u2013200<\/strong> Ciclos para reduzir o desperd\u00edcio e diminuir as perdas por itens extraviados. Um melhor rastreamento tamb\u00e9m significa menos excesso de estoque \u2014 bom para o or\u00e7amento e para o meio ambiente.<\/p>\n<p data-start=\"748\" data-end=\"901\"><strong data-start=\"748\" data-end=\"756\">Perguntas frequentes<\/strong><br data-start=\"756\" data-end=\"759\" \/><strong data-start=\"759\" data-end=\"765\">P:<\/strong> Posso costurar a etiqueta na roupa?<br data-start=\"798\" data-end=\"801\" \/><strong data-start=\"801\" data-end=\"807\">UM:<\/strong> Sim, seu design flex\u00edvel permite costura, selagem a quente ou inser\u00e7\u00e3o em costuras e golas.<\/p>\n<p data-start=\"903\" data-end=\"1071\"><strong data-start=\"903\" data-end=\"909\">P:<\/strong> Ser\u00e1 que a etiqueta resistir\u00e1 a lavadoras e secadoras industriais?<br data-start=\"961\" data-end=\"964\" \/><strong data-start=\"964\" data-end=\"970\">UM:<\/strong> Com certeza. Foi testado para <strong data-start=\"999\" data-end=\"1010\">100\u2013200<\/strong> Ciclos de lavagem industrial, incluindo secagem em alta temperatura.<\/p>\n<p data-start=\"1073\" data-end=\"1158\"><strong data-start=\"1073\" data-end=\"1079\">P:<\/strong> Posso receber uma amostra?<br data-start=\"1099\" data-end=\"1102\" \/><strong data-start=\"1102\" data-end=\"1108\">UM:<\/strong> Sim, amostras est\u00e3o dispon\u00edveis para testes mediante solicita\u00e7\u00e3o.<\/p>\n<h2 data-start=\"1213\" data-end=\"1238\">Tabela (Especifica\u00e7\u00f5es)<\/h2>\n<div class=\"_tableContainer_1rjym_1\">\n<div class=\"group _tableWrapper_1rjym_13 flex w-fit flex-col-reverse\" tabindex=\"-1\">\n<table class=\"w-fit min-w-(--thread-content-width)\" data-start=\"1240\" data-end=\"2206\">\n<thead data-start=\"1240\" data-end=\"1319\">\n<tr data-start=\"1240\" data-end=\"1319\">\n<th data-start=\"1240\" data-end=\"1258\" data-col-size=\"sm\">Categoria<\/th>\n<th data-start=\"1258\" data-end=\"1280\" data-col-size=\"sm\">Par\u00e2metro<\/th>\n<th data-start=\"1280\" data-end=\"1319\" data-col-size=\"md\">Valor<\/th>\n<\/tr>\n<\/thead>\n<tbody data-start=\"1400\" data-end=\"2206\">\n<tr data-start=\"1400\" data-end=\"1479\">\n<td data-start=\"1400\" data-end=\"1418\" data-col-size=\"sm\">RF<\/td>\n<td data-col-size=\"sm\" data-start=\"1418\" data-end=\"1440\">Freq\u00fc\u00eancia<\/td>\n<td data-col-size=\"md\" data-start=\"1440\" data-end=\"1479\">860\u2013960 MHz (UHF)<\/td>\n<\/tr>\n<tr data-start=\"1480\" data-end=\"1559\">\n<td data-start=\"1480\" data-end=\"1498\" data-col-size=\"sm\"><\/td>\n<td data-start=\"1498\" data-end=\"1520\" data-col-size=\"sm\">Protocolo<\/td>\n<td data-col-size=\"md\" data-start=\"1520\" data-end=\"1559\">ISO\/IEC 18000-6C (EPC Gen2)<\/td>\n<\/tr>\n<tr data-start=\"1560\" data-end=\"1639\">\n<td data-start=\"1560\" data-end=\"1578\" data-col-size=\"sm\">Op\u00e7\u00f5es de chip<\/td>\n<td data-col-size=\"sm\" data-start=\"1578\" data-end=\"1600\">IC<\/td>\n<td data-col-size=\"md\" data-start=\"1600\" data-end=\"1639\">Sub-8 \/ Sub-9<\/td>\n<\/tr>\n<tr data-start=\"1640\" data-end=\"1719\">\n<td data-start=\"1640\" data-end=\"1658\" data-col-size=\"sm\">Desempenho<\/td>\n<td data-start=\"1658\" data-end=\"1680\" data-col-size=\"sm\">Intervalo de leitura<\/td>\n<td data-col-size=\"md\" data-start=\"1680\" data-end=\"1719\">At\u00e9 3 metros<\/td>\n<\/tr>\n<tr data-start=\"1720\" data-end=\"1799\">\n<td data-start=\"1720\" data-end=\"1738\" data-col-size=\"sm\"><\/td>\n<td data-col-size=\"sm\" data-start=\"1738\" data-end=\"1760\">Ciclos de Programa\u00e7\u00e3o<\/td>\n<td data-col-size=\"md\" data-start=\"1760\" data-end=\"1799\">100,000+<\/td>\n<\/tr>\n<tr data-start=\"1800\" data-end=\"1879\">\n<td data-start=\"1800\" data-end=\"1818\" data-col-size=\"sm\">Durabilidade<\/td>\n<td data-col-size=\"sm\" data-start=\"1818\" data-end=\"1840\">Ciclos de lavagem<\/td>\n<td data-col-size=\"md\" data-start=\"1840\" data-end=\"1879\">100\u2013200<\/td>\n<\/tr>\n<tr data-start=\"1880\" data-end=\"1959\">\n<td data-start=\"1880\" data-end=\"1898\" data-col-size=\"sm\">Ambiente<\/td>\n<td data-col-size=\"sm\" data-start=\"1898\" data-end=\"1920\">Faixa de temperatura<\/td>\n<td data-col-size=\"md\" data-start=\"1920\" data-end=\"1959\">\u221220 \u2103 a +100 \u2103<\/td>\n<\/tr>\n<tr data-start=\"1960\" data-end=\"2039\">\n<td data-start=\"1960\" data-end=\"1978\" data-col-size=\"sm\">F\u00edsico<\/td>\n<td data-col-size=\"sm\" data-start=\"1978\" data-end=\"2000\">Material<\/td>\n<td data-col-size=\"md\" data-start=\"2000\" data-end=\"2039\">Silicone<\/td>\n<\/tr>\n<tr data-start=\"2040\" data-end=\"2119\">\n<td data-start=\"2040\" data-end=\"2058\" data-col-size=\"sm\"><\/td>\n<td data-start=\"2058\" data-end=\"2080\" data-col-size=\"sm\">Tamanho<\/td>\n<td data-col-size=\"md\" data-start=\"2080\" data-end=\"2119\">55 \u00d7 12 \u00d7 2,5 mm<\/td>\n<\/tr>\n<tr data-start=\"2120\" data-end=\"2206\">\n<td data-start=\"2120\" data-end=\"2138\" data-col-size=\"sm\">Aplica\u00e7\u00f5es<\/td>\n<td data-col-size=\"sm\" data-start=\"2138\" data-end=\"2160\">Casos de uso t\u00edpicos<\/td>\n<td data-col-size=\"md\" data-start=\"2160\" data-end=\"2206\">Lavanderia, vestu\u00e1rio, roupa de cama, rastreamento t\u00eaxtil<\/td>\n<\/tr>\n<\/tbody>\n<\/table>\n<\/div>\n<\/div>","protected":false},"excerpt":{"rendered":"<p>Etiqueta flex\u00edvel de silicone UHF para lavanderia \u2014 55\u00d712\u00d72,5 mm, EPC Gen2 (U8\/U9), at\u00e9 3 m de alcance de leitura e durabilidade de 100 a 200 ciclos de lavagem para roupas, len\u00e7\u00f3is e uniformes.<\/p>","protected":false},"featured_media":763,"template":"","meta":{"_gspb_post_css":""},"product_brand":[],"product_cat":[17,20],"product_tag":[],"class_list":{"0":"post-762","1":"product","2":"type-product","3":"status-publish","4":"has-post-thumbnail","6":"product_cat-rfid-laundry-tags","7":"product_cat-silicone-rfid-laundry-tags","9":"first","10":"instock","11":"shipping-taxable","12":"purchasable","13":"product-type-simple"},"_links":{"self":[{"href":"https:\/\/www.cxjsmartcard.com\/pt\/wp-json\/wp\/v2\/product\/762","targetHints":{"allow":["GET"]}}],"collection":[{"href":"https:\/\/www.cxjsmartcard.com\/pt\/wp-json\/wp\/v2\/product"}],"about":[{"href":"https:\/\/www.cxjsmartcard.com\/pt\/wp-json\/wp\/v2\/types\/product"}],"wp:featuredmedia":[{"embeddable":true,"href":"https:\/\/www.cxjsmartcard.com\/pt\/wp-json\/wp\/v2\/media\/763"}],"wp:attachment":[{"href":"https:\/\/www.cxjsmartcard.com\/pt\/wp-json\/wp\/v2\/media?parent=762"}],"wp:term":[{"taxonomy":"product_brand","embeddable":true,"href":"https:\/\/www.cxjsmartcard.com\/pt\/wp-json\/wp\/v2\/product_brand?post=762"},{"taxonomy":"product_cat","embeddable":true,"href":"https:\/\/www.cxjsmartcard.com\/pt\/wp-json\/wp\/v2\/product_cat?post=762"},{"taxonomy":"product_tag","embeddable":true,"href":"https:\/\/www.cxjsmartcard.com\/pt\/wp-json\/wp\/v2\/product_tag?post=762"}],"curies":[{"name":"wp","href":"https:\/\/api.w.org\/{rel}","templated":true}]}}