{"id":756,"date":"2025-11-03T07:16:39","date_gmt":"2025-11-03T07:16:39","guid":{"rendered":"https:\/\/www.cxjsmartcard.com\/?post_type=product&#038;p=756"},"modified":"2025-12-29T01:27:10","modified_gmt":"2025-12-29T01:27:10","slug":"860-960mhz-washable-uhf-rfid-silicone-tag","status":"publish","type":"product","link":"https:\/\/www.cxjsmartcard.com\/pt\/860-960mhz-washable-uhf-rfid-silicone-tag\/","title":{"rendered":"Etiqueta de silicone RFID UHF lav\u00e1vel de 860\u2013960 MHz"},"content":{"rendered":"<p data-start=\"53\" data-end=\"360\">Esta etiqueta de silicone UHF RFID lav\u00e1vel foi desenvolvida para lavanderias industriais e gerenciamento de uniformes em hot\u00e9is, hospitais e outros ambientes de alto fluxo. Ela pode ser costurada na borda dos tecidos ou incorporada \u00e0 pe\u00e7a e resiste \u00e0 lavagem, lavagem a seco e esteriliza\u00e7\u00e3o em alta temperatura.<\/p>\n<p data-start=\"362\" data-end=\"376\"><strong data-start=\"362\" data-end=\"374\">Caracter\u00edsticas<\/strong><\/p>\n<ul data-start=\"377\" data-end=\"599\">\n<li data-start=\"377\" data-end=\"408\">\n<p data-start=\"379\" data-end=\"408\">Resist\u00eancia a altas temperaturas<\/p>\n<\/li>\n<li data-start=\"409\" data-end=\"443\">\n<p data-start=\"411\" data-end=\"443\">\u00c0 prova d&#039;\u00e1gua, \u00e0 prova de poeira, dur\u00e1vel<\/p>\n<\/li>\n<li data-start=\"444\" data-end=\"498\">\n<p data-start=\"446\" data-end=\"498\">Anticolis\u00e3o; alta estabilidade de leitura<\/p>\n<\/li>\n<li data-start=\"499\" data-end=\"550\">\n<p data-start=\"501\" data-end=\"550\">Prote\u00e7\u00e3o IP68; resist\u00eancia \u00e0 press\u00e3o e a \u00e1lcalis<\/p>\n<\/li>\n<li data-start=\"551\" data-end=\"599\">\n<p data-start=\"553\" data-end=\"599\">Dispon\u00edvel em produ\u00e7\u00e3o est\u00e1vel e de alto volume.<\/p>\n<\/li>\n<\/ul>\n<p data-start=\"601\" data-end=\"809\"><strong data-start=\"601\" data-end=\"617\">Aplica\u00e7\u00f5es<\/strong><br data-start=\"617\" data-end=\"620\" \/>Rastreamento de lavanderia para roupas de cama e vestu\u00e1rio de hot\u00e9is\/hospitais; etiquetas de manuten\u00e7\u00e3o em motores automotivos; gest\u00e3o da produ\u00e7\u00e3o de vestu\u00e1rio; invent\u00e1rio de armaz\u00e9m; uniformes escolares e vestu\u00e1rio especial.<\/p>\n<p data-start=\"811\" data-end=\"972\"><strong data-start=\"811\" data-end=\"819\">Perguntas frequentes<\/strong><br data-start=\"819\" data-end=\"822\" \/><strong data-start=\"822\" data-end=\"829\">Q1:<\/strong> Essas etiquetas resistem a m\u00e1quinas de lavar industriais?<br data-start=\"881\" data-end=\"884\" \/><strong data-start=\"884\" data-end=\"890\">UM:<\/strong> Sim, foi projetado especificamente para suportar calor, \u00e1gua e produtos qu\u00edmicos em lavanderias industriais.<\/p>\n<p data-start=\"974\" data-end=\"1065\"><strong data-start=\"974\" data-end=\"981\">Q2:<\/strong> As etiquetas precisam de baterias?<br data-start=\"1009\" data-end=\"1012\" \/><strong data-start=\"1012\" data-end=\"1018\">UM:<\/strong> N\u00e3o \u2014 as etiquetas UHF passivas n\u00e3o requerem fonte de energia.<\/p>\n<p data-start=\"1067\" data-end=\"1140\"><strong data-start=\"1067\" data-end=\"1074\">Q3:<\/strong> Posso receber amostras?<br data-start=\"1093\" data-end=\"1096\" \/><strong data-start=\"1096\" data-end=\"1102\">UM:<\/strong> Sim, amostras est\u00e3o dispon\u00edveis mediante solicita\u00e7\u00e3o.<\/p>\n<h2 data-start=\"1142\" data-end=\"1167\">Tabela (Especifica\u00e7\u00f5es)<\/h2>\n<div class=\"_tableContainer_1rjym_1\">\n<div class=\"group _tableWrapper_1rjym_13 flex w-fit flex-col-reverse\" tabindex=\"-1\">\n<table class=\"w-fit min-w-(--thread-content-width)\" data-start=\"1168\" data-end=\"2660\">\n<thead data-start=\"1168\" data-end=\"1272\">\n<tr data-start=\"1168\" data-end=\"1272\">\n<th data-start=\"1168\" data-end=\"1189\" data-col-size=\"sm\">Categoria<\/th>\n<th data-start=\"1189\" data-end=\"1216\" data-col-size=\"sm\">Par\u00e2metro<\/th>\n<th data-start=\"1216\" data-end=\"1272\" data-col-size=\"md\">Valor<\/th>\n<\/tr>\n<\/thead>\n<tbody data-start=\"1377\" data-end=\"2660\">\n<tr data-start=\"1377\" data-end=\"1480\">\n<td data-start=\"1377\" data-end=\"1397\" data-col-size=\"sm\">F\u00edsico<\/td>\n<td data-col-size=\"sm\" data-start=\"1397\" data-end=\"1424\">Tamanho<\/td>\n<td data-col-size=\"md\" data-start=\"1424\" data-end=\"1480\">85 \u00d7 27 \u00d7 4 mm<\/td>\n<\/tr>\n<tr data-start=\"1481\" data-end=\"1584\">\n<td data-start=\"1481\" data-end=\"1501\" data-col-size=\"sm\"><\/td>\n<td data-col-size=\"sm\" data-start=\"1501\" data-end=\"1528\">Material<\/td>\n<td data-col-size=\"md\" data-start=\"1528\" data-end=\"1584\">Silicone de borracha<\/td>\n<\/tr>\n<tr data-start=\"1585\" data-end=\"1688\">\n<td data-start=\"1585\" data-end=\"1605\" data-col-size=\"sm\">Prote\u00e7\u00e3o<\/td>\n<td data-col-size=\"sm\" data-start=\"1605\" data-end=\"1632\">Classifica\u00e7\u00e3o de entrada<\/td>\n<td data-col-size=\"md\" data-start=\"1632\" data-end=\"1688\">IP68<\/td>\n<\/tr>\n<tr data-start=\"1689\" data-end=\"1792\">\n<td data-start=\"1689\" data-end=\"1709\" data-col-size=\"sm\">RF<\/td>\n<td data-col-size=\"sm\" data-start=\"1709\" data-end=\"1736\">Freq\u00fc\u00eancia<\/td>\n<td data-col-size=\"md\" data-start=\"1736\" data-end=\"1792\">860\u2013960 MHz (UHF); op\u00e7\u00f5es de 13,56 MHz tamb\u00e9m dispon\u00edveis.<\/td>\n<\/tr>\n<tr data-start=\"1793\" data-end=\"1896\">\n<td data-start=\"1793\" data-end=\"1813\" data-col-size=\"sm\"><\/td>\n<td data-col-size=\"sm\" data-start=\"1813\" data-end=\"1840\">Protocolo<\/td>\n<td data-col-size=\"md\" data-start=\"1840\" data-end=\"1896\">ISO 18000-6C \/ 6B; ISO 15693<\/td>\n<\/tr>\n<tr data-start=\"1897\" data-end=\"2000\">\n<td data-start=\"1897\" data-end=\"1917\" data-col-size=\"sm\">Op\u00e7\u00f5es de chip<\/td>\n<td data-col-size=\"sm\" data-start=\"1917\" data-end=\"1944\">Circuito integrado UHF<\/td>\n<td data-col-size=\"md\" data-start=\"1944\" data-end=\"2000\">R6 \/ U8 \/ U9<\/td>\n<\/tr>\n<tr data-start=\"2001\" data-end=\"2104\">\n<td data-start=\"2001\" data-end=\"2021\" data-col-size=\"sm\">Ambiente<\/td>\n<td data-start=\"2021\" data-end=\"2048\" data-col-size=\"sm\">Faixa de temperatura<\/td>\n<td data-col-size=\"md\" data-start=\"2048\" data-end=\"2104\">\u221230 \u2103 a +220 \u2103<\/td>\n<\/tr>\n<tr data-start=\"2105\" data-end=\"2208\">\n<td data-start=\"2105\" data-end=\"2125\" data-col-size=\"sm\">Durabilidade<\/td>\n<td data-col-size=\"sm\" data-start=\"2125\" data-end=\"2152\">Vida \u00fatil<\/td>\n<td data-col-size=\"md\" data-start=\"2152\" data-end=\"2208\">200 ciclos de lavagem ou 3 anos a partir da data de envio.<\/td>\n<\/tr>\n<tr data-start=\"2209\" data-end=\"2312\">\n<td data-start=\"2209\" data-end=\"2229\" data-col-size=\"sm\">Limites do processo<\/td>\n<td data-col-size=\"sm\" data-start=\"2229\" data-end=\"2256\">Lavagem<\/td>\n<td data-col-size=\"md\" data-start=\"2256\" data-end=\"2312\">90 \u2103 por 15 minutos<\/td>\n<\/tr>\n<tr data-start=\"2313\" data-end=\"2416\">\n<td data-start=\"2313\" data-end=\"2333\" data-col-size=\"sm\">Instala\u00e7\u00e3o<\/td>\n<td data-col-size=\"sm\" data-start=\"2333\" data-end=\"2360\">Anexo<\/td>\n<td data-col-size=\"md\" data-start=\"2360\" data-end=\"2416\">Costure ao longo da borda ou incorpore no tecido.<\/td>\n<\/tr>\n<tr data-start=\"2417\" data-end=\"2520\">\n<td data-start=\"2417\" data-end=\"2437\" data-col-size=\"sm\">Atributos<\/td>\n<td data-col-size=\"sm\" data-start=\"2437\" data-end=\"2464\">Principais caracter\u00edsticas<\/td>\n<td data-col-size=\"md\" data-start=\"2464\" data-end=\"2520\">\u00c0 prova d&#039;\u00e1gua, \u00e0 prova de poeira, resistente a impactos, dur\u00e1vel<\/td>\n<\/tr>\n<tr data-start=\"2521\" data-end=\"2660\">\n<td data-start=\"2521\" data-end=\"2541\" data-col-size=\"sm\">Casos de uso<\/td>\n<td data-col-size=\"sm\" data-start=\"2541\" data-end=\"2568\">Aplica\u00e7\u00f5es t\u00edpicas<\/td>\n<td data-col-size=\"md\" data-start=\"2568\" data-end=\"2660\">Roupas de cama, len\u00e7\u00f3is de hotel\/hospital, etiquetas de manuten\u00e7\u00e3o de motores, invent\u00e1rio de armaz\u00e9m, uniformes<\/td>\n<\/tr>\n<\/tbody>\n<\/table>\n<\/div>\n<\/div>","protected":false},"excerpt":{"rendered":"<p>Etiqueta de silicone UHF RFID lav\u00e1vel com classifica\u00e7\u00e3o IP68 para lavanderia e t\u00eaxteis \u2014 resistente a 200 ciclos, tolerante a temperaturas de \u221230 a 220 \u2103, para costura ou incorpora\u00e7\u00e3o, com op\u00e7\u00f5es de chip R6\/U8\/U9.<\/p>","protected":false},"featured_media":757,"template":"","meta":{"_gspb_post_css":""},"product_brand":[],"product_cat":[17,20],"product_tag":[],"class_list":{"0":"post-756","1":"product","2":"type-product","3":"status-publish","4":"has-post-thumbnail","6":"product_cat-rfid-laundry-tags","7":"product_cat-silicone-rfid-laundry-tags","9":"first","10":"instock","11":"shipping-taxable","12":"purchasable","13":"product-type-simple"},"_links":{"self":[{"href":"https:\/\/www.cxjsmartcard.com\/pt\/wp-json\/wp\/v2\/product\/756","targetHints":{"allow":["GET"]}}],"collection":[{"href":"https:\/\/www.cxjsmartcard.com\/pt\/wp-json\/wp\/v2\/product"}],"about":[{"href":"https:\/\/www.cxjsmartcard.com\/pt\/wp-json\/wp\/v2\/types\/product"}],"wp:featuredmedia":[{"embeddable":true,"href":"https:\/\/www.cxjsmartcard.com\/pt\/wp-json\/wp\/v2\/media\/757"}],"wp:attachment":[{"href":"https:\/\/www.cxjsmartcard.com\/pt\/wp-json\/wp\/v2\/media?parent=756"}],"wp:term":[{"taxonomy":"product_brand","embeddable":true,"href":"https:\/\/www.cxjsmartcard.com\/pt\/wp-json\/wp\/v2\/product_brand?post=756"},{"taxonomy":"product_cat","embeddable":true,"href":"https:\/\/www.cxjsmartcard.com\/pt\/wp-json\/wp\/v2\/product_cat?post=756"},{"taxonomy":"product_tag","embeddable":true,"href":"https:\/\/www.cxjsmartcard.com\/pt\/wp-json\/wp\/v2\/product_tag?post=756"}],"curies":[{"name":"wp","href":"https:\/\/api.w.org\/{rel}","templated":true}]}}