{"id":751,"date":"2025-11-03T07:09:04","date_gmt":"2025-11-03T07:09:04","guid":{"rendered":"https:\/\/www.cxjsmartcard.com\/?post_type=product&#038;p=751"},"modified":"2025-12-29T01:27:10","modified_gmt":"2025-12-29T01:27:10","slug":"writable-heat-resist-washable-nfc-pps-laundry-tag","status":"publish","type":"product","link":"https:\/\/www.cxjsmartcard.com\/pt\/writable-heat-resist-washable-nfc-pps-laundry-tag\/","title":{"rendered":"Etiqueta de lavanderia NFC PPS lav\u00e1vel, resistente ao calor e grav\u00e1vel."},"content":{"rendered":"<p data-start=\"61\" data-end=\"498\">A etiqueta de lavanderia NFC PPS lav\u00e1vel e resistente ao calor, grav\u00e1vel, \u00e9 um item dur\u00e1vel geralmente usado para integrar produtos e pe\u00e7as de vestu\u00e1rio\/acess\u00f3rios. Fabricada com material PPS resistente ao calor, ela suporta imers\u00e3o em \u00e1gua, calor, press\u00e3o e produtos qu\u00edmicos. \u00c9 utilizada para realizar e verificar processos de invent\u00e1rio em hot\u00e9is, hospitais, escolas e outras institui\u00e7\u00f5es. Pode ser facilmente costurada em len\u00e7\u00f3is, toalhas, guardanapos e outras pe\u00e7as de roupa.<\/p>\n<p data-start=\"500\" data-end=\"638\"><strong data-start=\"500\" data-end=\"527\">Desempenho da temperatura<\/strong><br data-start=\"527\" data-end=\"530\" \/>Totalmente \u00e0 prova d&#039;\u00e1gua; funciona a partir de <strong data-start=\"562\" data-end=\"580\">\u221225 \u2103 a +85 \u2103<\/strong> e resiste \u00e0 exposi\u00e7\u00e3o prolongada a <strong data-start=\"618\" data-end=\"637\">\u221230 \u2103 a +120 \u2103<\/strong>.<\/p>\n<p data-start=\"640\" data-end=\"760\"><strong data-start=\"640\" data-end=\"660\">Caracter\u00edsticas do produto<\/strong><br data-start=\"660\" data-end=\"663\" \/>Flex\u00edvel, f\u00e1cil de vestir e usar; \u00e0 prova d&#039;\u00e1gua, resistente \u00e0 umidade, resistente a choques e resistente ao calor.<\/p>\n<p data-start=\"762\" data-end=\"934\"><strong data-start=\"762\" data-end=\"792\">Perguntas frequentes \u2014 Saiba antes de comprar<\/strong><br data-start=\"792\" data-end=\"795\" \/><strong data-start=\"795\" data-end=\"801\">P:<\/strong> Ser\u00e1 que esta etiqueta resiste a secadoras industriais e prensagem a vapor?<br data-start=\"860\" data-end=\"863\" \/><strong data-start=\"863\" data-end=\"869\">UM:<\/strong> Sim. Foi testado para <strong data-start=\"891\" data-end=\"911\">Mais de 200 ciclos de lavagem<\/strong> em altas temperaturas.<\/p>\n<p data-start=\"936\" data-end=\"1082\"><strong data-start=\"936\" data-end=\"942\">P:<\/strong> Podemos personalizar o tamanho da mem\u00f3ria ou imprimir nosso logotipo?<br data-start=\"994\" data-end=\"997\" \/><strong data-start=\"997\" data-end=\"1003\">UM:<\/strong> Sim. As op\u00e7\u00f5es de RFID personalizadas incluem impress\u00e3o de logotipo, codifica\u00e7\u00e3o e varia\u00e7\u00f5es de tamanho.<\/p>\n<p data-start=\"1084\" data-end=\"1211\"><strong data-start=\"1084\" data-end=\"1090\">P:<\/strong> Quais cores est\u00e3o dispon\u00edveis?<br data-start=\"1117\" data-end=\"1120\" \/><strong data-start=\"1120\" data-end=\"1126\">UM:<\/strong> <strong data-start=\"1127\" data-end=\"1163\">Preto, branco, vermelho, verde, amarelo<\/strong>, etc., para facilitar a classifica\u00e7\u00e3o em lote e a codifica\u00e7\u00e3o por cores.<\/p>\n<h2 data-start=\"1213\" data-end=\"1238\">Tabela (Especifica\u00e7\u00f5es)<\/h2>\n<div class=\"_tableContainer_1rjym_1\">\n<div class=\"group _tableWrapper_1rjym_13 flex w-fit flex-col-reverse\" tabindex=\"-1\">\n<table class=\"w-fit min-w-(--thread-content-width)\" data-start=\"1239\" data-end=\"2513\">\n<thead data-start=\"1239\" data-end=\"1330\">\n<tr data-start=\"1239\" data-end=\"1330\">\n<th data-start=\"1239\" data-end=\"1260\" data-col-size=\"sm\">Categoria<\/th>\n<th data-start=\"1260\" data-end=\"1281\" data-col-size=\"sm\">Par\u00e2metro<\/th>\n<th data-start=\"1281\" data-end=\"1330\" data-col-size=\"sm\">Valor<\/th>\n<\/tr>\n<\/thead>\n<tbody data-start=\"1422\" data-end=\"2513\">\n<tr data-start=\"1422\" data-end=\"1512\">\n<td data-start=\"1422\" data-end=\"1442\" data-col-size=\"sm\">RF<\/td>\n<td data-col-size=\"sm\" data-start=\"1442\" data-end=\"1463\">Freq\u00fc\u00eancia<\/td>\n<td data-col-size=\"sm\" data-start=\"1463\" data-end=\"1512\">13,56 MHz<\/td>\n<\/tr>\n<tr data-start=\"1513\" data-end=\"1603\">\n<td data-start=\"1513\" data-end=\"1533\" data-col-size=\"sm\"><\/td>\n<td data-start=\"1533\" data-end=\"1554\" data-col-size=\"sm\">Protocolo<\/td>\n<td data-col-size=\"sm\" data-start=\"1554\" data-end=\"1603\">ISO14443A \/ ISO15693<\/td>\n<\/tr>\n<tr data-start=\"1604\" data-end=\"1694\">\n<td data-start=\"1604\" data-end=\"1624\" data-col-size=\"sm\">Chip<\/td>\n<td data-start=\"1624\" data-end=\"1645\" data-col-size=\"sm\">Tipo de chip<\/td>\n<td data-col-size=\"sm\" data-start=\"1645\" data-end=\"1694\">ICODE SLIX, NTAG213, MIFARE 1K, etc.<\/td>\n<\/tr>\n<tr data-start=\"1695\" data-end=\"1785\">\n<td data-start=\"1695\" data-end=\"1715\" data-col-size=\"sm\">Materiais<\/td>\n<td data-start=\"1715\" data-end=\"1736\" data-col-size=\"sm\">Corpo<\/td>\n<td data-col-size=\"sm\" data-start=\"1736\" data-end=\"1785\">PPS (resistente ao calor)<\/td>\n<\/tr>\n<tr data-start=\"1786\" data-end=\"1876\">\n<td data-start=\"1786\" data-end=\"1806\" data-col-size=\"sm\">Dimens\u00f5es<\/td>\n<td data-col-size=\"sm\" data-start=\"1806\" data-end=\"1827\">Op\u00e7\u00f5es de tamanho<\/td>\n<td data-col-size=\"sm\" data-start=\"1827\" data-end=\"1876\">14 mm, 18 mm, 20 mm, etc.<\/td>\n<\/tr>\n<tr data-start=\"1877\" data-end=\"1967\">\n<td data-start=\"1877\" data-end=\"1897\" data-col-size=\"sm\">Apar\u00eancia<\/td>\n<td data-col-size=\"sm\" data-start=\"1897\" data-end=\"1918\">Op\u00e7\u00f5es de cores<\/td>\n<td data-col-size=\"sm\" data-start=\"1918\" data-end=\"1967\">Preto, branco, vermelho, verde, amarelo<\/td>\n<\/tr>\n<tr data-start=\"1968\" data-end=\"2058\">\n<td data-start=\"1968\" data-end=\"1988\" data-col-size=\"sm\">Prote\u00e7\u00e3o<\/td>\n<td data-col-size=\"sm\" data-start=\"1988\" data-end=\"2009\">N\u00edvel de impermeabilidade<\/td>\n<td data-col-size=\"sm\" data-start=\"2009\" data-end=\"2058\">\u00c0 prova d&#039;\u00e1gua \/ Resistente \u00e0s intemp\u00e9ries<\/td>\n<\/tr>\n<tr data-start=\"2059\" data-end=\"2149\">\n<td data-start=\"2059\" data-end=\"2079\" data-col-size=\"sm\">Durabilidade<\/td>\n<td data-col-size=\"sm\" data-start=\"2079\" data-end=\"2100\">Vida \u00fatil<\/td>\n<td data-col-size=\"sm\" data-start=\"2100\" data-end=\"2149\">&gt;200 ciclos de lavagem<\/td>\n<\/tr>\n<tr data-start=\"2150\" data-end=\"2240\">\n<td data-start=\"2150\" data-end=\"2170\" data-col-size=\"sm\">Ambiente<\/td>\n<td data-col-size=\"sm\" data-start=\"2170\" data-end=\"2191\">Temperatura de opera\u00e7\u00e3o<\/td>\n<td data-col-size=\"sm\" data-start=\"2191\" data-end=\"2240\">\u221225 \u2103 a +85 \u2103<\/td>\n<\/tr>\n<tr data-start=\"2241\" data-end=\"2331\">\n<td data-start=\"2241\" data-end=\"2261\" data-col-size=\"sm\"><\/td>\n<td data-col-size=\"sm\" data-start=\"2261\" data-end=\"2282\">Exposi\u00e7\u00e3o a longo prazo<\/td>\n<td data-col-size=\"sm\" data-start=\"2282\" data-end=\"2331\">\u221230 \u2103 a +120 \u2103<\/td>\n<\/tr>\n<tr data-start=\"2332\" data-end=\"2422\">\n<td data-start=\"2332\" data-end=\"2352\" data-col-size=\"sm\">Aplica\u00e7\u00f5es<\/td>\n<td data-col-size=\"sm\" data-start=\"2352\" data-end=\"2373\">\u00c1reas de aplica\u00e7\u00e3o<\/td>\n<td data-col-size=\"sm\" data-start=\"2373\" data-end=\"2422\">Lavanderia, Vestu\u00e1rio, Roupa de Cama, Uso UHF<\/td>\n<\/tr>\n<tr data-start=\"2423\" data-end=\"2513\">\n<td data-start=\"2423\" data-end=\"2443\" data-col-size=\"sm\">Origem<\/td>\n<td data-col-size=\"sm\" data-start=\"2443\" data-end=\"2464\">Local de origem<\/td>\n<td data-col-size=\"sm\" data-start=\"2464\" data-end=\"2513\">Guangdong, China<\/td>\n<\/tr>\n<\/tbody>\n<\/table>\n<\/div>\n<\/div>","protected":false},"excerpt":{"rendered":"<p>Etiqueta NFC para roupas, resistente ao calor e lav\u00e1vel, feita de PPS \u2014 \u00e0 prova d&#039;\u00e1gua e resistente a produtos qu\u00edmicos, com mais de 200 ciclos de lavagem, f\u00e1cil instala\u00e7\u00e3o por costura e diversas op\u00e7\u00f5es de chip\/cor.<\/p>","protected":false},"featured_media":752,"template":"","meta":{"_gspb_post_css":""},"product_brand":[],"product_cat":[17,19],"product_tag":[],"class_list":{"0":"post-751","1":"product","2":"type-product","3":"status-publish","4":"has-post-thumbnail","6":"product_cat-rfid-laundry-tags","7":"product_cat-pps-rfid-laundry-tags","9":"first","10":"instock","11":"shipping-taxable","12":"purchasable","13":"product-type-simple"},"_links":{"self":[{"href":"https:\/\/www.cxjsmartcard.com\/pt\/wp-json\/wp\/v2\/product\/751","targetHints":{"allow":["GET"]}}],"collection":[{"href":"https:\/\/www.cxjsmartcard.com\/pt\/wp-json\/wp\/v2\/product"}],"about":[{"href":"https:\/\/www.cxjsmartcard.com\/pt\/wp-json\/wp\/v2\/types\/product"}],"wp:featuredmedia":[{"embeddable":true,"href":"https:\/\/www.cxjsmartcard.com\/pt\/wp-json\/wp\/v2\/media\/752"}],"wp:attachment":[{"href":"https:\/\/www.cxjsmartcard.com\/pt\/wp-json\/wp\/v2\/media?parent=751"}],"wp:term":[{"taxonomy":"product_brand","embeddable":true,"href":"https:\/\/www.cxjsmartcard.com\/pt\/wp-json\/wp\/v2\/product_brand?post=751"},{"taxonomy":"product_cat","embeddable":true,"href":"https:\/\/www.cxjsmartcard.com\/pt\/wp-json\/wp\/v2\/product_cat?post=751"},{"taxonomy":"product_tag","embeddable":true,"href":"https:\/\/www.cxjsmartcard.com\/pt\/wp-json\/wp\/v2\/product_tag?post=751"}],"curies":[{"name":"wp","href":"https:\/\/api.w.org\/{rel}","templated":true}]}}