{"id":746,"date":"2025-11-03T07:05:39","date_gmt":"2025-11-03T07:05:39","guid":{"rendered":"https:\/\/www.cxjsmartcard.com\/?post_type=product&#038;p=746"},"modified":"2025-12-29T01:27:10","modified_gmt":"2025-12-29T01:27:10","slug":"washable-pps-iso15693-icode-slix-laundry-rfid-tag","status":"publish","type":"product","link":"https:\/\/www.cxjsmartcard.com\/pt\/washable-pps-iso15693-icode-slix-laundry-rfid-tag\/","title":{"rendered":"Etiqueta RFID lav\u00e1vel PPS ISO15693 ICODE SLIX para lavanderia"},"content":{"rendered":"<p data-start=\"61\" data-end=\"361\">Esta etiqueta RFID para lavanderia ISO15693 ICODE SLIX utiliza material PPS resistente a altas temperaturas com embalagem PPS de dupla face para maior durabilidade., <strong data-start=\"199\" data-end=\"249\">\u00c0 prova d&#039;\u00e1gua, resistente a choques e \u00e0 umidade.<\/strong> \u00c9 f\u00e1cil de construir. Pode ser costurado em pe\u00e7as de roupa ou inserido em etiquetas e suporta numera\u00e7\u00e3o direta por serigrafia ou laser.<\/p>\n<p data-start=\"363\" data-end=\"377\"><strong data-start=\"363\" data-end=\"375\">Caracter\u00edsticas<\/strong><\/p>\n<ol data-start=\"378\" data-end=\"757\">\n<li data-start=\"378\" data-end=\"444\">\n<p data-start=\"381\" data-end=\"444\">Transponder de identifica\u00e7\u00e3o lav\u00e1vel para aplica\u00e7\u00f5es em vestu\u00e1rio.<\/p>\n<\/li>\n<li data-start=\"445\" data-end=\"521\">\n<p data-start=\"448\" data-end=\"521\">Design robusto para ambientes de lavanderia agressivos; resistente a agentes corrosivos.<\/p>\n<\/li>\n<li data-start=\"522\" data-end=\"600\">\n<p data-start=\"525\" data-end=\"600\">100% \u00e0 prova d&#039;\u00e1gua e resistente a altas temperaturas; ecol\u00f3gico.<\/p>\n<\/li>\n<li data-start=\"601\" data-end=\"678\">\n<p data-start=\"604\" data-end=\"678\">Adequado para vestu\u00e1rio, uniformes, fantasias e roupas de pacientes hospitalares.<\/p>\n<\/li>\n<li data-start=\"679\" data-end=\"757\">\n<p data-start=\"682\" data-end=\"757\">Opera\u00e7\u00e3o de leitura\/grava\u00e7\u00e3o com sele\u00e7\u00e3o de chip personaliz\u00e1vel para se adequar ao seu sistema.<\/p>\n<\/li>\n<\/ol>\n<p data-start=\"759\" data-end=\"930\"><strong data-start=\"759\" data-end=\"775\">Aplica\u00e7\u00f5es<\/strong><br data-start=\"775\" data-end=\"778\" \/>Gest\u00e3o de roupas, controle de seguran\u00e7a, lavanderias (incluindo de n\u00edvel industrial) e outros ambientes agressivos que exigem etiquetas RFID dur\u00e1veis e lav\u00e1veis.<\/p>\n<h2 data-start=\"932\" data-end=\"957\">Tabela (Especifica\u00e7\u00f5es)<\/h2>\n<div class=\"_tableContainer_1rjym_1\">\n<div class=\"group _tableWrapper_1rjym_13 flex w-fit flex-col-reverse\" tabindex=\"-1\">\n<table class=\"w-fit min-w-(--thread-content-width)\" data-start=\"958\" data-end=\"2813\">\n<thead data-start=\"958\" data-end=\"1073\">\n<tr data-start=\"958\" data-end=\"1073\">\n<th data-start=\"958\" data-end=\"984\" data-col-size=\"sm\">Categoria<\/th>\n<th data-start=\"984\" data-end=\"1010\" data-col-size=\"sm\">Par\u00e2metro<\/th>\n<th data-start=\"1010\" data-end=\"1073\" data-col-size=\"sm\">Valor<\/th>\n<\/tr>\n<\/thead>\n<tbody data-start=\"1190\" data-end=\"2813\">\n<tr data-start=\"1190\" data-end=\"1305\">\n<td data-start=\"1190\" data-end=\"1216\" data-col-size=\"sm\">Produto<\/td>\n<td data-col-size=\"sm\" data-start=\"1216\" data-end=\"1242\">Item<\/td>\n<td data-col-size=\"sm\" data-start=\"1242\" data-end=\"1305\">Etiqueta de lavanderia RFID PPS<\/td>\n<\/tr>\n<tr data-start=\"1306\" data-end=\"1421\">\n<td data-start=\"1306\" data-end=\"1332\" data-col-size=\"sm\">Caracter\u00edsticas especiais<\/td>\n<td data-col-size=\"sm\" data-start=\"1332\" data-end=\"1358\">Atributos<\/td>\n<td data-col-size=\"sm\" data-start=\"1358\" data-end=\"1421\">\u00c0 prova d&#039;\u00e1gua\/resistente \u00e0s intemp\u00e9ries, mini etiqueta<\/td>\n<\/tr>\n<tr data-start=\"1422\" data-end=\"1537\">\n<td data-start=\"1422\" data-end=\"1448\" data-col-size=\"sm\">Comunica\u00e7\u00e3o<\/td>\n<td data-col-size=\"sm\" data-start=\"1448\" data-end=\"1474\">Interface<\/td>\n<td data-col-size=\"sm\" data-start=\"1474\" data-end=\"1537\">RFID, NFC<\/td>\n<\/tr>\n<tr data-start=\"1538\" data-end=\"1653\">\n<td data-start=\"1538\" data-end=\"1564\" data-col-size=\"sm\">Materiais<\/td>\n<td data-col-size=\"sm\" data-start=\"1564\" data-end=\"1590\">Corpo<\/td>\n<td data-col-size=\"sm\" data-start=\"1590\" data-end=\"1653\">PPS<\/td>\n<\/tr>\n<tr data-start=\"1654\" data-end=\"1769\">\n<td data-start=\"1654\" data-end=\"1680\" data-col-size=\"sm\">Dimens\u00f5es<\/td>\n<td data-col-size=\"sm\" data-start=\"1680\" data-end=\"1706\">Op\u00e7\u00f5es de tamanho<\/td>\n<td data-col-size=\"sm\" data-start=\"1706\" data-end=\"1769\">\u00d818mm, \u00d820mm, \u00d822mm, \u00d830mm<\/td>\n<\/tr>\n<tr data-start=\"1770\" data-end=\"1885\">\n<td data-start=\"1770\" data-end=\"1796\" data-col-size=\"sm\">RF<\/td>\n<td data-col-size=\"sm\" data-start=\"1796\" data-end=\"1822\">Freq\u00fc\u00eancia<\/td>\n<td data-col-size=\"sm\" data-start=\"1822\" data-end=\"1885\">13,56 MHz<\/td>\n<\/tr>\n<tr data-start=\"1886\" data-end=\"2001\">\n<td data-start=\"1886\" data-end=\"1912\" data-col-size=\"sm\"><\/td>\n<td data-col-size=\"sm\" data-start=\"1912\" data-end=\"1938\">Protocolo<\/td>\n<td data-col-size=\"sm\" data-start=\"1938\" data-end=\"2001\">ISO\/IEC 15693<\/td>\n<\/tr>\n<tr data-start=\"2002\" data-end=\"2117\">\n<td data-start=\"2002\" data-end=\"2028\" data-col-size=\"sm\">Ambiente<\/td>\n<td data-start=\"2028\" data-end=\"2054\" data-col-size=\"sm\">Temperatura de opera\u00e7\u00e3o<\/td>\n<td data-col-size=\"sm\" data-start=\"2054\" data-end=\"2117\">\u221225 \u2103 a +75 \u2103<\/td>\n<\/tr>\n<tr data-start=\"2118\" data-end=\"2233\">\n<td data-start=\"2118\" data-end=\"2144\" data-col-size=\"sm\"><\/td>\n<td data-col-size=\"sm\" data-start=\"2144\" data-end=\"2170\">Temperatura de armazenamento<\/td>\n<td data-col-size=\"sm\" data-start=\"2170\" data-end=\"2233\">\u221255 \u2103 a +220 \u2103<\/td>\n<\/tr>\n<tr data-start=\"2234\" data-end=\"2349\">\n<td data-start=\"2234\" data-end=\"2260\" data-col-size=\"sm\">Compatibilidade de Processos<\/td>\n<td data-col-size=\"sm\" data-start=\"2260\" data-end=\"2286\">M\u00e9todo de lavagem<\/td>\n<td data-col-size=\"sm\" data-start=\"2286\" data-end=\"2349\">Lavanderia, lavagem a seco<\/td>\n<\/tr>\n<tr data-start=\"2350\" data-end=\"2465\">\n<td data-start=\"2350\" data-end=\"2376\" data-col-size=\"sm\">Durabilidade<\/td>\n<td data-col-size=\"sm\" data-start=\"2376\" data-end=\"2402\">Vida \u00fatil<\/td>\n<td data-col-size=\"sm\" data-start=\"2402\" data-end=\"2465\">200 ciclos de lavagem<\/td>\n<\/tr>\n<tr data-start=\"2466\" data-end=\"2581\">\n<td data-start=\"2466\" data-end=\"2492\" data-col-size=\"sm\">Dados<\/td>\n<td data-col-size=\"sm\" data-start=\"2492\" data-end=\"2518\">Reten\u00e7\u00e3o de dados do chip<\/td>\n<td data-col-size=\"sm\" data-start=\"2518\" data-end=\"2581\">10 anos<\/td>\n<\/tr>\n<tr data-start=\"2582\" data-end=\"2697\">\n<td data-start=\"2582\" data-end=\"2608\" data-col-size=\"sm\">M\u00e9todo de etiquetagem<\/td>\n<td data-col-size=\"sm\" data-start=\"2608\" data-end=\"2634\">Anexo<\/td>\n<td data-col-size=\"sm\" data-start=\"2634\" data-end=\"2697\">Costura, inser\u00e7\u00e3o<\/td>\n<\/tr>\n<tr data-start=\"2698\" data-end=\"2813\">\n<td data-start=\"2698\" data-end=\"2724\" data-col-size=\"sm\">Opera\u00e7\u00e3o<\/td>\n<td data-col-size=\"sm\" data-start=\"2724\" data-end=\"2750\">Modo de trabalho<\/td>\n<td data-col-size=\"sm\" data-start=\"2750\" data-end=\"2813\">Ler\/Escrever<\/td>\n<\/tr>\n<\/tbody>\n<\/table>\n<\/div>\n<\/div>","protected":false},"excerpt":{"rendered":"<p>Etiqueta de lavagem lav\u00e1vel PPS ISO15693 ICODE SLIX \u2014 resistente, imperme\u00e1vel e resistente a produtos qu\u00edmicos para roupas e uniformes; 13,56 MHz R\/W com durabilidade de 200 ciclos.<\/p>","protected":false},"featured_media":747,"template":"","meta":{"_gspb_post_css":""},"product_brand":[],"product_cat":[17,19],"product_tag":[],"class_list":{"0":"post-746","1":"product","2":"type-product","3":"status-publish","4":"has-post-thumbnail","6":"product_cat-rfid-laundry-tags","7":"product_cat-pps-rfid-laundry-tags","9":"first","10":"instock","11":"shipping-taxable","12":"purchasable","13":"product-type-simple"},"_links":{"self":[{"href":"https:\/\/www.cxjsmartcard.com\/pt\/wp-json\/wp\/v2\/product\/746","targetHints":{"allow":["GET"]}}],"collection":[{"href":"https:\/\/www.cxjsmartcard.com\/pt\/wp-json\/wp\/v2\/product"}],"about":[{"href":"https:\/\/www.cxjsmartcard.com\/pt\/wp-json\/wp\/v2\/types\/product"}],"wp:featuredmedia":[{"embeddable":true,"href":"https:\/\/www.cxjsmartcard.com\/pt\/wp-json\/wp\/v2\/media\/747"}],"wp:attachment":[{"href":"https:\/\/www.cxjsmartcard.com\/pt\/wp-json\/wp\/v2\/media?parent=746"}],"wp:term":[{"taxonomy":"product_brand","embeddable":true,"href":"https:\/\/www.cxjsmartcard.com\/pt\/wp-json\/wp\/v2\/product_brand?post=746"},{"taxonomy":"product_cat","embeddable":true,"href":"https:\/\/www.cxjsmartcard.com\/pt\/wp-json\/wp\/v2\/product_cat?post=746"},{"taxonomy":"product_tag","embeddable":true,"href":"https:\/\/www.cxjsmartcard.com\/pt\/wp-json\/wp\/v2\/product_tag?post=746"}],"curies":[{"name":"wp","href":"https:\/\/api.w.org\/{rel}","templated":true}]}}