{"id":741,"date":"2025-11-03T07:04:00","date_gmt":"2025-11-03T07:04:00","guid":{"rendered":"https:\/\/www.cxjsmartcard.com\/?post_type=product&#038;p=741"},"modified":"2025-12-29T01:27:10","modified_gmt":"2025-12-29T01:27:10","slug":"pps-uhf-rfid-washable-tag-disc-button-for-laundry","status":"publish","type":"product","link":"https:\/\/www.cxjsmartcard.com\/pt\/pps-uhf-rfid-washable-tag-disc-button-for-laundry\/","title":{"rendered":"Etiqueta de disco lav\u00e1vel PPS UHF RFID para lavanderia"},"content":{"rendered":"<p data-start=\"61\" data-end=\"888\">O bot\u00e3o de disco com etiqueta RFID UHF PPS lav\u00e1vel adota uma embalagem pl\u00e1stica PPS para a etiqueta eletr\u00f4nica, proporcionando <strong data-start=\"179\" data-end=\"280\">Resist\u00eancia a altas temperaturas, retardamento de chamas, resist\u00eancia \u00e0 corros\u00e3o qu\u00edmica e resist\u00eancia ao desgaste.<\/strong>. A etiqueta \u00e9 extremamente fina e pode ser costurada em uma pequena sacola de tecido ou diretamente no tecido a ser manuseado, sendo o local da costura f\u00e1cil de encontrar. \u00c9 amplamente utilizada em <strong data-start=\"455\" data-end=\"466\">lavanderia<\/strong>, <strong data-start=\"468\" data-end=\"491\">roupas de alta qualidade<\/strong>, <strong data-start=\"493\" data-end=\"512\">uniformes escolares<\/strong>, <strong data-start=\"514\" data-end=\"534\">roupas especiais<\/strong>, <strong data-start=\"536\" data-end=\"570\">gest\u00e3o de produ\u00e7\u00e3o de vestu\u00e1rio<\/strong>, <strong data-start=\"572\" data-end=\"592\">rastreamento de produtos<\/strong>, <strong data-start=\"594\" data-end=\"617\">estoque de armaz\u00e9m<\/strong>, <strong data-start=\"619\" data-end=\"658\">sinais de manuten\u00e7\u00e3o do motor automotivo<\/strong>, <strong data-start=\"660\" data-end=\"696\">gest\u00e3o de mat\u00e9rias-primas qu\u00edmicas<\/strong>, e outros ambientes hostis.<br data-start=\"727\" data-end=\"730\" \/>Para cen\u00e1rios de lavanderia (hotel, hospital, lavanderia a seco, gerenciamento de cobertores de companhias a\u00e9reas), as etiquetas est\u00e3o comumente dispon\u00edveis em <strong data-start=\"843\" data-end=\"873\">PPS, silicone e t\u00eaxtil<\/strong> constru\u00e7\u00f5es.<\/p>\n<p data-start=\"890\" data-end=\"904\"><strong data-start=\"890\" data-end=\"902\">Caracter\u00edsticas<\/strong><\/p>\n<ol data-start=\"905\" data-end=\"1050\">\n<li data-start=\"905\" data-end=\"938\">\n<p data-start=\"908\" data-end=\"938\">Alta resist\u00eancia \u00e0 temperatura.<\/p>\n<\/li>\n<li data-start=\"939\" data-end=\"964\">\n<p data-start=\"942\" data-end=\"964\">Resist\u00eancia \u00e0 press\u00e3o.<\/p>\n<\/li>\n<li data-start=\"965\" data-end=\"991\">\n<p data-start=\"968\" data-end=\"991\">Resist\u00eancia \u00e0 corros\u00e3o.<\/p>\n<\/li>\n<li data-start=\"992\" data-end=\"1020\">\n<p data-start=\"995\" data-end=\"1020\">\u00c0 prova d&#039;\u00e1gua e dur\u00e1vel.<\/p>\n<\/li>\n<li data-start=\"1021\" data-end=\"1050\">\n<p data-start=\"1024\" data-end=\"1050\">Op\u00e7\u00f5es de design personalizadas.<\/p>\n<\/li>\n<\/ol>\n<p data-start=\"1052\" data-end=\"1165\"><strong data-start=\"1052\" data-end=\"1065\">Fun\u00e7\u00f5es<\/strong><br data-start=\"1065\" data-end=\"1068\" \/>Controle de acesso, identidade e coleta de informa\u00e7\u00f5es em fluxos de trabalho de lavanderia industrial e t\u00eaxtil.<\/p>\n<h2 data-start=\"1167\" data-end=\"1192\">Tabela (Especifica\u00e7\u00f5es)<\/h2>\n<div class=\"_tableContainer_1rjym_1\">\n<div class=\"group _tableWrapper_1rjym_13 flex w-fit flex-col-reverse\" tabindex=\"-1\">\n<table class=\"w-fit min-w-(--thread-content-width)\" data-start=\"1193\" data-end=\"3418\">\n<thead data-start=\"1193\" data-end=\"1338\">\n<tr data-start=\"1193\" data-end=\"1338\">\n<th data-start=\"1193\" data-end=\"1218\" data-col-size=\"sm\">Categoria<\/th>\n<th data-start=\"1218\" data-end=\"1249\" data-col-size=\"sm\">Par\u00e2metro<\/th>\n<th data-start=\"1249\" data-end=\"1338\" data-col-size=\"lg\">Valor<\/th>\n<\/tr>\n<\/thead>\n<tbody data-start=\"1484\" data-end=\"3418\">\n<tr data-start=\"1484\" data-end=\"1629\">\n<td data-start=\"1484\" data-end=\"1508\" data-col-size=\"sm\">F\u00edsico<\/td>\n<td data-col-size=\"sm\" data-start=\"1508\" data-end=\"1540\">Material<\/td>\n<td data-col-size=\"lg\" data-start=\"1540\" data-end=\"1629\">PPS (sulfeto de polifenileno)<\/td>\n<\/tr>\n<tr data-start=\"1630\" data-end=\"1775\">\n<td data-start=\"1630\" data-end=\"1654\" data-col-size=\"sm\"><\/td>\n<td data-start=\"1654\" data-end=\"1686\" data-col-size=\"sm\">Fator de forma<\/td>\n<td data-col-size=\"lg\" data-start=\"1686\" data-end=\"1775\">Disco\/bot\u00e3o<\/td>\n<\/tr>\n<tr data-start=\"1776\" data-end=\"1921\">\n<td data-start=\"1776\" data-end=\"1800\" data-col-size=\"sm\"><\/td>\n<td data-col-size=\"sm\" data-start=\"1800\" data-end=\"1832\">Dimens\u00f5es<\/td>\n<td data-col-size=\"lg\" data-start=\"1832\" data-end=\"1921\">\u00d818 mm \/ \u00d820 mm \/ \u00d825,5 mm; espessura 2,75 mm; <strong data-start=\"1881\" data-end=\"1898\">furo \u00d8 1,5 mm<\/strong><\/td>\n<\/tr>\n<tr data-start=\"1922\" data-end=\"2067\">\n<td data-start=\"1922\" data-end=\"1946\" data-col-size=\"sm\"><\/td>\n<td data-col-size=\"sm\" data-start=\"1946\" data-end=\"1978\">Anexo<\/td>\n<td data-col-size=\"lg\" data-start=\"1978\" data-end=\"2067\">Costure em um pequeno saco de tecido ou diretamente no tecido.<\/td>\n<\/tr>\n<tr data-start=\"2068\" data-end=\"2213\">\n<td data-start=\"2068\" data-end=\"2092\" data-col-size=\"sm\">Ambiente<\/td>\n<td data-col-size=\"sm\" data-start=\"2092\" data-end=\"2124\">Faixa de temperatura<\/td>\n<td data-col-size=\"lg\" data-start=\"2124\" data-end=\"2213\">\u221230 \u2103 a +220 \u2103<\/td>\n<\/tr>\n<tr data-start=\"2214\" data-end=\"2359\">\n<td data-start=\"2214\" data-end=\"2238\" data-col-size=\"sm\">Personaliza\u00e7\u00e3o<\/td>\n<td data-col-size=\"sm\" data-start=\"2238\" data-end=\"2270\">Personaliza\u00e7\u00e3o<\/td>\n<td data-col-size=\"lg\" data-start=\"2270\" data-end=\"2359\">Impress\u00e3o de logotipos personalizados; dados grav\u00e1veis no chip (ex.: URL\/site, n\u00fameros de s\u00e9rie)<\/td>\n<\/tr>\n<tr data-start=\"2360\" data-end=\"2505\">\n<td data-start=\"2360\" data-end=\"2384\" data-col-size=\"sm\">Atributos<\/td>\n<td data-col-size=\"sm\" data-start=\"2384\" data-end=\"2416\">Caracter\u00edsticas de prote\u00e7\u00e3o<\/td>\n<td data-col-size=\"lg\" data-start=\"2416\" data-end=\"2505\">Resist\u00eancia a altas temperaturas, press\u00e3o e corros\u00e3o; \u00e0 prova d&#039;\u00e1gua; dur\u00e1vel<\/td>\n<\/tr>\n<tr data-start=\"2506\" data-end=\"2651\">\n<td data-start=\"2506\" data-end=\"2530\" data-col-size=\"sm\">RFID<\/td>\n<td data-col-size=\"sm\" data-start=\"2530\" data-end=\"2562\">Freq\u00fc\u00eancia<\/td>\n<td data-col-size=\"lg\" data-start=\"2562\" data-end=\"2651\">860\u2013960 MHz (UHF)<\/td>\n<\/tr>\n<tr data-start=\"2652\" data-end=\"2797\">\n<td data-start=\"2652\" data-end=\"2676\" data-col-size=\"sm\"><\/td>\n<td data-col-size=\"sm\" data-start=\"2676\" data-end=\"2708\">Protocolo<\/td>\n<td data-col-size=\"lg\" data-start=\"2708\" data-end=\"2797\">ISO 18000-6C<\/td>\n<\/tr>\n<tr data-start=\"2798\" data-end=\"2943\">\n<td data-start=\"2798\" data-end=\"2822\" data-col-size=\"sm\"><\/td>\n<td data-start=\"2822\" data-end=\"2854\" data-col-size=\"sm\">Op\u00e7\u00f5es de chip<\/td>\n<td data-col-size=\"lg\" data-start=\"2854\" data-end=\"2943\">H9, H10, U9, U10, M4\/5\/6<\/td>\n<\/tr>\n<tr data-start=\"2944\" data-end=\"3089\">\n<td data-start=\"2944\" data-end=\"2968\" data-col-size=\"sm\">Desempenho<\/td>\n<td data-col-size=\"sm\" data-start=\"2968\" data-end=\"3000\">Dist\u00e2ncia de leitura<\/td>\n<td data-col-size=\"lg\" data-start=\"3000\" data-end=\"3089\">1\u20138 m (dependendo do leitor\/ambiente)<\/td>\n<\/tr>\n<tr data-start=\"3090\" data-end=\"3272\">\n<td data-start=\"3090\" data-end=\"3114\" data-col-size=\"sm\">Casos de uso<\/td>\n<td data-col-size=\"sm\" data-start=\"3114\" data-end=\"3146\">Aplica\u00e7\u00f5es t\u00edpicas<\/td>\n<td data-col-size=\"lg\" data-start=\"3146\" data-end=\"3272\">Lavanderia, vestu\u00e1rio de alta qualidade, uniformes escolares, vestu\u00e1rio especial, gest\u00e3o de produ\u00e7\u00e3o, rastreamento de produtos, invent\u00e1rio de armaz\u00e9m.<\/td>\n<\/tr>\n<tr data-start=\"3273\" data-end=\"3418\">\n<td data-start=\"3273\" data-end=\"3297\" data-col-size=\"sm\">Exemplos da ind\u00fastria<\/td>\n<td data-col-size=\"sm\" data-start=\"3297\" data-end=\"3329\">Verticais de lavanderia<\/td>\n<td data-col-size=\"lg\" data-start=\"3329\" data-end=\"3418\">Gest\u00e3o de cobertores para hot\u00e9is, hospitais, lavanderias e companhias a\u00e9reas<\/td>\n<\/tr>\n<\/tbody>\n<\/table>\n<\/div>\n<\/div>","protected":false},"excerpt":{"rendered":"<p>Etiqueta RFID UHF lav\u00e1vel em PPS, tipo disco\/bot\u00e3o, para lavanderia \u2014 \u00e0 prova d&#039;\u00e1gua, retardante de chamas, resistente \u00e0 corros\u00e3o, \u221230\u2013220 \u2103, alcance de leitura de 1\u20138 m; para costurar ou colocar em bolsa; suporta logotipo\/dados personalizados.<\/p>","protected":false},"featured_media":743,"template":"","meta":{"_gspb_post_css":""},"product_brand":[],"product_cat":[17,19],"product_tag":[],"class_list":{"0":"post-741","1":"product","2":"type-product","3":"status-publish","4":"has-post-thumbnail","6":"product_cat-rfid-laundry-tags","7":"product_cat-pps-rfid-laundry-tags","9":"first","10":"instock","11":"shipping-taxable","12":"purchasable","13":"product-type-simple"},"_links":{"self":[{"href":"https:\/\/www.cxjsmartcard.com\/pt\/wp-json\/wp\/v2\/product\/741","targetHints":{"allow":["GET"]}}],"collection":[{"href":"https:\/\/www.cxjsmartcard.com\/pt\/wp-json\/wp\/v2\/product"}],"about":[{"href":"https:\/\/www.cxjsmartcard.com\/pt\/wp-json\/wp\/v2\/types\/product"}],"wp:featuredmedia":[{"embeddable":true,"href":"https:\/\/www.cxjsmartcard.com\/pt\/wp-json\/wp\/v2\/media\/743"}],"wp:attachment":[{"href":"https:\/\/www.cxjsmartcard.com\/pt\/wp-json\/wp\/v2\/media?parent=741"}],"wp:term":[{"taxonomy":"product_brand","embeddable":true,"href":"https:\/\/www.cxjsmartcard.com\/pt\/wp-json\/wp\/v2\/product_brand?post=741"},{"taxonomy":"product_cat","embeddable":true,"href":"https:\/\/www.cxjsmartcard.com\/pt\/wp-json\/wp\/v2\/product_cat?post=741"},{"taxonomy":"product_tag","embeddable":true,"href":"https:\/\/www.cxjsmartcard.com\/pt\/wp-json\/wp\/v2\/product_tag?post=741"}],"curies":[{"name":"wp","href":"https:\/\/api.w.org\/{rel}","templated":true}]}}