{"id":736,"date":"2025-11-03T07:01:57","date_gmt":"2025-11-03T07:01:57","guid":{"rendered":"https:\/\/www.cxjsmartcard.com\/?post_type=product&#038;p=736"},"modified":"2025-12-29T01:27:10","modified_gmt":"2025-12-29T01:27:10","slug":"durable-pps-commercial-reusable-washable-rfid-tags-for-laundry-industry","status":"publish","type":"product","link":"https:\/\/www.cxjsmartcard.com\/pt\/durable-pps-commercial-reusable-washable-rfid-tags-for-laundry-industry\/","title":{"rendered":"Etiquetas RFID reutiliz\u00e1veis e lav\u00e1veis em PPS dur\u00e1veis para uso comercial na ind\u00fastria de lavanderia."},"content":{"rendered":"<p data-start=\"83\" data-end=\"381\">Etiquetas RFID reutiliz\u00e1veis e lav\u00e1veis em PPS dur\u00e1veis s\u00e3o projetadas para as condi\u00e7\u00f5es adversas da lavanderia industrial. Operando em <strong data-start=\"214\" data-end=\"233\">13,56 MHz (NFC)<\/strong>, cada etiqueta \u00e0 prova d&#039;\u00e1gua utiliza um <strong data-start=\"262\" data-end=\"301\">N\u00facleo de resina + ep\u00f3xi com revestimento de PPS<\/strong> Para suportar altas temperaturas, imers\u00e3o em \u00e1gua, produtos qu\u00edmicos e reutiliza\u00e7\u00e3o constante.<\/p>\n<p data-start=\"383\" data-end=\"721\"><strong data-start=\"383\" data-end=\"426\">Projetado para resistir \u00e0 lavagem industrial.<\/strong><br data-start=\"426\" data-end=\"429\" \/>Essas etiquetas s\u00e3o feitas sob medida para lavanderias e suportam diversos tipos de uso. <strong data-start=\"496\" data-end=\"516\">Mais de 200 ciclos de lavagem<\/strong>, alta umidade e <strong data-start=\"537\" data-end=\"556\">\u221225 \u2103 a +120 \u2103<\/strong> Opera\u00e7\u00e3o. O PPS (um termopl\u00e1stico de alto desempenho) oferece excelente resist\u00eancia qu\u00edmica e mec\u00e2nica, garantindo desempenho consistente em lavagem, secagem e prensagem.<\/p>\n<p data-start=\"723\" data-end=\"927\"><strong data-start=\"723\" data-end=\"757\">Reutiliz\u00e1vel para economia a longo prazo<\/strong><br data-start=\"757\" data-end=\"760\" \/>O encapsulamento protege os dados durante a prensagem a vapor e o engomadoria industrial. A reutiliza\u00e7\u00e3o em v\u00e1rios ciclos reduz os custos de rastreamento por item e apoia as metas de sustentabilidade.<\/p>\n<p data-start=\"929\" data-end=\"943\"><strong data-start=\"929\" data-end=\"941\">Caracter\u00edsticas<\/strong><\/p>\n<ul data-start=\"944\" data-end=\"1206\">\n<li data-start=\"944\" data-end=\"989\">\n<p data-start=\"946\" data-end=\"989\">NFC de 13,56 MHz; <strong data-start=\"961\" data-end=\"987\">ISO 15693 \/ ISO 14443A<\/strong><\/p>\n<\/li>\n<li data-start=\"990\" data-end=\"1045\">\n<p data-start=\"992\" data-end=\"1045\"><strong data-start=\"992\" data-end=\"1030\">\u00c0 prova d&#039;\u00e1gua, resistente \u00e0s intemp\u00e9ries, reutiliz\u00e1vel<\/strong> constru\u00e7\u00e3o<\/p>\n<\/li>\n<li data-start=\"1046\" data-end=\"1094\">\n<p data-start=\"1048\" data-end=\"1094\">Alcance de leitura at\u00e9 <strong data-start=\"1065\" data-end=\"1074\">0\u20131 m<\/strong> (dependendo da configura\u00e7\u00e3o)<\/p>\n<\/li>\n<li data-start=\"1095\" data-end=\"1150\">\n<p data-start=\"1097\" data-end=\"1150\"><strong data-start=\"1097\" data-end=\"1111\">R21 \u00d7 2 mm<\/strong> formato padr\u00e3o (outros tamanhos sob consulta)<\/p>\n<\/li>\n<li data-start=\"1151\" data-end=\"1206\">\n<p data-start=\"1153\" data-end=\"1206\">Servi\u00e7os personalizados dispon\u00edveis (codifica\u00e7\u00e3o, formata\u00e7\u00e3o, marca).<\/p>\n<\/li>\n<\/ul>\n<p data-start=\"1208\" data-end=\"1307\"><strong data-start=\"1208\" data-end=\"1224\">Aplica\u00e7\u00f5es<\/strong><br data-start=\"1224\" data-end=\"1227\" \/>Lavanderias industriais, servi\u00e7os de lavanderia, f\u00e1bricas de vestu\u00e1rio, t\u00eaxteis para hotelaria e o setor de hospitalidade.<\/p>\n<p data-start=\"1309\" data-end=\"1652\"><strong data-start=\"1309\" data-end=\"1317\">Perguntas frequentes<\/strong><br data-start=\"1317\" data-end=\"1320\" \/><strong data-start=\"1320\" data-end=\"1326\">P:<\/strong> Essas etiquetas resistem \u00e0 lavagem e secagem industrial?<br data-start=\"1380\" data-end=\"1383\" \/><strong data-start=\"1383\" data-end=\"1389\">UM:<\/strong> Sim, foi projetado para mais de 200 ciclos, alta temperatura e press\u00e3o.<br data-start=\"1448\" data-end=\"1451\" \/><strong data-start=\"1451\" data-end=\"1457\">P:<\/strong> Qual \u00e9 o alcance de leitura t\u00edpico?<br data-start=\"1488\" data-end=\"1491\" \/><strong data-start=\"1491\" data-end=\"1497\">UM:<\/strong> At\u00e9 1 m, dependendo do leitor e do ambiente.<br data-start=\"1544\" data-end=\"1547\" \/><strong data-start=\"1547\" data-end=\"1553\">P:<\/strong> Posso obter codifica\u00e7\u00e3o ou tamanhos personalizados?<br data-start=\"1589\" data-end=\"1592\" \/><strong data-start=\"1592\" data-end=\"1598\">UM:<\/strong> Sim, chips, formatos e marcas personalizadas est\u00e3o dispon\u00edveis.<\/p>\n<h2 data-start=\"1654\" data-end=\"1679\">Tabela (Especifica\u00e7\u00f5es)<\/h2>\n<div class=\"_tableContainer_1rjym_1\">\n<div class=\"group _tableWrapper_1rjym_13 flex w-fit flex-col-reverse\" tabindex=\"-1\">\n<table class=\"w-fit min-w-(--thread-content-width)\" data-start=\"1680\" data-end=\"2927\">\n<thead data-start=\"1680\" data-end=\"1769\">\n<tr data-start=\"1680\" data-end=\"1769\">\n<th data-start=\"1680\" data-end=\"1703\" data-col-size=\"sm\">Categoria<\/th>\n<th data-start=\"1703\" data-end=\"1727\" data-col-size=\"sm\">Par\u00e2metro<\/th>\n<th data-start=\"1727\" data-end=\"1769\" data-col-size=\"sm\">Valor<\/th>\n<\/tr>\n<\/thead>\n<tbody data-start=\"1859\" data-end=\"2927\">\n<tr data-start=\"1859\" data-end=\"1947\">\n<td data-start=\"1859\" data-end=\"1881\" data-col-size=\"sm\">Produto<\/td>\n<td data-col-size=\"sm\" data-start=\"1881\" data-end=\"1905\">Nome do item<\/td>\n<td data-col-size=\"sm\" data-start=\"1905\" data-end=\"1947\">Etiquetas RFID \u00e0 prova d&#039;\u00e1gua<\/td>\n<\/tr>\n<tr data-start=\"1948\" data-end=\"2036\">\n<td data-start=\"1948\" data-end=\"1970\" data-col-size=\"sm\">RF<\/td>\n<td data-col-size=\"sm\" data-start=\"1970\" data-end=\"1994\">Freq\u00fc\u00eancia<\/td>\n<td data-col-size=\"sm\" data-start=\"1994\" data-end=\"2036\">13,56 MHz (NFC)<\/td>\n<\/tr>\n<tr data-start=\"2037\" data-end=\"2125\">\n<td data-start=\"2037\" data-end=\"2059\" data-col-size=\"sm\"><\/td>\n<td data-col-size=\"sm\" data-start=\"2059\" data-end=\"2083\">Protocolo<\/td>\n<td data-col-size=\"sm\" data-start=\"2083\" data-end=\"2125\">ISO 15693 \/ ISO 14443A<\/td>\n<\/tr>\n<tr data-start=\"2126\" data-end=\"2214\">\n<td data-start=\"2126\" data-end=\"2148\" data-col-size=\"sm\">Mem\u00f3ria<\/td>\n<td data-col-size=\"sm\" data-start=\"2148\" data-end=\"2172\">Capacidade<\/td>\n<td data-col-size=\"sm\" data-start=\"2172\" data-end=\"2214\">1024 bits (op\u00e7\u00f5es dispon\u00edveis)<\/td>\n<\/tr>\n<tr data-start=\"2215\" data-end=\"2303\">\n<td data-start=\"2215\" data-end=\"2237\" data-col-size=\"sm\">Materiais<\/td>\n<td data-col-size=\"sm\" data-start=\"2237\" data-end=\"2261\">Constru\u00e7\u00e3o<\/td>\n<td data-col-size=\"sm\" data-start=\"2261\" data-end=\"2303\">N\u00facleo de resina + ep\u00f3xi, <strong data-start=\"2283\" data-end=\"2297\">Revestimento PPS<\/strong><\/td>\n<\/tr>\n<tr data-start=\"2304\" data-end=\"2392\">\n<td data-start=\"2304\" data-end=\"2326\" data-col-size=\"sm\">Dimens\u00f5es<\/td>\n<td data-col-size=\"sm\" data-start=\"2326\" data-end=\"2350\">Tamanho<\/td>\n<td data-col-size=\"sm\" data-start=\"2350\" data-end=\"2392\"><strong data-start=\"2352\" data-end=\"2366\">R21 \u00d7 2 mm<\/strong><\/td>\n<\/tr>\n<tr data-start=\"2393\" data-end=\"2482\">\n<td data-start=\"2393\" data-end=\"2415\" data-col-size=\"sm\">Desempenho<\/td>\n<td data-col-size=\"sm\" data-start=\"2415\" data-end=\"2439\">Intervalo de leitura<\/td>\n<td data-col-size=\"sm\" data-start=\"2439\" data-end=\"2482\"><strong data-start=\"2441\" data-end=\"2450\">0\u20131 m<\/strong> (dependente do leitor\/ambiente)<\/td>\n<\/tr>\n<tr data-start=\"2483\" data-end=\"2571\">\n<td data-start=\"2483\" data-end=\"2505\" data-col-size=\"sm\">Ambiente<\/td>\n<td data-col-size=\"sm\" data-start=\"2505\" data-end=\"2529\">Temperatura de opera\u00e7\u00e3o<\/td>\n<td data-col-size=\"sm\" data-start=\"2529\" data-end=\"2571\"><strong data-start=\"2531\" data-end=\"2550\">\u221225 \u2103 a +120 \u2103<\/strong><\/td>\n<\/tr>\n<tr data-start=\"2572\" data-end=\"2660\">\n<td data-start=\"2572\" data-end=\"2594\" data-col-size=\"sm\">Durabilidade<\/td>\n<td data-col-size=\"sm\" data-start=\"2594\" data-end=\"2618\">Ciclos de lavagem<\/td>\n<td data-col-size=\"sm\" data-start=\"2618\" data-end=\"2660\"><strong data-start=\"2620\" data-end=\"2628\">200+<\/strong> (processos industriais)<\/td>\n<\/tr>\n<tr data-start=\"2661\" data-end=\"2749\">\n<td data-start=\"2661\" data-end=\"2683\" data-col-size=\"sm\">Aplica\u00e7\u00f5es<\/td>\n<td data-col-size=\"sm\" data-start=\"2683\" data-end=\"2707\">\u00c1reas<\/td>\n<td data-col-size=\"sm\" data-start=\"2707\" data-end=\"2749\">Lavanderia, Rouparia, F\u00e1bricas de Confec\u00e7\u00e3o<\/td>\n<\/tr>\n<tr data-start=\"2750\" data-end=\"2838\">\n<td data-start=\"2750\" data-end=\"2772\" data-col-size=\"sm\">Caracter\u00edsticas especiais<\/td>\n<td data-col-size=\"sm\" data-start=\"2772\" data-end=\"2796\">Atributos<\/td>\n<td data-col-size=\"sm\" data-start=\"2796\" data-end=\"2838\">\u00c0 prova d&#039;\u00e1gua \/ Resistente \u00e0s intemp\u00e9ries \/ Reutiliz\u00e1vel<\/td>\n<\/tr>\n<tr data-start=\"2839\" data-end=\"2927\">\n<td data-start=\"2839\" data-end=\"2861\" data-col-size=\"sm\">Origem<\/td>\n<td data-col-size=\"sm\" data-start=\"2861\" data-end=\"2885\">Local de origem<\/td>\n<td data-col-size=\"sm\" data-start=\"2885\" data-end=\"2927\">Shenzhen, China<\/td>\n<\/tr>\n<\/tbody>\n<\/table>\n<\/div>\n<\/div>","protected":false},"excerpt":{"rendered":"<p>Etiquetas RFID PPS de 13,56 MHz dur\u00e1veis para lavanderia \u2014 \u00e0 prova d&#039;\u00e1gua, reutiliz\u00e1veis e resistentes a produtos qu\u00edmicos, com alcance de leitura de 0 a 1 m e durabilidade de mais de 200 ciclos de lavagem para rastreamento t\u00eaxtil industrial.<\/p>","protected":false},"featured_media":737,"template":"","meta":{"_gspb_post_css":""},"product_brand":[],"product_cat":[17,19],"product_tag":[],"class_list":{"0":"post-736","1":"product","2":"type-product","3":"status-publish","4":"has-post-thumbnail","6":"product_cat-rfid-laundry-tags","7":"product_cat-pps-rfid-laundry-tags","9":"first","10":"instock","11":"shipping-taxable","12":"purchasable","13":"product-type-simple"},"_links":{"self":[{"href":"https:\/\/www.cxjsmartcard.com\/pt\/wp-json\/wp\/v2\/product\/736","targetHints":{"allow":["GET"]}}],"collection":[{"href":"https:\/\/www.cxjsmartcard.com\/pt\/wp-json\/wp\/v2\/product"}],"about":[{"href":"https:\/\/www.cxjsmartcard.com\/pt\/wp-json\/wp\/v2\/types\/product"}],"wp:featuredmedia":[{"embeddable":true,"href":"https:\/\/www.cxjsmartcard.com\/pt\/wp-json\/wp\/v2\/media\/737"}],"wp:attachment":[{"href":"https:\/\/www.cxjsmartcard.com\/pt\/wp-json\/wp\/v2\/media?parent=736"}],"wp:term":[{"taxonomy":"product_brand","embeddable":true,"href":"https:\/\/www.cxjsmartcard.com\/pt\/wp-json\/wp\/v2\/product_brand?post=736"},{"taxonomy":"product_cat","embeddable":true,"href":"https:\/\/www.cxjsmartcard.com\/pt\/wp-json\/wp\/v2\/product_cat?post=736"},{"taxonomy":"product_tag","embeddable":true,"href":"https:\/\/www.cxjsmartcard.com\/pt\/wp-json\/wp\/v2\/product_tag?post=736"}],"curies":[{"name":"wp","href":"https:\/\/api.w.org\/{rel}","templated":true}]}}