{"id":731,"date":"2025-11-03T06:59:28","date_gmt":"2025-11-03T06:59:28","guid":{"rendered":"https:\/\/www.cxjsmartcard.com\/?post_type=product&#038;p=731"},"modified":"2025-12-29T01:27:10","modified_gmt":"2025-12-29T01:27:10","slug":"125khz-heat-resistant-washable-pps-rfid-laundry-tag-button-token","status":"publish","type":"product","link":"https:\/\/www.cxjsmartcard.com\/pt\/125khz-heat-resistant-washable-pps-rfid-laundry-tag-button-token\/","title":{"rendered":"Etiqueta RFID para lavanderia, resistente ao calor, lav\u00e1vel, em PPS, 125kHz (bot\u00e3o de identifica\u00e7\u00e3o)"},"content":{"rendered":"<p data-start=\"78\" data-end=\"810\">As etiquetas RFID para lavanderia da PPS s\u00e3o ideais para rastrear roupas de cama, uniformes e outras pe\u00e7as de vestu\u00e1rio. Estamos constantemente atualizando e adicionando produtos RFID ao nosso site; no entanto, se voc\u00ea estiver procurando por uma etiqueta espec\u00edfica para lavanderia e n\u00e3o a encontrar, entre em contato conosco, pois provavelmente poderemos fornec\u00ea-la para voc\u00ea.<br data-start=\"396\" data-end=\"399\" \/>A etiqueta RFID PPS \u00e9 fabricada em pl\u00e1stico de engenharia por meio de moldagem por inje\u00e7\u00e3o, com um chip RFID encapsulado. \u00c9 amplamente utilizada no branqueamento e tingimento de tecidos e su\u00e9teres, lavagem com detergentes agressivos, produ\u00e7\u00e3o de materiais qu\u00edmicos e em ambientes m\u00e9dicos espec\u00edficos. \u00c9 resistente ao desgaste, a altas temperaturas, a \u00e1cidos e \u00e1lcalis, ecol\u00f3gica e projetada para rastreamento de lavagem a longo prazo.<\/p>\n<p data-start=\"812\" data-end=\"826\"><strong data-start=\"812\" data-end=\"824\">Caracter\u00edsticas<\/strong><\/p>\n<ol data-start=\"827\" data-end=\"972\">\n<li data-start=\"827\" data-end=\"860\">\n<p data-start=\"830\" data-end=\"860\">Alta resist\u00eancia \u00e0 temperatura.<\/p>\n<\/li>\n<li data-start=\"861\" data-end=\"886\">\n<p data-start=\"864\" data-end=\"886\">Resist\u00eancia \u00e0 press\u00e3o.<\/p>\n<\/li>\n<li data-start=\"887\" data-end=\"913\">\n<p data-start=\"890\" data-end=\"913\">Resist\u00eancia \u00e0 corros\u00e3o.<\/p>\n<\/li>\n<li data-start=\"914\" data-end=\"942\">\n<p data-start=\"917\" data-end=\"942\">\u00c0 prova d&#039;\u00e1gua e dur\u00e1vel.<\/p>\n<\/li>\n<li data-start=\"943\" data-end=\"972\">\n<p data-start=\"946\" data-end=\"972\">Op\u00e7\u00f5es de design personalizadas.<\/p>\n<\/li>\n<\/ol>\n<p data-start=\"974\" data-end=\"992\"><strong data-start=\"974\" data-end=\"990\">Aplica\u00e7\u00f5es<\/strong><\/p>\n<ul data-start=\"993\" data-end=\"1179\">\n<li data-start=\"993\" data-end=\"1051\">\n<p data-start=\"995\" data-end=\"1051\">Rastreamento de ativos de lavanderia para roupas de cama, uniformes e vestu\u00e1rio.<\/p>\n<\/li>\n<li data-start=\"1052\" data-end=\"1116\">\n<p data-start=\"1054\" data-end=\"1116\">Processos industriais: branqueamento\/tingimento, produ\u00e7\u00e3o qu\u00edmica.<\/p>\n<\/li>\n<li data-start=\"1117\" data-end=\"1179\">\n<p data-start=\"1119\" data-end=\"1179\">Ambientes m\u00e9dicos e outros ambientes severos que exigem etiquetas dur\u00e1veis.<\/p>\n<\/li>\n<\/ul>\n<h2 data-start=\"1181\" data-end=\"1206\">Tabela (Especifica\u00e7\u00f5es)<\/h2>\n<div class=\"_tableContainer_1rjym_1\">\n<div class=\"group _tableWrapper_1rjym_13 flex w-fit flex-col-reverse\" tabindex=\"-1\">\n<table class=\"w-fit min-w-(--thread-content-width)\" data-start=\"1207\" data-end=\"2835\">\n<thead data-start=\"1207\" data-end=\"1341\">\n<tr data-start=\"1207\" data-end=\"1341\">\n<th data-start=\"1207\" data-end=\"1225\" data-col-size=\"sm\">Categoria<\/th>\n<th data-start=\"1225\" data-end=\"1248\" data-col-size=\"sm\">Par\u00e2metro<\/th>\n<th data-start=\"1248\" data-end=\"1341\" data-col-size=\"md\">Valor<\/th>\n<\/tr>\n<\/thead>\n<tbody data-start=\"1477\" data-end=\"2835\">\n<tr data-start=\"1477\" data-end=\"1612\">\n<td data-start=\"1477\" data-end=\"1495\" data-col-size=\"sm\">Produto<\/td>\n<td data-col-size=\"sm\" data-start=\"1495\" data-end=\"1519\">Tipo<\/td>\n<td data-col-size=\"md\" data-start=\"1519\" data-end=\"1612\">Etiqueta\/bot\u00e3o de lavanderia RFID PPS<\/td>\n<\/tr>\n<tr data-start=\"1613\" data-end=\"1748\">\n<td data-start=\"1613\" data-end=\"1631\" data-col-size=\"sm\">Materiais<\/td>\n<td data-col-size=\"sm\" data-start=\"1631\" data-end=\"1655\">Corpo<\/td>\n<td data-col-size=\"md\" data-start=\"1655\" data-end=\"1748\">Pl\u00e1stico de engenharia PPS (sulfeto de polifenileno)<\/td>\n<\/tr>\n<tr data-start=\"1749\" data-end=\"1884\">\n<td data-start=\"1749\" data-end=\"1767\" data-col-size=\"sm\">RF<\/td>\n<td data-col-size=\"sm\" data-start=\"1767\" data-end=\"1791\">Freq\u00fc\u00eancia<\/td>\n<td data-col-size=\"md\" data-start=\"1791\" data-end=\"1884\">LF: 125 kHz<\/td>\n<\/tr>\n<tr data-start=\"1885\" data-end=\"2020\">\n<td data-start=\"1885\" data-end=\"1903\" data-col-size=\"sm\"><\/td>\n<td data-col-size=\"sm\" data-start=\"1903\" data-end=\"1927\">Op\u00e7\u00f5es de chip<\/td>\n<td data-col-size=\"md\" data-start=\"1927\" data-end=\"2020\">TK4100, EM4200, EM4305, T5577<\/td>\n<\/tr>\n<tr data-start=\"2021\" data-end=\"2155\">\n<td data-start=\"2021\" data-end=\"2039\" data-col-size=\"sm\">Durabilidade<\/td>\n<td data-col-size=\"sm\" data-start=\"2039\" data-end=\"2063\">Vida<\/td>\n<td data-col-size=\"md\" data-start=\"2063\" data-end=\"2155\">200 ciclos de lavagem <strong data-start=\"2081\" data-end=\"2087\">ou<\/strong> 2 anos a partir da data de envio (o que ocorrer primeiro)<\/td>\n<\/tr>\n<tr data-start=\"2156\" data-end=\"2291\">\n<td data-start=\"2156\" data-end=\"2174\" data-col-size=\"sm\">Ambiente<\/td>\n<td data-col-size=\"sm\" data-start=\"2174\" data-end=\"2198\">Pr\u00e9-secagem (tambor)<\/td>\n<td data-col-size=\"md\" data-start=\"2198\" data-end=\"2291\">180 \u2103 (320 \u2109), 30 minutos<\/td>\n<\/tr>\n<tr data-start=\"2292\" data-end=\"2427\">\n<td data-start=\"2292\" data-end=\"2310\" data-col-size=\"sm\"><\/td>\n<td data-col-size=\"sm\" data-start=\"2310\" data-end=\"2334\">Passar roupa<\/td>\n<td data-col-size=\"md\" data-start=\"2334\" data-end=\"2427\">180 \u2103 (356 \u2109), 10 segundos, 200 ciclos<\/td>\n<\/tr>\n<tr data-start=\"2428\" data-end=\"2563\">\n<td data-start=\"2428\" data-end=\"2446\" data-col-size=\"sm\"><\/td>\n<td data-start=\"2446\" data-end=\"2470\" data-col-size=\"sm\">Esteriliza\u00e7\u00e3o<\/td>\n<td data-col-size=\"md\" data-start=\"2470\" data-end=\"2563\">135 \u2103 (275 \u2109), 20 minutos<\/td>\n<\/tr>\n<tr data-start=\"2564\" data-end=\"2699\">\n<td data-start=\"2564\" data-end=\"2582\" data-col-size=\"sm\">Desempenho<\/td>\n<td data-col-size=\"sm\" data-start=\"2582\" data-end=\"2606\">Mec\u00e2nico<\/td>\n<td data-col-size=\"md\" data-start=\"2606\" data-end=\"2699\">Resistente \u00e0 press\u00e3o; resistente \u00e0 corros\u00e3o; \u00e0 prova d&#039;\u00e1gua; resistente ao desgaste.<\/td>\n<\/tr>\n<tr data-start=\"2700\" data-end=\"2835\">\n<td data-start=\"2700\" data-end=\"2718\" data-col-size=\"sm\">Personaliza\u00e7\u00e3o<\/td>\n<td data-col-size=\"sm\" data-start=\"2718\" data-end=\"2742\">Op\u00e7\u00f5es<\/td>\n<td data-col-size=\"md\" data-start=\"2742\" data-end=\"2835\">Designs personalizados dispon\u00edveis<\/td>\n<\/tr>\n<\/tbody>\n<\/table>\n<\/div>\n<\/div>","protected":false},"excerpt":{"rendered":"<p>Etiqueta de bot\u00e3o RFID PPS resistente ao calor e lav\u00e1vel para lavanderia, ideal para roupas de cama e uniformes \u2014 \u00e0 prova d&#039;\u00e1gua, resistente \u00e0 press\u00e3o e \u00e0 corros\u00e3o, com durabilidade de 200 ciclos e m\u00faltiplas op\u00e7\u00f5es de chip LF.<\/p>","protected":false},"featured_media":734,"template":"","meta":{"_gspb_post_css":""},"product_brand":[],"product_cat":[17,19],"product_tag":[],"class_list":{"0":"post-731","1":"product","2":"type-product","3":"status-publish","4":"has-post-thumbnail","6":"product_cat-rfid-laundry-tags","7":"product_cat-pps-rfid-laundry-tags","9":"first","10":"instock","11":"shipping-taxable","12":"purchasable","13":"product-type-simple"},"_links":{"self":[{"href":"https:\/\/www.cxjsmartcard.com\/pt\/wp-json\/wp\/v2\/product\/731","targetHints":{"allow":["GET"]}}],"collection":[{"href":"https:\/\/www.cxjsmartcard.com\/pt\/wp-json\/wp\/v2\/product"}],"about":[{"href":"https:\/\/www.cxjsmartcard.com\/pt\/wp-json\/wp\/v2\/types\/product"}],"wp:featuredmedia":[{"embeddable":true,"href":"https:\/\/www.cxjsmartcard.com\/pt\/wp-json\/wp\/v2\/media\/734"}],"wp:attachment":[{"href":"https:\/\/www.cxjsmartcard.com\/pt\/wp-json\/wp\/v2\/media?parent=731"}],"wp:term":[{"taxonomy":"product_brand","embeddable":true,"href":"https:\/\/www.cxjsmartcard.com\/pt\/wp-json\/wp\/v2\/product_brand?post=731"},{"taxonomy":"product_cat","embeddable":true,"href":"https:\/\/www.cxjsmartcard.com\/pt\/wp-json\/wp\/v2\/product_cat?post=731"},{"taxonomy":"product_tag","embeddable":true,"href":"https:\/\/www.cxjsmartcard.com\/pt\/wp-json\/wp\/v2\/product_tag?post=731"}],"curies":[{"name":"wp","href":"https:\/\/api.w.org\/{rel}","templated":true}]}}