{"id":726,"date":"2025-11-03T06:55:07","date_gmt":"2025-11-03T06:55:07","guid":{"rendered":"https:\/\/www.cxjsmartcard.com\/?post_type=product&#038;p=726"},"modified":"2025-12-29T01:27:10","modified_gmt":"2025-12-29T01:27:10","slug":"13-56mhz-rewritable-washable-waterproof-coin-nfc-pps-laundry-tags","status":"publish","type":"product","link":"https:\/\/www.cxjsmartcard.com\/pt\/13-56mhz-rewritable-washable-waterproof-coin-nfc-pps-laundry-tags\/","title":{"rendered":"Etiquetas NFC PPS para lavanderia, regrav\u00e1veis, lav\u00e1veis e \u00e0 prova d&#039;\u00e1gua, de 13,56 MHz"},"content":{"rendered":"<p data-start=\"77\" data-end=\"334\">A etiqueta NFC PPS regrav\u00e1vel, lav\u00e1vel e \u00e0 prova d&#039;\u00e1gua de 13,56 MHz para lavanderia foi desenvolvida para gerenciamento de lavanderia, rastreamento de roupas de cama e identifica\u00e7\u00e3o de pe\u00e7as. Sua resistente camada de PPS suporta altas temperaturas, produtos qu\u00edmicos e \u00e1gua, resistindo a ciclos de lavagem repetidos.<\/p>\n<p data-start=\"336\" data-end=\"644\"><strong data-start=\"336\" data-end=\"382\">Fun\u00e7\u00e3o NFC regrav\u00e1vel para rastreamento inteligente<\/strong><br data-start=\"382\" data-end=\"385\" \/>Alimentado por chips NFC, como <strong data-start=\"414\" data-end=\"425\">NTAG213<\/strong>, <strong data-start=\"427\" data-end=\"438\">NTAG216<\/strong>, e <strong data-start=\"444\" data-end=\"458\">ICODE SLIX<\/strong>, A etiqueta suporta mem\u00f3ria regrav\u00e1vel para dados de estoque, status da pe\u00e7a e hist\u00f3rico de lavagens. Os funcion\u00e1rios podem escanear com leitores RFID padr\u00e3o \u2014 ou at\u00e9 mesmo com smartphones \u2014 para um rastreamento preciso e em tempo real.<\/p>\n<p data-start=\"646\" data-end=\"660\"><strong data-start=\"646\" data-end=\"658\">Caracter\u00edsticas<\/strong><\/p>\n<ul data-start=\"661\" data-end=\"962\">\n<li data-start=\"661\" data-end=\"710\">\n<p data-start=\"663\" data-end=\"710\">Opera\u00e7\u00e3o NFC de 13,56 MHz com mem\u00f3ria regrav\u00e1vel.<\/p>\n<\/li>\n<li data-start=\"711\" data-end=\"771\">\n<p data-start=\"713\" data-end=\"771\">Constru\u00e7\u00e3o dur\u00e1vel em PPS \/ silicone \/ ABS \/ pl\u00e1stico macio<\/p>\n<\/li>\n<li data-start=\"772\" data-end=\"841\">\n<p data-start=\"774\" data-end=\"841\">Lav\u00e1vel, imperme\u00e1vel, resistente \u00e0 umidade, resistente a choques, resistente ao calor.<\/p>\n<\/li>\n<li data-start=\"842\" data-end=\"909\">\n<p data-start=\"844\" data-end=\"909\">Formato de moeda pequena para facilitar a costura, incorpora\u00e7\u00e3o ou coloca\u00e7\u00e3o em bolsas.<\/p>\n<\/li>\n<li data-start=\"910\" data-end=\"962\">\n<p data-start=\"912\" data-end=\"962\">Compat\u00edvel com smartphones para identifica\u00e7\u00e3o r\u00e1pida em campo.<\/p>\n<\/li>\n<\/ul>\n<p data-start=\"964\" data-end=\"1068\"><strong data-start=\"964\" data-end=\"980\">Aplica\u00e7\u00f5es<\/strong><br data-start=\"980\" data-end=\"983\" \/>Servi\u00e7os de aluguel de roupas, cal\u00e7ados, bolsas, roupa de cama para hot\u00e9is, t\u00eaxteis m\u00e9dicos e uniformes.<\/p>\n<h2 data-start=\"1138\" data-end=\"1163\">Tabela (Especifica\u00e7\u00f5es)<\/h2>\n<div class=\"_tableContainer_1rjym_1\">\n<div class=\"group _tableWrapper_1rjym_13 flex w-fit flex-col-reverse\" tabindex=\"-1\">\n<table class=\"w-fit min-w-(--thread-content-width)\" data-start=\"1164\" data-end=\"2558\">\n<thead data-start=\"1164\" data-end=\"1278\">\n<tr data-start=\"1164\" data-end=\"1278\">\n<th data-start=\"1164\" data-end=\"1186\" data-col-size=\"sm\">Categoria<\/th>\n<th data-start=\"1186\" data-end=\"1205\" data-col-size=\"sm\">Par\u00e2metro<\/th>\n<th data-start=\"1205\" data-end=\"1278\" data-col-size=\"md\">Valor<\/th>\n<\/tr>\n<\/thead>\n<tbody data-start=\"1394\" data-end=\"2558\">\n<tr data-start=\"1394\" data-end=\"1508\">\n<td data-start=\"1394\" data-end=\"1416\" data-col-size=\"sm\">RF<\/td>\n<td data-col-size=\"sm\" data-start=\"1416\" data-end=\"1435\">Freq\u00fc\u00eancia<\/td>\n<td data-col-size=\"md\" data-start=\"1435\" data-end=\"1508\">13,56 MHz<\/td>\n<\/tr>\n<tr data-start=\"1509\" data-end=\"1623\">\n<td data-start=\"1509\" data-end=\"1531\" data-col-size=\"sm\"><\/td>\n<td data-col-size=\"sm\" data-start=\"1531\" data-end=\"1550\">Protocolo<\/td>\n<td data-col-size=\"md\" data-start=\"1550\" data-end=\"1623\">ISO14443A \/ ISO15693 \/ ISO18000-6C<\/td>\n<\/tr>\n<tr data-start=\"1624\" data-end=\"1738\">\n<td data-start=\"1624\" data-end=\"1646\" data-col-size=\"sm\">CI \/ Mem\u00f3ria<\/td>\n<td data-col-size=\"sm\" data-start=\"1646\" data-end=\"1665\">Op\u00e7\u00f5es de chip<\/td>\n<td data-col-size=\"md\" data-start=\"1665\" data-end=\"1738\">NTAG213 \/ NTAG216 \/ ICODE SLIX<\/td>\n<\/tr>\n<tr data-start=\"1739\" data-end=\"1853\">\n<td data-start=\"1739\" data-end=\"1761\" data-col-size=\"sm\"><\/td>\n<td data-col-size=\"sm\" data-start=\"1761\" data-end=\"1780\">Mem\u00f3ria<\/td>\n<td data-col-size=\"md\" data-start=\"1780\" data-end=\"1853\">1K, 144 bytes, etc. (varia conforme o chip)<\/td>\n<\/tr>\n<tr data-start=\"1854\" data-end=\"1968\">\n<td data-start=\"1854\" data-end=\"1876\" data-col-size=\"sm\">F\u00edsico<\/td>\n<td data-col-size=\"sm\" data-start=\"1876\" data-end=\"1895\">Materiais<\/td>\n<td data-col-size=\"md\" data-start=\"1895\" data-end=\"1968\">PPS \/ Silicone \/ ABS \/ Pl\u00e1stico macio<\/td>\n<\/tr>\n<tr data-start=\"1969\" data-end=\"2083\">\n<td data-start=\"1969\" data-end=\"1991\" data-col-size=\"sm\"><\/td>\n<td data-col-size=\"sm\" data-start=\"1991\" data-end=\"2010\">Op\u00e7\u00f5es de tamanho<\/td>\n<td data-col-size=\"md\" data-start=\"2010\" data-end=\"2083\">\u00d818 mm \/ \u00d820 mm \/ \u00d825 mm \/ \u00d830 mm, ou sob medida.<\/td>\n<\/tr>\n<tr data-start=\"2084\" data-end=\"2198\">\n<td data-start=\"2084\" data-end=\"2106\" data-col-size=\"sm\">Desempenho<\/td>\n<td data-col-size=\"sm\" data-start=\"2106\" data-end=\"2125\">Intervalo de leitura<\/td>\n<td data-col-size=\"md\" data-start=\"2125\" data-end=\"2198\">2\u201310 cm (dependendo do chip e do leitor)<\/td>\n<\/tr>\n<tr data-start=\"2199\" data-end=\"2314\">\n<td data-start=\"2199\" data-end=\"2221\" data-col-size=\"sm\">Ambiente<\/td>\n<td data-col-size=\"sm\" data-start=\"2221\" data-end=\"2240\">Temperatura<\/td>\n<td data-col-size=\"md\" data-start=\"2240\" data-end=\"2314\">\u221225 \u2103 a +120 \u2103<\/td>\n<\/tr>\n<tr data-start=\"2315\" data-end=\"2429\">\n<td data-start=\"2315\" data-end=\"2337\" data-col-size=\"sm\">Casos de uso<\/td>\n<td data-col-size=\"sm\" data-start=\"2337\" data-end=\"2356\">Aplica\u00e7\u00f5es<\/td>\n<td data-col-size=\"md\" data-start=\"2356\" data-end=\"2429\">Ind\u00fastria de aluguel de vestu\u00e1rio, cal\u00e7ados, bolsas, roupa de cama de hotel, equipamentos m\u00e9dicos e uniformes<\/td>\n<\/tr>\n<tr data-start=\"2430\" data-end=\"2558\">\n<td data-start=\"2430\" data-end=\"2452\" data-col-size=\"sm\">Caracter\u00edsticas do produto<\/td>\n<td data-col-size=\"sm\" data-start=\"2452\" data-end=\"2471\">Atributos<\/td>\n<td data-col-size=\"md\" data-start=\"2471\" data-end=\"2558\">Flex\u00edvel, f\u00e1cil de vestir\/usar; \u00e0 prova d&#039;\u00e1gua, resistente \u00e0 umidade, resistente a choques e ao calor.<\/td>\n<\/tr>\n<\/tbody>\n<\/table>\n<\/div>\n<\/div>","protected":false},"excerpt":{"rendered":"<p>Etiqueta NFC PPS regrav\u00e1vel de 13,56 MHz em formato de moeda \u2014 lav\u00e1vel, \u00e0 prova d&#039;\u00e1gua e dur\u00e1vel para ciclos industriais; compat\u00edvel com smartphones para rastreamento r\u00e1pido de pe\u00e7as t\u00eaxteis.<\/p>","protected":false},"featured_media":728,"template":"","meta":{"_gspb_post_css":""},"product_brand":[],"product_cat":[17,19],"product_tag":[],"class_list":{"0":"post-726","1":"product","2":"type-product","3":"status-publish","4":"has-post-thumbnail","6":"product_cat-rfid-laundry-tags","7":"product_cat-pps-rfid-laundry-tags","9":"first","10":"instock","11":"shipping-taxable","12":"purchasable","13":"product-type-simple"},"_links":{"self":[{"href":"https:\/\/www.cxjsmartcard.com\/pt\/wp-json\/wp\/v2\/product\/726","targetHints":{"allow":["GET"]}}],"collection":[{"href":"https:\/\/www.cxjsmartcard.com\/pt\/wp-json\/wp\/v2\/product"}],"about":[{"href":"https:\/\/www.cxjsmartcard.com\/pt\/wp-json\/wp\/v2\/types\/product"}],"wp:featuredmedia":[{"embeddable":true,"href":"https:\/\/www.cxjsmartcard.com\/pt\/wp-json\/wp\/v2\/media\/728"}],"wp:attachment":[{"href":"https:\/\/www.cxjsmartcard.com\/pt\/wp-json\/wp\/v2\/media?parent=726"}],"wp:term":[{"taxonomy":"product_brand","embeddable":true,"href":"https:\/\/www.cxjsmartcard.com\/pt\/wp-json\/wp\/v2\/product_brand?post=726"},{"taxonomy":"product_cat","embeddable":true,"href":"https:\/\/www.cxjsmartcard.com\/pt\/wp-json\/wp\/v2\/product_cat?post=726"},{"taxonomy":"product_tag","embeddable":true,"href":"https:\/\/www.cxjsmartcard.com\/pt\/wp-json\/wp\/v2\/product_tag?post=726"}],"curies":[{"name":"wp","href":"https:\/\/api.w.org\/{rel}","templated":true}]}}