{"id":716,"date":"2025-11-03T06:51:02","date_gmt":"2025-11-03T06:51:02","guid":{"rendered":"https:\/\/www.cxjsmartcard.com\/?post_type=product&#038;p=716"},"modified":"2025-12-29T01:27:11","modified_gmt":"2025-12-29T01:27:11","slug":"sew-textile-washable-uhf-rfid-laundry-tag-with-metal-hole","status":"publish","type":"product","link":"https:\/\/www.cxjsmartcard.com\/pt\/sew-textile-washable-uhf-rfid-laundry-tag-with-metal-hole\/","title":{"rendered":"Etiqueta de lavanderia UHF RFID lav\u00e1vel para tecidos com furo met\u00e1lico"},"content":{"rendered":"<p data-start=\"69\" data-end=\"507\">As etiquetas UHF RFID lav\u00e1veis para tecidos s\u00e3o suficientemente dur\u00e1veis para suportar mais de 200 ciclos de lavagem. S\u00e3o normalmente utilizadas em estabelecimentos que necessitam de um fluxo constante de roupas de cama, uniformes, vestu\u00e1rio de trabalho, vestu\u00e1rio m\u00e9dico, fantasias e itens de aluguel limpos. Nossas etiquetas UHF RFID para roupas de cama podem ser lidas em massa a dist\u00e2ncias de v\u00e1rios metros, ajudando sistemas automatizados a rastrear um grande n\u00famero de itens individuais com mais rapidez e precis\u00e3o.<\/p>\n<p data-start=\"509\" data-end=\"558\"><strong data-start=\"509\" data-end=\"556\">Etiqueta RFID lav\u00e1vel para linho (resist\u00eancia ao processo)<\/strong><\/p>\n<ul data-start=\"559\" data-end=\"797\">\n<li data-start=\"559\" data-end=\"605\">\n<p data-start=\"561\" data-end=\"605\">Lavagem: 90 \u2103, 15 minutos, mais de 200 ciclos<\/p>\n<\/li>\n<li data-start=\"606\" data-end=\"647\">\n<p data-start=\"608\" data-end=\"647\">Press\u00e3o: 60 bar de press\u00e3o atmosf\u00e9rica<\/p>\n<\/li>\n<li data-start=\"648\" data-end=\"694\">\n<p data-start=\"650\" data-end=\"694\">Passadeira: 190 \u2103, 12 segundos, mais de 200 ciclos<\/p>\n<\/li>\n<li data-start=\"695\" data-end=\"745\">\n<p data-start=\"697\" data-end=\"745\">Pr\u00e9-secagem: 180 \u2103, 20 minutos, mais de 200 ciclos<\/p>\n<\/li>\n<li data-start=\"746\" data-end=\"797\">\n<p data-start=\"748\" data-end=\"797\">Esteriliza\u00e7\u00e3o: 135 \u2103, 20 minutos, mais de 200 ciclos<\/p>\n<\/li>\n<\/ul>\n<p data-start=\"799\" data-end=\"932\"><strong data-start=\"799\" data-end=\"812\">Casos de uso<\/strong><br data-start=\"812\" data-end=\"815\" \/>Costure etiquetas UHF RFID lav\u00e1veis e \u00e0 prova d&#039;\u00e1gua para roupas de cama de hotel, roupas para aluguel e rastreamento de vestu\u00e1rio m\u00e9dico.<\/p>\n<p data-start=\"934\" data-end=\"956\"><strong data-start=\"934\" data-end=\"954\">Desempenho RFID<\/strong><\/p>\n<ul data-start=\"957\" data-end=\"1368\">\n<li data-start=\"957\" data-end=\"1014\">\n<p data-start=\"959\" data-end=\"1014\">Protocolo: EPC Global UHF Classe 1 Gen 2 \/ ISO 18000-6C<\/p>\n<\/li>\n<li data-start=\"1015\" data-end=\"1049\">\n<p data-start=\"1017\" data-end=\"1049\">Frequ\u00eancia de opera\u00e7\u00e3o: 860\u2013960 MHz<\/p>\n<\/li>\n<li data-start=\"1050\" data-end=\"1071\">\n<p data-start=\"1052\" data-end=\"1071\">Chip: NXP UCODE 9<\/p>\n<\/li>\n<li data-start=\"1072\" data-end=\"1124\">\n<p data-start=\"1074\" data-end=\"1124\">Desempenho de leitura e grava\u00e7\u00e3o: R\/W (mais de 100.000 vezes)<\/p>\n<\/li>\n<li data-start=\"1125\" data-end=\"1151\">\n<p data-start=\"1127\" data-end=\"1151\">Armazenamento de dados: 20 anos<\/p>\n<\/li>\n<li data-start=\"1152\" data-end=\"1206\">\n<p data-start=\"1154\" data-end=\"1206\">Garantia: Dura 2 anos ou mais de 200 ciclos de lavagem.<\/p>\n<\/li>\n<li data-start=\"1207\" data-end=\"1252\">\n<p data-start=\"1209\" data-end=\"1252\">Polariza\u00e7\u00e3o da antena: Polariza\u00e7\u00e3o linear<\/p>\n<\/li>\n<li data-start=\"1253\" data-end=\"1368\">\n<p data-start=\"1255\" data-end=\"1299\">Dist\u00e2ncia de leitura (com base em testes de campo):<\/p>\n<ul data-start=\"1302\" data-end=\"1368\">\n<li data-start=\"1302\" data-end=\"1338\">\n<p data-start=\"1304\" data-end=\"1338\">Leitor fixo (2 W ERP): mais de 6 m<\/p>\n<\/li>\n<li data-start=\"1341\" data-end=\"1368\">\n<p data-start=\"1343\" data-end=\"1368\">Leitor port\u00e1til: mais de 3 m<\/p>\n<\/li>\n<\/ul>\n<\/li>\n<\/ul>\n<p data-start=\"1370\" data-end=\"1396\"><strong data-start=\"1370\" data-end=\"1394\">Desempenho F\u00edsico<\/strong><\/p>\n<ul data-start=\"1397\" data-end=\"2362\">\n<li data-start=\"1397\" data-end=\"1423\">\n<p data-start=\"1399\" data-end=\"1423\">Material principal: T\u00eaxtil<\/p>\n<\/li>\n<li data-start=\"1424\" data-end=\"1532\">\n<p data-start=\"1426\" data-end=\"1441\">Op\u00e7\u00f5es de tamanho:<\/p>\n<ul data-start=\"1444\" data-end=\"1532\">\n<li data-start=\"1444\" data-end=\"1481\">\n<p data-start=\"1446\" data-end=\"1481\">Tamanho: 35\u00d715 mm \/ 36\u00d718 mm \/ 55\u00d712 mm<\/p>\n<\/li>\n<li data-start=\"1484\" data-end=\"1532\">\n<p data-start=\"1486\" data-end=\"1532\">M: 58\u00d715 mm \/ 70\u00d710 mm \/ 70\u00d718 mm \/ 70\u00d715 mm<\/p>\n<\/li>\n<\/ul>\n<\/li>\n<li data-start=\"1533\" data-end=\"1575\">\n<p data-start=\"1535\" data-end=\"1575\">Temperatura de opera\u00e7\u00e3o: \u221225 \u2103 a +110 \u2103<\/p>\n<\/li>\n<li data-start=\"1576\" data-end=\"1616\">\n<p data-start=\"1578\" data-end=\"1616\">Temperatura de armazenamento: \u221240 \u2103 a +110 \u2103<\/p>\n<\/li>\n<li data-start=\"1617\" data-end=\"1645\">\n<p data-start=\"1619\" data-end=\"1645\">Umidade de armazenamento: 5%\u201395%<\/p>\n<\/li>\n<li data-start=\"1646\" data-end=\"1876\">\n<p data-start=\"1648\" data-end=\"1695\">Resist\u00eancia t\u00e9rmica de curto prazo (a cada 200 ciclos):<\/p>\n<ul data-start=\"1698\" data-end=\"1876\">\n<li data-start=\"1698\" data-end=\"1731\">\n<p data-start=\"1700\" data-end=\"1731\">Lavagem: 90 \u2103 (194 \u2109), 15 min<\/p>\n<\/li>\n<li data-start=\"1734\" data-end=\"1766\">\n<p data-start=\"1736\" data-end=\"1766\">Passar a ferro: 190 \u2103 (356 \u2109), 10 s<\/p>\n<\/li>\n<li data-start=\"1769\" data-end=\"1816\">\n<p data-start=\"1771\" data-end=\"1816\">Pr\u00e9-secagem do conversor: 180 \u2103 (320 \u2109), 30 min<\/p>\n<\/li>\n<li data-start=\"1819\" data-end=\"1876\">\n<p data-start=\"1821\" data-end=\"1876\">Esteriliza\u00e7\u00e3o em alta temperatura: 135 \u2103 (275 \u2109), 20 min<\/p>\n<\/li>\n<\/ul>\n<\/li>\n<li data-start=\"1877\" data-end=\"1909\">\n<p data-start=\"1879\" data-end=\"1909\">Press\u00e3o: 60 bar atmosf\u00e9rico<\/p>\n<\/li>\n<li data-start=\"1910\" data-end=\"2035\">\n<p data-start=\"1912\" data-end=\"1935\">M\u00e9todos de instala\u00e7\u00e3o:<\/p>\n<ol data-start=\"1938\" data-end=\"2035\">\n<li data-start=\"1938\" data-end=\"1971\">\n<p data-start=\"1941\" data-end=\"1971\">Costurar ou colocar em uma bolsa<\/p>\n<\/li>\n<li data-start=\"1974\" data-end=\"2035\">\n<p data-start=\"1977\" data-end=\"2035\">Passar a ferro a quente a 215 \u00b0C durante 18 segundos com press\u00e3o de 0,6 a 0,8 MPa.<\/p>\n<\/li>\n<\/ol>\n<\/li>\n<li data-start=\"2036\" data-end=\"2129\">\n<p data-start=\"2038\" data-end=\"2129\">Resist\u00eancia qu\u00edmica: Suporta todos os produtos qu\u00edmicos utilizados em processos normais de lavanderia industrial.<\/p>\n<\/li>\n<li data-start=\"2130\" data-end=\"2213\">\n<p data-start=\"2132\" data-end=\"2213\">Testes aprovados: RoHS, MRI, SVHC, GB18401, EECC, OEKO-TEX\u00ae Standard 100 (Classe II)<\/p>\n<\/li>\n<li data-start=\"2214\" data-end=\"2362\">\n<p data-start=\"2216\" data-end=\"2241\">Atendimento personalizado:<\/p>\n<ul data-start=\"2244\" data-end=\"2362\">\n<li data-start=\"2244\" data-end=\"2275\">\n<p data-start=\"2246\" data-end=\"2275\">EPC pr\u00e9-programado \/ ID EPC<\/p>\n<\/li>\n<li data-start=\"2278\" data-end=\"2338\">\n<p data-start=\"2280\" data-end=\"2338\">Impress\u00e3o: logotipo, n\u00famero de identifica\u00e7\u00e3o\/s\u00e9rie a laser, letras, d\u00edgitos<\/p>\n<\/li>\n<li data-start=\"2341\" data-end=\"2362\">\n<p data-start=\"2343\" data-end=\"2362\">op\u00e7\u00f5es de pr\u00e9-criptografia<\/p>\n<\/li>\n<\/ul>\n<\/li>\n<\/ul>\n<h2 data-start=\"2364\" data-end=\"2389\">Tabela (Especifica\u00e7\u00f5es)<\/h2>\n<div class=\"_tableContainer_1rjym_1\">\n<div class=\"group _tableWrapper_1rjym_13 flex w-fit flex-col-reverse\" tabindex=\"-1\">\n<table class=\"w-fit min-w-(--thread-content-width)\" data-start=\"2391\" data-end=\"6638\">\n<thead data-start=\"2391\" data-end=\"2541\">\n<tr data-start=\"2391\" data-end=\"2541\">\n<th data-start=\"2391\" data-end=\"2415\" data-col-size=\"sm\">Categoria<\/th>\n<th data-start=\"2415\" data-end=\"2451\" data-col-size=\"sm\">Par\u00e2metro<\/th>\n<th data-start=\"2451\" data-end=\"2541\" data-col-size=\"md\">Valor<\/th>\n<\/tr>\n<\/thead>\n<tbody data-start=\"2692\" data-end=\"6638\">\n<tr data-start=\"2692\" data-end=\"2842\">\n<td data-start=\"2692\" data-end=\"2715\" data-col-size=\"sm\">Produto<\/td>\n<td data-col-size=\"sm\" data-start=\"2715\" data-end=\"2752\">Nome<\/td>\n<td data-col-size=\"md\" data-start=\"2752\" data-end=\"2842\">Etiqueta de lavanderia UHF RFID lav\u00e1vel para tecidos com furo met\u00e1lico<\/td>\n<\/tr>\n<tr data-start=\"2843\" data-end=\"2993\">\n<td data-start=\"2843\" data-end=\"2866\" data-col-size=\"sm\">Casos de uso<\/td>\n<td data-col-size=\"sm\" data-start=\"2866\" data-end=\"2903\">Aplica\u00e7\u00f5es t\u00edpicas<\/td>\n<td data-col-size=\"md\" data-start=\"2903\" data-end=\"2993\">Roupas de cama para hotel, aluguel de roupas, vestu\u00e1rio m\u00e9dico, uniformes, roupas de trabalho, fantasias.<\/td>\n<\/tr>\n<tr data-start=\"2994\" data-end=\"3144\">\n<td data-start=\"2994\" data-end=\"3017\" data-col-size=\"sm\">Desempenho RFID<\/td>\n<td data-start=\"3017\" data-end=\"3054\" data-col-size=\"sm\">Protocolo<\/td>\n<td data-col-size=\"md\" data-start=\"3054\" data-end=\"3144\">EPC Global UHF Classe 1 Gera\u00e7\u00e3o 2 \/ ISO 18000-6C<\/td>\n<\/tr>\n<tr data-start=\"3145\" data-end=\"3296\">\n<td data-start=\"3145\" data-end=\"3168\" data-col-size=\"sm\"><\/td>\n<td data-col-size=\"sm\" data-start=\"3168\" data-end=\"3205\">Frequ\u00eancia de trabalho<\/td>\n<td data-col-size=\"md\" data-start=\"3205\" data-end=\"3296\">860\u2013960 MHz<\/td>\n<\/tr>\n<tr data-start=\"3297\" data-end=\"3448\">\n<td data-start=\"3297\" data-end=\"3320\" data-col-size=\"sm\"><\/td>\n<td data-col-size=\"sm\" data-start=\"3320\" data-end=\"3357\">Chip<\/td>\n<td data-col-size=\"md\" data-start=\"3357\" data-end=\"3448\">NXP UCODE 9<\/td>\n<\/tr>\n<tr data-start=\"3449\" data-end=\"3600\">\n<td data-start=\"3449\" data-end=\"3472\" data-col-size=\"sm\"><\/td>\n<td data-start=\"3472\" data-end=\"3509\" data-col-size=\"sm\">resist\u00eancia R\/W<\/td>\n<td data-col-size=\"md\" data-start=\"3509\" data-end=\"3600\">Mais de 100.000 vezes<\/td>\n<\/tr>\n<tr data-start=\"3601\" data-end=\"3752\">\n<td data-start=\"3601\" data-end=\"3624\" data-col-size=\"sm\"><\/td>\n<td data-start=\"3624\" data-end=\"3661\" data-col-size=\"sm\">Reten\u00e7\u00e3o de dados<\/td>\n<td data-col-size=\"md\" data-start=\"3661\" data-end=\"3752\">20 anos<\/td>\n<\/tr>\n<tr data-start=\"3753\" data-end=\"3905\">\n<td data-start=\"3753\" data-end=\"3776\" data-col-size=\"sm\"><\/td>\n<td data-start=\"3776\" data-end=\"3814\" data-col-size=\"sm\">Garantia<\/td>\n<td data-col-size=\"md\" data-start=\"3814\" data-end=\"3905\">2 anos ou \u2265200 ciclos de lavagem<\/td>\n<\/tr>\n<tr data-start=\"3906\" data-end=\"4057\">\n<td data-start=\"3906\" data-end=\"3929\" data-col-size=\"sm\"><\/td>\n<td data-start=\"3929\" data-end=\"3966\" data-col-size=\"sm\">Polariza\u00e7\u00e3o da antena<\/td>\n<td data-start=\"3966\" data-end=\"4057\" data-col-size=\"md\">Linear<\/td>\n<\/tr>\n<tr data-start=\"4058\" data-end=\"4209\">\n<td data-start=\"4058\" data-end=\"4081\" data-col-size=\"sm\"><\/td>\n<td data-col-size=\"sm\" data-start=\"4081\" data-end=\"4118\">Dist\u00e2ncia de leitura (fixa, 2 W ERP)<\/td>\n<td data-col-size=\"md\" data-start=\"4118\" data-end=\"4209\">&gt;6 m<\/td>\n<\/tr>\n<tr data-start=\"4210\" data-end=\"4361\">\n<td data-start=\"4210\" data-end=\"4233\" data-col-size=\"sm\"><\/td>\n<td data-col-size=\"sm\" data-start=\"4233\" data-end=\"4270\">Dist\u00e2ncia de leitura (dispositivo port\u00e1til)<\/td>\n<td data-col-size=\"md\" data-start=\"4270\" data-end=\"4361\">&gt;3 m<\/td>\n<\/tr>\n<tr data-start=\"4362\" data-end=\"4513\">\n<td data-start=\"4362\" data-end=\"4385\" data-col-size=\"sm\">F\u00edsico<\/td>\n<td data-col-size=\"sm\" data-start=\"4385\" data-end=\"4422\">Material principal<\/td>\n<td data-col-size=\"md\" data-start=\"4422\" data-end=\"4513\">T\u00eaxtil<\/td>\n<\/tr>\n<tr data-start=\"4514\" data-end=\"4665\">\n<td data-start=\"4514\" data-end=\"4537\" data-col-size=\"sm\"><\/td>\n<td data-col-size=\"sm\" data-start=\"4537\" data-end=\"4574\">Tamanhos (P)<\/td>\n<td data-col-size=\"md\" data-start=\"4574\" data-end=\"4665\">35\u00d715 mm; 36\u00d718 mm; 55\u00d712 mm<\/td>\n<\/tr>\n<tr data-start=\"4666\" data-end=\"4817\">\n<td data-start=\"4666\" data-end=\"4689\" data-col-size=\"sm\"><\/td>\n<td data-start=\"4689\" data-end=\"4726\" data-col-size=\"sm\">Tamanhos (M)<\/td>\n<td data-col-size=\"md\" data-start=\"4726\" data-end=\"4817\">58\u00d715 mm; 70\u00d710 mm; 70\u00d718 mm; 70\u00d715 mm<\/td>\n<\/tr>\n<tr data-start=\"4818\" data-end=\"4969\">\n<td data-start=\"4818\" data-end=\"4841\" data-col-size=\"sm\">Ambiente<\/td>\n<td data-col-size=\"sm\" data-start=\"4841\" data-end=\"4878\">Temperatura de opera\u00e7\u00e3o<\/td>\n<td data-col-size=\"md\" data-start=\"4878\" data-end=\"4969\">\u221225 \u2103 a +110 \u2103<\/td>\n<\/tr>\n<tr data-start=\"4970\" data-end=\"5121\">\n<td data-start=\"4970\" data-end=\"4993\" data-col-size=\"sm\"><\/td>\n<td data-start=\"4993\" data-end=\"5030\" data-col-size=\"sm\">Temperatura de armazenamento<\/td>\n<td data-col-size=\"md\" data-start=\"5030\" data-end=\"5121\">\u221240 \u2103 a +110 \u2103<\/td>\n<\/tr>\n<tr data-start=\"5122\" data-end=\"5272\">\n<td data-start=\"5122\" data-end=\"5145\" data-col-size=\"sm\"><\/td>\n<td data-col-size=\"sm\" data-start=\"5145\" data-end=\"5182\">Umidade de armazenamento<\/td>\n<td data-col-size=\"md\" data-start=\"5182\" data-end=\"5272\">5%\u201395%<\/td>\n<\/tr>\n<tr data-start=\"5273\" data-end=\"5424\">\n<td data-start=\"5273\" data-end=\"5296\" data-col-size=\"sm\">Resist\u00eancia do processo<\/td>\n<td data-col-size=\"sm\" data-start=\"5296\" data-end=\"5333\">Lavagem<\/td>\n<td data-col-size=\"md\" data-start=\"5333\" data-end=\"5424\">90 \u2103, 15 min, 200 ciclos<\/td>\n<\/tr>\n<tr data-start=\"5425\" data-end=\"5576\">\n<td data-start=\"5425\" data-end=\"5448\" data-col-size=\"sm\"><\/td>\n<td data-col-size=\"sm\" data-start=\"5448\" data-end=\"5485\">Passar roupa<\/td>\n<td data-col-size=\"md\" data-start=\"5485\" data-end=\"5576\">190 \u2103, 10\u201312 s, 200 ciclos<\/td>\n<\/tr>\n<tr data-start=\"5577\" data-end=\"5728\">\n<td data-start=\"5577\" data-end=\"5600\" data-col-size=\"sm\"><\/td>\n<td data-col-size=\"sm\" data-start=\"5600\" data-end=\"5637\">Pr\u00e9-secagem<\/td>\n<td data-col-size=\"md\" data-start=\"5637\" data-end=\"5728\">180 \u2103, 20\u201330 min, 200 ciclos<\/td>\n<\/tr>\n<tr data-start=\"5729\" data-end=\"5880\">\n<td data-start=\"5729\" data-end=\"5752\" data-col-size=\"sm\"><\/td>\n<td data-col-size=\"sm\" data-start=\"5752\" data-end=\"5789\">Esteriliza\u00e7\u00e3o<\/td>\n<td data-col-size=\"md\" data-start=\"5789\" data-end=\"5880\">135 \u2103, 20 min, 200 ciclos<\/td>\n<\/tr>\n<tr data-start=\"5881\" data-end=\"6032\">\n<td data-start=\"5881\" data-end=\"5904\" data-col-size=\"sm\"><\/td>\n<td data-col-size=\"sm\" data-start=\"5904\" data-end=\"5941\">Press\u00e3o<\/td>\n<td data-col-size=\"md\" data-start=\"5941\" data-end=\"6032\">60 bar atmosf\u00e9rico<\/td>\n<\/tr>\n<tr data-start=\"6033\" data-end=\"6184\">\n<td data-start=\"6033\" data-end=\"6056\" data-col-size=\"sm\">Instala\u00e7\u00e3o<\/td>\n<td data-col-size=\"sm\" data-start=\"6056\" data-end=\"6093\">M\u00e9todos<\/td>\n<td data-col-size=\"md\" data-start=\"6093\" data-end=\"6184\">Costura\/inser\u00e7\u00e3o da bolsa; ou passar a ferro a 215 \u2103 \u00d7 18 s a 0,6\u20130,8 MPa<\/td>\n<\/tr>\n<tr data-start=\"6185\" data-end=\"6336\">\n<td data-start=\"6185\" data-end=\"6208\" data-col-size=\"sm\">Produtos qu\u00edmicos<\/td>\n<td data-col-size=\"sm\" data-start=\"6208\" data-end=\"6245\">Resist\u00eancia<\/td>\n<td data-col-size=\"md\" data-start=\"6245\" data-end=\"6336\">Resiste aos produtos qu\u00edmicos utilizados em processos normais de lavanderia industrial.<\/td>\n<\/tr>\n<tr data-start=\"6337\" data-end=\"6487\">\n<td data-start=\"6337\" data-end=\"6360\" data-col-size=\"sm\">Conformidade e testes<\/td>\n<td data-col-size=\"sm\" data-start=\"6360\" data-end=\"6397\">Padr\u00f5es aprovados<\/td>\n<td data-col-size=\"md\" data-start=\"6397\" data-end=\"6487\">RoHS, resson\u00e2ncia magn\u00e9tica, SVHC, GB18401, EECC, OEKO-TEX\u00ae Padr\u00e3o 100 (Classe II)<\/td>\n<\/tr>\n<tr data-start=\"6488\" data-end=\"6638\">\n<td data-start=\"6488\" data-end=\"6511\" data-col-size=\"sm\">Personaliza\u00e7\u00e3o<\/td>\n<td data-col-size=\"sm\" data-start=\"6511\" data-end=\"6548\">Op\u00e7\u00f5es<\/td>\n<td data-col-size=\"md\" data-start=\"6548\" data-end=\"6638\">Pr\u00e9-programa\u00e7\u00e3o de EPC\/ID EPC; impress\u00e3o (logotipo, laser TID\/n\u00famero de s\u00e9rie), letras\/d\u00edgitos; pr\u00e9-criptografia<\/td>\n<\/tr>\n<\/tbody>\n<\/table>\n<\/div>\n<\/div>","protected":false},"excerpt":{"rendered":"<p>Etiqueta t\u00eaxtil UHF RFID costur\u00e1vel e lav\u00e1vel com furo met\u00e1lico \u2014 resistente a mais de 200 ciclos de lavagem, leitura superior a 6 m (fixa), resistente a 60 bar e compat\u00edvel com costura ou instala\u00e7\u00e3o por selagem t\u00e9rmica a 215 \u00b0C.<\/p>","protected":false},"featured_media":717,"template":"","meta":{"_gspb_post_css":""},"product_brand":[],"product_cat":[18,17],"product_tag":[],"class_list":{"0":"post-716","1":"product","2":"type-product","3":"status-publish","4":"has-post-thumbnail","6":"product_cat-textile-rfid-laundry-tags","7":"product_cat-rfid-laundry-tags","9":"first","10":"instock","11":"shipping-taxable","12":"purchasable","13":"product-type-simple"},"_links":{"self":[{"href":"https:\/\/www.cxjsmartcard.com\/pt\/wp-json\/wp\/v2\/product\/716","targetHints":{"allow":["GET"]}}],"collection":[{"href":"https:\/\/www.cxjsmartcard.com\/pt\/wp-json\/wp\/v2\/product"}],"about":[{"href":"https:\/\/www.cxjsmartcard.com\/pt\/wp-json\/wp\/v2\/types\/product"}],"wp:featuredmedia":[{"embeddable":true,"href":"https:\/\/www.cxjsmartcard.com\/pt\/wp-json\/wp\/v2\/media\/717"}],"wp:attachment":[{"href":"https:\/\/www.cxjsmartcard.com\/pt\/wp-json\/wp\/v2\/media?parent=716"}],"wp:term":[{"taxonomy":"product_brand","embeddable":true,"href":"https:\/\/www.cxjsmartcard.com\/pt\/wp-json\/wp\/v2\/product_brand?post=716"},{"taxonomy":"product_cat","embeddable":true,"href":"https:\/\/www.cxjsmartcard.com\/pt\/wp-json\/wp\/v2\/product_cat?post=716"},{"taxonomy":"product_tag","embeddable":true,"href":"https:\/\/www.cxjsmartcard.com\/pt\/wp-json\/wp\/v2\/product_tag?post=716"}],"curies":[{"name":"wp","href":"https:\/\/api.w.org\/{rel}","templated":true}]}}