{"id":711,"date":"2025-11-03T06:48:32","date_gmt":"2025-11-03T06:48:32","guid":{"rendered":"https:\/\/www.cxjsmartcard.com\/?post_type=product&#038;p=711"},"modified":"2025-12-29T01:27:11","modified_gmt":"2025-12-29T01:27:11","slug":"washable-uhf-laundry-label-for-fabric-tracking","status":"publish","type":"product","link":"https:\/\/www.cxjsmartcard.com\/pt\/washable-uhf-laundry-label-for-fabric-tracking\/","title":{"rendered":"Etiqueta UHF lav\u00e1vel para rastreamento de tecidos na lavanderia."},"content":{"rendered":"<p data-start=\"58\" data-end=\"322\">A etiqueta RFID UHF para lavanderia foi projetada para suportar os processos de lavanderia de hot\u00e9is e institui\u00e7\u00f5es, oferecendo durabilidade para lavagem, secagem, lavagem a seco e passadoria. \u00c9 ideal para o gerenciamento de uniformes profissionais, fantasias e itens de aluguel, como tapetes e toalhas.<\/p>\n<p data-start=\"324\" data-end=\"338\"><strong data-start=\"324\" data-end=\"336\">Caracter\u00edsticas<\/strong><\/p>\n<ol data-start=\"339\" data-end=\"666\">\n<li data-start=\"339\" data-end=\"400\">\n<p data-start=\"342\" data-end=\"400\">Ultrafino, flex\u00edvel, macio \u2014 totalmente feito de tecido.<\/p>\n<\/li>\n<li data-start=\"401\" data-end=\"465\">\n<p data-start=\"404\" data-end=\"465\">Alcance de leitura de at\u00e9 10 m (fora do metal) com polariza\u00e7\u00e3o linear.<\/p>\n<\/li>\n<li data-start=\"466\" data-end=\"521\">\n<p data-start=\"469\" data-end=\"521\">Circuito integrado Impinj R6-P, compat\u00edvel com EPC Gen2 \/ ISO 18000-6C.<\/p>\n<\/li>\n<li data-start=\"522\" data-end=\"568\">\n<p data-start=\"525\" data-end=\"568\">Otimizado para armazenamento em ar; reten\u00e7\u00e3o de dados por 50 anos.<\/p>\n<\/li>\n<li data-start=\"569\" data-end=\"623\">\n<p data-start=\"572\" data-end=\"623\">Classifica\u00e7\u00e3o IP68; suporta tens\u00e3o mec\u00e2nica de 60 bar.<\/p>\n<\/li>\n<li data-start=\"624\" data-end=\"666\">\n<p data-start=\"627\" data-end=\"666\">Op\u00e7\u00f5es de fixa\u00e7\u00e3o por selagem t\u00e9rmica ou costura.<\/p>\n<\/li>\n<\/ol>\n<p data-start=\"668\" data-end=\"686\"><strong data-start=\"668\" data-end=\"684\">Aplica\u00e7\u00f5es<\/strong><\/p>\n<ol data-start=\"687\" data-end=\"808\">\n<li data-start=\"687\" data-end=\"740\">\n<p data-start=\"690\" data-end=\"740\">Adequado para lavagem, lavagem a seco e passadoria.<\/p>\n<\/li>\n<li data-start=\"741\" data-end=\"808\">\n<p data-start=\"744\" data-end=\"808\">Rastreamento e gerenciamento de len\u00e7\u00f3is, uniformes, jalecos, etc., de hot\u00e9is.<\/p>\n<\/li>\n<\/ol>\n<p data-start=\"810\" data-end=\"966\"><strong data-start=\"810\" data-end=\"842\">Perguntas frequentes sobre etiquetas RFID para lavanderia<\/strong><br data-start=\"842\" data-end=\"845\" \/><strong data-start=\"845\" data-end=\"851\">P:<\/strong> Essas etiquetas s\u00e3o compat\u00edveis com todos os leitores RFID?<br data-start=\"900\" data-end=\"903\" \/><strong data-start=\"903\" data-end=\"909\">UM:<\/strong> Sim, qualquer leitor compat\u00edvel com ISO\/IEC 18000-6C (EPC Gen2).<\/p>\n<p data-start=\"968\" data-end=\"1096\"><strong data-start=\"968\" data-end=\"974\">P:<\/strong> As etiquetas podem ser costuradas em qualquer tecido?<br data-start=\"1012\" data-end=\"1015\" \/><strong data-start=\"1015\" data-end=\"1021\">UM:<\/strong> Com certeza. Projetado para vestu\u00e1rio e t\u00eaxteis \u2014 uniformes, len\u00e7\u00f3is, jalecos.<\/p>\n<p data-start=\"1098\" data-end=\"1202\"><strong data-start=\"1098\" data-end=\"1104\">P:<\/strong> Voc\u00eas fornecem amostras?<br data-start=\"1128\" data-end=\"1131\" \/><strong data-start=\"1131\" data-end=\"1137\">UM:<\/strong> Sim. Conte-nos suas necessidades em rela\u00e7\u00e3o \u00e0 solu\u00e7\u00e3o RFID e providenciaremos amostras.<\/p>\n<h2 data-start=\"1278\" data-end=\"1303\">Tabela (Especifica\u00e7\u00f5es)<\/h2>\n<div class=\"_tableContainer_1rjym_1\">\n<div class=\"group _tableWrapper_1rjym_13 flex w-fit flex-col-reverse\" tabindex=\"-1\">\n<table class=\"w-fit min-w-(--thread-content-width)\" data-start=\"1305\" data-end=\"5015\">\n<thead data-start=\"1305\" data-end=\"1452\">\n<tr data-start=\"1305\" data-end=\"1452\">\n<th data-start=\"1305\" data-end=\"1333\" data-col-size=\"sm\">Categoria<\/th>\n<th data-start=\"1333\" data-end=\"1361\" data-col-size=\"sm\">Par\u00e2metro<\/th>\n<th data-start=\"1361\" data-end=\"1452\" data-col-size=\"lg\">Valor<\/th>\n<\/tr>\n<\/thead>\n<tbody data-start=\"1600\" data-end=\"5015\">\n<tr data-start=\"1600\" data-end=\"1745\">\n<td data-start=\"1600\" data-end=\"1627\" data-col-size=\"sm\">Especifica\u00e7\u00f5es de RF<\/td>\n<td data-col-size=\"sm\" data-start=\"1627\" data-end=\"1655\">Protocolo de ar RF<\/td>\n<td data-col-size=\"lg\" data-start=\"1655\" data-end=\"1745\">EPC Global Classe 1 Gen2 \/ ISO 18000-6C<\/td>\n<\/tr>\n<tr data-start=\"1746\" data-end=\"1891\">\n<td data-start=\"1746\" data-end=\"1773\" data-col-size=\"sm\"><\/td>\n<td data-start=\"1773\" data-end=\"1801\" data-col-size=\"sm\">Frequ\u00eancia de opera\u00e7\u00e3o<\/td>\n<td data-col-size=\"lg\" data-start=\"1801\" data-end=\"1891\">UHF 866\u2013868 MHz (ETSI) \/ 902\u2013928 MHz (FCC)<\/td>\n<\/tr>\n<tr data-start=\"1892\" data-end=\"2038\">\n<td data-start=\"1892\" data-end=\"1919\" data-col-size=\"sm\"><\/td>\n<td data-start=\"1919\" data-end=\"1947\" data-col-size=\"sm\">Compatibilidade ambiental<\/td>\n<td data-start=\"1947\" data-end=\"2038\" data-col-size=\"lg\">Otimizado no ar<\/td>\n<\/tr>\n<tr data-start=\"2039\" data-end=\"2185\">\n<td data-start=\"2039\" data-end=\"2066\" data-col-size=\"sm\"><\/td>\n<td data-start=\"2066\" data-end=\"2094\" data-col-size=\"sm\">Reten\u00e7\u00e3o de dados<\/td>\n<td data-col-size=\"lg\" data-start=\"2094\" data-end=\"2185\">50 anos<\/td>\n<\/tr>\n<tr data-start=\"2186\" data-end=\"2332\">\n<td data-start=\"2186\" data-end=\"2213\" data-col-size=\"sm\"><\/td>\n<td data-start=\"2213\" data-end=\"2241\" data-col-size=\"sm\">Intervalo de leitura<\/td>\n<td data-start=\"2241\" data-end=\"2332\" data-col-size=\"lg\">At\u00e9 10 m (fora do metal)<\/td>\n<\/tr>\n<tr data-start=\"2333\" data-end=\"2479\">\n<td data-start=\"2333\" data-end=\"2360\" data-col-size=\"sm\"><\/td>\n<td data-start=\"2360\" data-end=\"2388\" data-col-size=\"sm\">Polariza\u00e7\u00e3o<\/td>\n<td data-col-size=\"lg\" data-start=\"2388\" data-end=\"2479\">Linear<\/td>\n<\/tr>\n<tr data-start=\"2480\" data-end=\"2626\">\n<td data-start=\"2480\" data-end=\"2507\" data-col-size=\"sm\"><\/td>\n<td data-start=\"2507\" data-end=\"2535\" data-col-size=\"sm\">Tipo de CI<\/td>\n<td data-start=\"2535\" data-end=\"2626\" data-col-size=\"lg\">Impinj R6-P<\/td>\n<\/tr>\n<tr data-start=\"2627\" data-end=\"2773\">\n<td data-start=\"2627\" data-end=\"2654\" data-col-size=\"sm\"><\/td>\n<td data-start=\"2654\" data-end=\"2682\" data-col-size=\"sm\">Configura\u00e7\u00e3o de mem\u00f3ria<\/td>\n<td data-col-size=\"lg\" data-start=\"2682\" data-end=\"2773\">EPC 128 bits; TID 96 bits; Usu\u00e1rio 32 bits<\/td>\n<\/tr>\n<tr data-start=\"2774\" data-end=\"2920\">\n<td data-start=\"2774\" data-end=\"2801\" data-col-size=\"sm\">Mec\u00e2nico<\/td>\n<td data-col-size=\"sm\" data-start=\"2801\" data-end=\"2829\">Materiais de etiqueta<\/td>\n<td data-col-size=\"lg\" data-start=\"2829\" data-end=\"2920\">Fio de metal<\/td>\n<\/tr>\n<tr data-start=\"2921\" data-end=\"3067\">\n<td data-start=\"2921\" data-end=\"2948\" data-col-size=\"sm\"><\/td>\n<td data-col-size=\"sm\" data-start=\"2948\" data-end=\"2976\">Materiais de superf\u00edcie<\/td>\n<td data-col-size=\"lg\" data-start=\"2976\" data-end=\"3067\">T\u00eaxtil<\/td>\n<\/tr>\n<tr data-start=\"3068\" data-end=\"3214\">\n<td data-start=\"3068\" data-end=\"3095\" data-col-size=\"sm\"><\/td>\n<td data-col-size=\"sm\" data-start=\"3095\" data-end=\"3123\">Dimens\u00f5es<\/td>\n<td data-col-size=\"lg\" data-start=\"3123\" data-end=\"3214\">15 \u00d7 75 \u00d7 1,5 mm<\/td>\n<\/tr>\n<tr data-start=\"3215\" data-end=\"3361\">\n<td data-start=\"3215\" data-end=\"3242\" data-col-size=\"sm\"><\/td>\n<td data-col-size=\"sm\" data-start=\"3242\" data-end=\"3270\">Peso<\/td>\n<td data-col-size=\"lg\" data-start=\"3270\" data-end=\"3361\">0,5 g<\/td>\n<\/tr>\n<tr data-start=\"3362\" data-end=\"3508\">\n<td data-start=\"3362\" data-end=\"3389\" data-col-size=\"sm\"><\/td>\n<td data-col-size=\"sm\" data-start=\"3389\" data-end=\"3417\">Anexo<\/td>\n<td data-col-size=\"lg\" data-start=\"3417\" data-end=\"3508\">L-T7515S: Costure na bainha ou na etiqueta tecida; L-T7515P: Sele a quente a 215 \u2103 \u00d7 15 s a 4 bar<\/td>\n<\/tr>\n<tr data-start=\"3509\" data-end=\"3655\">\n<td data-start=\"3509\" data-end=\"3536\" data-col-size=\"sm\">Apar\u00eancia<\/td>\n<td data-col-size=\"sm\" data-start=\"3536\" data-end=\"3564\">Cor<\/td>\n<td data-col-size=\"lg\" data-start=\"3564\" data-end=\"3655\">Branco<\/td>\n<\/tr>\n<tr data-start=\"3656\" data-end=\"3802\">\n<td data-start=\"3656\" data-end=\"3683\" data-col-size=\"sm\">Ambiental<\/td>\n<td data-start=\"3683\" data-end=\"3711\" data-col-size=\"sm\">Temperatura de opera\u00e7\u00e3o<\/td>\n<td data-col-size=\"lg\" data-start=\"3711\" data-end=\"3802\">\u221230 \u2103 a +85 \u2103<\/td>\n<\/tr>\n<tr data-start=\"3803\" data-end=\"3949\">\n<td data-start=\"3803\" data-end=\"3830\" data-col-size=\"sm\"><\/td>\n<td data-col-size=\"sm\" data-start=\"3830\" data-end=\"3858\">Temperatura ambiente<\/td>\n<td data-col-size=\"lg\" data-start=\"3858\" data-end=\"3949\">\u221230 \u2103 a +110 \u2103<\/td>\n<\/tr>\n<tr data-start=\"3950\" data-end=\"4096\">\n<td data-start=\"3950\" data-end=\"3977\" data-col-size=\"sm\"><\/td>\n<td data-col-size=\"sm\" data-start=\"3977\" data-end=\"4005\">Resist\u00eancia mec\u00e2nica<\/td>\n<td data-col-size=\"lg\" data-start=\"4005\" data-end=\"4096\">60 bar<\/td>\n<\/tr>\n<tr data-start=\"4097\" data-end=\"4243\">\n<td data-start=\"4097\" data-end=\"4124\" data-col-size=\"sm\"><\/td>\n<td data-col-size=\"sm\" data-start=\"4124\" data-end=\"4152\">Resist\u00eancia qu\u00edmica<\/td>\n<td data-col-size=\"lg\" data-start=\"4152\" data-end=\"4243\">Produtos qu\u00edmicos comuns usados em processos de lavagem<\/td>\n<\/tr>\n<tr data-start=\"4244\" data-end=\"4427\">\n<td data-start=\"4244\" data-end=\"4271\" data-col-size=\"sm\"><\/td>\n<td data-col-size=\"sm\" data-start=\"4271\" data-end=\"4299\">Resist\u00eancia ao calor<\/td>\n<td data-col-size=\"lg\" data-start=\"4299\" data-end=\"4427\">Lavagem: 90 \u00b0C, 15 min, 200 ciclos; Pr\u00e9-secagem: 180 \u00b0C, 30 min; Passar a ferro: 180 \u00b0C, 10 s, 200 ciclos; Esteriliza\u00e7\u00e3o: 135 \u00b0C, 20 min<\/td>\n<\/tr>\n<tr data-start=\"4428\" data-end=\"4574\">\n<td data-start=\"4428\" data-end=\"4455\" data-col-size=\"sm\">Classifica\u00e7\u00f5es e Conformidade<\/td>\n<td data-start=\"4455\" data-end=\"4483\" data-col-size=\"sm\">Prote\u00e7\u00e3o contra entrada<\/td>\n<td data-col-size=\"lg\" data-start=\"4483\" data-end=\"4574\">IP68<\/td>\n<\/tr>\n<tr data-start=\"4575\" data-end=\"4721\">\n<td data-start=\"4575\" data-end=\"4602\" data-col-size=\"sm\"><\/td>\n<td data-col-size=\"sm\" data-start=\"4602\" data-end=\"4630\">Choque e vibra\u00e7\u00e3o<\/td>\n<td data-col-size=\"lg\" data-start=\"4630\" data-end=\"4721\">MIL-STD-810F<\/td>\n<\/tr>\n<tr data-start=\"4722\" data-end=\"4868\">\n<td data-start=\"4722\" data-end=\"4749\" data-col-size=\"sm\"><\/td>\n<td data-col-size=\"sm\" data-start=\"4749\" data-end=\"4777\">Certifica\u00e7\u00f5es<\/td>\n<td data-col-size=\"lg\" data-start=\"4777\" data-end=\"4868\">Certifica\u00e7\u00f5es CE, RoHS e ATEX\/IECEx.<\/td>\n<\/tr>\n<tr data-start=\"4869\" data-end=\"5015\">\n<td data-start=\"4869\" data-end=\"4896\" data-col-size=\"sm\">Ciclo de vida e garantia<\/td>\n<td data-col-size=\"sm\" data-start=\"4896\" data-end=\"4924\">Garantia<\/td>\n<td data-col-size=\"lg\" data-start=\"4924\" data-end=\"5015\">2 anos ou 200 ciclos de lavagem<\/td>\n<\/tr>\n<\/tbody>\n<\/table>\n<\/div>\n<\/div>","protected":false},"excerpt":{"rendered":"<p>Etiqueta de tecido UHF lav\u00e1vel com Impinj R6-P, alcance de leitura de at\u00e9 10 m, classifica\u00e7\u00e3o IP68 e resist\u00eancia a 200 ciclos de calor\/press\u00e3o \u2014 para costurar ou selar a quente em roupas de cama de hot\u00e9is e hospitais.<\/p>","protected":false},"featured_media":715,"template":"","meta":{"_gspb_post_css":""},"product_brand":[],"product_cat":[17,18],"product_tag":[],"class_list":{"0":"post-711","1":"product","2":"type-product","3":"status-publish","4":"has-post-thumbnail","6":"product_cat-rfid-laundry-tags","7":"product_cat-textile-rfid-laundry-tags","9":"first","10":"instock","11":"shipping-taxable","12":"purchasable","13":"product-type-simple"},"_links":{"self":[{"href":"https:\/\/www.cxjsmartcard.com\/pt\/wp-json\/wp\/v2\/product\/711","targetHints":{"allow":["GET"]}}],"collection":[{"href":"https:\/\/www.cxjsmartcard.com\/pt\/wp-json\/wp\/v2\/product"}],"about":[{"href":"https:\/\/www.cxjsmartcard.com\/pt\/wp-json\/wp\/v2\/types\/product"}],"wp:featuredmedia":[{"embeddable":true,"href":"https:\/\/www.cxjsmartcard.com\/pt\/wp-json\/wp\/v2\/media\/715"}],"wp:attachment":[{"href":"https:\/\/www.cxjsmartcard.com\/pt\/wp-json\/wp\/v2\/media?parent=711"}],"wp:term":[{"taxonomy":"product_brand","embeddable":true,"href":"https:\/\/www.cxjsmartcard.com\/pt\/wp-json\/wp\/v2\/product_brand?post=711"},{"taxonomy":"product_cat","embeddable":true,"href":"https:\/\/www.cxjsmartcard.com\/pt\/wp-json\/wp\/v2\/product_cat?post=711"},{"taxonomy":"product_tag","embeddable":true,"href":"https:\/\/www.cxjsmartcard.com\/pt\/wp-json\/wp\/v2\/product_tag?post=711"}],"curies":[{"name":"wp","href":"https:\/\/api.w.org\/{rel}","templated":true}]}}