{"id":706,"date":"2025-11-03T06:46:07","date_gmt":"2025-11-03T06:46:07","guid":{"rendered":"https:\/\/www.cxjsmartcard.com\/?post_type=product&#038;p=706"},"modified":"2025-12-29T01:27:11","modified_gmt":"2025-12-29T01:27:11","slug":"sewing-washable-uhf-textile-rfid-laundry-tags","status":"publish","type":"product","link":"https:\/\/www.cxjsmartcard.com\/pt\/sewing-washable-uhf-textile-rfid-laundry-tags\/","title":{"rendered":"Etiquetas de lavanderia RFID UHF lav\u00e1veis para tecidos"},"content":{"rendered":"<p data-start=\"95\" data-end=\"390\">A etiqueta RFID UHF para lavanderia foi projetada para suportar os processos de lavanderia de hot\u00e9is e institui\u00e7\u00f5es, oferecendo durabilidade e adequa\u00e7\u00e3o para lavagem, secagem, lavagem a seco e passadoria. Elas tamb\u00e9m podem ser usadas para gerenciar outros uniformes profissionais, fantasias ou itens de aluguel, como tapetes e toalhas.<\/p>\n<p data-start=\"392\" data-end=\"410\"><strong data-start=\"392\" data-end=\"408\">Principais caracter\u00edsticas<\/strong><\/p>\n<ol data-start=\"411\" data-end=\"692\">\n<li data-start=\"411\" data-end=\"507\">\n<p data-start=\"414\" data-end=\"507\">Excelente desempenho e solu\u00e7\u00e3o com \u00f3tima rela\u00e7\u00e3o custo-benef\u00edcio para aplica\u00e7\u00f5es de lavagem industrial.<\/p>\n<\/li>\n<li data-start=\"508\" data-end=\"595\">\n<p data-start=\"511\" data-end=\"595\">A etiqueta ultrafina e macia pode ser facilmente costurada em linho, com ou sem bolsa.<\/p>\n<\/li>\n<li data-start=\"596\" data-end=\"654\">\n<p data-start=\"599\" data-end=\"654\">Anticolis\u00e3o, alta temperatura, suporta press\u00e3o.<\/p>\n<\/li>\n<li data-start=\"655\" data-end=\"692\">\n<p data-start=\"658\" data-end=\"692\">Mais de 200 ciclos de lavagem.<\/p>\n<\/li>\n<\/ol>\n<p data-start=\"694\" data-end=\"916\">Estas etiquetas RFID para lavandaria s\u00e3o imperme\u00e1veis, fabricadas em nylon e poli\u00e9ster e concebidas para a gest\u00e3o de lavandaria e roupa de cama por RFID. Suportam diferentes faixas de temperatura de funcionamento. As etiquetas est\u00e3o dispon\u00edveis em diferentes di\u00e2metros\/tamanhos.<\/p>\n<p data-start=\"918\" data-end=\"936\"><strong data-start=\"918\" data-end=\"934\">Aplica\u00e7\u00f5es<\/strong><\/p>\n<ol data-start=\"937\" data-end=\"1047\">\n<li data-start=\"937\" data-end=\"989\">\n<p data-start=\"940\" data-end=\"989\">Adequado para lavagem, lavagem a seco e passadoria.<\/p>\n<\/li>\n<li data-start=\"990\" data-end=\"1047\">\n<p data-start=\"993\" data-end=\"1047\">Controle e gest\u00e3o de len\u00e7\u00f3is, uniformes e outros itens de hotel.<\/p>\n<\/li>\n<\/ol>\n<p data-start=\"1049\" data-end=\"1254\"><strong data-start=\"1049\" data-end=\"1089\">Perguntas frequentes sobre etiquetas RFID para lavanderia t\u00eaxtil<\/strong><br data-start=\"1089\" data-end=\"1092\" \/><strong data-start=\"1092\" data-end=\"1098\">P:<\/strong> Ser\u00e1 que as etiquetas resistem \u00e0s m\u00e1quinas de prensagem?<br data-start=\"1138\" data-end=\"1141\" \/><strong data-start=\"1141\" data-end=\"1147\">UM:<\/strong> Sim. Essas etiquetas RFID s\u00e3o projetadas para resistir a altas temperaturas e press\u00e3o, sendo ideais para secadores e prensas industriais.<\/p>\n<p data-start=\"1256\" data-end=\"1370\"><strong data-start=\"1256\" data-end=\"1262\">P:<\/strong> Qual \u00e9 a expectativa de vida \u00fatil dessas etiquetas?<br data-start=\"1306\" data-end=\"1309\" \/><strong data-start=\"1309\" data-end=\"1315\">UM:<\/strong> Em m\u00e9dia, 200 ciclos de lavagem ou at\u00e9 3 anos de uso.<\/p>\n<p data-start=\"1372\" data-end=\"1534\"><strong data-start=\"1372\" data-end=\"1378\">P:<\/strong> Como escolher o tamanho certo da etiqueta?<br data-start=\"1414\" data-end=\"1417\" \/><strong data-start=\"1417\" data-end=\"1423\">UM:<\/strong> Oferecemos diversas op\u00e7\u00f5es de tamanho. Preencha o formul\u00e1rio e informe as especifica\u00e7\u00f5es da sua pe\u00e7a de roupa ou do seu enxoval.<\/p>\n<h2 data-start=\"1536\" data-end=\"1561\">Tabela (Especifica\u00e7\u00f5es)<\/h2>\n<div class=\"_tableContainer_1rjym_1\">\n<div class=\"group _tableWrapper_1rjym_13 flex w-fit flex-col-reverse\" tabindex=\"-1\">\n<table class=\"w-fit min-w-(--thread-content-width)\" data-start=\"1563\" data-end=\"3688\">\n<thead data-start=\"1563\" data-end=\"1713\">\n<tr data-start=\"1563\" data-end=\"1713\">\n<th data-start=\"1563\" data-end=\"1585\" data-col-size=\"sm\">Categoria<\/th>\n<th data-start=\"1585\" data-end=\"1607\" data-col-size=\"sm\">Par\u00e2metro<\/th>\n<th data-start=\"1607\" data-end=\"1713\" data-col-size=\"lg\">Valor<\/th>\n<\/tr>\n<\/thead>\n<tbody data-start=\"1865\" data-end=\"3688\">\n<tr data-start=\"1865\" data-end=\"2015\">\n<td data-start=\"1865\" data-end=\"1887\" data-col-size=\"sm\">Produto<\/td>\n<td data-col-size=\"sm\" data-start=\"1887\" data-end=\"1909\">Nome do produto<\/td>\n<td data-col-size=\"lg\" data-start=\"1909\" data-end=\"2015\">Etiquetas de lavanderia RFID UHF lav\u00e1veis para tecidos<\/td>\n<\/tr>\n<tr data-start=\"2016\" data-end=\"2165\">\n<td data-start=\"2016\" data-end=\"2038\" data-col-size=\"sm\">Materiais<\/td>\n<td data-col-size=\"sm\" data-start=\"2038\" data-end=\"2060\">Material<\/td>\n<td data-col-size=\"lg\" data-start=\"2060\" data-end=\"2165\">Tecido\/Trama, Adesivo de ferro, Tipo costura, Furo de metal, etc.<\/td>\n<\/tr>\n<tr data-start=\"2166\" data-end=\"2316\">\n<td data-start=\"2166\" data-end=\"2188\" data-col-size=\"sm\">RFID<\/td>\n<td data-col-size=\"sm\" data-start=\"2188\" data-end=\"2210\">Modelo de chip<\/td>\n<td data-col-size=\"lg\" data-start=\"2210\" data-end=\"2316\">NXP UCODE\u00ae 9<\/td>\n<\/tr>\n<tr data-start=\"2317\" data-end=\"2467\">\n<td data-start=\"2317\" data-end=\"2339\" data-col-size=\"sm\"><\/td>\n<td data-col-size=\"sm\" data-start=\"2339\" data-end=\"2361\">Mem\u00f3ria<\/td>\n<td data-col-size=\"lg\" data-start=\"2361\" data-end=\"2467\">EPC: 96 bits<\/td>\n<\/tr>\n<tr data-start=\"2468\" data-end=\"2618\">\n<td data-start=\"2468\" data-end=\"2490\" data-col-size=\"sm\"><\/td>\n<td data-col-size=\"sm\" data-start=\"2490\" data-end=\"2512\">Protocolo<\/td>\n<td data-col-size=\"lg\" data-start=\"2512\" data-end=\"2618\">EPC C1 G2<\/td>\n<\/tr>\n<tr data-start=\"2619\" data-end=\"2770\">\n<td data-start=\"2619\" data-end=\"2641\" data-col-size=\"sm\">F\u00edsico<\/td>\n<td data-col-size=\"sm\" data-start=\"2641\" data-end=\"2663\">Tamanho<\/td>\n<td data-col-size=\"lg\" data-start=\"2663\" data-end=\"2770\">70\u00d715 mm<\/td>\n<\/tr>\n<tr data-start=\"2771\" data-end=\"2921\">\n<td data-start=\"2771\" data-end=\"2793\" data-col-size=\"sm\"><\/td>\n<td data-col-size=\"sm\" data-start=\"2793\" data-end=\"2815\">Outros tamanhos<\/td>\n<td data-col-size=\"lg\" data-start=\"2815\" data-end=\"2921\">86\u00d716 mm; 50\u00d720 mm; 72\u00d716 mm; 35\u00d715 mm, etc<\/td>\n<\/tr>\n<tr data-start=\"2922\" data-end=\"3072\">\n<td data-start=\"2922\" data-end=\"2944\" data-col-size=\"sm\">Apar\u00eancia<\/td>\n<td data-col-size=\"sm\" data-start=\"2944\" data-end=\"2966\">Cor<\/td>\n<td data-col-size=\"lg\" data-start=\"2966\" data-end=\"3072\">Branco<\/td>\n<\/tr>\n<tr data-start=\"3073\" data-end=\"3223\">\n<td data-start=\"3073\" data-end=\"3095\" data-col-size=\"sm\">Durabilidade<\/td>\n<td data-col-size=\"sm\" data-start=\"3095\" data-end=\"3117\">Hor\u00e1rio de funcionamento<\/td>\n<td data-col-size=\"lg\" data-start=\"3117\" data-end=\"3223\">Em m\u00e9dia, 200 ciclos; alguns modelos &gt;300 ciclos.<\/td>\n<\/tr>\n<tr data-start=\"3224\" data-end=\"3375\">\n<td data-start=\"3224\" data-end=\"3246\" data-col-size=\"sm\">Ambiente<\/td>\n<td data-start=\"3246\" data-end=\"3270\" data-col-size=\"sm\">Temperatura de opera\u00e7\u00e3o<\/td>\n<td data-col-size=\"lg\" data-start=\"3270\" data-end=\"3375\">\u221225 \u2103 a +150 \u2103<\/td>\n<\/tr>\n<tr data-start=\"3376\" data-end=\"3526\">\n<td data-start=\"3376\" data-end=\"3398\" data-col-size=\"sm\">Desempenho<\/td>\n<td data-col-size=\"sm\" data-start=\"3398\" data-end=\"3420\">Dist\u00e2ncia de leitura<\/td>\n<td data-col-size=\"lg\" data-start=\"3420\" data-end=\"3526\">5\u201310 m<\/td>\n<\/tr>\n<tr data-start=\"3527\" data-end=\"3688\">\n<td data-start=\"3527\" data-end=\"3549\" data-col-size=\"sm\">Uso<\/td>\n<td data-col-size=\"sm\" data-start=\"3549\" data-end=\"3571\">Aplicativo<\/td>\n<td data-col-size=\"lg\" data-start=\"3571\" data-end=\"3688\">Solu\u00e7\u00f5es para lavanderia, lavanderia industrial, gest\u00e3o de roupas em hot\u00e9is, gest\u00e3o de supermercados\/lojas de roupas, etc.<\/td>\n<\/tr>\n<\/tbody>\n<\/table>\n<\/div>\n<\/div>","protected":false},"excerpt":{"rendered":"<p>Etiquetas RFID UHF para tecidos, costur\u00e1veis e lav\u00e1veis, para roupas de cama e uniformes \u2014 \u00e0 prova d&#039;\u00e1gua, resistentes ao calor, com alcance de leitura de 5 a 10 metros e durabilidade de mais de 200 ciclos de lavagem para lavanderias industriais.<\/p>","protected":false},"featured_media":707,"template":"","meta":{"_gspb_post_css":""},"product_brand":[],"product_cat":[17,18],"product_tag":[],"class_list":{"0":"post-706","1":"product","2":"type-product","3":"status-publish","4":"has-post-thumbnail","6":"product_cat-rfid-laundry-tags","7":"product_cat-textile-rfid-laundry-tags","9":"first","10":"instock","11":"shipping-taxable","12":"purchasable","13":"product-type-simple"},"_links":{"self":[{"href":"https:\/\/www.cxjsmartcard.com\/pt\/wp-json\/wp\/v2\/product\/706","targetHints":{"allow":["GET"]}}],"collection":[{"href":"https:\/\/www.cxjsmartcard.com\/pt\/wp-json\/wp\/v2\/product"}],"about":[{"href":"https:\/\/www.cxjsmartcard.com\/pt\/wp-json\/wp\/v2\/types\/product"}],"wp:featuredmedia":[{"embeddable":true,"href":"https:\/\/www.cxjsmartcard.com\/pt\/wp-json\/wp\/v2\/media\/707"}],"wp:attachment":[{"href":"https:\/\/www.cxjsmartcard.com\/pt\/wp-json\/wp\/v2\/media?parent=706"}],"wp:term":[{"taxonomy":"product_brand","embeddable":true,"href":"https:\/\/www.cxjsmartcard.com\/pt\/wp-json\/wp\/v2\/product_brand?post=706"},{"taxonomy":"product_cat","embeddable":true,"href":"https:\/\/www.cxjsmartcard.com\/pt\/wp-json\/wp\/v2\/product_cat?post=706"},{"taxonomy":"product_tag","embeddable":true,"href":"https:\/\/www.cxjsmartcard.com\/pt\/wp-json\/wp\/v2\/product_tag?post=706"}],"curies":[{"name":"wp","href":"https:\/\/api.w.org\/{rel}","templated":true}]}}