{"id":701,"date":"2025-11-03T06:44:06","date_gmt":"2025-11-03T06:44:06","guid":{"rendered":"https:\/\/www.cxjsmartcard.com\/?post_type=product&#038;p=701"},"modified":"2025-12-29T01:27:11","modified_gmt":"2025-12-29T01:27:11","slug":"textile-washable-waterproof-uhf-rfid-laundry-tags","status":"publish","type":"product","link":"https:\/\/www.cxjsmartcard.com\/pt\/textile-washable-waterproof-uhf-rfid-laundry-tags\/","title":{"rendered":"Etiquetas de lavanderia UHF RFID lav\u00e1veis e imperme\u00e1veis para tecidos"},"content":{"rendered":"<p data-start=\"141\" data-end=\"525\">As etiquetas de lavanderia UHF RFID lav\u00e1veis e imperme\u00e1veis para tecidos s\u00e3o etiquetas intransfer\u00edveis com um chip RFID selado de forma segura em seu interior para armazenar e transferir dados com confiabilidade. S\u00e3o resistentes a altas temperaturas e ambientes agressivos. S\u00e3o especialmente utilizadas na gest\u00e3o de roupas de cama e banho e em redes de lavanderias. As etiquetas s\u00e3o oferecidas em diferentes tamanhos e podem ser fixadas por costura, colagem, alfinete ou amarra\u00e7\u00e3o.<\/p>\n<p data-start=\"527\" data-end=\"541\"><strong data-start=\"527\" data-end=\"539\">Caracter\u00edsticas<\/strong><\/p>\n<ol data-start=\"542\" data-end=\"899\">\n<li data-start=\"542\" data-end=\"602\">\n<p data-start=\"545\" data-end=\"602\">Tecnologia UHF para ler centenas de etiquetas simultaneamente.<\/p>\n<\/li>\n<li data-start=\"603\" data-end=\"642\">\n<p data-start=\"606\" data-end=\"642\">Dist\u00e2ncia de leitura superior a 2,4 metros.<\/p>\n<\/li>\n<li data-start=\"643\" data-end=\"711\">\n<p data-start=\"646\" data-end=\"711\">Novo projeto mec\u00e2nico para melhor desempenho em roupas de cama planas.<\/p>\n<\/li>\n<li data-start=\"712\" data-end=\"768\">\n<p data-start=\"715\" data-end=\"768\">Adequado para extratores de alta press\u00e3o at\u00e9 60 bar.<\/p>\n<\/li>\n<li data-start=\"769\" data-end=\"811\">\n<p data-start=\"772\" data-end=\"811\">Adequado para esteriliza\u00e7\u00e3o em autoclave.<\/p>\n<\/li>\n<li data-start=\"812\" data-end=\"899\">\n<p data-start=\"815\" data-end=\"899\">Material pequeno, macio e flex\u00edvel, ideal para t\u00eaxteis, roupas de cama, vestu\u00e1rio e acess\u00f3rios.<\/p>\n<\/li>\n<\/ol>\n<p data-start=\"901\" data-end=\"1018\"><strong data-start=\"901\" data-end=\"925\">Aplica\u00e7\u00e3o comercial<\/strong><br data-start=\"925\" data-end=\"928\" \/>Aplica\u00e7\u00f5es: Lavanderia, hotel, escola, controle de qualidade, gest\u00e3o de estoque, etc.<\/p>\n<p data-start=\"1020\" data-end=\"1050\"><strong data-start=\"1020\" data-end=\"1048\">Como instalar as etiquetas?<\/strong><\/p>\n<ol data-start=\"1051\" data-end=\"1195\">\n<li data-start=\"1051\" data-end=\"1109\">\n<p data-start=\"1054\" data-end=\"1109\">Evite a antena e instale-a costurando ambas as extremidades.<\/p>\n<\/li>\n<li data-start=\"1110\" data-end=\"1195\">\n<p data-start=\"1113\" data-end=\"1195\">Instale passando a ferro em temperatura alta, de 210 graus Celsius, por 15 segundos.<\/p>\n<\/li>\n<\/ol>\n<p data-start=\"1197\" data-end=\"1534\"><strong data-start=\"1197\" data-end=\"1249\">Por que usar etiquetas RFID em lavanderias industriais?<\/strong><br data-start=\"1249\" data-end=\"1252\" \/>As etiquetas RFID para lavanderia automatizam opera\u00e7\u00f5es de lavanderia de grande volume, reduzindo o trabalho manual e os erros humanos. Projetadas para lavanderias comerciais, uniformes m\u00e9dicos e roupas de cama hospitalares, essas etiquetas simplificam o rastreamento e o gerenciamento, permitindo a transmiss\u00e3o cont\u00ednua de dados para leitores RFID.<\/p>\n<p data-start=\"1536\" data-end=\"1716\"><strong data-start=\"1536\" data-end=\"1568\">Perguntas frequentes sobre etiquetas RFID para lavanderia<\/strong><br data-start=\"1568\" data-end=\"1571\" \/><strong data-start=\"1571\" data-end=\"1577\">P:<\/strong> Ser\u00e1 que essas etiquetas resistem a secadoras industriais?<br data-start=\"1619\" data-end=\"1622\" \/><strong data-start=\"1622\" data-end=\"1628\">UM:<\/strong> Sim, essas etiquetas RFID UHF lav\u00e1veis s\u00e3o projetadas para suportar altas temperaturas e press\u00e3o.<\/p>\n<p data-start=\"1718\" data-end=\"1834\"><strong data-start=\"1718\" data-end=\"1724\">P:<\/strong> Quais leitores RFID s\u00e3o compat\u00edveis?<br data-start=\"1758\" data-end=\"1761\" \/><strong data-start=\"1761\" data-end=\"1767\">UM:<\/strong> Qualquer leitor compat\u00edvel com as normas ISO 18000-6C ou EPC Classe 1 Gen2.<\/p>\n<p data-start=\"1836\" data-end=\"2028\"><strong data-start=\"1836\" data-end=\"1842\">P:<\/strong> Como fa\u00e7o para integr\u00e1-los ao meu sistema atual?<br data-start=\"1890\" data-end=\"1893\" \/><strong data-start=\"1893\" data-end=\"1899\">UM:<\/strong> Oferecemos suporte t\u00e9cnico completo. Preencha o formul\u00e1rio abaixo e informe-nos qual o tipo de leitor ou configura\u00e7\u00e3o de antena que voc\u00ea precisa.<\/p>\n<p data-start=\"2030\" data-end=\"2188\"><strong data-start=\"2030\" data-end=\"2038\">\u7b80\u8981\u63cf\u8ff0<\/strong><br data-start=\"2038\" data-end=\"2041\" \/>Etiquetas RFID UHF dur\u00e1veis para lavanderia, ideais para tecidos e vestu\u00e1rio. \u00c0 prova d&#039;\u00e1gua, lav\u00e1veis e de longo alcance \u2014 perfeitas para rastreamento e gerenciamento de lavanderias industriais.<\/p>\n<h2 data-start=\"2190\" data-end=\"2215\">Tabela (Especifica\u00e7\u00f5es)<\/h2>\n<div class=\"_tableContainer_1rjym_1\">\n<div class=\"group _tableWrapper_1rjym_13 flex w-fit flex-col-reverse\" tabindex=\"-1\">\n<table class=\"w-fit min-w-(--thread-content-width)\" data-start=\"2217\" data-end=\"4716\">\n<thead data-start=\"2217\" data-end=\"2341\">\n<tr data-start=\"2217\" data-end=\"2341\">\n<th data-start=\"2217\" data-end=\"2242\" data-col-size=\"sm\">Categoria<\/th>\n<th data-start=\"2242\" data-end=\"2268\" data-col-size=\"sm\">Par\u00e2metro<\/th>\n<th data-start=\"2268\" data-end=\"2341\" data-col-size=\"md\">Valor<\/th>\n<\/tr>\n<\/thead>\n<tbody data-start=\"2467\" data-end=\"4716\">\n<tr data-start=\"2467\" data-end=\"2591\">\n<td data-start=\"2467\" data-end=\"2492\" data-col-size=\"sm\">Par\u00e2metros f\u00edsicos<\/td>\n<td data-col-size=\"sm\" data-start=\"2492\" data-end=\"2518\">Tamanho dos produtos<\/td>\n<td data-col-size=\"md\" data-start=\"2518\" data-end=\"2591\">55\u00d710\u00d72,2 mm; 70\u00d715\u00d71,5 mm; etc.<\/td>\n<\/tr>\n<tr data-start=\"2592\" data-end=\"2716\">\n<td data-start=\"2592\" data-end=\"2617\" data-col-size=\"sm\"><\/td>\n<td data-start=\"2617\" data-end=\"2643\" data-col-size=\"sm\">Materiais<\/td>\n<td data-col-size=\"md\" data-start=\"2643\" data-end=\"2716\">Poli\u00e9ster 100%<\/td>\n<\/tr>\n<tr data-start=\"2717\" data-end=\"2841\">\n<td data-start=\"2717\" data-end=\"2742\" data-col-size=\"sm\"><\/td>\n<td data-col-size=\"sm\" data-start=\"2742\" data-end=\"2768\">Cor<\/td>\n<td data-col-size=\"md\" data-start=\"2768\" data-end=\"2841\">Azul, branco (outros personaliz\u00e1veis)<\/td>\n<\/tr>\n<tr data-start=\"2842\" data-end=\"2966\">\n<td data-start=\"2842\" data-end=\"2867\" data-col-size=\"sm\"><\/td>\n<td data-col-size=\"sm\" data-start=\"2867\" data-end=\"2893\">Arte<\/td>\n<td data-col-size=\"md\" data-start=\"2893\" data-end=\"2966\">Impress\u00e3o de logotipos, impress\u00e3o de n\u00fameros a laser<\/td>\n<\/tr>\n<tr data-start=\"2967\" data-end=\"3091\">\n<td data-start=\"2967\" data-end=\"2992\" data-col-size=\"sm\">Ambiental<\/td>\n<td data-col-size=\"sm\" data-start=\"2992\" data-end=\"3018\">Temperatura de trabalho<\/td>\n<td data-col-size=\"md\" data-start=\"3018\" data-end=\"3091\">\u221240 ~ +160 \u00b0C (160 \u00b0C \/ 20 minutos)<\/td>\n<\/tr>\n<tr data-start=\"3092\" data-end=\"3216\">\n<td data-start=\"3092\" data-end=\"3117\" data-col-size=\"sm\"><\/td>\n<td data-start=\"3117\" data-end=\"3143\" data-col-size=\"sm\">Temperatura de armazenamento<\/td>\n<td data-col-size=\"md\" data-start=\"3143\" data-end=\"3216\">\u221240 ~ +160 \u00b0C (160 \u00b0C \/ 20 minutos)<\/td>\n<\/tr>\n<tr data-start=\"3217\" data-end=\"3341\">\n<td data-start=\"3217\" data-end=\"3242\" data-col-size=\"sm\">T\u00e9cnico<\/td>\n<td data-col-size=\"sm\" data-start=\"3242\" data-end=\"3268\">Frequ\u00eancia de trabalho<\/td>\n<td data-col-size=\"md\" data-start=\"3268\" data-end=\"3341\">840 ~ 960 MHz<\/td>\n<\/tr>\n<tr data-start=\"3342\" data-end=\"3466\">\n<td data-start=\"3342\" data-end=\"3367\" data-col-size=\"sm\"><\/td>\n<td data-col-size=\"sm\" data-start=\"3367\" data-end=\"3393\">Chip<\/td>\n<td data-col-size=\"md\" data-start=\"3393\" data-end=\"3466\">NXP U CODE 9<\/td>\n<\/tr>\n<tr data-start=\"3467\" data-end=\"3591\">\n<td data-start=\"3467\" data-end=\"3492\" data-col-size=\"sm\"><\/td>\n<td data-col-size=\"sm\" data-start=\"3492\" data-end=\"3518\">Protocolo<\/td>\n<td data-col-size=\"md\" data-start=\"3518\" data-end=\"3591\">ISO18000-6C, Classe EPC Gera\u00e7\u00e3o 2<\/td>\n<\/tr>\n<tr data-start=\"3592\" data-end=\"3716\">\n<td data-start=\"3592\" data-end=\"3617\" data-col-size=\"sm\"><\/td>\n<td data-col-size=\"sm\" data-start=\"3617\" data-end=\"3643\">Ao longo da vida<\/td>\n<td data-col-size=\"md\" data-start=\"3643\" data-end=\"3716\">Lavagem normal 200 vezes<\/td>\n<\/tr>\n<tr data-start=\"3717\" data-end=\"3841\">\n<td data-start=\"3717\" data-end=\"3742\" data-col-size=\"sm\"><\/td>\n<td data-col-size=\"sm\" data-start=\"3742\" data-end=\"3768\">Intervalo de leitura<\/td>\n<td data-col-size=\"md\" data-start=\"3768\" data-end=\"3841\">10 m<\/td>\n<\/tr>\n<tr data-start=\"3842\" data-end=\"3966\">\n<td data-start=\"3842\" data-end=\"3867\" data-col-size=\"sm\">Desempenho\/Manuseio<\/td>\n<td data-start=\"3867\" data-end=\"3893\" data-col-size=\"sm\">Leituras simult\u00e2neas<\/td>\n<td data-start=\"3893\" data-end=\"3966\" data-col-size=\"md\">Centenas de etiquetas (UHF)<\/td>\n<\/tr>\n<tr data-start=\"3967\" data-end=\"4091\">\n<td data-start=\"3967\" data-end=\"3992\" data-col-size=\"sm\"><\/td>\n<td data-col-size=\"sm\" data-start=\"3992\" data-end=\"4018\">Compatibilidade do extrator<\/td>\n<td data-col-size=\"md\" data-start=\"4018\" data-end=\"4091\">Extratores de alta press\u00e3o at\u00e9 60 bar<\/td>\n<\/tr>\n<tr data-start=\"4092\" data-end=\"4216\">\n<td data-start=\"4092\" data-end=\"4117\" data-col-size=\"sm\"><\/td>\n<td data-col-size=\"sm\" data-start=\"4117\" data-end=\"4143\">Esteriliza\u00e7\u00e3o<\/td>\n<td data-col-size=\"md\" data-start=\"4143\" data-end=\"4216\">Adequado para autoclave<\/td>\n<\/tr>\n<tr data-start=\"4217\" data-end=\"4341\">\n<td data-start=\"4217\" data-end=\"4242\" data-col-size=\"sm\">Fator de forma<\/td>\n<td data-start=\"4242\" data-end=\"4268\" data-col-size=\"sm\">Constru\u00e7\u00e3o<\/td>\n<td data-col-size=\"md\" data-start=\"4268\" data-end=\"4341\">Pequeno, macio, flex\u00edvel \u2014 ideal para tecidos\/roupas de cama\/vestu\u00e1rio\/acess\u00f3rios.<\/td>\n<\/tr>\n<tr data-start=\"4342\" data-end=\"4466\">\n<td data-start=\"4342\" data-end=\"4367\" data-col-size=\"sm\">Instala\u00e7\u00e3o<\/td>\n<td data-start=\"4367\" data-end=\"4393\" data-col-size=\"sm\">De costura<\/td>\n<td data-col-size=\"md\" data-start=\"4393\" data-end=\"4466\">Costure ambas as extremidades, evitando a antena.<\/td>\n<\/tr>\n<tr data-start=\"4467\" data-end=\"4591\">\n<td data-start=\"4467\" data-end=\"4492\" data-col-size=\"sm\"><\/td>\n<td data-start=\"4492\" data-end=\"4518\" data-col-size=\"sm\">prensa t\u00e9rmica<\/td>\n<td data-start=\"4518\" data-end=\"4591\" data-col-size=\"md\">Ferro a 210 \u00b0C por 15 segundos<\/td>\n<\/tr>\n<tr data-start=\"4592\" data-end=\"4716\">\n<td data-start=\"4592\" data-end=\"4617\" data-col-size=\"sm\">Aplica\u00e7\u00f5es<\/td>\n<td data-col-size=\"sm\" data-start=\"4617\" data-end=\"4643\">Casos de uso t\u00edpicos<\/td>\n<td data-col-size=\"md\" data-start=\"4643\" data-end=\"4716\">Lavanderia, hotel, escola, controle de qualidade, gest\u00e3o de estoque<\/td>\n<\/tr>\n<\/tbody>\n<\/table>\n<\/div>\n<\/div>","protected":false},"excerpt":{"rendered":"<p>Etiquetas RFID UHF dur\u00e1veis, lav\u00e1veis e \u00e0 prova d&#039;\u00e1gua para lavanderia, ideais para tecidos e roupas de cama, com longo alcance de leitura, resist\u00eancia a altas temperaturas e compatibilidade com autoclave e extratores de 60 bar.<\/p>","protected":false},"featured_media":702,"template":"","meta":{"_gspb_post_css":""},"product_brand":[],"product_cat":[17,18],"product_tag":[],"class_list":{"0":"post-701","1":"product","2":"type-product","3":"status-publish","4":"has-post-thumbnail","6":"product_cat-rfid-laundry-tags","7":"product_cat-textile-rfid-laundry-tags","9":"first","10":"instock","11":"shipping-taxable","12":"purchasable","13":"product-type-simple"},"_links":{"self":[{"href":"https:\/\/www.cxjsmartcard.com\/pt\/wp-json\/wp\/v2\/product\/701","targetHints":{"allow":["GET"]}}],"collection":[{"href":"https:\/\/www.cxjsmartcard.com\/pt\/wp-json\/wp\/v2\/product"}],"about":[{"href":"https:\/\/www.cxjsmartcard.com\/pt\/wp-json\/wp\/v2\/types\/product"}],"wp:featuredmedia":[{"embeddable":true,"href":"https:\/\/www.cxjsmartcard.com\/pt\/wp-json\/wp\/v2\/media\/702"}],"wp:attachment":[{"href":"https:\/\/www.cxjsmartcard.com\/pt\/wp-json\/wp\/v2\/media?parent=701"}],"wp:term":[{"taxonomy":"product_brand","embeddable":true,"href":"https:\/\/www.cxjsmartcard.com\/pt\/wp-json\/wp\/v2\/product_brand?post=701"},{"taxonomy":"product_cat","embeddable":true,"href":"https:\/\/www.cxjsmartcard.com\/pt\/wp-json\/wp\/v2\/product_cat?post=701"},{"taxonomy":"product_tag","embeddable":true,"href":"https:\/\/www.cxjsmartcard.com\/pt\/wp-json\/wp\/v2\/product_tag?post=701"}],"curies":[{"name":"wp","href":"https:\/\/api.w.org\/{rel}","templated":true}]}}