{"id":692,"date":"2025-11-02T09:12:58","date_gmt":"2025-11-02T09:12:58","guid":{"rendered":"https:\/\/www.cxjsmartcard.com\/?post_type=product&#038;p=692"},"modified":"2025-12-29T01:27:11","modified_gmt":"2025-12-29T01:27:11","slug":"heating-sealing-uhf-laundry-tag-for-hotel-linen-management","status":"publish","type":"product","link":"https:\/\/www.cxjsmartcard.com\/pt\/heating-sealing-uhf-laundry-tag-for-hotel-linen-management\/","title":{"rendered":"Etiqueta de lavanderia UHF com selagem t\u00e9rmica para gest\u00e3o de roupa de cama em hot\u00e9is"},"content":{"rendered":"<p data-start=\"78\" data-end=\"323\">Etiqueta de lavanderia UHF imperme\u00e1vel e macia, projetada para ser selada a quente ou costurada em bainhas estreitas de len\u00e7\u00f3is de hotel, roupas de trabalho e outros tecidos. Desenvolvida para lavagem\/secagem em alta temperatura e leitura em lote para melhorar a precis\u00e3o do invent\u00e1rio e reduzir a m\u00e3o de obra.<\/p>\n<p data-start=\"325\" data-end=\"341\"><strong data-start=\"325\" data-end=\"341\">Principais caracter\u00edsticas<\/strong><\/p>\n<ul data-start=\"342\" data-end=\"864\">\n<li data-start=\"342\" data-end=\"394\">\n<p data-start=\"344\" data-end=\"394\">Tamanhos: 55\u00d712 mm, 70\u00d715 mm, 87\u00d717 mm (personaliz\u00e1vel)<\/p>\n<\/li>\n<li data-start=\"395\" data-end=\"419\">\n<p data-start=\"397\" data-end=\"419\">Chips: NXP U8 \/ NXP U9<\/p>\n<\/li>\n<li data-start=\"420\" data-end=\"450\">\n<p data-start=\"422\" data-end=\"450\">Frequ\u00eancia: 865\u2013928 MHz (UHF)<\/p>\n<\/li>\n<li data-start=\"451\" data-end=\"501\">\n<p data-start=\"453\" data-end=\"501\">Material: Poli\u00e9ster; flex\u00edvel para bainhas e costuras.<\/p>\n<\/li>\n<li data-start=\"502\" data-end=\"570\">\n<p data-start=\"504\" data-end=\"570\">Dist\u00e2ncia de leitura: At\u00e9 3 m (verifique com seu leitor e o ambiente)<\/p>\n<\/li>\n<li data-start=\"571\" data-end=\"633\">\n<p data-start=\"573\" data-end=\"633\">Garantia: at\u00e9 o primeiro de 200 ciclos de lavagem ou 3 anos a partir da data de envio.<\/p>\n<\/li>\n<li data-start=\"634\" data-end=\"697\">\n<p data-start=\"636\" data-end=\"697\">Resist\u00eancia qu\u00edmica: Compat\u00edvel com produtos qu\u00edmicos comuns de lavanderia.<\/p>\n<\/li>\n<li data-start=\"698\" data-end=\"864\">\n<p data-start=\"700\" data-end=\"864\">Benef\u00edcios operacionais: Permite coleta, triagem, invent\u00e1rio autom\u00e1tico, rastreamento hist\u00f3rico e gera\u00e7\u00e3o de relat\u00f3rios r\u00e1pidos; suporta digitaliza\u00e7\u00e3o em lote para reduzir erros e custos.<\/p>\n<\/li>\n<\/ul>\n<p data-start=\"866\" data-end=\"894\"><strong data-start=\"866\" data-end=\"894\">Especifica\u00e7\u00f5es t\u00e9cnicas<\/strong><\/p>\n<div class=\"_tableContainer_1rjym_1\">\n<div class=\"group _tableWrapper_1rjym_13 flex w-fit flex-col-reverse\" tabindex=\"-1\">\n<table class=\"w-fit min-w-(--thread-content-width)\" data-start=\"896\" data-end=\"3705\">\n<thead data-start=\"896\" data-end=\"1060\">\n<tr data-start=\"896\" data-end=\"1060\">\n<th data-start=\"896\" data-end=\"921\" data-col-size=\"sm\">Item<\/th>\n<th data-start=\"921\" data-end=\"1060\" data-col-size=\"lg\">Detalhes<\/th>\n<\/tr>\n<\/thead>\n<tbody data-start=\"1226\" data-end=\"3705\">\n<tr data-start=\"1226\" data-end=\"1390\">\n<td data-start=\"1226\" data-end=\"1251\" data-col-size=\"sm\">Aplicativo<\/td>\n<td data-col-size=\"lg\" data-start=\"1251\" data-end=\"1390\">Len\u00e7\u00f3is\/roupa de cama de hotel, vestu\u00e1rio de trabalho, outros produtos t\u00eaxteis<\/td>\n<\/tr>\n<tr data-start=\"1391\" data-end=\"1555\">\n<td data-start=\"1391\" data-end=\"1416\" data-col-size=\"sm\">Op\u00e7\u00f5es de tamanho<\/td>\n<td data-col-size=\"lg\" data-start=\"1416\" data-end=\"1555\">55\u00d712 mm, 70\u00d715 mm, 87\u00d717 mm (sob medida)<\/td>\n<\/tr>\n<tr data-start=\"1556\" data-end=\"1720\">\n<td data-start=\"1556\" data-end=\"1581\" data-col-size=\"sm\">CI \/ Chip<\/td>\n<td data-col-size=\"lg\" data-start=\"1581\" data-end=\"1720\">NXP U8, NXP U9<\/td>\n<\/tr>\n<tr data-start=\"1721\" data-end=\"1885\">\n<td data-start=\"1721\" data-end=\"1746\" data-col-size=\"sm\">Frequ\u00eancia de opera\u00e7\u00e3o<\/td>\n<td data-start=\"1746\" data-end=\"1885\" data-col-size=\"lg\">865\u2013928 MHz<\/td>\n<\/tr>\n<tr data-start=\"1886\" data-end=\"2050\">\n<td data-start=\"1886\" data-end=\"1911\" data-col-size=\"sm\">Material da etiqueta<\/td>\n<td data-col-size=\"lg\" data-start=\"1911\" data-end=\"2050\">Poli\u00e9ster<\/td>\n<\/tr>\n<tr data-start=\"2051\" data-end=\"2215\">\n<td data-start=\"2051\" data-end=\"2076\" data-col-size=\"sm\">Dist\u00e2ncia de leitura<\/td>\n<td data-col-size=\"lg\" data-start=\"2076\" data-end=\"2215\">At\u00e9 3 m (at\u00e9 ~9 p\u00e9s); deve ser verificado com um leitor no local.<\/td>\n<\/tr>\n<tr data-start=\"2216\" data-end=\"2380\">\n<td data-start=\"2216\" data-end=\"2241\" data-col-size=\"sm\">Garantia da etiqueta<\/td>\n<td data-col-size=\"lg\" data-start=\"2241\" data-end=\"2380\">Primeiro de 200 ciclos de lavagem <strong data-start=\"2268\" data-end=\"2274\">ou<\/strong> 3 anos a partir da data de envio<\/td>\n<\/tr>\n<tr data-start=\"2381\" data-end=\"2545\">\n<td data-start=\"2381\" data-end=\"2406\" data-col-size=\"sm\">Temperatura de armazenamento<\/td>\n<td data-start=\"2406\" data-end=\"2545\" data-col-size=\"lg\">\u221240 \u00b0C a +120 \u00b0C (\u221240 \u00b0F a +248 \u00b0F)<\/td>\n<\/tr>\n<tr data-start=\"2546\" data-end=\"2710\">\n<td data-start=\"2546\" data-end=\"2571\" data-col-size=\"sm\">Ciclo de lavagem<\/td>\n<td data-start=\"2571\" data-end=\"2710\" data-col-size=\"lg\">+90 \u00b0C (+194 \u00b0F) por 60 min<\/td>\n<\/tr>\n<tr data-start=\"2711\" data-end=\"2875\">\n<td data-start=\"2711\" data-end=\"2736\" data-col-size=\"sm\">Secagem<\/td>\n<td data-start=\"2736\" data-end=\"2875\" data-col-size=\"lg\">+180 \u00b0C (+356 \u00b0F) por 3 min; press\u00e3o de desidrata\u00e7\u00e3o: 35 bar<\/td>\n<\/tr>\n<tr data-start=\"2876\" data-end=\"3040\">\n<td data-start=\"2876\" data-end=\"2901\" data-col-size=\"sm\">Passador de roupa<\/td>\n<td data-col-size=\"lg\" data-start=\"2901\" data-end=\"3040\">+195 \u00b0C (+383 \u00b0F) por 30 s, &lt;18 bar; extrator de \u00e1gua: 60 bar por 80 s<\/td>\n<\/tr>\n<tr data-start=\"3041\" data-end=\"3209\">\n<td data-start=\"3041\" data-end=\"3066\" data-col-size=\"sm\">Autoclave<\/td>\n<td data-start=\"3066\" data-end=\"3209\" data-col-size=\"lg\">Remo\u00e7\u00e3o de ar: +100 \u00b0C (+212 \u00b0F), 5 min, 0,1 bar; Secagem: +45 \u00b0C (+113 \u00b0F), 15 min, 0,2 bar; Esteriliza\u00e7\u00e3o: +134 \u00b0C (+273 \u00b0F), 20 min, 3,25 bar<\/td>\n<\/tr>\n<tr data-start=\"3210\" data-end=\"3375\">\n<td data-start=\"3210\" data-end=\"3235\" data-col-size=\"sm\">Resist\u00eancia qu\u00edmica<\/td>\n<td data-col-size=\"lg\" data-start=\"3235\" data-end=\"3375\">Resiste a produtos qu\u00edmicos comuns no processo de lavagem industrial.<\/td>\n<\/tr>\n<tr data-start=\"3376\" data-end=\"3540\">\n<td data-start=\"3376\" data-end=\"3401\" data-col-size=\"sm\">Op\u00e7\u00f5es de embalagem<\/td>\n<td data-col-size=\"lg\" data-start=\"3401\" data-end=\"3540\">Dispon\u00edveis em variantes de n\u00e3o tecido\/silicone\/PPS; personaliz\u00e1veis com n\u00fameros de s\u00e9rie, c\u00f3digos de barras e c\u00f3digos QR.<\/td>\n<\/tr>\n<tr data-start=\"3541\" data-end=\"3705\">\n<td data-start=\"3541\" data-end=\"3566\" data-col-size=\"sm\">Vantagens t\u00edpicas<\/td>\n<td data-start=\"3566\" data-end=\"3705\" data-col-size=\"lg\">ID do lote, classifica\u00e7\u00e3o mais r\u00e1pida, menos erros, relat\u00f3rios automatizados, rastreabilidade hist\u00f3rica.<\/td>\n<\/tr>\n<\/tbody>\n<\/table>\n<\/div>\n<\/div>","protected":false},"excerpt":{"rendered":"<p>Etiqueta UHF RFID \u00e0 prova d&#039;\u00e1gua e sel\u00e1vel a quente para roupas de cama de hotel e vestu\u00e1rio de trabalho; 865\u2013928 MHz, NXP U8\/U9, alcance de leitura de at\u00e9 3 m, com classifica\u00e7\u00e3o para 200 lavagens ou 3 anos de garantia.<\/p>","protected":false},"featured_media":693,"template":"","meta":{"_gspb_post_css":""},"product_brand":[],"product_cat":[17,18],"product_tag":[],"class_list":{"0":"post-692","1":"product","2":"type-product","3":"status-publish","4":"has-post-thumbnail","6":"product_cat-rfid-laundry-tags","7":"product_cat-textile-rfid-laundry-tags","9":"first","10":"instock","11":"shipping-taxable","12":"purchasable","13":"product-type-simple"},"_links":{"self":[{"href":"https:\/\/www.cxjsmartcard.com\/pt\/wp-json\/wp\/v2\/product\/692","targetHints":{"allow":["GET"]}}],"collection":[{"href":"https:\/\/www.cxjsmartcard.com\/pt\/wp-json\/wp\/v2\/product"}],"about":[{"href":"https:\/\/www.cxjsmartcard.com\/pt\/wp-json\/wp\/v2\/types\/product"}],"wp:featuredmedia":[{"embeddable":true,"href":"https:\/\/www.cxjsmartcard.com\/pt\/wp-json\/wp\/v2\/media\/693"}],"wp:attachment":[{"href":"https:\/\/www.cxjsmartcard.com\/pt\/wp-json\/wp\/v2\/media?parent=692"}],"wp:term":[{"taxonomy":"product_brand","embeddable":true,"href":"https:\/\/www.cxjsmartcard.com\/pt\/wp-json\/wp\/v2\/product_brand?post=692"},{"taxonomy":"product_cat","embeddable":true,"href":"https:\/\/www.cxjsmartcard.com\/pt\/wp-json\/wp\/v2\/product_cat?post=692"},{"taxonomy":"product_tag","embeddable":true,"href":"https:\/\/www.cxjsmartcard.com\/pt\/wp-json\/wp\/v2\/product_tag?post=692"}],"curies":[{"name":"wp","href":"https:\/\/api.w.org\/{rel}","templated":true}]}}