{"id":687,"date":"2025-11-02T08:27:34","date_gmt":"2025-11-02T08:27:34","guid":{"rendered":"https:\/\/www.cxjsmartcard.com\/?post_type=product&#038;p=687"},"modified":"2025-12-29T01:27:11","modified_gmt":"2025-12-29T01:27:11","slug":"70x15mm-flexible-rfid-laundry-tag","status":"publish","type":"product","link":"https:\/\/www.cxjsmartcard.com\/pt\/70x15mm-flexible-rfid-laundry-tag\/","title":{"rendered":"Etiqueta RFID flex\u00edvel para lavanderia, 70\u00d715mm"},"content":{"rendered":"<p data-start=\"222\" data-end=\"462\">Etiqueta t\u00eaxtil RFID UHF para lavagem industrial em hot\u00e9is, hospitais, f\u00e1bricas de vestu\u00e1rio e gest\u00e3o de uniformes de trabalho. Macia, flex\u00edvel, imperme\u00e1vel e resistente ao calor; pode ser costurada, selada a quente ou inserida em bainhas sem comprometer o conforto.<\/p>\n<p data-start=\"464\" data-end=\"480\"><strong data-start=\"464\" data-end=\"480\">Principais caracter\u00edsticas<\/strong><\/p>\n<ul data-start=\"481\" data-end=\"845\">\n<li data-start=\"481\" data-end=\"547\">\n<p data-start=\"483\" data-end=\"547\">Mais de 200 ciclos de lavagem industrial; todas as etiquetas 100% tiveram sua mem\u00f3ria testada quanto \u00e0 grava\u00e7\u00e3o.<\/p>\n<\/li>\n<li data-start=\"548\" data-end=\"600\">\n<p data-start=\"550\" data-end=\"600\">Suporta press\u00e3o de extra\u00e7\u00e3o de \u00e1gua de at\u00e9 60 bar.<\/p>\n<\/li>\n<li data-start=\"601\" data-end=\"648\">\n<p data-start=\"603\" data-end=\"648\">Tecido macio ideal para bainhas e costuras estreitas.<\/p>\n<\/li>\n<li data-start=\"649\" data-end=\"712\">\n<p data-start=\"651\" data-end=\"712\">EPC Classe 1 Gen2 \/ ISO18000-6C, 860\u2013960 MHz (NXP UCODE\u00ae 8\/9).<\/p>\n<\/li>\n<li data-start=\"713\" data-end=\"769\">\n<p data-start=\"715\" data-end=\"769\">Alcance de leitura de at\u00e9 3 a 6 metros (dependendo do leitor\/ambiente).<\/p>\n<\/li>\n<li data-start=\"770\" data-end=\"845\">\n<p data-start=\"772\" data-end=\"845\">Resistente \u00e0 lavagem a 90\u00b0C, secagem a 180\u00b0C, passadoria a ferro a 195\u00b0C e esteriliza\u00e7\u00e3o a 134\u00b0C.<\/p>\n<\/li>\n<\/ul>\n<p data-start=\"847\" data-end=\"875\"><strong data-start=\"847\" data-end=\"875\">Especifica\u00e7\u00f5es t\u00e9cnicas<\/strong><\/p>\n<div class=\"_tableContainer_1rjym_1\">\n<div class=\"group _tableWrapper_1rjym_13 flex w-fit flex-col-reverse\" tabindex=\"-1\">\n<table class=\"w-fit min-w-(--thread-content-width)\" data-start=\"877\" data-end=\"2844\">\n<thead data-start=\"877\" data-end=\"974\">\n<tr data-start=\"877\" data-end=\"974\">\n<th data-start=\"877\" data-end=\"899\" data-col-size=\"sm\">Item<\/th>\n<th data-start=\"899\" data-end=\"974\" data-col-size=\"md\">Detalhes<\/th>\n<\/tr>\n<\/thead>\n<tbody data-start=\"1073\" data-end=\"2844\">\n<tr data-start=\"1073\" data-end=\"1170\">\n<td data-start=\"1073\" data-end=\"1095\" data-col-size=\"sm\">Tipo de produto<\/td>\n<td data-col-size=\"md\" data-start=\"1095\" data-end=\"1170\">Etiqueta UHF RFID para lavanderia t\u00eaxtil<\/td>\n<\/tr>\n<tr data-start=\"1171\" data-end=\"1268\">\n<td data-start=\"1171\" data-end=\"1193\" data-col-size=\"sm\">Material<\/td>\n<td data-col-size=\"md\" data-start=\"1193\" data-end=\"1268\">Tecido \/ Tecido plano \/ Poli\u00e9ster<\/td>\n<\/tr>\n<tr data-start=\"1269\" data-end=\"1366\">\n<td data-start=\"1269\" data-end=\"1291\" data-col-size=\"sm\">Op\u00e7\u00f5es de tamanho<\/td>\n<td data-start=\"1291\" data-end=\"1366\" data-col-size=\"md\">55\u00d712mm, <strong data-start=\"1302\" data-end=\"1313\">70\u00d715mm<\/strong>, 87\u00d717mm (personaliz\u00e1vel)<\/td>\n<\/tr>\n<tr data-start=\"1367\" data-end=\"1464\">\n<td data-start=\"1367\" data-end=\"1389\" data-col-size=\"sm\">Op\u00e7\u00f5es de chip<\/td>\n<td data-start=\"1389\" data-end=\"1464\" data-col-size=\"md\">NXP UCODE\u00ae 8, UCODE\u00ae 9<\/td>\n<\/tr>\n<tr data-start=\"1465\" data-end=\"1563\">\n<td data-start=\"1465\" data-end=\"1487\" data-col-size=\"sm\">Freq\u00fc\u00eancia<\/td>\n<td data-col-size=\"md\" data-start=\"1487\" data-end=\"1563\">860\u2013960 MHz<\/td>\n<\/tr>\n<tr data-start=\"1564\" data-end=\"1661\">\n<td data-start=\"1564\" data-end=\"1586\" data-col-size=\"sm\">Protocolo<\/td>\n<td data-col-size=\"md\" data-start=\"1586\" data-end=\"1661\">EPC Classe 1 Gen2; ISO18000-6C<\/td>\n<\/tr>\n<tr data-start=\"1662\" data-end=\"1759\">\n<td data-start=\"1662\" data-end=\"1684\" data-col-size=\"sm\">Dist\u00e2ncia de leitura<\/td>\n<td data-col-size=\"md\" data-start=\"1684\" data-end=\"1759\">At\u00e9 3\u20136 m (dependendo do leitor e do ambiente)<\/td>\n<\/tr>\n<tr data-start=\"1760\" data-end=\"1858\">\n<td data-start=\"1760\" data-end=\"1782\" data-col-size=\"sm\">TID<\/td>\n<td data-start=\"1782\" data-end=\"1858\" data-col-size=\"md\">TID de 96 bits<\/td>\n<\/tr>\n<tr data-start=\"1859\" data-end=\"1957\">\n<td data-start=\"1859\" data-end=\"1881\" data-col-size=\"sm\">Mem\u00f3ria EPC<\/td>\n<td data-start=\"1881\" data-end=\"1957\" data-col-size=\"md\">96\u2013128 bits<\/td>\n<\/tr>\n<tr data-start=\"1958\" data-end=\"2056\">\n<td data-start=\"1958\" data-end=\"1980\" data-col-size=\"sm\">Reten\u00e7\u00e3o de dados<\/td>\n<td data-col-size=\"md\" data-start=\"1980\" data-end=\"2056\">10 anos<\/td>\n<\/tr>\n<tr data-start=\"2057\" data-end=\"2155\">\n<td data-start=\"2057\" data-end=\"2079\" data-col-size=\"sm\">Ciclos de reprograma\u00e7\u00e3o<\/td>\n<td data-col-size=\"md\" data-start=\"2079\" data-end=\"2155\">100.000 vezes<\/td>\n<\/tr>\n<tr data-start=\"2156\" data-end=\"2254\">\n<td data-start=\"2156\" data-end=\"2178\" data-col-size=\"sm\">Resist\u00eancia \u00e0 lavagem<\/td>\n<td data-col-size=\"md\" data-start=\"2178\" data-end=\"2254\">Mais de 200 ciclos, lavagem a 90 \u00b0C \/ secagem a 180 \u00b0C \/ passar a ferro a 195 \u00b0C<\/td>\n<\/tr>\n<tr data-start=\"2255\" data-end=\"2352\">\n<td data-start=\"2255\" data-end=\"2277\" data-col-size=\"sm\">Esteriliza\u00e7\u00e3o<\/td>\n<td data-col-size=\"md\" data-start=\"2277\" data-end=\"2352\">+134\u00b0C durante 20 min a 3,25 bar<\/td>\n<\/tr>\n<tr data-start=\"2353\" data-end=\"2450\">\n<td data-start=\"2353\" data-end=\"2375\" data-col-size=\"sm\">Classifica\u00e7\u00e3o de impermeabilidade<\/td>\n<td data-col-size=\"md\" data-start=\"2375\" data-end=\"2450\">Resistente \u00e0 \u00e1gua e a produtos qu\u00edmicos.<\/td>\n<\/tr>\n<tr data-start=\"2451\" data-end=\"2549\">\n<td data-start=\"2451\" data-end=\"2473\" data-col-size=\"sm\">Temperatura de opera\u00e7\u00e3o.<\/td>\n<td data-start=\"2473\" data-end=\"2549\" data-col-size=\"md\">-20\u00b0C ~ +85\u00b0C<\/td>\n<\/tr>\n<tr data-start=\"2550\" data-end=\"2648\">\n<td data-start=\"2550\" data-end=\"2572\" data-col-size=\"sm\">Temperatura de armazenamento.<\/td>\n<td data-start=\"2572\" data-end=\"2648\" data-col-size=\"md\">-40\u00b0C ~ +120\u00b0C<\/td>\n<\/tr>\n<tr data-start=\"2649\" data-end=\"2746\">\n<td data-start=\"2649\" data-end=\"2671\" data-col-size=\"sm\">Personaliza\u00e7\u00e3o<\/td>\n<td data-col-size=\"md\" data-start=\"2671\" data-end=\"2746\">N\u00famero de s\u00e9rie, logotipo, codifica\u00e7\u00e3o, antena personalizada<\/td>\n<\/tr>\n<tr data-start=\"2747\" data-end=\"2844\">\n<td data-start=\"2747\" data-end=\"2769\" data-col-size=\"sm\">Aplica\u00e7\u00f5es<\/td>\n<td data-col-size=\"md\" data-start=\"2769\" data-end=\"2844\">Hot\u00e9is, hospitais, vestu\u00e1rio de trabalho, t\u00eaxtil\/vestu\u00e1rio, gest\u00e3o de uniformes<\/td>\n<\/tr>\n<\/tbody>\n<\/table>\n<\/div>\n<\/div>","protected":false},"excerpt":{"rendered":"<p>Etiqueta RFID UHF flex\u00edvel de 70\u00d715mm para rastreamento de uniformes de trabalho em hot\u00e9is, hospitais e ind\u00fastrias; mais de 200 ciclos de lavagem, alcance de leitura de 3 a 6 metros, EPC Gen2, costur\u00e1vel\/sel\u00e1vel a quente.<\/p>","protected":false},"featured_media":689,"template":"","meta":{"_gspb_post_css":""},"product_brand":[],"product_cat":[17,18],"product_tag":[],"class_list":{"0":"post-687","1":"product","2":"type-product","3":"status-publish","4":"has-post-thumbnail","6":"product_cat-rfid-laundry-tags","7":"product_cat-textile-rfid-laundry-tags","9":"first","10":"instock","11":"shipping-taxable","12":"purchasable","13":"product-type-simple"},"_links":{"self":[{"href":"https:\/\/www.cxjsmartcard.com\/pt\/wp-json\/wp\/v2\/product\/687","targetHints":{"allow":["GET"]}}],"collection":[{"href":"https:\/\/www.cxjsmartcard.com\/pt\/wp-json\/wp\/v2\/product"}],"about":[{"href":"https:\/\/www.cxjsmartcard.com\/pt\/wp-json\/wp\/v2\/types\/product"}],"wp:featuredmedia":[{"embeddable":true,"href":"https:\/\/www.cxjsmartcard.com\/pt\/wp-json\/wp\/v2\/media\/689"}],"wp:attachment":[{"href":"https:\/\/www.cxjsmartcard.com\/pt\/wp-json\/wp\/v2\/media?parent=687"}],"wp:term":[{"taxonomy":"product_brand","embeddable":true,"href":"https:\/\/www.cxjsmartcard.com\/pt\/wp-json\/wp\/v2\/product_brand?post=687"},{"taxonomy":"product_cat","embeddable":true,"href":"https:\/\/www.cxjsmartcard.com\/pt\/wp-json\/wp\/v2\/product_cat?post=687"},{"taxonomy":"product_tag","embeddable":true,"href":"https:\/\/www.cxjsmartcard.com\/pt\/wp-json\/wp\/v2\/product_tag?post=687"}],"curies":[{"name":"wp","href":"https:\/\/api.w.org\/{rel}","templated":true}]}}