{"id":682,"date":"2025-11-01T11:12:34","date_gmt":"2025-11-01T11:12:34","guid":{"rendered":"https:\/\/www.cxjsmartcard.com\/?post_type=product&#038;p=682"},"modified":"2025-12-29T01:27:11","modified_gmt":"2025-12-29T01:27:11","slug":"stainless-steel-metal-blank-black-nfc-business-cards","status":"publish","type":"product","link":"https:\/\/www.cxjsmartcard.com\/pt\/stainless-steel-metal-blank-black-nfc-business-cards\/","title":{"rendered":"Cart\u00f5es de visita NFC em branco, em a\u00e7o inoxid\u00e1vel, pretos."},"content":{"rendered":"<p data-start=\"59\" data-end=\"379\">Cart\u00f5es de visita premium em a\u00e7o inoxid\u00e1vel com tecnologia NFC e acabamento eletrogalvanizado preto. Compat\u00edveis com chip NFC integrado (NTAG\/MIFARE) para abrir links com um simples toque, acessar perfis digitais, Wi-Fi ou compartilhar contatos. Dur\u00e1veis, sofisticados e resistentes a riscos, ideais para VIPs, marcas, eventos, acesso e brindes corporativos.<\/p>\n<p data-start=\"381\" data-end=\"400\"><strong data-start=\"381\" data-end=\"398\">Especifica\u00e7\u00e3o<\/strong><\/p>\n<div class=\"_tableContainer_1rjym_1\">\n<div class=\"group _tableWrapper_1rjym_13 flex w-fit flex-col-reverse\" tabindex=\"-1\">\n<table class=\"w-fit min-w-(--thread-content-width)\" data-start=\"401\" data-end=\"1213\">\n<thead data-start=\"401\" data-end=\"419\">\n<tr data-start=\"401\" data-end=\"419\">\n<th data-start=\"401\" data-end=\"408\" data-col-size=\"sm\">Item<\/th>\n<th data-start=\"408\" data-end=\"419\" data-col-size=\"lg\">Detalhes<\/th>\n<\/tr>\n<\/thead>\n<tbody data-start=\"430\" data-end=\"1213\">\n<tr data-start=\"430\" data-end=\"471\">\n<td data-start=\"430\" data-end=\"441\" data-col-size=\"sm\">Material<\/td>\n<td data-col-size=\"lg\" data-start=\"441\" data-end=\"471\">A\u00e7o inoxid\u00e1vel \/ Alum\u00ednio<\/td>\n<\/tr>\n<tr data-start=\"472\" data-end=\"511\">\n<td data-start=\"472\" data-end=\"488\" data-col-size=\"sm\">Tamanho padr\u00e3o<\/td>\n<td data-start=\"488\" data-end=\"511\" data-col-size=\"lg\">85,5 \u00d7 54 mm (CR80)<\/td>\n<\/tr>\n<tr data-start=\"512\" data-end=\"593\">\n<td data-start=\"512\" data-end=\"534\" data-col-size=\"sm\">Espessura dispon\u00edvel<\/td>\n<td data-col-size=\"lg\" data-start=\"534\" data-end=\"593\">0,3 \/ 0,35 \/ 0,4 \/ 0,5 \/ 0,6 \/ 0,8 \/ 1,0 \/ 1,2 \/ 1,3 mm<\/td>\n<\/tr>\n<tr data-start=\"594\" data-end=\"666\">\n<td data-start=\"594\" data-end=\"613\" data-col-size=\"sm\">Acabamentos de superf\u00edcie<\/td>\n<td data-col-size=\"lg\" data-start=\"613\" data-end=\"666\">A\u00e7o escovado, polido, espelhado, fosco e natural<\/td>\n<\/tr>\n<tr data-start=\"667\" data-end=\"748\">\n<td data-start=\"667\" data-end=\"683\" data-col-size=\"sm\">Op\u00e7\u00f5es de cores<\/td>\n<td data-col-size=\"lg\" data-start=\"683\" data-end=\"748\">Preto, dourado, ouro rosa, prateado, ciano, bronze (galvanoplastia)<\/td>\n<\/tr>\n<tr data-start=\"749\" data-end=\"824\">\n<td data-start=\"749\" data-end=\"760\" data-col-size=\"sm\">Impress\u00e3o<\/td>\n<td data-col-size=\"lg\" data-start=\"760\" data-end=\"824\">Serigrafia, impress\u00e3o colorida UV, grava\u00e7\u00e3o + serigrafia, anti-grava\u00e7\u00e3o<\/td>\n<\/tr>\n<tr data-start=\"825\" data-end=\"939\">\n<td data-start=\"825\" data-end=\"834\" data-col-size=\"sm\">Artesanato<\/td>\n<td data-start=\"834\" data-end=\"939\" data-col-size=\"lg\">Padr\u00e3o recortado, grava\u00e7\u00e3o a laser + preenchimento com tinta, c\u00f3digo QR, n\u00famero de s\u00e9rie, tarja magn\u00e9tica, painel de assinatura<\/td>\n<\/tr>\n<tr data-start=\"940\" data-end=\"1010\">\n<td data-start=\"940\" data-end=\"957\" data-col-size=\"sm\">Op\u00e7\u00f5es NFC\/IC<\/td>\n<td data-col-size=\"lg\" data-start=\"957\" data-end=\"1010\">Chip NFC sem contato (13,56 MHz), chip IC de contato<\/td>\n<\/tr>\n<tr data-start=\"1011\" data-end=\"1141\">\n<td data-start=\"1011\" data-end=\"1025\" data-col-size=\"sm\">Aplicativo<\/td>\n<td data-start=\"1025\" data-end=\"1141\" data-col-size=\"lg\">Clube, promo\u00e7\u00e3o, publicidade, empresa, banco, tr\u00e2nsito, seguro, supermercado, estacionamento, escola, controle de acesso<\/td>\n<\/tr>\n<tr data-start=\"1142\" data-end=\"1213\">\n<td data-start=\"1142\" data-end=\"1153\" data-col-size=\"sm\">Caracter\u00edsticas<\/td>\n<td data-start=\"1153\" data-end=\"1213\" data-col-size=\"lg\">Apar\u00eancia sofisticada, longa vida \u00fatil, resistente \u00e0 \u00e1gua e ao desgaste.<\/td>\n<\/tr>\n<\/tbody>\n<\/table>\n<\/div>\n<\/div>\n<p data-start=\"1215\" data-end=\"1226\"><strong data-start=\"1215\" data-end=\"1224\">Notas<\/strong><\/p>\n<ul data-start=\"1227\" data-end=\"1431\">\n<li data-start=\"1227\" data-end=\"1282\">\n<p data-start=\"1229\" data-end=\"1282\">Pode ser metal preto totalmente liso para retrabalho\/grava\u00e7\u00e3o.<\/p>\n<\/li>\n<li data-start=\"1283\" data-end=\"1317\">\n<p data-start=\"1285\" data-end=\"1317\">Sem custo adicional para moldes de tamanhos personalizados.<\/p>\n<\/li>\n<li data-start=\"1318\" data-end=\"1368\">\n<p data-start=\"1320\" data-end=\"1368\">Suporta fun\u00e7\u00f5es inteligentes de personaliza\u00e7\u00e3o e NFC.<\/p>\n<\/li>\n<li data-start=\"1369\" data-end=\"1431\">\n<p data-start=\"1371\" data-end=\"1431\">A estrutura met\u00e1lica proporciona uma forte sensa\u00e7\u00e3o t\u00e1til e um posicionamento premium.<\/p>\n<\/li>\n<\/ul>","protected":false},"excerpt":{"rendered":"<p>Cart\u00e3o de visita met\u00e1lico NFC em a\u00e7o inoxid\u00e1vel preto com acabamento personaliz\u00e1vel, recursos como grava\u00e7\u00e3o a laser\/QR\/recorte e NFC de 13,56 MHz para personaliza\u00e7\u00e3o com um simples toque.<\/p>","protected":false},"featured_media":684,"template":"","meta":{"_gspb_post_css":""},"product_brand":[],"product_cat":[15],"product_tag":[],"class_list":{"0":"post-682","1":"product","2":"type-product","3":"status-publish","4":"has-post-thumbnail","6":"product_cat-rfid-cards","8":"first","9":"instock","10":"shipping-taxable","11":"purchasable","12":"product-type-simple"},"_links":{"self":[{"href":"https:\/\/www.cxjsmartcard.com\/pt\/wp-json\/wp\/v2\/product\/682","targetHints":{"allow":["GET"]}}],"collection":[{"href":"https:\/\/www.cxjsmartcard.com\/pt\/wp-json\/wp\/v2\/product"}],"about":[{"href":"https:\/\/www.cxjsmartcard.com\/pt\/wp-json\/wp\/v2\/types\/product"}],"wp:featuredmedia":[{"embeddable":true,"href":"https:\/\/www.cxjsmartcard.com\/pt\/wp-json\/wp\/v2\/media\/684"}],"wp:attachment":[{"href":"https:\/\/www.cxjsmartcard.com\/pt\/wp-json\/wp\/v2\/media?parent=682"}],"wp:term":[{"taxonomy":"product_brand","embeddable":true,"href":"https:\/\/www.cxjsmartcard.com\/pt\/wp-json\/wp\/v2\/product_brand?post=682"},{"taxonomy":"product_cat","embeddable":true,"href":"https:\/\/www.cxjsmartcard.com\/pt\/wp-json\/wp\/v2\/product_cat?post=682"},{"taxonomy":"product_tag","embeddable":true,"href":"https:\/\/www.cxjsmartcard.com\/pt\/wp-json\/wp\/v2\/product_tag?post=682"}],"curies":[{"name":"wp","href":"https:\/\/api.w.org\/{rel}","templated":true}]}}