{"id":677,"date":"2025-11-01T11:10:38","date_gmt":"2025-11-01T11:10:38","guid":{"rendered":"https:\/\/www.cxjsmartcard.com\/?post_type=product&#038;p=677"},"modified":"2025-12-29T01:27:11","modified_gmt":"2025-12-29T01:27:11","slug":"stainless-steel-custom-black-metal-nfc-business-cards","status":"publish","type":"product","link":"https:\/\/www.cxjsmartcard.com\/pt\/stainless-steel-custom-black-metal-nfc-business-cards\/","title":{"rendered":"Cart\u00f5es de visita NFC personalizados em a\u00e7o inoxid\u00e1vel preto"},"content":{"rendered":"<p data-start=\"60\" data-end=\"422\">Cart\u00f5es de visita NFC em a\u00e7o inoxid\u00e1vel para eventos, networking e branding premium. Fabricados com chips de 13,56 MHz (NTAG213\/215\/216, MIFARE S50\/S70, Ultralight) com suporte a ISO 14443A; superf\u00edcies dur\u00e1veis, \u00e0 prova d&#039;\u00e1gua e resistentes a arranh\u00f5es, com acabamentos e designs personaliz\u00e1veis para compartilhamento instant\u00e2neo com um simples toque.<\/p>\n<p data-start=\"424\" data-end=\"443\"><strong data-start=\"424\" data-end=\"441\">Especifica\u00e7\u00e3o<\/strong><\/p>\n<div class=\"_tableContainer_1rjym_1\">\n<div class=\"group _tableWrapper_1rjym_13 flex w-fit flex-col-reverse\" tabindex=\"-1\">\n<table class=\"w-fit min-w-(--thread-content-width)\" data-start=\"444\" data-end=\"1339\">\n<thead data-start=\"444\" data-end=\"462\">\n<tr data-start=\"444\" data-end=\"462\">\n<th data-start=\"444\" data-end=\"451\" data-col-size=\"sm\">Item<\/th>\n<th data-start=\"451\" data-end=\"462\" data-col-size=\"md\">Detalhes<\/th>\n<\/tr>\n<\/thead>\n<tbody data-start=\"473\" data-end=\"1339\">\n<tr data-start=\"473\" data-end=\"522\">\n<td data-start=\"473\" data-end=\"488\" data-col-size=\"sm\">Tipo de produto<\/td>\n<td data-col-size=\"md\" data-start=\"488\" data-end=\"522\">Cart\u00e3o NFC de metal em a\u00e7o inoxid\u00e1vel<\/td>\n<\/tr>\n<tr data-start=\"523\" data-end=\"553\">\n<td data-start=\"523\" data-end=\"534\" data-col-size=\"sm\">Material<\/td>\n<td data-col-size=\"md\" data-start=\"534\" data-end=\"553\">A\u00e7o inoxid\u00e1vel<\/td>\n<\/tr>\n<tr data-start=\"554\" data-end=\"598\">\n<td data-start=\"554\" data-end=\"561\" data-col-size=\"sm\">Tamanho<\/td>\n<td data-col-size=\"md\" data-start=\"561\" data-end=\"598\">CR80 (85,5 \u00d7 54 mm) ou personalizado<\/td>\n<\/tr>\n<tr data-start=\"599\" data-end=\"636\">\n<td data-start=\"599\" data-end=\"611\" data-col-size=\"sm\">Grossura<\/td>\n<td data-col-size=\"md\" data-start=\"611\" data-end=\"636\">0,8 mm (personaliz\u00e1vel)<\/td>\n<\/tr>\n<tr data-start=\"637\" data-end=\"662\">\n<td data-start=\"637\" data-end=\"649\" data-col-size=\"sm\">Freq\u00fc\u00eancia<\/td>\n<td data-col-size=\"md\" data-start=\"649\" data-end=\"662\">13,56 MHz<\/td>\n<\/tr>\n<tr data-start=\"663\" data-end=\"692\">\n<td data-start=\"663\" data-end=\"674\" data-col-size=\"sm\">Protocolo<\/td>\n<td data-col-size=\"md\" data-start=\"674\" data-end=\"692\">ISO\/IEC 14443A<\/td>\n<\/tr>\n<tr data-start=\"693\" data-end=\"791\">\n<td data-start=\"693\" data-end=\"711\" data-col-size=\"sm\">Op\u00e7\u00f5es de chip HF<\/td>\n<td data-col-size=\"md\" data-start=\"711\" data-end=\"791\">NTAG213 \/ NTAG215 \/ NTAG216 \/ MIFARE S50 (1K) \/ MIFARE S70 (4K) \/ Ultraleve<\/td>\n<\/tr>\n<tr data-start=\"792\" data-end=\"859\">\n<td data-start=\"792\" data-end=\"803\" data-col-size=\"sm\">Acabamentos<\/td>\n<td data-col-size=\"md\" data-start=\"803\" data-end=\"859\">Preto, dourado, prateado; escovado, espelhado, fosco, acetinado<\/td>\n<\/tr>\n<tr data-start=\"860\" data-end=\"969\">\n<td data-start=\"860\" data-end=\"876\" data-col-size=\"sm\">Op\u00e7\u00f5es de artesanato<\/td>\n<td data-col-size=\"md\" data-start=\"876\" data-end=\"969\">Grava\u00e7\u00e3o \/ grava\u00e7\u00e3o a laser \/ serigrafia \/ n\u00famero em relevo \/ c\u00f3digo QR \/ c\u00f3digo de barras \/ verniz UV localizado<\/td>\n<\/tr>\n<tr data-start=\"970\" data-end=\"1053\">\n<td data-start=\"970\" data-end=\"989\" data-col-size=\"sm\">Caracter\u00edsticas especiais<\/td>\n<td data-col-size=\"md\" data-start=\"989\" data-end=\"1053\">\u00c0 prova d&#039;\u00e1gua, resistente \u00e0s intemp\u00e9ries e a arranh\u00f5es; op\u00e7\u00e3o de mini-etiqueta<\/td>\n<\/tr>\n<tr data-start=\"1054\" data-end=\"1124\">\n<td data-start=\"1054\" data-end=\"1070\" data-col-size=\"sm\">Compatibilidade<\/td>\n<td data-col-size=\"md\" data-start=\"1070\" data-end=\"1124\">Compat\u00edvel com smartphones com NFC (iOS e Android)<\/td>\n<\/tr>\n<tr data-start=\"1125\" data-end=\"1160\">\n<td data-start=\"1125\" data-end=\"1142\" data-col-size=\"sm\">Certifica\u00e7\u00f5es<\/td>\n<td data-col-size=\"md\" data-start=\"1142\" data-end=\"1160\">ISO, RoHS, SGS<\/td>\n<\/tr>\n<tr data-start=\"1161\" data-end=\"1257\">\n<td data-start=\"1161\" data-end=\"1176\" data-col-size=\"sm\">Aplica\u00e7\u00f5es<\/td>\n<td data-start=\"1176\" data-end=\"1257\" data-col-size=\"md\">Eventos VIP, festas, shows, networking, cart\u00f5es de visita digitais, promo\u00e7\u00f5es<\/td>\n<\/tr>\n<tr data-start=\"1258\" data-end=\"1300\">\n<td data-start=\"1258\" data-end=\"1268\" data-col-size=\"sm\">Amostras<\/td>\n<td data-col-size=\"md\" data-start=\"1268\" data-end=\"1300\">Amostras gr\u00e1tis dispon\u00edveis<\/td>\n<\/tr>\n<tr data-start=\"1301\" data-end=\"1339\">\n<td data-start=\"1301\" data-end=\"1319\" data-col-size=\"sm\">Local de origem<\/td>\n<td data-col-size=\"md\" data-start=\"1319\" data-end=\"1339\">Guangdong, China<\/td>\n<\/tr>\n<\/tbody>\n<\/table>\n<\/div>\n<\/div>","protected":false},"excerpt":{"rendered":"<p>Cart\u00f5es de visita NFC em a\u00e7o inoxid\u00e1vel (CR80, 0,8 mm) com chips NTAG\/MIFARE, ISO 14443A e acabamentos personaliz\u00e1veis em metal preto para compartilhamento dur\u00e1vel e com conex\u00e3o por aproxima\u00e7\u00e3o.<\/p>","protected":false},"featured_media":681,"template":"","meta":{"_gspb_post_css":""},"product_brand":[],"product_cat":[15],"product_tag":[],"class_list":{"0":"post-677","1":"product","2":"type-product","3":"status-publish","4":"has-post-thumbnail","6":"product_cat-rfid-cards","8":"first","9":"instock","10":"shipping-taxable","11":"purchasable","12":"product-type-simple"},"_links":{"self":[{"href":"https:\/\/www.cxjsmartcard.com\/pt\/wp-json\/wp\/v2\/product\/677","targetHints":{"allow":["GET"]}}],"collection":[{"href":"https:\/\/www.cxjsmartcard.com\/pt\/wp-json\/wp\/v2\/product"}],"about":[{"href":"https:\/\/www.cxjsmartcard.com\/pt\/wp-json\/wp\/v2\/types\/product"}],"wp:featuredmedia":[{"embeddable":true,"href":"https:\/\/www.cxjsmartcard.com\/pt\/wp-json\/wp\/v2\/media\/681"}],"wp:attachment":[{"href":"https:\/\/www.cxjsmartcard.com\/pt\/wp-json\/wp\/v2\/media?parent=677"}],"wp:term":[{"taxonomy":"product_brand","embeddable":true,"href":"https:\/\/www.cxjsmartcard.com\/pt\/wp-json\/wp\/v2\/product_brand?post=677"},{"taxonomy":"product_cat","embeddable":true,"href":"https:\/\/www.cxjsmartcard.com\/pt\/wp-json\/wp\/v2\/product_cat?post=677"},{"taxonomy":"product_tag","embeddable":true,"href":"https:\/\/www.cxjsmartcard.com\/pt\/wp-json\/wp\/v2\/product_tag?post=677"}],"curies":[{"name":"wp","href":"https:\/\/api.w.org\/{rel}","templated":true}]}}